{"id":770,"date":"2025-08-13T12:42:19","date_gmt":"2025-08-13T15:42:19","guid":{"rendered":"https:\/\/www.ufmg.br\/inovalab\/?page_id=770"},"modified":"2025-10-31T09:56:16","modified_gmt":"2025-10-31T12:56:16","slug":"smartsole","status":"publish","type":"page","link":"https:\/\/www.ufmg.br\/inovalab\/smartsole\/","title":{"rendered":"Sensi.me"},"content":{"rendered":"\n<p>Pesquisadores: Prof. <a href=\"http:\/\/lattes.cnpq.br\/7105492812353123\" data-type=\"link\" data-id=\"http:\/\/lattes.cnpq.br\/7105492812353123\">Eduardo Valadares<\/a> e Prof. <a href=\"http:\/\/lattes.cnpq.br\/3190058424608794\" data-type=\"link\" data-id=\"http:\/\/lattes.cnpq.br\/3190058424608794\">T\u00falio Pinho Navarro<\/a><br>Empreendedora respons\u00e1vel: <a href=\"http:\/\/lattes.cnpq.br\/5113152592609067\" data-type=\"link\" data-id=\"http:\/\/lattes.cnpq.br\/5113152592609067\">Alessandra Rocha Luz<\/a><\/p>\n\n\n\n<p>A Sensi.me \u00e9 uma palmilha inteligente equipada com sensores de press\u00e3o e temperatura para o monitoramento cont\u00ednuo do p\u00e9 diab\u00e9tico. Integrada a um aplicativo com intelig\u00eancia artificial, a tecnologia permite a detec\u00e7\u00e3o precoce de riscos de \u00falceras e amputa\u00e7\u00f5es, possibilitando interven\u00e7\u00f5es r\u00e1pidas e eficazes.<\/p>\n\n\n\n<p>Considerando que 20% dos diab\u00e9ticos desenvolvem \u00falceras e que 70% das amputa\u00e7\u00f5es n\u00e3o traum\u00e1ticas no Brasil est\u00e3o associadas ao diabetes, a solu\u00e7\u00e3o se apresenta como uma alternativa acess\u00edvel e preventiva, com potencial para reduzir complica\u00e7\u00f5es, custos hospitalares e melhorar a qualidade de vida dos pacientes.<\/p>\n\n\n\n<p>Com viabilidade de aplica\u00e7\u00e3o no SUS, em planos de sa\u00fade e cl\u00ednicas especializadas, a Sensi.me preenche uma lacuna no monitoramento cont\u00ednuo \u2014 atualmente dependente de consultas presenciais \u2014 oferecendo uma ferramenta inovadora e de baixo custo para enfrentar um grave problema de sa\u00fade p\u00fablica.<\/p>\n","protected":false},"excerpt":{"rendered":"<p>Pesquisadores: Prof. Eduardo Valadares e Prof. T\u00falio Pinho NavarroEmpreendedora respons\u00e1vel: Alessandra Rocha Luz A Sensi.me \u00e9 uma palmilha inteligente equipada com sensores de press\u00e3o e temperatura para o monitoramento cont\u00ednuo do p\u00e9 diab\u00e9tico. Integrada a um aplicativo com intelig\u00eancia artificial, a tecnologia permite a detec\u00e7\u00e3o precoce de riscos de \u00falceras e amputa\u00e7\u00f5es, possibilitando interven\u00e7\u00f5es r\u00e1pidas [&hellip;]<\/p>\n","protected":false},"author":3,"featured_media":0,"parent":0,"menu_order":0,"comment_status":"closed","ping_status":"closed","template":"","meta":{"_acf_changed":false,"footnotes":""},"class_list":["post-770","page","type-page","status-publish","hentry"],"acf":[],"_links":{"self":[{"href":"https:\/\/www.ufmg.br\/inovalab\/wp-json\/wp\/v2\/pages\/770"}],"collection":[{"href":"https:\/\/www.ufmg.br\/inovalab\/wp-json\/wp\/v2\/pages"}],"about":[{"href":"https:\/\/www.ufmg.br\/inovalab\/wp-json\/wp\/v2\/types\/page"}],"author":[{"embeddable":true,"href":"https:\/\/www.ufmg.br\/inovalab\/wp-json\/wp\/v2\/users\/3"}],"replies":[{"embeddable":true,"href":"https:\/\/www.ufmg.br\/inovalab\/wp-json\/wp\/v2\/comments?post=770"}],"version-history":[{"count":4,"href":"https:\/\/www.ufmg.br\/inovalab\/wp-json\/wp\/v2\/pages\/770\/revisions"}],"predecessor-version":[{"id":823,"href":"https:\/\/www.ufmg.br\/inovalab\/wp-json\/wp\/v2\/pages\/770\/revisions\/823"}],"wp:attachment":[{"href":"https:\/\/www.ufmg.br\/inovalab\/wp-json\/wp\/v2\/media?parent=770"}],"curies":[{"name":"wp","href":"https:\/\/api.w.org\/{rel}","templated":true}]}}