{"id":773,"date":"2025-08-13T12:44:35","date_gmt":"2025-08-13T15:44:35","guid":{"rendered":"https:\/\/www.ufmg.br\/inovalab\/?page_id=773"},"modified":"2025-08-22T11:12:09","modified_gmt":"2025-08-22T14:12:09","slug":"dsbio","status":"publish","type":"page","link":"https:\/\/www.ufmg.br\/inovalab\/dsbio\/","title":{"rendered":"DSBio\u00ae"},"content":{"rendered":"<div class=\"wp-block-image\">\n<figure class=\"aligncenter size-full is-resized\"><img loading=\"lazy\" decoding=\"async\" width=\"1015\" height=\"959\" src=\"https:\/\/www.ufmg.br\/inovalab\/wp-content\/uploads\/2025\/08\/DSBIO.jpg\" alt=\"\" class=\"wp-image-774\" style=\"width:409px;height:auto\" srcset=\"https:\/\/www.ufmg.br\/inovalab\/wp-content\/uploads\/2025\/08\/DSBIO.jpg 1015w, https:\/\/www.ufmg.br\/inovalab\/wp-content\/uploads\/2025\/08\/DSBIO-300x283.jpg 300w, https:\/\/www.ufmg.br\/inovalab\/wp-content\/uploads\/2025\/08\/DSBIO-768x726.jpg 768w\" sizes=\"(max-width: 1015px) 100vw, 1015px\" \/><\/figure><\/div>\n\n\n<p>Pesquisador: Prof. <a href=\"http:\/\/lattes.cnpq.br\/8895005186201315\" data-type=\"link\" data-id=\"http:\/\/lattes.cnpq.br\/8895005186201315\">Fern\u00e3o Castro Braga<\/a><br>Empreendedora respons\u00e1vel: <a href=\"https:\/\/www.linkedin.com\/in\/diana-sales-22218036\/\" data-type=\"link\" data-id=\"https:\/\/www.linkedin.com\/in\/diana-sales-22218036\/\">Maria Diana Cerqueira Sales<\/a><\/p>\n\n\n\n<p>O projeto DSBio\u00ae desenvolve um dermocosm\u00e9tico biomim\u00e9tico inovador, formulado com um princ\u00edpio ativo vegetal extra\u00eddo da Aroeira (Schinus terebinthifolia), reconhecido por suas potentes propriedades antimicrobianas e anti-inflamat\u00f3rias, especialmente contra microrganismos multirresistentes.<\/p>\n\n\n\n<p>Diante do cen\u00e1rio alarmante de resist\u00eancia antimicrobiana \u2014 respons\u00e1vel por cerca de 1 milh\u00e3o de mortes por ano, segundo a OMS (2024) \u2014 a solu\u00e7\u00e3o prop\u00f5e uma alternativa natural, eficaz, escal\u00e1vel e preventiva aos antibi\u00f3ticos convencionais, atuando diretamente na pele como primeira barreira de defesa do organismo.<\/p>\n\n\n\n<p>Combinando a biodiversidade brasileira com tecnologia reprodut\u00edvel, o DSBio\u00ae busca reduzir infec\u00e7\u00f5es resistentes, diminuir custos hospitalares e oferecer uma abordagem inovadora e sustent\u00e1vel para enfrentar um dos maiores desafios atuais da sa\u00fade p\u00fablica e privada.<\/p>\n","protected":false},"excerpt":{"rendered":"<p>Pesquisador: Prof. Fern\u00e3o Castro BragaEmpreendedora respons\u00e1vel: Maria Diana Cerqueira Sales O projeto DSBio\u00ae desenvolve um dermocosm\u00e9tico biomim\u00e9tico inovador, formulado com um princ\u00edpio ativo vegetal extra\u00eddo da Aroeira (Schinus terebinthifolia), reconhecido por suas potentes propriedades antimicrobianas e anti-inflamat\u00f3rias, especialmente contra microrganismos multirresistentes. Diante do cen\u00e1rio alarmante de resist\u00eancia antimicrobiana \u2014 respons\u00e1vel por cerca de 1 milh\u00e3o [&hellip;]<\/p>\n","protected":false},"author":3,"featured_media":0,"parent":0,"menu_order":0,"comment_status":"closed","ping_status":"closed","template":"","meta":{"_acf_changed":false,"footnotes":""},"class_list":["post-773","page","type-page","status-publish","hentry"],"acf":[],"_links":{"self":[{"href":"https:\/\/www.ufmg.br\/inovalab\/wp-json\/wp\/v2\/pages\/773"}],"collection":[{"href":"https:\/\/www.ufmg.br\/inovalab\/wp-json\/wp\/v2\/pages"}],"about":[{"href":"https:\/\/www.ufmg.br\/inovalab\/wp-json\/wp\/v2\/types\/page"}],"author":[{"embeddable":true,"href":"https:\/\/www.ufmg.br\/inovalab\/wp-json\/wp\/v2\/users\/3"}],"replies":[{"embeddable":true,"href":"https:\/\/www.ufmg.br\/inovalab\/wp-json\/wp\/v2\/comments?post=773"}],"version-history":[{"count":3,"href":"https:\/\/www.ufmg.br\/inovalab\/wp-json\/wp\/v2\/pages\/773\/revisions"}],"predecessor-version":[{"id":813,"href":"https:\/\/www.ufmg.br\/inovalab\/wp-json\/wp\/v2\/pages\/773\/revisions\/813"}],"wp:attachment":[{"href":"https:\/\/www.ufmg.br\/inovalab\/wp-json\/wp\/v2\/media?parent=773"}],"curies":[{"name":"wp","href":"https:\/\/api.w.org\/{rel}","templated":true}]}}