{"id":777,"date":"2025-08-13T12:45:55","date_gmt":"2025-08-13T15:45:55","guid":{"rendered":"https:\/\/www.ufmg.br\/inovalab\/?page_id=777"},"modified":"2025-08-22T11:10:17","modified_gmt":"2025-08-22T14:10:17","slug":"ciclotec","status":"publish","type":"page","link":"https:\/\/www.ufmg.br\/inovalab\/ciclotec\/","title":{"rendered":"CicloTec"},"content":{"rendered":"<div class=\"wp-block-image\">\n<figure class=\"aligncenter size-full is-resized\"><img loading=\"lazy\" decoding=\"async\" width=\"500\" height=\"500\" src=\"https:\/\/www.ufmg.br\/inovalab\/wp-content\/uploads\/2025\/08\/CICLOTEC.jpg\" alt=\"\" class=\"wp-image-778\" style=\"width:353px;height:auto\" srcset=\"https:\/\/www.ufmg.br\/inovalab\/wp-content\/uploads\/2025\/08\/CICLOTEC.jpg 500w, https:\/\/www.ufmg.br\/inovalab\/wp-content\/uploads\/2025\/08\/CICLOTEC-300x300.jpg 300w, https:\/\/www.ufmg.br\/inovalab\/wp-content\/uploads\/2025\/08\/CICLOTEC-150x150.jpg 150w\" sizes=\"(max-width: 500px) 100vw, 500px\" \/><\/figure><\/div>\n\n\n<p><\/p>\n\n\n\n<p>Pesquisador: Prof. <a href=\"https:\/\/www.linkedin.com\/in\/arist%C3%B3teles-g%C3%B3es-neto-889a94a\/\" data-type=\"link\" data-id=\"https:\/\/www.linkedin.com\/in\/arist%C3%B3teles-g%C3%B3es-neto-889a94a\/\">Arist\u00f3teles G\u00f3es Neto<\/a><br>Empreendedor respons\u00e1vel: <a href=\"https:\/\/www.linkedin.com\/in\/thiago-augusto-borges-rodrigues\/\" data-type=\"link\" data-id=\"https:\/\/www.linkedin.com\/in\/thiago-augusto-borges-rodrigues\/\">Thiago Augusto Borges Rodrigues<\/a><\/p>\n\n\n\n<p>A CicloTec desenvolve uma solu\u00e7\u00e3o sustent\u00e1vel para o setor agr\u00edcola baseada em micocomp\u00f3sitos produzidos a partir de mic\u00e9lios f\u00fangicos e res\u00edduos agr\u00edcolas ou minerais. Esses materiais apresentam boas propriedades mec\u00e2nicas e podem ser enriquecidos com nutrientes espec\u00edficos, oferecendo uma alternativa biodegrad\u00e1vel, n\u00e3o t\u00f3xica e ben\u00e9fica ao solo em compara\u00e7\u00e3o aos pl\u00e1sticos convencionais.<\/p>\n\n\n\n<p>O projeto promove a transi\u00e7\u00e3o do conhecimento acad\u00eamico para o mercado, com o apoio do LIPS e em alinhamento com as pol\u00edticas de inova\u00e7\u00e3o da UFMG. Encontra-se em fase de testes de campo e desenvolvimento de propriedade intelectual.<\/p>\n\n\n\n<p>A iniciativa transforma res\u00edduos em produtos de alto valor agregado, impulsiona a descarboniza\u00e7\u00e3o e contribui para o combate \u00e0 polui\u00e7\u00e3o pl\u00e1stica, atendendo \u00e0s crescentes demandas globais por solu\u00e7\u00f5es sustent\u00e1veis na agricultura.<\/p>\n\n\n\n<p><\/p>\n","protected":false},"excerpt":{"rendered":"<p>Pesquisador: Prof. Arist\u00f3teles G\u00f3es NetoEmpreendedor respons\u00e1vel: Thiago Augusto Borges Rodrigues A CicloTec desenvolve uma solu\u00e7\u00e3o sustent\u00e1vel para o setor agr\u00edcola baseada em micocomp\u00f3sitos produzidos a partir de mic\u00e9lios f\u00fangicos e res\u00edduos agr\u00edcolas ou minerais. Esses materiais apresentam boas propriedades mec\u00e2nicas e podem ser enriquecidos com nutrientes espec\u00edficos, oferecendo uma alternativa biodegrad\u00e1vel, n\u00e3o t\u00f3xica e ben\u00e9fica [&hellip;]<\/p>\n","protected":false},"author":3,"featured_media":0,"parent":0,"menu_order":0,"comment_status":"closed","ping_status":"closed","template":"","meta":{"_acf_changed":false,"footnotes":""},"class_list":["post-777","page","type-page","status-publish","hentry"],"acf":[],"_links":{"self":[{"href":"https:\/\/www.ufmg.br\/inovalab\/wp-json\/wp\/v2\/pages\/777"}],"collection":[{"href":"https:\/\/www.ufmg.br\/inovalab\/wp-json\/wp\/v2\/pages"}],"about":[{"href":"https:\/\/www.ufmg.br\/inovalab\/wp-json\/wp\/v2\/types\/page"}],"author":[{"embeddable":true,"href":"https:\/\/www.ufmg.br\/inovalab\/wp-json\/wp\/v2\/users\/3"}],"replies":[{"embeddable":true,"href":"https:\/\/www.ufmg.br\/inovalab\/wp-json\/wp\/v2\/comments?post=777"}],"version-history":[{"count":5,"href":"https:\/\/www.ufmg.br\/inovalab\/wp-json\/wp\/v2\/pages\/777\/revisions"}],"predecessor-version":[{"id":811,"href":"https:\/\/www.ufmg.br\/inovalab\/wp-json\/wp\/v2\/pages\/777\/revisions\/811"}],"wp:attachment":[{"href":"https:\/\/www.ufmg.br\/inovalab\/wp-json\/wp\/v2\/media?parent=777"}],"curies":[{"name":"wp","href":"https:\/\/api.w.org\/{rel}","templated":true}]}}