{"id":781,"date":"2025-08-13T12:48:33","date_gmt":"2025-08-13T15:48:33","guid":{"rendered":"https:\/\/www.ufmg.br\/inovalab\/?page_id=781"},"modified":"2025-10-31T10:27:14","modified_gmt":"2025-10-31T13:27:14","slug":"surdina-modular-multifuncional-para-instrumentos-de-arco","status":"publish","type":"page","link":"https:\/\/www.ufmg.br\/inovalab\/surdina-modular-multifuncional-para-instrumentos-de-arco\/","title":{"rendered":"Surdina Multifuncional"},"content":{"rendered":"<div class=\"wp-block-image\">\n<figure class=\"aligncenter size-large is-resized\"><img loading=\"lazy\" decoding=\"async\" width=\"1024\" height=\"975\" src=\"https:\/\/www.ufmg.br\/inovalab\/wp-content\/uploads\/2025\/08\/SURDINA-1024x975.png\" alt=\"\" class=\"wp-image-782\" style=\"width:376px;height:auto\" srcset=\"https:\/\/www.ufmg.br\/inovalab\/wp-content\/uploads\/2025\/08\/SURDINA-1024x975.png 1024w, https:\/\/www.ufmg.br\/inovalab\/wp-content\/uploads\/2025\/08\/SURDINA-300x286.png 300w, https:\/\/www.ufmg.br\/inovalab\/wp-content\/uploads\/2025\/08\/SURDINA-768x731.png 768w, https:\/\/www.ufmg.br\/inovalab\/wp-content\/uploads\/2025\/08\/SURDINA-1536x1463.png 1536w, https:\/\/www.ufmg.br\/inovalab\/wp-content\/uploads\/2025\/08\/SURDINA-2048x1950.png 2048w\" sizes=\"(max-width: 1024px) 100vw, 1024px\" \/><\/figure><\/div>\n\n\n<p>Pesquisador: <a href=\"http:\/\/lattes.cnpq.br\/9719486329750422\" data-type=\"link\" data-id=\"http:\/\/lattes.cnpq.br\/9719486329750422\">Prof. S\u00e9rgio Freire<\/a><br>Empreendedor respons\u00e1vel: <a href=\"http:\/\/lattes.cnpq.br\/2550407004782859\" data-type=\"link\" data-id=\"http:\/\/lattes.cnpq.br\/2550407004782859\">Marcus Vinicius da Silva Evangelista<\/a><\/p>\n\n\n\n<p>A Surdina Modular Multifuncional para Instrumentos de Arco \u00e9 uma inova\u00e7\u00e3o tecnol\u00f3gica desenvolvida na Escola de M\u00fasica da UFMG e atualmente em processo de patenteamento. A solu\u00e7\u00e3o supera as limita\u00e7\u00f5es das surdinas tradicionais ao incorporar um sistema modular que permite varia\u00e7\u00f5es timbr\u00edsticas e controle de volume, ampliando a versatilidade sonora dos instrumentos.<\/p>\n\n\n\n<p>O projeto avan\u00e7a em duas frentes: a adapta\u00e7\u00e3o do prot\u00f3tipo original (para violino) aos demais instrumentos da fam\u00edlia (viola, violoncelo e contrabaixo) e a estrutura\u00e7\u00e3o da produ\u00e7\u00e3o em escala comercial. Conta com o uso de an\u00e1lise ac\u00fastica avan\u00e7ada, sele\u00e7\u00e3o de materiais, design ergon\u00f4mico e kits completos para diferentes necessidades.<\/p>\n\n\n\n<p>Destinada a m\u00fasicos profissionais e estudantes, a tecnologia oferece precis\u00e3o, efici\u00eancia e personaliza\u00e7\u00e3o, com o apoio do LaPIS e do Centro de Pesquisa em M\u00fasica Contempor\u00e2nea da UFMG. A proposta busca estabelecer um novo padr\u00e3o tecnol\u00f3gico no mercado musical, com potencial de inser\u00e7\u00e3o nacional e internacional.<\/p>\n","protected":false},"excerpt":{"rendered":"<p>Pesquisador: Prof. S\u00e9rgio FreireEmpreendedor respons\u00e1vel: Marcus Vinicius da Silva Evangelista A Surdina Modular Multifuncional para Instrumentos de Arco \u00e9 uma inova\u00e7\u00e3o tecnol\u00f3gica desenvolvida na Escola de M\u00fasica da UFMG e atualmente em processo de patenteamento. A solu\u00e7\u00e3o supera as limita\u00e7\u00f5es das surdinas tradicionais ao incorporar um sistema modular que permite varia\u00e7\u00f5es timbr\u00edsticas e controle de [&hellip;]<\/p>\n","protected":false},"author":3,"featured_media":0,"parent":0,"menu_order":0,"comment_status":"closed","ping_status":"closed","template":"","meta":{"_acf_changed":false,"footnotes":""},"class_list":["post-781","page","type-page","status-publish","hentry"],"acf":[],"_links":{"self":[{"href":"https:\/\/www.ufmg.br\/inovalab\/wp-json\/wp\/v2\/pages\/781"}],"collection":[{"href":"https:\/\/www.ufmg.br\/inovalab\/wp-json\/wp\/v2\/pages"}],"about":[{"href":"https:\/\/www.ufmg.br\/inovalab\/wp-json\/wp\/v2\/types\/page"}],"author":[{"embeddable":true,"href":"https:\/\/www.ufmg.br\/inovalab\/wp-json\/wp\/v2\/users\/3"}],"replies":[{"embeddable":true,"href":"https:\/\/www.ufmg.br\/inovalab\/wp-json\/wp\/v2\/comments?post=781"}],"version-history":[{"count":5,"href":"https:\/\/www.ufmg.br\/inovalab\/wp-json\/wp\/v2\/pages\/781\/revisions"}],"predecessor-version":[{"id":826,"href":"https:\/\/www.ufmg.br\/inovalab\/wp-json\/wp\/v2\/pages\/781\/revisions\/826"}],"wp:attachment":[{"href":"https:\/\/www.ufmg.br\/inovalab\/wp-json\/wp\/v2\/media?parent=781"}],"curies":[{"name":"wp","href":"https:\/\/api.w.org\/{rel}","templated":true}]}}