{"id":785,"date":"2025-08-13T12:51:45","date_gmt":"2025-08-13T15:51:45","guid":{"rendered":"https:\/\/www.ufmg.br\/inovalab\/?page_id=785"},"modified":"2025-08-22T11:09:23","modified_gmt":"2025-08-22T14:09:23","slug":"diavicon","status":"publish","type":"page","link":"https:\/\/www.ufmg.br\/inovalab\/diavicon\/","title":{"rendered":"DiaViCon"},"content":{"rendered":"<div class=\"wp-block-image\">\n<figure class=\"aligncenter size-large is-resized\"><img loading=\"lazy\" decoding=\"async\" width=\"1024\" height=\"436\" src=\"https:\/\/www.ufmg.br\/inovalab\/wp-content\/uploads\/2025\/08\/DIAVICON-1024x436.jpg\" alt=\"\" class=\"wp-image-786\" style=\"width:557px;height:auto\" srcset=\"https:\/\/www.ufmg.br\/inovalab\/wp-content\/uploads\/2025\/08\/DIAVICON-1024x436.jpg 1024w, https:\/\/www.ufmg.br\/inovalab\/wp-content\/uploads\/2025\/08\/DIAVICON-300x128.jpg 300w, https:\/\/www.ufmg.br\/inovalab\/wp-content\/uploads\/2025\/08\/DIAVICON-768x327.jpg 768w, https:\/\/www.ufmg.br\/inovalab\/wp-content\/uploads\/2025\/08\/DIAVICON.jpg 1123w\" sizes=\"(max-width: 1024px) 100vw, 1024px\" \/><\/figure><\/div>\n\n\n<p><\/p>\n\n\n\n<p>Empreendedores respons\u00e1veis: <a href=\"https:\/\/www.linkedin.com\/in\/francisco-luiz-campos-lopes-691472182\/\" data-type=\"link\" data-id=\"https:\/\/www.linkedin.com\/in\/francisco-luiz-campos-lopes-691472182\/\">Francisco Luiz Campos Lopes<\/a> e<a href=\"https:\/\/www.linkedin.com\/in\/joana-gabriela-souza-24a0387b\/\">Joana Gabriela Ribeiro de Souza<\/a><\/p>\n\n\n\n<p>O projeto prop\u00f5e uma plataforma inteligente (web\/mobile) para inspe\u00e7\u00f5es estruturais, utilizando intelig\u00eancia artificial (XGBoost e LLMs) para enfrentar dois grandes desafios do setor: a morosidade dos processos manuais e a falta de padroniza\u00e7\u00e3o t\u00e9cnica.<\/p>\n\n\n\n<p>A solu\u00e7\u00e3o atua como um assistente digital completo, automatizando at\u00e9 60% das an\u00e1lises com algoritmos preditivos e apoiando-se em um banco de dados colaborativo em constante evolu\u00e7\u00e3o. A plataforma oferece suporte t\u00e9cnico-cient\u00edfico a profissionais em in\u00edcio de carreira e ganhos significativos de produtividade para engenheiros experientes.<\/p>\n\n\n\n<p>Voltada \u00e0 seguran\u00e7a, padroniza\u00e7\u00e3o e efici\u00eancia, a tecnologia contribui para a redu\u00e7\u00e3o de custos de manuten\u00e7\u00e3o e estabelece um novo padr\u00e3o de qualidade em diagn\u00f3sticos estruturais. \u00c9 especialmente relevante no cen\u00e1rio brasileiro, marcado por infraestruturas envelhecidas que demandam avalia\u00e7\u00f5es mais precisas, \u00e1geis e confi\u00e1veis.<\/p>\n","protected":false},"excerpt":{"rendered":"<p>Empreendedores respons\u00e1veis: Francisco Luiz Campos Lopes eJoana Gabriela Ribeiro de Souza O projeto prop\u00f5e uma plataforma inteligente (web\/mobile) para inspe\u00e7\u00f5es estruturais, utilizando intelig\u00eancia artificial (XGBoost e LLMs) para enfrentar dois grandes desafios do setor: a morosidade dos processos manuais e a falta de padroniza\u00e7\u00e3o t\u00e9cnica. A solu\u00e7\u00e3o atua como um assistente digital completo, automatizando at\u00e9 [&hellip;]<\/p>\n","protected":false},"author":3,"featured_media":0,"parent":0,"menu_order":0,"comment_status":"closed","ping_status":"closed","template":"","meta":{"_acf_changed":false,"footnotes":""},"class_list":["post-785","page","type-page","status-publish","hentry"],"acf":[],"_links":{"self":[{"href":"https:\/\/www.ufmg.br\/inovalab\/wp-json\/wp\/v2\/pages\/785"}],"collection":[{"href":"https:\/\/www.ufmg.br\/inovalab\/wp-json\/wp\/v2\/pages"}],"about":[{"href":"https:\/\/www.ufmg.br\/inovalab\/wp-json\/wp\/v2\/types\/page"}],"author":[{"embeddable":true,"href":"https:\/\/www.ufmg.br\/inovalab\/wp-json\/wp\/v2\/users\/3"}],"replies":[{"embeddable":true,"href":"https:\/\/www.ufmg.br\/inovalab\/wp-json\/wp\/v2\/comments?post=785"}],"version-history":[{"count":4,"href":"https:\/\/www.ufmg.br\/inovalab\/wp-json\/wp\/v2\/pages\/785\/revisions"}],"predecessor-version":[{"id":810,"href":"https:\/\/www.ufmg.br\/inovalab\/wp-json\/wp\/v2\/pages\/785\/revisions\/810"}],"wp:attachment":[{"href":"https:\/\/www.ufmg.br\/inovalab\/wp-json\/wp\/v2\/media?parent=785"}],"curies":[{"name":"wp","href":"https:\/\/api.w.org\/{rel}","templated":true}]}}