{"id":789,"date":"2025-08-13T12:53:45","date_gmt":"2025-08-13T15:53:45","guid":{"rendered":"https:\/\/www.ufmg.br\/inovalab\/?page_id=789"},"modified":"2025-08-22T11:15:49","modified_gmt":"2025-08-22T14:15:49","slug":"innsumo","status":"publish","type":"page","link":"https:\/\/www.ufmg.br\/inovalab\/innsumo\/","title":{"rendered":"InnSumo"},"content":{"rendered":"<div class=\"wp-block-image\">\n<figure class=\"aligncenter size-large is-resized\"><img loading=\"lazy\" decoding=\"async\" width=\"1024\" height=\"519\" src=\"https:\/\/www.ufmg.br\/inovalab\/wp-content\/uploads\/2025\/08\/INNSUMO-1024x519.png\" alt=\"\" class=\"wp-image-790\" style=\"width:537px;height:auto\" srcset=\"https:\/\/www.ufmg.br\/inovalab\/wp-content\/uploads\/2025\/08\/INNSUMO-1024x519.png 1024w, https:\/\/www.ufmg.br\/inovalab\/wp-content\/uploads\/2025\/08\/INNSUMO-300x152.png 300w, https:\/\/www.ufmg.br\/inovalab\/wp-content\/uploads\/2025\/08\/INNSUMO-768x390.png 768w, https:\/\/www.ufmg.br\/inovalab\/wp-content\/uploads\/2025\/08\/INNSUMO-1536x779.png 1536w, https:\/\/www.ufmg.br\/inovalab\/wp-content\/uploads\/2025\/08\/INNSUMO.png 1942w\" sizes=\"(max-width: 1024px) 100vw, 1024px\" \/><\/figure><\/div>\n\n\n<p>Respons\u00e1veis: Prof. <a href=\"https:\/\/www.linkedin.com\/in\/paulo-afonso-granjeiro\/\" data-type=\"link\" data-id=\"https:\/\/www.linkedin.com\/in\/paulo-afonso-granjeiro\/\">Paulo Afonso Granjeiro<\/a> e <a href=\"http:\/\/lattes.cnpq.br\/4348052206087489\" data-type=\"link\" data-id=\"http:\/\/lattes.cnpq.br\/4348052206087489\">Diego Fernandes Livio<\/a><\/p>\n\n\n\n<p>O projeto tem como objetivo escalonar a produ\u00e7\u00e3o do biossurfactante iturina A em biorreatores de 100 a 1.000 litros, com foco na otimiza\u00e7\u00e3o dos processos de purifica\u00e7\u00e3o e secagem por spray dryer. A iturina A \u00e9 um lipopept\u00eddeo com propriedades tensoativas superiores, biodegrad\u00e1vel e de baixa toxicidade, com alto potencial para aplica\u00e7\u00f5es industriais sustent\u00e1veis.<\/p>\n\n\n\n<p>Paralelamente, o projeto desenvolve sistemas micelares \u00e0 base de biossurfactantes para encapsula\u00e7\u00e3o de ativos cosm\u00e9ticos, propondo a substitui\u00e7\u00e3o de tensoativos sint\u00e9ticos por alternativas naturais e eficientes. As formula\u00e7\u00f5es ser\u00e3o validadas por meio de estudos de caracteriza\u00e7\u00e3o f\u00edsico-qu\u00edmica, avalia\u00e7\u00e3o de atividade antioxidante, testes toxicol\u00f3gicos e aplica\u00e7\u00e3o em modelos de pele 3D.<\/p>\n\n\n\n<p>Essa abordagem integra biotecnologia e sustentabilidade para oferecer solu\u00e7\u00f5es inovadoras nas \u00e1reas cosm\u00e9tica e industrial.<\/p>\n","protected":false},"excerpt":{"rendered":"<p>Respons\u00e1veis: Prof. Paulo Afonso Granjeiro e Diego Fernandes Livio O projeto tem como objetivo escalonar a produ\u00e7\u00e3o do biossurfactante iturina A em biorreatores de 100 a 1.000 litros, com foco na otimiza\u00e7\u00e3o dos processos de purifica\u00e7\u00e3o e secagem por spray dryer. A iturina A \u00e9 um lipopept\u00eddeo com propriedades tensoativas superiores, biodegrad\u00e1vel e de baixa [&hellip;]<\/p>\n","protected":false},"author":3,"featured_media":0,"parent":0,"menu_order":0,"comment_status":"closed","ping_status":"closed","template":"","meta":{"_acf_changed":false,"footnotes":""},"class_list":["post-789","page","type-page","status-publish","hentry"],"acf":[],"_links":{"self":[{"href":"https:\/\/www.ufmg.br\/inovalab\/wp-json\/wp\/v2\/pages\/789"}],"collection":[{"href":"https:\/\/www.ufmg.br\/inovalab\/wp-json\/wp\/v2\/pages"}],"about":[{"href":"https:\/\/www.ufmg.br\/inovalab\/wp-json\/wp\/v2\/types\/page"}],"author":[{"embeddable":true,"href":"https:\/\/www.ufmg.br\/inovalab\/wp-json\/wp\/v2\/users\/3"}],"replies":[{"embeddable":true,"href":"https:\/\/www.ufmg.br\/inovalab\/wp-json\/wp\/v2\/comments?post=789"}],"version-history":[{"count":3,"href":"https:\/\/www.ufmg.br\/inovalab\/wp-json\/wp\/v2\/pages\/789\/revisions"}],"predecessor-version":[{"id":815,"href":"https:\/\/www.ufmg.br\/inovalab\/wp-json\/wp\/v2\/pages\/789\/revisions\/815"}],"wp:attachment":[{"href":"https:\/\/www.ufmg.br\/inovalab\/wp-json\/wp\/v2\/media?parent=789"}],"curies":[{"name":"wp","href":"https:\/\/api.w.org\/{rel}","templated":true}]}}