{"id":83,"date":"2024-08-02T09:37:52","date_gmt":"2024-08-02T12:37:52","guid":{"rendered":"https:\/\/www.ufmg.br\/inovalab\/?page_id=83"},"modified":"2025-11-25T14:48:07","modified_gmt":"2025-11-25T17:48:07","slug":"inicio","status":"publish","type":"page","link":"https:\/\/www.ufmg.br\/inovalab\/","title":{"rendered":"Bem-vindos ao InovaLab!"},"content":{"rendered":"\n<p>O INOVALAB \u00e9 o Programa de Incuba\u00e7\u00e3o da INOVA UFMG dedicado a apoiar a cria\u00e7\u00e3o e o desenvolvimento de empreendimentos de base tecnol\u00f3gica em seus est\u00e1gios iniciais. Partindo de uma tecnologia ou do capital intelectual da UFMG, o programa atua proporcionando forma\u00e7\u00e3o empreendedora para as equipes selecionadas e conectando-as com o mercado a fim de validarem e iniciarem o neg\u00f3cio.&nbsp;<\/p>\n\n\n\n<p>O nosso programa de incuba\u00e7\u00e3o acontece em duas grandes fases, denominadas Pr\u00e9-Incuba\u00e7\u00e3o e Incuba\u00e7\u00e3o, e est\u00e3o descritas abaixo: <\/p>\n\n\n\n<p><\/p>\n\n\n\n<h2 class=\"wp-block-heading\">Fase 1  |  Pr\u00e9-Incuba\u00e7\u00e3o:<\/h2>\n\n\n\n<p><br>Durante seis meses, as equipes selecionadas participam de treinamentos e mentorias com foco no diagn\u00f3stico e valida\u00e7\u00e3o das premissas de neg\u00f3cio, bem como na elabora\u00e7\u00e3o de um plano de incuba\u00e7\u00e3o. As atividades s\u00e3o estruturadas em quatro eixos principais: Tecnologia, Mercado, Equipe e Finan\u00e7as.<br><\/p>\n\n\n\n<p><\/p>\n\n\n\n<h2 class=\"wp-block-heading\">Fase 2  |  Incuba\u00e7\u00e3o:<\/h2>\n\n\n\n<p><\/p>\n\n\n\n<p>Nesta etapa, o neg\u00f3cio \u00e9 formalmente estruturado, (constitui\u00e7\u00e3o do CNPJ), e o plano de incuba\u00e7\u00e3o \u00e9 executado com o suporte da INOVA UFMG e de sua rede de parceiros. O per\u00edodo padr\u00e3o para a incuba\u00e7\u00e3o \u00e9 de dois anos, podendo ser estendido conforme a necessidade de cada empreendimento<\/p>\n\n\n\n<style>\n.inovalab-full {\n    width: 100vw;\n    position: relative;\n    left: 50%;\n    right: 50%;\n    margin-left: -50vw;\n    margin-right: -50vw;\n    padding: 0;\n    overflow: hidden;\n}\n\n.inovalab-full img {\n    width: 100%;\n    height: auto;\n    display: block;\n    margin: 0 auto;\n}\n<\/style>\n\n<div class=\"inovalab-full\">\n    <img decoding=\"async\" src=\"https:\/\/www.ufmg.br\/inovalab\/wp-content\/uploads\/2025\/11\/Imagens-para-site-169-1024x576.png\" alt=\"Banner InovaLab\">\n<\/div>\n\n\n\n<p><\/p>\n\n\n\n<p><\/p>\n\n\n\n<p><\/p>\n\n\n\n<div style=\"width:100%; display:flex; justify-content:center; margin-top:20px;\">\n  <button onclick=\"window.location.href='https:\/\/www.ufmg.br\/inovalab\/informacoes-sobre-o-ciclo-3\/'\"\n          style=\"background:#131E30; color:#fff; width:100%; max-width:50%; padding:16px; border:none; border-radius:0; cursor:pointer; font-size:18px;\">\n    Inscreva-se no Ciclo 3 do InovaLab!\n  <\/button>\n<\/div>\n\n\n\n<div class=\"wp-block-buttons is-content-justification-center is-layout-flex wp-container-core-buttons-is-layout-1 wp-block-buttons-is-layout-flex\"><\/div>\n\n\n\n<p><\/p>\n","protected":false},"excerpt":{"rendered":"<p>O INOVALAB \u00e9 o Programa de Incuba\u00e7\u00e3o da INOVA UFMG dedicado a apoiar a cria\u00e7\u00e3o e o desenvolvimento de empreendimentos de base tecnol\u00f3gica em seus est\u00e1gios iniciais. Partindo de uma tecnologia ou do capital intelectual da UFMG, o programa atua proporcionando forma\u00e7\u00e3o empreendedora para as equipes selecionadas e conectando-as com o mercado a fim de [&hellip;]<\/p>\n","protected":false},"author":1,"featured_media":886,"parent":0,"menu_order":0,"comment_status":"closed","ping_status":"closed","template":"page-templates\/page-programming.php","meta":{"_acf_changed":false,"footnotes":""},"class_list":["post-83","page","type-page","status-publish","has-post-thumbnail","hentry"],"acf":[],"_links":{"self":[{"href":"https:\/\/www.ufmg.br\/inovalab\/wp-json\/wp\/v2\/pages\/83"}],"collection":[{"href":"https:\/\/www.ufmg.br\/inovalab\/wp-json\/wp\/v2\/pages"}],"about":[{"href":"https:\/\/www.ufmg.br\/inovalab\/wp-json\/wp\/v2\/types\/page"}],"author":[{"embeddable":true,"href":"https:\/\/www.ufmg.br\/inovalab\/wp-json\/wp\/v2\/users\/1"}],"replies":[{"embeddable":true,"href":"https:\/\/www.ufmg.br\/inovalab\/wp-json\/wp\/v2\/comments?post=83"}],"version-history":[{"count":69,"href":"https:\/\/www.ufmg.br\/inovalab\/wp-json\/wp\/v2\/pages\/83\/revisions"}],"predecessor-version":[{"id":1098,"href":"https:\/\/www.ufmg.br\/inovalab\/wp-json\/wp\/v2\/pages\/83\/revisions\/1098"}],"wp:featuredmedia":[{"embeddable":true,"href":"https:\/\/www.ufmg.br\/inovalab\/wp-json\/wp\/v2\/media\/886"}],"wp:attachment":[{"href":"https:\/\/www.ufmg.br\/inovalab\/wp-json\/wp\/v2\/media?parent=83"}],"curies":[{"name":"wp","href":"https:\/\/api.w.org\/{rel}","templated":true}]}}