{"id":869,"date":"2025-11-17T11:03:21","date_gmt":"2025-11-17T14:03:21","guid":{"rendered":"https:\/\/www.ufmg.br\/inovalab\/?page_id=869"},"modified":"2026-02-06T18:21:38","modified_gmt":"2026-02-06T21:21:38","slug":"informacoes-sobre-o-ciclo-3","status":"publish","type":"page","link":"https:\/\/www.ufmg.br\/inovalab\/informacoes-sobre-o-ciclo-3\/","title":{"rendered":"Informa\u00e7\u00f5es sobre o Ciclo 3"},"content":{"rendered":"\n<p>As inscri\u00e7\u00f5es para o Ciclo 3 do Programa InovaLab est\u00e3o abertas!&nbsp;<\/p>\n\n\n\n<p>Confira o cronograma da chamada:<\/p>\n\n\n\n<ul class=\"wp-block-list\">\n<li>Inscri\u00e7\u00f5es: 24\/11\/2025 a 01\/02\/2026 (at\u00e9 23h59)<br><br><\/li>\n\n\n\n<li>Resultado parcial 01 \u2013 an\u00e1lise documental: 11\/02\/2026 (retificado)<br><br><\/li>\n\n\n\n<li>Resultado parcial 02 \u2013 an\u00e1lise das propostas: 27\/02\/2026<br><br><\/li>\n\n\n\n<li>Prazo para recursos: 04\/03\/2026<br><br><\/li>\n\n\n\n<li>Resultado final: 06\/03\/2026<br><br><\/li>\n\n\n\n<li>In\u00edcio da Fase 1: 09\/03\/2026<br><br><\/li>\n<\/ul>\n\n\n\n<p><strong>Links importantes e atualiza\u00e7\u00f5es<\/strong>:<\/p>\n\n\n\n<ul class=\"wp-block-list\">\n<li><a href=\"https:\/\/drive.google.com\/file\/d\/1-9yFKpYF-mg1mScEK__84YpAImQGqzGp\/view?usp=sharing\" data-type=\"link\" data-id=\"https:\/\/drive.google.com\/file\/d\/1-9yFKpYF-mg1mScEK__84YpAImQGqzGp\/view?usp=sharing\">Retifica\u00e7\u00e3o do Anexo I &#8211; Cronograma<\/a><\/li>\n<\/ul>\n\n\n\n<ul class=\"wp-block-list\">\n<li><a href=\"https:\/\/drive.google.com\/file\/d\/1yGYNcsO9SfG4_ubeTshZy1siooGRlmYT\/view?usp=drive_link\" data-type=\"link\" data-id=\"https:\/\/drive.google.com\/file\/d\/1yGYNcsO9SfG4_ubeTshZy1siooGRlmYT\/view?usp=drive_link\">Chamada InovaLab Ciclo 3<\/a><br><\/li>\n\n\n\n<li><a href=\"https:\/\/docs.google.com\/forms\/d\/e\/1FAIpQLScd6mkw67igYzBfPDGDw5ld0sV8ciOnAq3q5KTJhIS9BaJR8w\/viewform?usp=header\" data-type=\"link\" data-id=\"https:\/\/docs.google.com\/forms\/d\/e\/1FAIpQLScd6mkw67igYzBfPDGDw5ld0sV8ciOnAq3q5KTJhIS9BaJR8w\/viewform?usp=header\">Formul\u00e1rio de inscri\u00e7\u00e3o<\/a><br><\/li>\n\n\n\n<li><a href=\"https:\/\/docs.google.com\/document\/d\/1dJ4C9-Jh230XIqknZISCw4tEKaQ4ZZV5\/edit?usp=sharing&amp;ouid=116739998669986905138&amp;rtpof=true&amp;sd=true\" data-type=\"link\" data-id=\"https:\/\/docs.google.com\/document\/d\/1dJ4C9-Jh230XIqknZISCw4tEKaQ4ZZV5\/edit?usp=sharing&amp;ouid=116739998669986905138&amp;rtpof=true&amp;sd=true\">Extrato do formul\u00e1rio de inscri\u00e7\u00e3o<\/a><br><br><br>Para sanar d\u00favidas envie um e-mail para <strong>inova-incubacao@ctit.ufmg.br.<\/strong>&nbsp;<\/li>\n<\/ul>\n\n\n\n<p><\/p>\n","protected":false},"excerpt":{"rendered":"<p>As inscri\u00e7\u00f5es para o Ciclo 3 do Programa InovaLab est\u00e3o abertas!&nbsp; Confira o cronograma da chamada: Links importantes e atualiza\u00e7\u00f5es:<\/p>\n","protected":false},"author":3,"featured_media":0,"parent":0,"menu_order":0,"comment_status":"closed","ping_status":"closed","template":"","meta":{"_acf_changed":false,"footnotes":""},"class_list":["post-869","page","type-page","status-publish","hentry"],"acf":[],"_links":{"self":[{"href":"https:\/\/www.ufmg.br\/inovalab\/wp-json\/wp\/v2\/pages\/869"}],"collection":[{"href":"https:\/\/www.ufmg.br\/inovalab\/wp-json\/wp\/v2\/pages"}],"about":[{"href":"https:\/\/www.ufmg.br\/inovalab\/wp-json\/wp\/v2\/types\/page"}],"author":[{"embeddable":true,"href":"https:\/\/www.ufmg.br\/inovalab\/wp-json\/wp\/v2\/users\/3"}],"replies":[{"embeddable":true,"href":"https:\/\/www.ufmg.br\/inovalab\/wp-json\/wp\/v2\/comments?post=869"}],"version-history":[{"count":12,"href":"https:\/\/www.ufmg.br\/inovalab\/wp-json\/wp\/v2\/pages\/869\/revisions"}],"predecessor-version":[{"id":1109,"href":"https:\/\/www.ufmg.br\/inovalab\/wp-json\/wp\/v2\/pages\/869\/revisions\/1109"}],"wp:attachment":[{"href":"https:\/\/www.ufmg.br\/inovalab\/wp-json\/wp\/v2\/media?parent=869"}],"curies":[{"name":"wp","href":"https:\/\/api.w.org\/{rel}","templated":true}]}}