{"id":67,"date":"2014-05-19T16:03:53","date_gmt":"2014-05-19T19:03:53","guid":{"rendered":"http:\/\/localhost\/wordpress\/?page_id=67"},"modified":"2015-01-26T11:51:09","modified_gmt":"2015-01-26T13:51:09","slug":"sobre-geologia","status":"publish","type":"page","link":"https:\/\/www.ufmg.br\/mhnjb\/acervo\/sobre-geologia\/","title":{"rendered":"Geologia"},"content":{"rendered":"<p style=\"text-align: justify;\">Da parte da Geologia, o acervo do MHNJB \u00e9 constitu\u00eddo por minerais, em parte com valor gemol\u00f3gico ou com aplica\u00e7\u00e3o industrial, e por rochas, com aplica\u00e7\u00e3o ornamental ou n\u00e3o, mas importantes para o entendimento dos processos geol\u00f3gicos formadores de rochas. Em parte expostos, esses materiais ajudam a contar, tanto a hist\u00f3ria da forma\u00e7\u00e3o da terra, quanto da forma\u00e7\u00e3o dos principais dep\u00f3sitos minerais de Minas Gerais, com \u00eanfase nas minera\u00e7\u00f5es do ouro, dos diamantes e do ferro.<\/p>\n<hr id='linha-lista-colecoes'><p><a id='lista-colecoes'>Cole\u00e7\u00f5es de Geologia:<\/a><\/p><ul><li class='item-lista-colecoes'><a href=https:\/\/www.ufmg.br\/mhnjb\/acervo\/geologia>Todas as cole\u00e7\u00f5es (221 itens)<\/a><\/li><ul><li class='item-lista-colecoes'><a href='https:\/\/www.ufmg.br\/mhnjb\/acervo\/col-geologia\/minerais'>Minerais (173 itens)<\/a><\/li><li class='item-lista-colecoes'><a href='https:\/\/www.ufmg.br\/mhnjb\/acervo\/col-geologia\/outros'>Outros (13 itens)<\/a><\/li><li class='item-lista-colecoes'><a href='https:\/\/www.ufmg.br\/mhnjb\/acervo\/col-geologia\/rochas'>Rochas (35 itens)<\/a><\/li><\/ul><\/ul>\n","protected":false},"excerpt":{"rendered":"<p>Da parte da Geologia, o acervo do MHNJB \u00e9 constitu\u00eddo por minerais, em parte com valor gemol\u00f3gico ou com aplica\u00e7\u00e3o industrial, e por rochas, com aplica\u00e7\u00e3o ornamental ou n\u00e3o, mas importantes para o entendimento dos processos geol\u00f3gicos formadores de rochas.&hellip; <\/p>\n","protected":false},"author":1,"featured_media":0,"parent":0,"menu_order":0,"comment_status":"closed","ping_status":"open","template":"","meta":[],"_links":{"self":[{"href":"https:\/\/www.ufmg.br\/mhnjb\/acervo\/wp-json\/wp\/v2\/pages\/67"}],"collection":[{"href":"https:\/\/www.ufmg.br\/mhnjb\/acervo\/wp-json\/wp\/v2\/pages"}],"about":[{"href":"https:\/\/www.ufmg.br\/mhnjb\/acervo\/wp-json\/wp\/v2\/types\/page"}],"author":[{"embeddable":true,"href":"https:\/\/www.ufmg.br\/mhnjb\/acervo\/wp-json\/wp\/v2\/users\/1"}],"replies":[{"embeddable":true,"href":"https:\/\/www.ufmg.br\/mhnjb\/acervo\/wp-json\/wp\/v2\/comments?post=67"}],"version-history":[{"count":4,"href":"https:\/\/www.ufmg.br\/mhnjb\/acervo\/wp-json\/wp\/v2\/pages\/67\/revisions"}],"predecessor-version":[{"id":1003,"href":"https:\/\/www.ufmg.br\/mhnjb\/acervo\/wp-json\/wp\/v2\/pages\/67\/revisions\/1003"}],"wp:attachment":[{"href":"https:\/\/www.ufmg.br\/mhnjb\/acervo\/wp-json\/wp\/v2\/media?parent=67"}],"curies":[{"name":"wp","href":"https:\/\/api.w.org\/{rel}","templated":true}]}}