{"id":69,"date":"2014-05-19T16:04:25","date_gmt":"2014-05-19T19:04:25","guid":{"rendered":"http:\/\/localhost\/wordpress\/?page_id=69"},"modified":"2015-01-26T11:47:31","modified_gmt":"2015-01-26T13:47:31","slug":"sobre-arte-popular","status":"publish","type":"page","link":"https:\/\/www.ufmg.br\/mhnjb\/acervo\/sobre-arte-popular\/","title":{"rendered":"Arte Popular"},"content":{"rendered":"<p style=\"text-align: justify;\">O acervo de Arte Popular \u00e9 integrado por pe\u00e7as oriundas da regi\u00e3o do Vale do Jequitinhonha, no norte de Minas Gerais, envolvendo objetos cer\u00e2micos utilit\u00e1rios e decorativos, que constituem obra \u00fanica e internacionalmente reconhecida por conta da sua originalidade e refinamento. Integram esse acervo as pe\u00e7as centen\u00e1rias que comp\u00f5em os pres\u00e9pios Pipiripau e Pipiripin, cujos conjuntos cenogr\u00e1ficos artesanais e animados, de autoria de Raimundo Machado Azeredo, e tombados pelo IPHAN em 1984, fazem parte da Hist\u00f3ria do MHNJB.<\/p>\n\n","protected":false},"excerpt":{"rendered":"<p>O acervo de Arte Popular \u00e9 integrado por pe\u00e7as oriundas da regi\u00e3o do Vale do Jequitinhonha, no norte de Minas Gerais, envolvendo objetos cer\u00e2micos utilit\u00e1rios e decorativos, que constituem obra \u00fanica e internacionalmente reconhecida por conta da sua originalidade e&hellip; <\/p>\n","protected":false},"author":1,"featured_media":0,"parent":0,"menu_order":0,"comment_status":"closed","ping_status":"open","template":"","meta":[],"_links":{"self":[{"href":"https:\/\/www.ufmg.br\/mhnjb\/acervo\/wp-json\/wp\/v2\/pages\/69"}],"collection":[{"href":"https:\/\/www.ufmg.br\/mhnjb\/acervo\/wp-json\/wp\/v2\/pages"}],"about":[{"href":"https:\/\/www.ufmg.br\/mhnjb\/acervo\/wp-json\/wp\/v2\/types\/page"}],"author":[{"embeddable":true,"href":"https:\/\/www.ufmg.br\/mhnjb\/acervo\/wp-json\/wp\/v2\/users\/1"}],"replies":[{"embeddable":true,"href":"https:\/\/www.ufmg.br\/mhnjb\/acervo\/wp-json\/wp\/v2\/comments?post=69"}],"version-history":[{"count":4,"href":"https:\/\/www.ufmg.br\/mhnjb\/acervo\/wp-json\/wp\/v2\/pages\/69\/revisions"}],"predecessor-version":[{"id":999,"href":"https:\/\/www.ufmg.br\/mhnjb\/acervo\/wp-json\/wp\/v2\/pages\/69\/revisions\/999"}],"wp:attachment":[{"href":"https:\/\/www.ufmg.br\/mhnjb\/acervo\/wp-json\/wp\/v2\/media?parent=69"}],"curies":[{"name":"wp","href":"https:\/\/api.w.org\/{rel}","templated":true}]}}