{"id":7,"date":"2014-04-09T17:33:44","date_gmt":"2014-04-09T17:33:44","guid":{"rendered":"http:\/\/localhost\/wordpress\/?page_id=7"},"modified":"2015-01-26T11:50:19","modified_gmt":"2015-01-26T13:50:19","slug":"sobre-etnografia","status":"publish","type":"page","link":"https:\/\/www.ufmg.br\/mhnjb\/acervo\/sobre-etnografia\/","title":{"rendered":"Etnografia"},"content":{"rendered":"<p style=\"text-align: justify;\">No MHNJB, a Etnografia est\u00e1 representada por um importante acervo composto por cerca de 300 pe\u00e7as em parte representadas pelo acervo da Cultura Maxacali, que inclui artefatos utilit\u00e1rios e decorativos dos grupos ind\u00edgenas maxacalis da regi\u00e3o nordeste de Minas Gerais e pelas pe\u00e7as que comp\u00f5e o acervo Victor Dequesh, formado por artefatos l\u00edticos e objetos utilit\u00e1rios e decorativos de adorno ind\u00edgena. Desse acervo fazem parte outros conjuntos integrados por objetos etnogr\u00e1ficos com variadas formas e materiais (madeira, t\u00eaxteis, sementes, etc.).<\/p>\n\n","protected":false},"excerpt":{"rendered":"<p>No MHNJB, a Etnografia est\u00e1 representada por um importante acervo composto por cerca de 300 pe\u00e7as em parte representadas pelo acervo da Cultura Maxacali, que inclui artefatos utilit\u00e1rios e decorativos dos grupos ind\u00edgenas maxacalis da regi\u00e3o nordeste de Minas Gerais&hellip; <\/p>\n","protected":false},"author":1,"featured_media":0,"parent":0,"menu_order":0,"comment_status":"closed","ping_status":"open","template":"","meta":[],"_links":{"self":[{"href":"https:\/\/www.ufmg.br\/mhnjb\/acervo\/wp-json\/wp\/v2\/pages\/7"}],"collection":[{"href":"https:\/\/www.ufmg.br\/mhnjb\/acervo\/wp-json\/wp\/v2\/pages"}],"about":[{"href":"https:\/\/www.ufmg.br\/mhnjb\/acervo\/wp-json\/wp\/v2\/types\/page"}],"author":[{"embeddable":true,"href":"https:\/\/www.ufmg.br\/mhnjb\/acervo\/wp-json\/wp\/v2\/users\/1"}],"replies":[{"embeddable":true,"href":"https:\/\/www.ufmg.br\/mhnjb\/acervo\/wp-json\/wp\/v2\/comments?post=7"}],"version-history":[{"count":4,"href":"https:\/\/www.ufmg.br\/mhnjb\/acervo\/wp-json\/wp\/v2\/pages\/7\/revisions"}],"predecessor-version":[{"id":1002,"href":"https:\/\/www.ufmg.br\/mhnjb\/acervo\/wp-json\/wp\/v2\/pages\/7\/revisions\/1002"}],"wp:attachment":[{"href":"https:\/\/www.ufmg.br\/mhnjb\/acervo\/wp-json\/wp\/v2\/media?parent=7"}],"curies":[{"name":"wp","href":"https:\/\/api.w.org\/{rel}","templated":true}]}}