{"id":71,"date":"2014-05-19T16:04:51","date_gmt":"2014-05-19T19:04:51","guid":{"rendered":"http:\/\/localhost\/wordpress\/?page_id=71"},"modified":"2015-01-26T11:48:48","modified_gmt":"2015-01-26T13:48:48","slug":"sobre-botanica","status":"publish","type":"page","link":"https:\/\/www.ufmg.br\/mhnjb\/acervo\/sobre-botanica\/","title":{"rendered":"Bot\u00e2nica"},"content":{"rendered":"<p style=\"text-align: justify;\">O acervo bot\u00e2nico do MHNJB \u00e9 de dois tipos, sendo um formado por esp\u00e9cimes preservados (secos) e o outro por esp\u00e9cimes vivos. O tipo preservado \u00e9 composto pela cole\u00e7\u00e3o carpol\u00f3gica (frutos e sementes) de esp\u00e9cies provenientes da reserva do MHNJB, pela cole\u00e7\u00e3o de drogas vegetais (parte da planta de onde se extraem os princ\u00edpios ativos dos medicamentos) e pela cole\u00e7\u00e3o de exsicatas (plantas prensadas e desidratadas). O acervo vivo \u00e9 constitu\u00eddo por uma cole\u00e7\u00e3o de conserva\u00e7\u00e3o <em>exsitu<\/em>, composta principalmente por esp\u00e9cimes de orqu\u00eddeas e brom\u00e9lias, uma cole\u00e7\u00e3o de plantas medicinais, arom\u00e1ticas e aliment\u00edcias com car\u00e1ter did\u00e1tico (jardim sensorial e dataplamt) e o arboreto que comp\u00f5e a reserva de conserva\u00e7\u00e3o <em>in-situ<\/em>, constitu\u00eddo principalmente de esp\u00e9cies oriundas do bioma Mata Atl\u00e2ntica. Al\u00e9m destas, h\u00e1 tamb\u00e9m a cole\u00e7\u00e3o de plantas ornamentais que comp\u00f5em os jardins da institui\u00e7\u00e3o.<\/p>\n<hr id='linha-lista-colecoes'><p><a id='lista-colecoes'>Cole\u00e7\u00f5es de Bot\u00e2nica:<\/a><\/p><ul><li class='item-lista-colecoes'><a href=https:\/\/www.ufmg.br\/mhnjb\/acervo\/botanica>Todas as cole\u00e7\u00f5es (1588 itens)<\/a><\/li><ul><li class='item-lista-colecoes'><a href='https:\/\/www.ufmg.br\/mhnjb\/acervo\/col-botanica\/carpoteca'>Carpoteca (175 itens)<\/a><\/li><li class='item-lista-colecoes'><a href='https:\/\/www.ufmg.br\/mhnjb\/acervo\/col-botanica\/colecao-cientifica-de-plantas-vivas'>Cole\u00e7\u00e3o Cient\u00edfica de Plantas Vivas (1412 itens)<\/a><\/li><\/ul><\/ul>\n","protected":false},"excerpt":{"rendered":"<p>O acervo bot\u00e2nico do MHNJB \u00e9 de dois tipos, sendo um formado por esp\u00e9cimes preservados (secos) e o outro por esp\u00e9cimes vivos. O tipo preservado \u00e9 composto pela cole\u00e7\u00e3o carpol\u00f3gica (frutos e sementes) de esp\u00e9cies provenientes da reserva do MHNJB,&hellip; <\/p>\n","protected":false},"author":1,"featured_media":0,"parent":0,"menu_order":0,"comment_status":"closed","ping_status":"open","template":"","meta":[],"_links":{"self":[{"href":"https:\/\/www.ufmg.br\/mhnjb\/acervo\/wp-json\/wp\/v2\/pages\/71"}],"collection":[{"href":"https:\/\/www.ufmg.br\/mhnjb\/acervo\/wp-json\/wp\/v2\/pages"}],"about":[{"href":"https:\/\/www.ufmg.br\/mhnjb\/acervo\/wp-json\/wp\/v2\/types\/page"}],"author":[{"embeddable":true,"href":"https:\/\/www.ufmg.br\/mhnjb\/acervo\/wp-json\/wp\/v2\/users\/1"}],"replies":[{"embeddable":true,"href":"https:\/\/www.ufmg.br\/mhnjb\/acervo\/wp-json\/wp\/v2\/comments?post=71"}],"version-history":[{"count":6,"href":"https:\/\/www.ufmg.br\/mhnjb\/acervo\/wp-json\/wp\/v2\/pages\/71\/revisions"}],"predecessor-version":[{"id":1000,"href":"https:\/\/www.ufmg.br\/mhnjb\/acervo\/wp-json\/wp\/v2\/pages\/71\/revisions\/1000"}],"wp:attachment":[{"href":"https:\/\/www.ufmg.br\/mhnjb\/acervo\/wp-json\/wp\/v2\/media?parent=71"}],"curies":[{"name":"wp","href":"https:\/\/api.w.org\/{rel}","templated":true}]}}