{"id":73,"date":"2014-05-19T16:05:22","date_gmt":"2014-05-19T19:05:22","guid":{"rendered":"http:\/\/localhost\/wordpress\/?page_id=73"},"modified":"2015-01-26T11:52:08","modified_gmt":"2015-01-26T13:52:08","slug":"sobre-paleontologia","status":"publish","type":"page","link":"https:\/\/www.ufmg.br\/mhnjb\/acervo\/sobre-paleontologia\/","title":{"rendered":"Paleontologia"},"content":{"rendered":"<p style=\"text-align: justify;\">O acervo de Paleontologia do MHNJB mostra um resumo de como a biodiversidade se modificou na Terra desde seu surgimento h\u00e1 bilh\u00f5es de anos at\u00e9 os dias atuais. O visitante tem a oportunidade de vislumbrar o que s\u00e3o e como s\u00e3o formados os f\u00f3sseis, e seu papel na Paleontologia.<\/p>\n<p style=\"text-align: justify;\">Muitos f\u00f3sseis reais s\u00e3o apresentados nas exposi\u00e7\u00f5es do Museu, mas tamb\u00e9m algumas reconstitui\u00e7\u00f5es de como eram os animais que viveram muito antes dos seres humanos (dinossauros, por exemplo), al\u00e9m de outros que conviveram com o Homem primitivo, incluindo as pregui\u00e7as-gigantes e os tigres-dente-de-sabre.<\/p>\n\n","protected":false},"excerpt":{"rendered":"<p>O acervo de Paleontologia do MHNJB mostra um resumo de como a biodiversidade se modificou na Terra desde seu surgimento h\u00e1 bilh\u00f5es de anos at\u00e9 os dias atuais. O visitante tem a oportunidade de vislumbrar o que s\u00e3o e como&hellip; <\/p>\n","protected":false},"author":1,"featured_media":0,"parent":0,"menu_order":0,"comment_status":"closed","ping_status":"open","template":"","meta":[],"_links":{"self":[{"href":"https:\/\/www.ufmg.br\/mhnjb\/acervo\/wp-json\/wp\/v2\/pages\/73"}],"collection":[{"href":"https:\/\/www.ufmg.br\/mhnjb\/acervo\/wp-json\/wp\/v2\/pages"}],"about":[{"href":"https:\/\/www.ufmg.br\/mhnjb\/acervo\/wp-json\/wp\/v2\/types\/page"}],"author":[{"embeddable":true,"href":"https:\/\/www.ufmg.br\/mhnjb\/acervo\/wp-json\/wp\/v2\/users\/1"}],"replies":[{"embeddable":true,"href":"https:\/\/www.ufmg.br\/mhnjb\/acervo\/wp-json\/wp\/v2\/comments?post=73"}],"version-history":[{"count":4,"href":"https:\/\/www.ufmg.br\/mhnjb\/acervo\/wp-json\/wp\/v2\/pages\/73\/revisions"}],"predecessor-version":[{"id":1004,"href":"https:\/\/www.ufmg.br\/mhnjb\/acervo\/wp-json\/wp\/v2\/pages\/73\/revisions\/1004"}],"wp:attachment":[{"href":"https:\/\/www.ufmg.br\/mhnjb\/acervo\/wp-json\/wp\/v2\/media?parent=73"}],"curies":[{"name":"wp","href":"https:\/\/api.w.org\/{rel}","templated":true}]}}