{"id":77,"date":"2014-05-19T16:06:38","date_gmt":"2014-05-19T19:06:38","guid":{"rendered":"http:\/\/localhost\/wordpress\/?page_id=77"},"modified":"2015-12-14T15:38:58","modified_gmt":"2015-12-14T17:38:58","slug":"sobre-arq-hist","status":"publish","type":"page","link":"https:\/\/www.ufmg.br\/mhnjb\/acervo\/sobre-arq-hist\/","title":{"rendered":"Arqueologia Hist\u00f3rica"},"content":{"rendered":"<p style=\"text-align: justify;\">O Centro Especializado de Arqueologia Hist\u00f3rica do MHNJB desenvolve pesquisas que abordam a sociedade mineira a partir do in\u00edcio da coloniza\u00e7\u00e3o, em fins do s\u00e9culo XVII.<\/p>\n<p style=\"text-align: justify;\">Com este recorte cronol\u00f3gico o acervo contempla vest\u00edgios arqueol\u00f3gicos origin\u00e1rios da sociedade Escravista (da Col\u00f4nia e do Imp\u00e9rio) e de sua transi\u00e7\u00e3o para o contexto Capitalista. S\u00e3o evid\u00eancias tanto do mundo rural quanto urbano e tamb\u00e9m provenientes dos diferentes momentos hist\u00f3ricos pelos quais passou a sociedade mineira.<\/p>\n\n","protected":false},"excerpt":{"rendered":"<p>O Centro Especializado de Arqueologia Hist\u00f3rica do MHNJB desenvolve pesquisas que abordam a sociedade mineira a partir do in\u00edcio da coloniza\u00e7\u00e3o, em fins do s\u00e9culo XVII. Com este recorte cronol\u00f3gico o acervo contempla vest\u00edgios arqueol\u00f3gicos origin\u00e1rios da sociedade Escravista (da&hellip; <\/p>\n","protected":false},"author":1,"featured_media":0,"parent":0,"menu_order":0,"comment_status":"closed","ping_status":"open","template":"","meta":[],"_links":{"self":[{"href":"https:\/\/www.ufmg.br\/mhnjb\/acervo\/wp-json\/wp\/v2\/pages\/77"}],"collection":[{"href":"https:\/\/www.ufmg.br\/mhnjb\/acervo\/wp-json\/wp\/v2\/pages"}],"about":[{"href":"https:\/\/www.ufmg.br\/mhnjb\/acervo\/wp-json\/wp\/v2\/types\/page"}],"author":[{"embeddable":true,"href":"https:\/\/www.ufmg.br\/mhnjb\/acervo\/wp-json\/wp\/v2\/users\/1"}],"replies":[{"embeddable":true,"href":"https:\/\/www.ufmg.br\/mhnjb\/acervo\/wp-json\/wp\/v2\/comments?post=77"}],"version-history":[{"count":13,"href":"https:\/\/www.ufmg.br\/mhnjb\/acervo\/wp-json\/wp\/v2\/pages\/77\/revisions"}],"predecessor-version":[{"id":1010,"href":"https:\/\/www.ufmg.br\/mhnjb\/acervo\/wp-json\/wp\/v2\/pages\/77\/revisions\/1010"}],"wp:attachment":[{"href":"https:\/\/www.ufmg.br\/mhnjb\/acervo\/wp-json\/wp\/v2\/media?parent=77"}],"curies":[{"name":"wp","href":"https:\/\/api.w.org\/{rel}","templated":true}]}}