{"id":79,"date":"2014-05-19T16:07:07","date_gmt":"2014-05-19T19:07:07","guid":{"rendered":"http:\/\/localhost\/wordpress\/?page_id=79"},"modified":"2015-01-26T11:49:31","modified_gmt":"2015-01-26T13:49:31","slug":"sobre-cart-hist","status":"publish","type":"page","link":"https:\/\/www.ufmg.br\/mhnjb\/acervo\/sobre-cart-hist\/","title":{"rendered":"Cartografia Hist\u00f3rica"},"content":{"rendered":"<p style=\"text-align: justify;\">O acervo da Cartografia Hist\u00f3rica, que se encontra no MHNJB, \u00e9 constitu\u00eddo de c\u00f3pias obtidas por meio fot\u00f3grafico ou digital e por documentos originais que trazem a representa\u00e7\u00e3o do territ\u00f3rio da Am\u00e9rica portuguesa, dos territ\u00f3rios das antigas capitanias do Brasil no per\u00edodo colonial, de prov\u00edncias do Imp\u00e9rio do Brasil e ainda plantas de vilas e de cidades. Destaque deve ser dado ao conjunto de documentos originais produzidos entre 1650 e 1844 e que tratam da cartografia da Am\u00e9rica do Sul e do Brasil. No entanto, o maior n\u00famero de documentos presentes no acervo data do per\u00edodo compreendido entre os s\u00e9culos XVIII e XIX e esses representam a regi\u00e3o de Minas Gerais e de outros estados da regi\u00e3o sudeste.<\/p>\n<p style=\"text-align: justify;\">Do acervo tamb\u00e9m fazem parte c\u00f3pias de outros documentos gr\u00e1ficos (plantas e croquis), elaborados por estudiosos que percorreram o territ\u00f3rio brasileiro, at\u00e9 o primeiro quartel do s\u00e9culo XIX, os quais representam importantes registros geol\u00f3gicos e geogr\u00e1ficos. Sobre esses registros nota-se que s\u00e3o de grande significado para a reconstru\u00e7\u00e3o da hist\u00f3ria dessas \u00e1reas de conhecimento e para a pr\u00f3pria hist\u00f3ria de Minas Gerais e do Brasil.<\/p>\n\n","protected":false},"excerpt":{"rendered":"<p>O acervo da Cartografia Hist\u00f3rica, que se encontra no MHNJB, \u00e9 constitu\u00eddo de c\u00f3pias obtidas por meio fot\u00f3grafico ou digital e por documentos originais que trazem a representa\u00e7\u00e3o do territ\u00f3rio da Am\u00e9rica portuguesa, dos territ\u00f3rios das antigas capitanias do Brasil&hellip; <\/p>\n","protected":false},"author":1,"featured_media":0,"parent":0,"menu_order":0,"comment_status":"closed","ping_status":"open","template":"","meta":[],"_links":{"self":[{"href":"https:\/\/www.ufmg.br\/mhnjb\/acervo\/wp-json\/wp\/v2\/pages\/79"}],"collection":[{"href":"https:\/\/www.ufmg.br\/mhnjb\/acervo\/wp-json\/wp\/v2\/pages"}],"about":[{"href":"https:\/\/www.ufmg.br\/mhnjb\/acervo\/wp-json\/wp\/v2\/types\/page"}],"author":[{"embeddable":true,"href":"https:\/\/www.ufmg.br\/mhnjb\/acervo\/wp-json\/wp\/v2\/users\/1"}],"replies":[{"embeddable":true,"href":"https:\/\/www.ufmg.br\/mhnjb\/acervo\/wp-json\/wp\/v2\/comments?post=79"}],"version-history":[{"count":4,"href":"https:\/\/www.ufmg.br\/mhnjb\/acervo\/wp-json\/wp\/v2\/pages\/79\/revisions"}],"predecessor-version":[{"id":1001,"href":"https:\/\/www.ufmg.br\/mhnjb\/acervo\/wp-json\/wp\/v2\/pages\/79\/revisions\/1001"}],"wp:attachment":[{"href":"https:\/\/www.ufmg.br\/mhnjb\/acervo\/wp-json\/wp\/v2\/media?parent=79"}],"curies":[{"name":"wp","href":"https:\/\/api.w.org\/{rel}","templated":true}]}}