{"id":81,"date":"2014-05-19T16:07:33","date_gmt":"2014-05-19T19:07:33","guid":{"rendered":"http:\/\/localhost\/wordpress\/?page_id=81"},"modified":"2015-02-11T09:55:01","modified_gmt":"2015-02-11T11:55:01","slug":"sobre-documentos","status":"publish","type":"page","link":"https:\/\/www.ufmg.br\/mhnjb\/acervo\/sobre-documentos\/","title":{"rendered":"Documentos"},"content":{"rendered":"<p style=\"text-align: justify;\">O acervo arquiv\u00edstico do Museu de Hist\u00f3ria Natural e Jardim Bot\u00e2nico (MHNJB) \u00e9 composto por documentos provindos de duas origens: a primeira formada por cole\u00e7\u00f5es de documentos pessoais adquiridos pelo Museu relacionados ao acervo museol\u00f3gico recebidos pelo MHNJB por doa\u00e7\u00e3o; e a segunda, por cole\u00e7\u00f5es de documentos institucionais produzidos e acumulados no decorrer das atividades do MHNJB, que constitui o seu arquivo institucional.<\/p>\n\n","protected":false},"excerpt":{"rendered":"<p>O acervo arquiv\u00edstico do Museu de Hist\u00f3ria Natural e Jardim Bot\u00e2nico (MHNJB) \u00e9 composto por documentos provindos de duas origens: a primeira formada por cole\u00e7\u00f5es de documentos pessoais adquiridos pelo Museu relacionados ao acervo museol\u00f3gico recebidos pelo MHNJB por doa\u00e7\u00e3o;&hellip; <\/p>\n","protected":false},"author":1,"featured_media":0,"parent":0,"menu_order":0,"comment_status":"closed","ping_status":"open","template":"","meta":[],"_links":{"self":[{"href":"https:\/\/www.ufmg.br\/mhnjb\/acervo\/wp-json\/wp\/v2\/pages\/81"}],"collection":[{"href":"https:\/\/www.ufmg.br\/mhnjb\/acervo\/wp-json\/wp\/v2\/pages"}],"about":[{"href":"https:\/\/www.ufmg.br\/mhnjb\/acervo\/wp-json\/wp\/v2\/types\/page"}],"author":[{"embeddable":true,"href":"https:\/\/www.ufmg.br\/mhnjb\/acervo\/wp-json\/wp\/v2\/users\/1"}],"replies":[{"embeddable":true,"href":"https:\/\/www.ufmg.br\/mhnjb\/acervo\/wp-json\/wp\/v2\/comments?post=81"}],"version-history":[{"count":5,"href":"https:\/\/www.ufmg.br\/mhnjb\/acervo\/wp-json\/wp\/v2\/pages\/81\/revisions"}],"predecessor-version":[{"id":1008,"href":"https:\/\/www.ufmg.br\/mhnjb\/acervo\/wp-json\/wp\/v2\/pages\/81\/revisions\/1008"}],"wp:attachment":[{"href":"https:\/\/www.ufmg.br\/mhnjb\/acervo\/wp-json\/wp\/v2\/media?parent=81"}],"curies":[{"name":"wp","href":"https:\/\/api.w.org\/{rel}","templated":true}]}}