{"id":9,"date":"2014-04-09T17:34:17","date_gmt":"2014-04-09T17:34:17","guid":{"rendered":"http:\/\/localhost\/wordpress\/?page_id=9"},"modified":"2015-01-26T11:52:57","modified_gmt":"2015-01-26T13:52:57","slug":"sobre-zoologia","status":"publish","type":"page","link":"https:\/\/www.ufmg.br\/mhnjb\/acervo\/sobre-zoologia\/","title":{"rendered":"Zoologia"},"content":{"rendered":"<p style=\"text-align: justify;\">O acervo de Zoologia \u00e9 constitu\u00eddo de esp\u00e9cimes entomol\u00f3gicos (insetos &#8211; com destaque para abelhas, besouros e borboletas), ornitol\u00f3gicos (aves &#8211; com destaque para colibris), mastozool\u00f3gicos (mam\u00edferos: roedores, marsupiais e morcegos) e malacol\u00f3gicos (conchas). Al\u00e9m desses, integram-se tamb\u00e9m \u00e0 cole\u00e7\u00e3o zool\u00f3gica: peles, materiais regurgitados de coruja conservados em frascos, vest\u00edgios esqueletais diversos, individuais ou conjuntos e conservados em frascos e vidros, peixes, r\u00e9pteis (cobras e tartarugas), anf\u00edbios (r\u00e3s e pererecas), crust\u00e1ceos (caranguejos, camar\u00f5es e ermit\u00f5es), moluscos (lulas, ostras e lesmas do mar), por\u00edferos (desmoponjas e esponjas), anel\u00eddeos (minhocas), aracn\u00eddeos (aranhas, escorpi\u00f5es e carrapatos), equinodermos (l\u00edrios-do-mar, pepinos-do-mar e bolachas-do-mar), vermes (platelmintos, parasitas e lombriga), entre outros, conservados tamb\u00e9m em meio l\u00edquido e em vidro, al\u00e9m de exemplares taxidermizados.<\/p>\n\n","protected":false},"excerpt":{"rendered":"<p>O acervo de Zoologia \u00e9 constitu\u00eddo de esp\u00e9cimes entomol\u00f3gicos (insetos &#8211; com destaque para abelhas, besouros e borboletas), ornitol\u00f3gicos (aves &#8211; com destaque para colibris), mastozool\u00f3gicos (mam\u00edferos: roedores, marsupiais e morcegos) e malacol\u00f3gicos (conchas). Al\u00e9m desses, integram-se tamb\u00e9m \u00e0 cole\u00e7\u00e3o&hellip; <\/p>\n","protected":false},"author":1,"featured_media":0,"parent":0,"menu_order":0,"comment_status":"closed","ping_status":"open","template":"","meta":[],"_links":{"self":[{"href":"https:\/\/www.ufmg.br\/mhnjb\/acervo\/wp-json\/wp\/v2\/pages\/9"}],"collection":[{"href":"https:\/\/www.ufmg.br\/mhnjb\/acervo\/wp-json\/wp\/v2\/pages"}],"about":[{"href":"https:\/\/www.ufmg.br\/mhnjb\/acervo\/wp-json\/wp\/v2\/types\/page"}],"author":[{"embeddable":true,"href":"https:\/\/www.ufmg.br\/mhnjb\/acervo\/wp-json\/wp\/v2\/users\/1"}],"replies":[{"embeddable":true,"href":"https:\/\/www.ufmg.br\/mhnjb\/acervo\/wp-json\/wp\/v2\/comments?post=9"}],"version-history":[{"count":4,"href":"https:\/\/www.ufmg.br\/mhnjb\/acervo\/wp-json\/wp\/v2\/pages\/9\/revisions"}],"predecessor-version":[{"id":1005,"href":"https:\/\/www.ufmg.br\/mhnjb\/acervo\/wp-json\/wp\/v2\/pages\/9\/revisions\/1005"}],"wp:attachment":[{"href":"https:\/\/www.ufmg.br\/mhnjb\/acervo\/wp-json\/wp\/v2\/media?parent=9"}],"curies":[{"name":"wp","href":"https:\/\/api.w.org\/{rel}","templated":true}]}}