
{"id":11,"date":"2014-02-04T14:35:57","date_gmt":"2014-02-04T16:35:57","guid":{"rendered":"http:\/\/www.ceplamt.org.br\/?page_id=11"},"modified":"2025-08-27T14:46:23","modified_gmt":"2025-08-27T17:46:23","slug":"banco-de-amostras","status":"publish","type":"page","link":"https:\/\/www.ufmg.br\/mhnjb\/ceplamt\/banco-de-amostras\/","title":{"rendered":"Banco de amostras de drogas vegetais \/ Partes Usadas"},"content":{"rendered":"\n<p class=\"has-text-align-center\">Neste link, s\u00e3o apresentadas informa\u00e7\u00f5es sobre as esp\u00e9cies de plantas dispon\u00edveis <strong><em>no<\/em><\/strong> <strong><em>banco de amostras de drogas vegetais<\/em><\/strong> &#8211; o Dataplamt. <strong><em>Droga vegetal<\/em><\/strong> \u00e9 o nome t\u00e9cnico que se atribui \u00e0 parte da planta que cont\u00e9m as subst\u00e2ncias qu\u00edmicas ativas (princ\u00edpios ativos), ap\u00f3s desidrata\u00e7\u00e3o (exceto no caso dos frutos e raras plantas frescas). Conhecer os locais de ocorr\u00eancia das plantas, a parte usada, e o seu aspecto ap\u00f3s a desidrata\u00e7\u00e3o, \u00e9 muito importante para adquir\u00ed-la corretamente no com\u00e9rcio. <\/p>\n\n\n\n<p class=\"has-text-align-center\">Al\u00e9m dos usos tradicionais, para algumas esp\u00e9cies, que j\u00e1 foram avaliadas cientificamente, s\u00e3o apresentadas tamb\u00e9m informa\u00e7\u00f5es sobre suas a\u00e7\u00f5es biol\u00f3gicas, extra\u00eddas de bibliografia t\u00e9cnico-cient\u00edfica.  As imagens das plantas vivas (capturadas em diferentes locais, hortas e jardins, do Brasil e de outros pa\u00edses) foram tamb\u00e9m inclu\u00eddas neste link, para auxiliar no reconhecimento. Para conhecer mais sobre as plantas nativas visite o link <em>Planta do m\u00eas<\/em>. <\/p>\n\n\n\n<div style=\"height:10px\" aria-hidden=\"true\" class=\"wp-block-spacer\"><\/div>\n\n\n\n<p class=\"has-text-align-center\"><a href=\"https:\/\/www.ufmg.br\/mhnjb\/ceplamt\/banco-de-amostras\/historico-banco-amostras-drogas-vegetais\/\" data-type=\"page\" data-id=\"2891\">HIST\u00d3RICO DO BANCO DE AMOSTRAS DE DROGAS VEGETAIS<\/a><\/p>\n\n\n\n<div style=\"height:10px\" aria-hidden=\"true\" class=\"wp-block-spacer\"><\/div>\n\n\n\n<p class=\"has-text-align-center\"><a href=\"https:\/\/www.ufmg.br\/mhnjb\/ceplamt\/banco-de-amostras\/plantas-nativas\/\" data-type=\"page\" data-id=\"1152\">PLANTAS NATIVAS<\/a><\/p>\n\n\n\n<p class=\"has-text-align-center has-small-font-size\">Esp\u00e9cies pr\u00f3prias do nosso pa\u00eds e que comp\u00f5em a biodiversidade brasileira.<\/p>\n\n\n\n<div style=\"height:10px\" aria-hidden=\"true\" class=\"wp-block-spacer\"><\/div>\n\n\n\n<p class=\"has-text-align-center\"><a href=\"https:\/\/www.ufmg.br\/mhnjb\/ceplamt\/banco-de-amostras\/plantas-exoticas\/\" data-type=\"page\" data-id=\"1154\">PLANTAS EX\u00d3TICAS (NATURALIZADAS)<\/a><\/p>\n\n\n\n<p class=\"has-text-align-center has-small-font-size\">Esp\u00e9cies nativas de outros continentes mas que crescem aqui, de forma espont\u00e2nea ou cultivadas.<\/p>\n\n\n\n<div style=\"height:10px\" aria-hidden=\"true\" class=\"wp-block-spacer\"><\/div>\n\n\n\n<p class=\"has-text-align-center\"><a href=\"https:\/\/www.ufmg.br\/mhnjb\/ceplamt\/banco-de-amostras\/plantas-importadas\/\" data-type=\"page\" data-id=\"1156\">PLANTAS IMPORTADAS<\/a><\/p>\n\n\n\n<p class=\"has-text-align-center has-small-font-size\">Esp\u00e9cies nativas de outros continentes e que n\u00e3o s\u00e3o encontradas no Brasil.<\/p>\n","protected":false},"excerpt":{"rendered":"<p>Neste link, s\u00e3o apresentadas informa\u00e7\u00f5es sobre as esp\u00e9cies de plantas dispon\u00edveis <em>no<\/em> <em>banco de amostras de drogas vegetais<\/em> &#8211; o Dataplamt. <em>Droga vegetal<\/em> \u00e9 o nome t\u00e9cnico que se atribui \u00e0 parte da planta que cont\u00e9m as subst\u00e2ncias qu\u00edmicas ativas (princ\u00edpios ativos), ap\u00f3s desidrata\u00e7\u00e3o (exceto no caso dos frutos e raras plantas frescas). Conhecer os [&#8230;]<\/p>\n","protected":false},"author":5,"featured_media":0,"parent":0,"menu_order":5,"comment_status":"open","ping_status":"closed","template":"","meta":{"_acf_changed":false,"_exactmetrics_skip_tracking":false,"_exactmetrics_sitenote_active":false,"_exactmetrics_sitenote_note":"","_exactmetrics_sitenote_category":0,"footnotes":""},"class_list":["post-11","page","type-page","status-publish","hentry"],"acf":[],"_links":{"self":[{"href":"https:\/\/www.ufmg.br\/mhnjb\/ceplamt\/wp-json\/wp\/v2\/pages\/11","targetHints":{"allow":["GET"]}}],"collection":[{"href":"https:\/\/www.ufmg.br\/mhnjb\/ceplamt\/wp-json\/wp\/v2\/pages"}],"about":[{"href":"https:\/\/www.ufmg.br\/mhnjb\/ceplamt\/wp-json\/wp\/v2\/types\/page"}],"author":[{"embeddable":true,"href":"https:\/\/www.ufmg.br\/mhnjb\/ceplamt\/wp-json\/wp\/v2\/users\/5"}],"replies":[{"embeddable":true,"href":"https:\/\/www.ufmg.br\/mhnjb\/ceplamt\/wp-json\/wp\/v2\/comments?post=11"}],"version-history":[{"count":140,"href":"https:\/\/www.ufmg.br\/mhnjb\/ceplamt\/wp-json\/wp\/v2\/pages\/11\/revisions"}],"predecessor-version":[{"id":3688,"href":"https:\/\/www.ufmg.br\/mhnjb\/ceplamt\/wp-json\/wp\/v2\/pages\/11\/revisions\/3688"}],"wp:attachment":[{"href":"https:\/\/www.ufmg.br\/mhnjb\/ceplamt\/wp-json\/wp\/v2\/media?parent=11"}],"curies":[{"name":"wp","href":"https:\/\/api.w.org\/{rel}","templated":true}]}}