
{"id":23,"date":"2014-02-04T14:38:24","date_gmt":"2014-02-04T16:38:24","guid":{"rendered":"http:\/\/www.ceplamt.org.br\/?page_id=23"},"modified":"2021-09-08T10:32:33","modified_gmt":"2021-09-08T13:32:33","slug":"plantas","status":"publish","type":"page","link":"https:\/\/www.ufmg.br\/mhnjb\/ceplamt\/plantas\/","title":{"rendered":"Planta do M\u00eas (em reformula\u00e7\u00e3o)"},"content":{"rendered":"\n<p>A cada m\u00eas do ano vamos divulgar informa\u00e7\u00f5es t\u00e9cnico-cient\u00edficas sobre uma planta \u00fatil e\/ou medicinal nativa do Brasil. Para saber mais sobre as esp\u00e9cies postadas visite o <em>Banco de Dados<\/em> e o <em>Banco de Drogas Vegetais.<\/em> <\/p>\n\n\n","protected":false},"excerpt":{"rendered":"<p>A cada m\u00eas do ano vamos divulgar informa\u00e7\u00f5es t\u00e9cnico-cient\u00edficas sobre uma planta \u00fatil e\/ou medicinal nativa do Brasil. Para saber mais sobre as esp\u00e9cies postadas visite o <em>Banco de Dados<\/em> e o <em>Banco de Drogas Vegetais.<\/em><\/p>\n","protected":false},"author":5,"featured_media":0,"parent":0,"menu_order":11,"comment_status":"open","ping_status":"open","template":"","meta":{"_acf_changed":false,"_exactmetrics_skip_tracking":false,"_exactmetrics_sitenote_active":false,"_exactmetrics_sitenote_note":"","_exactmetrics_sitenote_category":0,"footnotes":""},"class_list":["post-23","page","type-page","status-publish","hentry"],"acf":[],"_links":{"self":[{"href":"https:\/\/www.ufmg.br\/mhnjb\/ceplamt\/wp-json\/wp\/v2\/pages\/23","targetHints":{"allow":["GET"]}}],"collection":[{"href":"https:\/\/www.ufmg.br\/mhnjb\/ceplamt\/wp-json\/wp\/v2\/pages"}],"about":[{"href":"https:\/\/www.ufmg.br\/mhnjb\/ceplamt\/wp-json\/wp\/v2\/types\/page"}],"author":[{"embeddable":true,"href":"https:\/\/www.ufmg.br\/mhnjb\/ceplamt\/wp-json\/wp\/v2\/users\/5"}],"replies":[{"embeddable":true,"href":"https:\/\/www.ufmg.br\/mhnjb\/ceplamt\/wp-json\/wp\/v2\/comments?post=23"}],"version-history":[{"count":25,"href":"https:\/\/www.ufmg.br\/mhnjb\/ceplamt\/wp-json\/wp\/v2\/pages\/23\/revisions"}],"predecessor-version":[{"id":3664,"href":"https:\/\/www.ufmg.br\/mhnjb\/ceplamt\/wp-json\/wp\/v2\/pages\/23\/revisions\/3664"}],"wp:attachment":[{"href":"https:\/\/www.ufmg.br\/mhnjb\/ceplamt\/wp-json\/wp\/v2\/media?parent=23"}],"curies":[{"name":"wp","href":"https:\/\/api.w.org\/{rel}","templated":true}]}}