
{"id":2485,"date":"2019-02-23T20:32:23","date_gmt":"2019-02-23T23:32:23","guid":{"rendered":"http:\/\/www.ceplamt.org.br\/?page_id=2485"},"modified":"2025-08-26T16:52:35","modified_gmt":"2025-08-26T19:52:35","slug":"plantas-medicinais-2","status":"publish","type":"page","link":"https:\/\/www.ufmg.br\/mhnjb\/ceplamt\/plantas-medicinais-2\/","title":{"rendered":"PLANTAS MEDICINAIS E FITOTER\u00c1PICOS"},"content":{"rendered":"\n<p><\/p>\n\n\n\n<p><strong>O que s\u00e3o<\/strong><\/p>\n\n\n\n<p><em>Plantas medicinais<\/em> s\u00e3o aquelas usadas na prepara\u00e7\u00e3o de rem\u00e9dios. Milhares de esp\u00e9cies vegetais s\u00e3o usadas em todo o mundo na prepara\u00e7\u00e3o dos rem\u00e9dios caseiros. Esses usos v\u00eam do conhecimento popular ou tradicional de cada pa\u00eds. Conhecimento popular \u00e9 aquele mais difundido entre as pessoas, como as folhas de ch\u00e1 cultivadas nas hortas. J\u00e1 o conhecimento tradicional vem de uma ancestralidade, representado no Brasil pelas plantas usadas pela cultura Amer\u00edndia. Esses usos foram descobertos\/ desenvolvidos pelos povos ind\u00edgenas a partir de esp\u00e9cies da biodiversidade brasileira h\u00e1 mais de 12 mil anos (veja o Banco de dados).<\/p>\n\n\n\n<p>Os<em> fitoter\u00e1picos<\/em> s\u00e3o tamb\u00e9m preparados com as plantas, mas s\u00e3o produtos que passaram por estudos em laborat\u00f3rio, que atestaram sua efic\u00e1cia e seguran\u00e7a. Os medicamentos fitoter\u00e1picos s\u00e3o produtos industrializados e devem ser adquiridos nas farm\u00e1cias. \u00c9 importante salientar que, tanto os rem\u00e9dios caseiros, quanto os produtos industrializados agem no corpo devido \u00e0 presen\u00e7a de subst\u00e2ncias qu\u00edmicas ativas, que s\u00e3o extra\u00eddas da planta durante a prepara\u00e7\u00e3o.<\/p>\n\n\n\n<p><strong>Como reconhecer<\/strong> <\/p>\n\n\n\n<p>\u00c9 muito importante conhecer a <em>parte da planta<\/em> que ser\u00e1 usada na prepara\u00e7\u00e3o do rem\u00e9dio, pois as subst\u00e2ncias ativas podem estar presentes em diferentes partes do vegetal. Em algumas plantas, as subst\u00e2ncias est\u00e3o acumuladas nas cascas (ex. canela), em outras nas ra\u00edzes (gengibre), flores (camomila) ou folhas (hortel\u00e3). Em algumas poucas esp\u00e9cies, como por exemplo a tanchagem, as subst\u00e2ncias est\u00e3o distribu\u00eddas em todo o vegetal.<\/p>\n\n\n\n<p><strong>Como coletar <\/strong><\/p>\n\n\n\n<p>A ocorr\u00eancia das plantas pode ser dividida como: (1) <em>Plantas nativas<\/em>: s\u00e3o aquelas pr\u00f3prias do local e que s\u00e3o usadas tradicionalmente pelas popula\u00e7\u00f5es locais. O Brasil conta com milhares de plantas medicinais nativas mas, infelizmente, elas s\u00e3o muito pouco conhecidas e usadas. Entre as mais conhecidas est\u00e3o o barbatim\u00e3o, copa\u00edba, carapi\u00e1, espinheira-santa, guaco e o guaran\u00e1. (2) <em>Plantas ex\u00f3ticas<\/em>: S\u00e3o aquelas nativas de outros continentes, mas que foram aqui introduzidas ao longo da hist\u00f3ria. A maior parte das planta usadas para &#8220;ch\u00e1&#8221;, e cultivadas nas hortas e jardins, s\u00e3o esp\u00e9cies ex\u00f3ticas. Exemplos s\u00e3o o alfavaca (<em>Ocimum<\/em> sp.), babosa (<em>Aloe vera<\/em> e <em>Aloe barbadensis<\/em>), capim-santo (<em>Cymbopogon citratus<\/em>), funcho (<em>Foeniculum vulgare<\/em>), gengibre (<em>Zingiber officinale<\/em>), hortel\u00e3s (<em>Mentha <\/em>spp.) e salvia (<em>Salvia officinalis<\/em>). (3) <em>Plantas ruderais<\/em>: s\u00e3o esp\u00e9cies cosmopolitas, nativas (quebra-pedra &#8211; <em>Phyllanthus niruri<\/em> ou pic\u00e3o &#8211; <em>Bidens pilosa<\/em>) ou ex\u00f3ticas (tanchagem (<em>Plantago<\/em> sp. ou dente-de-le\u00e3o &#8211; <em>Taraxacum officinale<\/em>). Elas crescem espontaneamente em locais urbanizados como lotes, cal\u00e7adas ou beira de estradas. \u00c9 preciso muito cuidado para se coletar essas plantas pois, dependendo do local onde ocorrem, est\u00e3o certamente contaminadas. (4) <em>Plantas importadas<\/em>: s\u00e3o esp\u00e9cies que n\u00e3o ocorrem no Brasil e precisam ser adquiridas no com\u00e9rcio. Exemplos s\u00e3o a Erva de S\u00e3o Jo\u00e3o (<em>Hypericum perforatum<\/em>), Ginkgo (<em>Ginkgo biloba<\/em>) e o boldo-do-Chile (<em>Peumus boldus<\/em>)(veja o link &#8220;Banco de amostras de drogas vegetais).<\/p>\n\n\n\n<p class=\"has-text-align-center\">Ap\u00f3s a coleta a planta deve ser desidratada, para inibir o crescimento de fungos e degrada\u00e7\u00e3o das subst\u00e2ncias ativas. A desidrata\u00e7\u00e3o deve ser feita \u00e0 sombra, em local limpo e ventilado. <\/p>\n\n\n\n<p><strong>Como usar<\/strong> <\/p>\n\n\n\n<p>A forma de prepara\u00e7\u00e3o do rem\u00e9dio depende do tipo de subst\u00e2ncias ativas que a planta cont\u00e9m. No caso dos ch\u00e1s medicinais, se for uma planta arom\u00e1tica, deve-se preparar a <em>infus\u00e3o<\/em>, pois as subst\u00e2ncias se perdem facilmente com o calor. Exemplos s\u00e3o as folhas do hortel\u00e3, folhas do capim santo, raiz de gengibre e cascas de canela. No caso de subst\u00e2ncias mais est\u00e1veis (taninos, saponinas, polifen\u00f3is, flavonoides, entre outras) a <em>decoc\u00e7\u00e3o<\/em> \u00e9 o preparo mais indicado. Cascas de rom\u00e3, folhas de espinheira-santa ou do boldo-do-Chile devem ser preparadas por decoc\u00e7\u00e3o. Para as plantas que cont\u00e9m subst\u00e2ncias qu\u00edmicas muito inst\u00e1veis (polisacar\u00eddeos\/ mucilagens da transagem), o melhor preparo \u00e9 por <em>macera\u00e7\u00e3o a frio<\/em>.<\/p>\n\n\n\n<p class=\"has-text-align-center\"><strong>Lembre-se: as subst\u00e2ncias qu\u00edmicas presentes nas plantas s\u00e3o as respons\u00e1veis por suas a\u00e7\u00f5es, ou seja, s\u00e3o os verdadeiros medicamentos. Por isto, \u00e9 muito importante usar uma mat\u00e9ria-prima de qualidade (a planta) e preparar o rem\u00e9dio adequadamente, evitando a perda destas subst\u00e2ncias qu\u00edmicas ativas. <\/strong><\/p>\n","protected":false},"excerpt":{"rendered":"<p>O que s\u00e3o <em>Plantas medicinais<\/em> s\u00e3o aquelas usadas na prepara\u00e7\u00e3o de rem\u00e9dios. Milhares de esp\u00e9cies vegetais s\u00e3o usadas em todo o mundo na prepara\u00e7\u00e3o dos rem\u00e9dios caseiros. Esses usos v\u00eam do conhecimento popular ou tradicional de cada pa\u00eds. Conhecimento popular \u00e9 aquele mais difundido entre as pessoas, como as folhas de ch\u00e1 cultivadas nas hortas. [&#8230;]<\/p>\n","protected":false},"author":5,"featured_media":0,"parent":0,"menu_order":2,"comment_status":"closed","ping_status":"closed","template":"","meta":{"_acf_changed":false,"_exactmetrics_skip_tracking":false,"_exactmetrics_sitenote_active":false,"_exactmetrics_sitenote_note":"","_exactmetrics_sitenote_category":0,"footnotes":""},"class_list":["post-2485","page","type-page","status-publish","hentry"],"acf":[],"_links":{"self":[{"href":"https:\/\/www.ufmg.br\/mhnjb\/ceplamt\/wp-json\/wp\/v2\/pages\/2485","targetHints":{"allow":["GET"]}}],"collection":[{"href":"https:\/\/www.ufmg.br\/mhnjb\/ceplamt\/wp-json\/wp\/v2\/pages"}],"about":[{"href":"https:\/\/www.ufmg.br\/mhnjb\/ceplamt\/wp-json\/wp\/v2\/types\/page"}],"author":[{"embeddable":true,"href":"https:\/\/www.ufmg.br\/mhnjb\/ceplamt\/wp-json\/wp\/v2\/users\/5"}],"replies":[{"embeddable":true,"href":"https:\/\/www.ufmg.br\/mhnjb\/ceplamt\/wp-json\/wp\/v2\/comments?post=2485"}],"version-history":[{"count":12,"href":"https:\/\/www.ufmg.br\/mhnjb\/ceplamt\/wp-json\/wp\/v2\/pages\/2485\/revisions"}],"predecessor-version":[{"id":3798,"href":"https:\/\/www.ufmg.br\/mhnjb\/ceplamt\/wp-json\/wp\/v2\/pages\/2485\/revisions\/3798"}],"wp:attachment":[{"href":"https:\/\/www.ufmg.br\/mhnjb\/ceplamt\/wp-json\/wp\/v2\/media?parent=2485"}],"curies":[{"name":"wp","href":"https:\/\/api.w.org\/{rel}","templated":true}]}}