
{"id":256,"date":"2014-04-14T22:25:30","date_gmt":"2014-04-15T01:25:30","guid":{"rendered":"http:\/\/www.ceplamt.org.br\/?page_id=256"},"modified":"2021-09-08T10:36:12","modified_gmt":"2021-09-08T13:36:12","slug":"procura-se","status":"publish","type":"page","link":"https:\/\/www.ufmg.br\/mhnjb\/ceplamt\/procura-se\/","title":{"rendered":"Procura-se (em reformula\u00e7\u00e3o)"},"content":{"rendered":"\n<p>As imagens mostram a monografia da tinguaciba na Farmacopeia Brasileira 1\u00aa Edi\u00e7\u00e3o, publicada em 1926. A presen\u00e7a dela nesta publica\u00e7\u00e3o oficial confirma o quanto esta planta j\u00e1 foi importante como medicinal no Brasil. Aqui est\u00e1 tamb\u00e9m a imagem de uma exsicata da planta coletada no s\u00e9culo 19 em Minas Gerais. Tinguaciba \u00e9 um nome ind\u00edgena, indicando que se trata de uma esp\u00e9cie Amer\u00edndia, ou seja, foi usada h\u00e1 mil\u00eanios pelos povos nativos que habitavam o Brasil no passado. Voc\u00ea conhece alguma planta chamada tinguaciba? Ajude-nos a localizar esta importante planta medicinal nativa do Brasil.<\/p>\n\n\n\n<figure class=\"wp-block-image\"><a href=\"http:\/\/www.ceplamt.org.br\/wp-content\/uploads\/2014\/04\/planta.jpg\"><img loading=\"lazy\" decoding=\"async\" width=\"1496\" height=\"992\" src=\"http:\/\/www.ceplamt.org.br\/wp-content\/uploads\/2014\/04\/planta.jpg\" alt=\"planta\" class=\"wp-image-257\" srcset=\"https:\/\/www.ufmg.br\/mhnjb\/ceplamt\/wp-content\/uploads\/2014\/04\/planta.jpg 1496w, https:\/\/www.ufmg.br\/mhnjb\/ceplamt\/wp-content\/uploads\/2014\/04\/planta-300x198.jpg 300w, https:\/\/www.ufmg.br\/mhnjb\/ceplamt\/wp-content\/uploads\/2014\/04\/planta-1024x679.jpg 1024w, https:\/\/www.ufmg.br\/mhnjb\/ceplamt\/wp-content\/uploads\/2014\/04\/planta-183x121.jpg 183w\" sizes=\"auto, (max-width: 1496px) 100vw, 1496px\" \/><\/a><\/figure>\n","protected":false},"excerpt":{"rendered":"<p>As imagens mostram a monografia da tinguaciba na Farmacopeia Brasileira 1\u00aa Edi\u00e7\u00e3o, publicada em 1926. A presen\u00e7a dela nesta publica\u00e7\u00e3o oficial confirma o quanto esta planta j\u00e1 foi importante como medicinal no Brasil. Aqui est\u00e1 tamb\u00e9m a imagem de uma exsicata da planta coletada no s\u00e9culo 19 em Minas Gerais. Tinguaciba \u00e9 um nome ind\u00edgena, [&#8230;]<\/p>\n","protected":false},"author":5,"featured_media":0,"parent":0,"menu_order":12,"comment_status":"open","ping_status":"open","template":"","meta":{"_acf_changed":false,"_exactmetrics_skip_tracking":false,"_exactmetrics_sitenote_active":false,"_exactmetrics_sitenote_note":"","_exactmetrics_sitenote_category":0,"footnotes":""},"class_list":["post-256","page","type-page","status-publish","hentry"],"acf":[],"_links":{"self":[{"href":"https:\/\/www.ufmg.br\/mhnjb\/ceplamt\/wp-json\/wp\/v2\/pages\/256","targetHints":{"allow":["GET"]}}],"collection":[{"href":"https:\/\/www.ufmg.br\/mhnjb\/ceplamt\/wp-json\/wp\/v2\/pages"}],"about":[{"href":"https:\/\/www.ufmg.br\/mhnjb\/ceplamt\/wp-json\/wp\/v2\/types\/page"}],"author":[{"embeddable":true,"href":"https:\/\/www.ufmg.br\/mhnjb\/ceplamt\/wp-json\/wp\/v2\/users\/5"}],"replies":[{"embeddable":true,"href":"https:\/\/www.ufmg.br\/mhnjb\/ceplamt\/wp-json\/wp\/v2\/comments?post=256"}],"version-history":[{"count":6,"href":"https:\/\/www.ufmg.br\/mhnjb\/ceplamt\/wp-json\/wp\/v2\/pages\/256\/revisions"}],"predecessor-version":[{"id":3665,"href":"https:\/\/www.ufmg.br\/mhnjb\/ceplamt\/wp-json\/wp\/v2\/pages\/256\/revisions\/3665"}],"wp:attachment":[{"href":"https:\/\/www.ufmg.br\/mhnjb\/ceplamt\/wp-json\/wp\/v2\/media?parent=256"}],"curies":[{"name":"wp","href":"https:\/\/api.w.org\/{rel}","templated":true}]}}