
{"id":3032,"date":"2019-05-06T11:48:58","date_gmt":"2019-05-06T14:48:58","guid":{"rendered":"http:\/\/www.ceplamt.org.br\/?page_id=3032"},"modified":"2019-05-06T11:57:56","modified_gmt":"2019-05-06T14:57:56","slug":"tanino","status":"publish","type":"page","link":"https:\/\/www.ufmg.br\/mhnjb\/ceplamt\/plantas-medicinais-na-escola\/tanino\/","title":{"rendered":"TANINOS"},"content":{"rendered":"\n<p><strong> DEFINI\u00c7\u00c3O <\/strong><\/p>\n\n\n\n<p>Os taninos s\u00e3o subst\u00e2ncias capazes de combinar com as prote\u00ednas, formando precipitado. Os resultados desse processo sobre os tecidos e as mucosas \u00e9 a sensa\u00e7\u00e3o de adstring\u00eancia. Essas subst\u00e2ncias s\u00e3o muito frequentes nos frutos verdes e elas s\u00e3o respons\u00e1veis pela sensa\u00e7\u00e3o de \u201caperto\u201d na boca. <\/p>\n\n\n\n<div class=\"wp-block-image\"><figure class=\"aligncenter\"><img loading=\"lazy\" decoding=\"async\" width=\"483\" height=\"270\" src=\"http:\/\/www.ceplamt.org.br\/wp-content\/uploads\/2019\/05\/tanino.png\" alt=\"\" class=\"wp-image-3033\" srcset=\"https:\/\/www.ufmg.br\/mhnjb\/ceplamt\/wp-content\/uploads\/2019\/05\/tanino.png 483w, https:\/\/www.ufmg.br\/mhnjb\/ceplamt\/wp-content\/uploads\/2019\/05\/tanino-300x168.png 300w, https:\/\/www.ufmg.br\/mhnjb\/ceplamt\/wp-content\/uploads\/2019\/05\/tanino-183x102.png 183w\" sizes=\"auto, (max-width: 483px) 100vw, 483px\" \/><\/figure><\/div>\n\n\n\n<p><strong>IDENTIFICA\u00c7\u00c3O DE TANINOS<\/strong><\/p>\n\n\n\n<p> <strong>TESTE DE IDENTIFICA\u00c7\u00c3O <\/strong><\/p>\n\n\n\n<p>Precipita\u00e7\u00e3o de prote\u00ednas pelos taninos <\/p>\n\n\n\n<p><strong>1. MATERIAIS PARA A EXPERI\u00caNCIA <\/strong><\/p>\n\n\n\n<p><strong>1.1. PLANTAS: <\/strong><\/p>\n\n\n\n<ul class=\"wp-block-list\"><li>Folhas secas de goiabeira; <\/li><li>Cascas secas dos frutos do rom\u00e3; <\/li><li>Cascas secas de barbatim\u00e3o.  <\/li><\/ul>\n\n\n\n<ul class=\"wp-block-gallery columns-3 is-cropped wp-block-gallery-1 is-layout-flex wp-block-gallery-is-layout-flex\"><li class=\"blocks-gallery-item\"><figure><img loading=\"lazy\" decoding=\"async\" width=\"448\" height=\"301\" src=\"http:\/\/www.ceplamt.org.br\/wp-content\/uploads\/2016\/05\/DSC_0129-barbatim\u00e3o-web.jpg\" alt=\"\" data-id=\"2878\" data-link=\"http:\/\/www.ceplamt.org.br\/bancodeamostras\/barbatimao\/dsc_0129-barbatimao-web\/\" class=\"wp-image-2878\" srcset=\"https:\/\/www.ufmg.br\/mhnjb\/ceplamt\/wp-content\/uploads\/2016\/05\/DSC_0129-barbatim\u00e3o-web.jpg 448w, https:\/\/www.ufmg.br\/mhnjb\/ceplamt\/wp-content\/uploads\/2016\/05\/DSC_0129-barbatim\u00e3o-web-300x202.jpg 300w, https:\/\/www.ufmg.br\/mhnjb\/ceplamt\/wp-content\/uploads\/2016\/05\/DSC_0129-barbatim\u00e3o-web-183x123.jpg 183w\" sizes=\"auto, (max-width: 448px) 100vw, 448px\" \/><figcaption>Barbatim\u00e3o (cascas secas)<\/figcaption><\/figure><\/li><li class=\"blocks-gallery-item\"><figure><img loading=\"lazy\" decoding=\"async\" width=\"448\" height=\"301\" src=\"http:\/\/www.ceplamt.org.br\/wp-content\/uploads\/2016\/06\/DSC_0087-casca-de-roma-web.jpg\" alt=\"\" data-id=\"2876\" data-link=\"http:\/\/www.ceplamt.org.br\/bancodeamostras\/roma\/dsc_0087-casca-de-roma-web\/\" class=\"wp-image-2876\" srcset=\"https:\/\/www.ufmg.br\/mhnjb\/ceplamt\/wp-content\/uploads\/2016\/06\/DSC_0087-casca-de-roma-web.jpg 448w, https:\/\/www.ufmg.br\/mhnjb\/ceplamt\/wp-content\/uploads\/2016\/06\/DSC_0087-casca-de-roma-web-300x202.jpg 300w, https:\/\/www.ufmg.br\/mhnjb\/ceplamt\/wp-content\/uploads\/2016\/06\/DSC_0087-casca-de-roma-web-183x123.jpg 183w\" sizes=\"auto, (max-width: 448px) 100vw, 448px\" \/><figcaption>Rom\u00e3 (cascas secas)<\/figcaption><\/figure><\/li><li class=\"blocks-gallery-item\"><figure><img loading=\"lazy\" decoding=\"async\" width=\"448\" height=\"301\" src=\"http:\/\/www.ceplamt.org.br\/wp-content\/uploads\/2016\/06\/DSC_0127-folha-goiabeira-web.jpg\" alt=\"\" data-id=\"2877\" data-link=\"http:\/\/www.ceplamt.org.br\/bancodeamostras\/goiabeira\/dsc_0127-folha-goiabeira-web\/\" class=\"wp-image-2877\" srcset=\"https:\/\/www.ufmg.br\/mhnjb\/ceplamt\/wp-content\/uploads\/2016\/06\/DSC_0127-folha-goiabeira-web.jpg 448w, https:\/\/www.ufmg.br\/mhnjb\/ceplamt\/wp-content\/uploads\/2016\/06\/DSC_0127-folha-goiabeira-web-300x202.jpg 300w, https:\/\/www.ufmg.br\/mhnjb\/ceplamt\/wp-content\/uploads\/2016\/06\/DSC_0127-folha-goiabeira-web-183x123.jpg 183w\" sizes=\"auto, (max-width: 448px) 100vw, 448px\" \/><figcaption>Folhas secas de Goiabeira<\/figcaption><\/figure><\/li><\/ul>\n\n\n\n<p><strong>1.2. REAGENTES: <\/strong><\/p>\n\n\n\n<ul class=\"wp-block-list\"><li>Solu\u00e7\u00e3o de cloreto de s\u00f3dio (sal de cozinha) a 10%: prepare dissolvendo uma colher de ch\u00e1 em meio copo de \u00e1gua filtrada. <\/li><li>Uma folha de gelatina incolor. <\/li><\/ul>\n\n\n\n<p><strong>1.3. OUTROS MATERIAIS:<\/strong><\/p>\n\n\n\n<ul class=\"wp-block-list\"><li>Tubos de ensaio;<\/li><li>B\u00e9queres.  <\/li><\/ul>\n\n\n\n<p><strong>2. PROCEDIMENTOS<\/strong> <\/p>\n\n\n\n<p>1. Prepare a solu\u00e7\u00e3o de gelatina misturando uma folha em meio copo de solu\u00e7\u00e3o de sal de cozinha. <\/p>\n\n\n\n<p>2. Prepare o ch\u00e1 por decoc\u00e7\u00e3o, fervendo uma x\u00edcara de planta picada com um copo de \u00e1gua filtrada. <\/p>\n\n\n\n<p>3. Esfrie o ch\u00e1, coe-o e coloque-o em um tubo de ensaio pela metade. Em seguida, acrescente a solu\u00e7\u00e3o de gelatina e observe.  <\/p>\n\n\n\n<div class=\"wp-block-image\"><figure class=\"aligncenter\"><img loading=\"lazy\" decoding=\"async\" width=\"556\" height=\"258\" src=\"http:\/\/www.ceplamt.org.br\/wp-content\/uploads\/2019\/05\/jjghh.png\" alt=\"\" class=\"wp-image-3040\" srcset=\"https:\/\/www.ufmg.br\/mhnjb\/ceplamt\/wp-content\/uploads\/2019\/05\/jjghh.png 556w, https:\/\/www.ufmg.br\/mhnjb\/ceplamt\/wp-content\/uploads\/2019\/05\/jjghh-300x139.png 300w, https:\/\/www.ufmg.br\/mhnjb\/ceplamt\/wp-content\/uploads\/2019\/05\/jjghh-183x85.png 183w\" sizes=\"auto, (max-width: 556px) 100vw, 556px\" \/><figcaption>a)  Adi\u00e7\u00e3o do ch\u00e1 ao tubo ; b) Adi\u00e7\u00e3o de gelatina.<\/figcaption><\/figure><\/div>\n\n\n\n<p><strong>3. RESULTADOS E DISCUSS\u00c3O<\/strong><\/p>\n\n\n\n<p>Quando em contato com a gelatina, o ch\u00e1, rico em taninos, forma um precipitado. Isso aconteceu porque os taninos s\u00e3o subst\u00e2ncias capazes de precipitar prote\u00ednas, que \u00e9 o principal constituinte da gelatina. Esse \u00e9 o mesmo mecanismo de a\u00e7\u00e3o das plantas quando usadas como cicatrizante: os taninos precipitam as prote\u00ednas da pele e das mucosas, promovendo adstring\u00eancia. <\/p>\n\n\n\n<div class=\"wp-block-image\"><figure class=\"aligncenter\"><img loading=\"lazy\" decoding=\"async\" width=\"174\" height=\"250\" src=\"http:\/\/www.ceplamt.org.br\/wp-content\/uploads\/2019\/05\/fgjh.png\" alt=\"\" class=\"wp-image-3041\" srcset=\"https:\/\/www.ufmg.br\/mhnjb\/ceplamt\/wp-content\/uploads\/2019\/05\/fgjh.png 174w, https:\/\/www.ufmg.br\/mhnjb\/ceplamt\/wp-content\/uploads\/2019\/05\/fgjh-127x183.png 127w\" sizes=\"auto, (max-width: 174px) 100vw, 174px\" \/><figcaption> Forma\u00e7\u00e3o de precipitado <\/figcaption><\/figure><\/div>\n","protected":false},"excerpt":{"rendered":"<p>DEFINI\u00c7\u00c3O Os taninos s\u00e3o subst\u00e2ncias capazes de combinar com as prote\u00ednas, formando precipitado. Os resultados desse processo sobre os tecidos e as mucosas \u00e9 a sensa\u00e7\u00e3o de adstring\u00eancia. Essas subst\u00e2ncias s\u00e3o muito frequentes nos frutos verdes e elas s\u00e3o respons\u00e1veis pela sensa\u00e7\u00e3o de \u201caperto\u201d na boca. IDENTIFICA\u00c7\u00c3O DE TANINOS TESTE DE IDENTIFICA\u00c7\u00c3O Precipita\u00e7\u00e3o de prote\u00ednas [&#8230;]<\/p>\n","protected":false},"author":5,"featured_media":0,"parent":2909,"menu_order":0,"comment_status":"closed","ping_status":"closed","template":"","meta":{"_acf_changed":false,"_exactmetrics_skip_tracking":false,"_exactmetrics_sitenote_active":false,"_exactmetrics_sitenote_note":"","_exactmetrics_sitenote_category":0,"footnotes":""},"class_list":["post-3032","page","type-page","status-publish","hentry"],"acf":[],"_links":{"self":[{"href":"https:\/\/www.ufmg.br\/mhnjb\/ceplamt\/wp-json\/wp\/v2\/pages\/3032","targetHints":{"allow":["GET"]}}],"collection":[{"href":"https:\/\/www.ufmg.br\/mhnjb\/ceplamt\/wp-json\/wp\/v2\/pages"}],"about":[{"href":"https:\/\/www.ufmg.br\/mhnjb\/ceplamt\/wp-json\/wp\/v2\/types\/page"}],"author":[{"embeddable":true,"href":"https:\/\/www.ufmg.br\/mhnjb\/ceplamt\/wp-json\/wp\/v2\/users\/5"}],"replies":[{"embeddable":true,"href":"https:\/\/www.ufmg.br\/mhnjb\/ceplamt\/wp-json\/wp\/v2\/comments?post=3032"}],"version-history":[{"count":5,"href":"https:\/\/www.ufmg.br\/mhnjb\/ceplamt\/wp-json\/wp\/v2\/pages\/3032\/revisions"}],"predecessor-version":[{"id":3043,"href":"https:\/\/www.ufmg.br\/mhnjb\/ceplamt\/wp-json\/wp\/v2\/pages\/3032\/revisions\/3043"}],"up":[{"embeddable":true,"href":"https:\/\/www.ufmg.br\/mhnjb\/ceplamt\/wp-json\/wp\/v2\/pages\/2909"}],"wp:attachment":[{"href":"https:\/\/www.ufmg.br\/mhnjb\/ceplamt\/wp-json\/wp\/v2\/media?parent=3032"}],"curies":[{"name":"wp","href":"https:\/\/api.w.org\/{rel}","templated":true}]}}