
{"id":3326,"date":"2019-06-04T14:41:22","date_gmt":"2019-06-04T17:41:22","guid":{"rendered":"http:\/\/www.ceplamt.org.br\/?page_id=3326"},"modified":"2020-09-22T19:15:43","modified_gmt":"2020-09-22T22:15:43","slug":"quem-somos","status":"publish","type":"page","link":"https:\/\/www.ufmg.br\/mhnjb\/ceplamt\/quem-somos\/","title":{"rendered":"Quem somos"},"content":{"rendered":"\n<p style=\"text-align:center\"> O Ceplamt \u00e9 constitu\u00eddo, desde a sua cria\u00e7\u00e3o, por professores e t\u00e9cnico-administrativos da UFMG e estudantes de diferentes Faculdades e Universidades. Docentes de outras Institui\u00e7\u00f5es Federais de Ensino tamb\u00e9m colaboram nas mais diversas atividades.   <\/p>\n\n\n\n<figure class=\"wp-block-image\"><img loading=\"lazy\" decoding=\"async\" width=\"768\" height=\"1024\" src=\"http:\/\/www.ceplamt.org.br\/wp-content\/uploads\/2019\/06\/43B374CC-1DAE-4C24-B8DE-66939BA8AD1B-1-e1561565007527-768x1024.jpeg\" alt=\"\" class=\"wp-image-3345\" srcset=\"https:\/\/www.ufmg.br\/mhnjb\/ceplamt\/wp-content\/uploads\/2019\/06\/43B374CC-1DAE-4C24-B8DE-66939BA8AD1B-1-e1561565007527-768x1024.jpeg 768w, https:\/\/www.ufmg.br\/mhnjb\/ceplamt\/wp-content\/uploads\/2019\/06\/43B374CC-1DAE-4C24-B8DE-66939BA8AD1B-1-e1561565007527-225x300.jpeg 225w, https:\/\/www.ufmg.br\/mhnjb\/ceplamt\/wp-content\/uploads\/2019\/06\/43B374CC-1DAE-4C24-B8DE-66939BA8AD1B-1-e1561565007527-137x183.jpeg 137w\" sizes=\"auto, (max-width: 768px) 100vw, 768px\" \/><\/figure>\n\n\n\n<figure class=\"wp-block-image\"><img loading=\"lazy\" decoding=\"async\" width=\"1024\" height=\"768\" src=\"http:\/\/www.ceplamt.org.br\/wp-content\/uploads\/2019\/06\/WP_001183-1024x768.jpg\" alt=\"\" class=\"wp-image-3354\" srcset=\"https:\/\/www.ufmg.br\/mhnjb\/ceplamt\/wp-content\/uploads\/2019\/06\/WP_001183-1024x768.jpg 1024w, https:\/\/www.ufmg.br\/mhnjb\/ceplamt\/wp-content\/uploads\/2019\/06\/WP_001183-300x225.jpg 300w, https:\/\/www.ufmg.br\/mhnjb\/ceplamt\/wp-content\/uploads\/2019\/06\/WP_001183-768x576.jpg 768w, https:\/\/www.ufmg.br\/mhnjb\/ceplamt\/wp-content\/uploads\/2019\/06\/WP_001183-183x137.jpg 183w, https:\/\/www.ufmg.br\/mhnjb\/ceplamt\/wp-content\/uploads\/2019\/06\/WP_001183-320x240.jpg 320w, https:\/\/www.ufmg.br\/mhnjb\/ceplamt\/wp-content\/uploads\/2019\/06\/WP_001183.jpg 1630w\" sizes=\"auto, (max-width: 1024px) 100vw, 1024px\" \/><\/figure>\n\n\n\n<figure class=\"wp-block-image\"><img loading=\"lazy\" decoding=\"async\" width=\"1024\" height=\"554\" src=\"http:\/\/www.ceplamt.org.br\/wp-content\/uploads\/2019\/06\/IMG_1196-1024x554.jpg\" alt=\"\" class=\"wp-image-3356\" srcset=\"https:\/\/www.ufmg.br\/mhnjb\/ceplamt\/wp-content\/uploads\/2019\/06\/IMG_1196-1024x554.jpg 1024w, https:\/\/www.ufmg.br\/mhnjb\/ceplamt\/wp-content\/uploads\/2019\/06\/IMG_1196-300x162.jpg 300w, https:\/\/www.ufmg.br\/mhnjb\/ceplamt\/wp-content\/uploads\/2019\/06\/IMG_1196-768x416.jpg 768w, https:\/\/www.ufmg.br\/mhnjb\/ceplamt\/wp-content\/uploads\/2019\/06\/IMG_1196-183x99.jpg 183w\" sizes=\"auto, (max-width: 1024px) 100vw, 1024px\" \/><\/figure>\n\n\n\n<figure class=\"wp-block-image\"><img loading=\"lazy\" decoding=\"async\" width=\"1024\" height=\"614\" src=\"http:\/\/www.ceplamt.org.br\/wp-content\/uploads\/2019\/06\/20160917_161249-1024x614.jpg\" alt=\"\" class=\"wp-image-3358\" srcset=\"https:\/\/www.ufmg.br\/mhnjb\/ceplamt\/wp-content\/uploads\/2019\/06\/20160917_161249-1024x614.jpg 1024w, https:\/\/www.ufmg.br\/mhnjb\/ceplamt\/wp-content\/uploads\/2019\/06\/20160917_161249-300x180.jpg 300w, https:\/\/www.ufmg.br\/mhnjb\/ceplamt\/wp-content\/uploads\/2019\/06\/20160917_161249-768x461.jpg 768w, https:\/\/www.ufmg.br\/mhnjb\/ceplamt\/wp-content\/uploads\/2019\/06\/20160917_161249-183x110.jpg 183w\" sizes=\"auto, (max-width: 1024px) 100vw, 1024px\" \/><\/figure>\n\n\n\n<figure class=\"wp-block-image\"><img loading=\"lazy\" decoding=\"async\" width=\"1024\" height=\"768\" src=\"http:\/\/www.ceplamt.org.br\/wp-content\/uploads\/2019\/06\/DSC02410-1024x768.jpg\" alt=\"\" class=\"wp-image-3359\" srcset=\"https:\/\/www.ufmg.br\/mhnjb\/ceplamt\/wp-content\/uploads\/2019\/06\/DSC02410-1024x768.jpg 1024w, https:\/\/www.ufmg.br\/mhnjb\/ceplamt\/wp-content\/uploads\/2019\/06\/DSC02410-300x225.jpg 300w, https:\/\/www.ufmg.br\/mhnjb\/ceplamt\/wp-content\/uploads\/2019\/06\/DSC02410-768x576.jpg 768w, https:\/\/www.ufmg.br\/mhnjb\/ceplamt\/wp-content\/uploads\/2019\/06\/DSC02410-183x137.jpg 183w, https:\/\/www.ufmg.br\/mhnjb\/ceplamt\/wp-content\/uploads\/2019\/06\/DSC02410-320x240.jpg 320w\" sizes=\"auto, (max-width: 1024px) 100vw, 1024px\" \/><\/figure>\n\n\n\n<figure class=\"wp-block-image\"><img loading=\"lazy\" decoding=\"async\" width=\"1024\" height=\"768\" src=\"http:\/\/www.ceplamt.org.br\/wp-content\/uploads\/2019\/06\/DSC07206-1024x768.jpg\" alt=\"\" class=\"wp-image-3362\" srcset=\"https:\/\/www.ufmg.br\/mhnjb\/ceplamt\/wp-content\/uploads\/2019\/06\/DSC07206-1024x768.jpg 1024w, https:\/\/www.ufmg.br\/mhnjb\/ceplamt\/wp-content\/uploads\/2019\/06\/DSC07206-300x225.jpg 300w, https:\/\/www.ufmg.br\/mhnjb\/ceplamt\/wp-content\/uploads\/2019\/06\/DSC07206-768x576.jpg 768w, https:\/\/www.ufmg.br\/mhnjb\/ceplamt\/wp-content\/uploads\/2019\/06\/DSC07206-183x137.jpg 183w, https:\/\/www.ufmg.br\/mhnjb\/ceplamt\/wp-content\/uploads\/2019\/06\/DSC07206-320x240.jpg 320w\" sizes=\"auto, (max-width: 1024px) 100vw, 1024px\" \/><\/figure>\n\n\n\n<figure class=\"wp-block-image\"><img loading=\"lazy\" decoding=\"async\" width=\"1024\" height=\"687\" src=\"http:\/\/www.ceplamt.org.br\/wp-content\/uploads\/2019\/06\/DSC_0117-1024x687.jpg\" alt=\"\" class=\"wp-image-3364\" srcset=\"https:\/\/www.ufmg.br\/mhnjb\/ceplamt\/wp-content\/uploads\/2019\/06\/DSC_0117-1024x687.jpg 1024w, https:\/\/www.ufmg.br\/mhnjb\/ceplamt\/wp-content\/uploads\/2019\/06\/DSC_0117-300x201.jpg 300w, https:\/\/www.ufmg.br\/mhnjb\/ceplamt\/wp-content\/uploads\/2019\/06\/DSC_0117-768x516.jpg 768w, https:\/\/www.ufmg.br\/mhnjb\/ceplamt\/wp-content\/uploads\/2019\/06\/DSC_0117-183x123.jpg 183w\" sizes=\"auto, (max-width: 1024px) 100vw, 1024px\" \/><\/figure>\n","protected":false},"excerpt":{"rendered":"<p>O Ceplamt \u00e9 constitu\u00eddo, desde a sua cria\u00e7\u00e3o, por professores e t\u00e9cnico-administrativos da UFMG e estudantes de diferentes Faculdades e Universidades. Docentes de outras Institui\u00e7\u00f5es Federais de Ensino tamb\u00e9m colaboram nas mais diversas atividades.<\/p>\n","protected":false},"author":5,"featured_media":0,"parent":0,"menu_order":15,"comment_status":"closed","ping_status":"closed","template":"","meta":{"_acf_changed":false,"_exactmetrics_skip_tracking":false,"_exactmetrics_sitenote_active":false,"_exactmetrics_sitenote_note":"","_exactmetrics_sitenote_category":0,"footnotes":""},"class_list":["post-3326","page","type-page","status-publish","hentry"],"acf":[],"_links":{"self":[{"href":"https:\/\/www.ufmg.br\/mhnjb\/ceplamt\/wp-json\/wp\/v2\/pages\/3326","targetHints":{"allow":["GET"]}}],"collection":[{"href":"https:\/\/www.ufmg.br\/mhnjb\/ceplamt\/wp-json\/wp\/v2\/pages"}],"about":[{"href":"https:\/\/www.ufmg.br\/mhnjb\/ceplamt\/wp-json\/wp\/v2\/types\/page"}],"author":[{"embeddable":true,"href":"https:\/\/www.ufmg.br\/mhnjb\/ceplamt\/wp-json\/wp\/v2\/users\/5"}],"replies":[{"embeddable":true,"href":"https:\/\/www.ufmg.br\/mhnjb\/ceplamt\/wp-json\/wp\/v2\/comments?post=3326"}],"version-history":[{"count":8,"href":"https:\/\/www.ufmg.br\/mhnjb\/ceplamt\/wp-json\/wp\/v2\/pages\/3326\/revisions"}],"predecessor-version":[{"id":3365,"href":"https:\/\/www.ufmg.br\/mhnjb\/ceplamt\/wp-json\/wp\/v2\/pages\/3326\/revisions\/3365"}],"wp:attachment":[{"href":"https:\/\/www.ufmg.br\/mhnjb\/ceplamt\/wp-json\/wp\/v2\/media?parent=3326"}],"curies":[{"name":"wp","href":"https:\/\/api.w.org\/{rel}","templated":true}]}}