
{"id":3629,"date":"2020-09-22T19:16:05","date_gmt":"2020-09-22T22:16:05","guid":{"rendered":"http:\/\/www.ceplamt.org.br\/?page_id=3629"},"modified":"2022-04-08T16:45:43","modified_gmt":"2022-04-08T19:45:43","slug":"plant","status":"publish","type":"page","link":"https:\/\/www.ufmg.br\/mhnjb\/ceplamt\/plant\/","title":{"rendered":"PLANT"},"content":{"rendered":"\n\n\n<p class=\"has-text-align-center\">A listagem abaixo refere-se ao conte\u00fado integral da base de dados bibliogr\u00e1fica \u201cPLANT\u201d. O trabalho foi desenvolvido pela equipe da Biblioteca da Faculdade de Farm\u00e1cia da Universidade Federal de Minas Gerais (UFMG), entre os anos de 2000 e 2008. A lista cont\u00e9m (em 565 p\u00e1ginas) refer\u00eancias de 2480 artigos com resultados de pesquisas com plantas medicinais, publicadas em peri\u00f3dicos nacionais entre os anos de 1938 a 2002 (grande parte deles n\u00e3o indexados). Mais informa\u00e7\u00f5es em Manh\u00e3 e cols. Revista Brasileira de Farmacognosia 18(4): 614-617, 2008.<\/p>\n\n\n\n<p class=\"has-text-align-left\">Siglas:<br><br>AU: Autores<br>TI: T\u00edtulo<br>FO: Fonte (refer\u00eancia bibliogr\u00e1fica)<br>DC: Descritores (nomes das plantas e fam\u00edlias)<br>DG: palavras-chaves<\/p>\n\n\n\n<div class=\"wp-block-file aligncenter\"><a id=\"wp-block-file--media-5fdb0443-f6f5-4669-8d64-07218a3b85df\" href=\"https:\/\/www.ufmg.br\/mhnjb\/ceplamt\/wp-content\/uploads\/2020\/09\/PLANT.pdf\" target=\"_blank\" rel=\"noreferrer noopener\">PLANT.pdf<\/a><a href=\"https:\/\/www.ufmg.br\/mhnjb\/ceplamt\/wp-content\/uploads\/2020\/09\/PLANT.pdf\" class=\"wp-block-file__button\" download aria-describedby=\"wp-block-file--media-5fdb0443-f6f5-4669-8d64-07218a3b85df\">Baixar<\/a><\/div>\n","protected":false},"excerpt":{"rendered":"<p>A listagem abaixo refere-se ao conte\u00fado integral da base de dados bibliogr\u00e1fica \u201cPLANT\u201d. O trabalho foi desenvolvido pela equipe da Biblioteca da Faculdade de Farm\u00e1cia da Universidade Federal de Minas Gerais (UFMG), entre os anos de 2000 e 2008. A lista cont\u00e9m (em 565 p\u00e1ginas) refer\u00eancias de 2480 artigos com resultados de pesquisas com plantas [&#8230;]<\/p>\n","protected":false},"author":5,"featured_media":0,"parent":0,"menu_order":6,"comment_status":"closed","ping_status":"closed","template":"","meta":{"_acf_changed":false,"_exactmetrics_skip_tracking":false,"_exactmetrics_sitenote_active":false,"_exactmetrics_sitenote_note":"","_exactmetrics_sitenote_category":0,"footnotes":""},"class_list":["post-3629","page","type-page","status-publish","hentry"],"acf":[],"_links":{"self":[{"href":"https:\/\/www.ufmg.br\/mhnjb\/ceplamt\/wp-json\/wp\/v2\/pages\/3629","targetHints":{"allow":["GET"]}}],"collection":[{"href":"https:\/\/www.ufmg.br\/mhnjb\/ceplamt\/wp-json\/wp\/v2\/pages"}],"about":[{"href":"https:\/\/www.ufmg.br\/mhnjb\/ceplamt\/wp-json\/wp\/v2\/types\/page"}],"author":[{"embeddable":true,"href":"https:\/\/www.ufmg.br\/mhnjb\/ceplamt\/wp-json\/wp\/v2\/users\/5"}],"replies":[{"embeddable":true,"href":"https:\/\/www.ufmg.br\/mhnjb\/ceplamt\/wp-json\/wp\/v2\/comments?post=3629"}],"version-history":[{"count":7,"href":"https:\/\/www.ufmg.br\/mhnjb\/ceplamt\/wp-json\/wp\/v2\/pages\/3629\/revisions"}],"predecessor-version":[{"id":3691,"href":"https:\/\/www.ufmg.br\/mhnjb\/ceplamt\/wp-json\/wp\/v2\/pages\/3629\/revisions\/3691"}],"wp:attachment":[{"href":"https:\/\/www.ufmg.br\/mhnjb\/ceplamt\/wp-json\/wp\/v2\/media?parent=3629"}],"curies":[{"name":"wp","href":"https:\/\/api.w.org\/{rel}","templated":true}]}}