
{"id":3816,"date":"2025-08-27T11:38:59","date_gmt":"2025-08-27T14:38:59","guid":{"rendered":"https:\/\/www.ufmg.br\/mhnjb\/ceplamt\/?page_id=3816"},"modified":"2025-08-27T17:15:32","modified_gmt":"2025-08-27T20:15:32","slug":"referencias-uteis","status":"publish","type":"page","link":"https:\/\/www.ufmg.br\/mhnjb\/ceplamt\/referencias-uteis\/","title":{"rendered":"Refer\u00eancias \u00dateis (Em constru\u00e7\u00e3o)"},"content":{"rendered":"\n<div class=\"wp-block-media-text is-stacked-on-mobile\" style=\"grid-template-columns:22% auto\"><figure class=\"wp-block-media-text__media\"><a href=\"http:\/\/bibliotecadigital.anvisa.gov.br\/jspui\/handle\/anvisa\/11975\"><img loading=\"lazy\" decoding=\"async\" width=\"492\" height=\"731\" src=\"https:\/\/www.ufmg.br\/mhnjb\/ceplamt\/wp-content\/uploads\/2025\/08\/CAPA-FARMACOPEIA-1.jpg\" alt=\"\" class=\"wp-image-3817 size-full\" srcset=\"https:\/\/www.ufmg.br\/mhnjb\/ceplamt\/wp-content\/uploads\/2025\/08\/CAPA-FARMACOPEIA-1.jpg 492w, https:\/\/www.ufmg.br\/mhnjb\/ceplamt\/wp-content\/uploads\/2025\/08\/CAPA-FARMACOPEIA-1-202x300.jpg 202w, https:\/\/www.ufmg.br\/mhnjb\/ceplamt\/wp-content\/uploads\/2025\/08\/CAPA-FARMACOPEIA-1-123x183.jpg 123w\" sizes=\"auto, (max-width: 492px) 100vw, 492px\" \/><\/a><\/figure><div class=\"wp-block-media-text__content\">\n<div data-wp-interactive=\"core\/file\" class=\"wp-block-file\"><object data-wp-bind--hidden=\"!state.hasPdfPreview\" hidden class=\"wp-block-file__embed\" data=\"https:\/\/www.ufmg.br\/mhnjb\/ceplamt\/wp-content\/uploads\/2025\/08\/VOLUME-II-FB7-Plantas-medicinais-final-c-capa-4.pdf\" type=\"application\/pdf\" style=\"width:100%;height:600px\" aria-label=\"Incorporado de &lt;strong&gt;Farmacopeia Brasileira (7\u00b0 edi\u00e7\u00e3o) - 2024&lt;\/strong&gt; .\"><\/object><a id=\"wp-block-file--media-d03e0e28-b471-4407-91d7-a45853fb5618\" href=\"https:\/\/www.ufmg.br\/mhnjb\/ceplamt\/wp-content\/uploads\/2025\/08\/VOLUME-II-FB7-Plantas-medicinais-final-c-capa-4.pdf\"><strong>Farmacopeia Brasileira (7\u00b0 edi\u00e7\u00e3o) &#8211; 2024<\/strong> <\/a><a href=\"https:\/\/www.ufmg.br\/mhnjb\/ceplamt\/wp-content\/uploads\/2025\/08\/VOLUME-II-FB7-Plantas-medicinais-final-c-capa-4.pdf\" class=\"wp-block-file__button wp-element-button\" download aria-describedby=\"wp-block-file--media-d03e0e28-b471-4407-91d7-a45853fb5618\">Baixar<\/a><\/div>\n\n\n\n<p><span style=\"font-family: arial, helvetica, sans-serif; font-size: 10pt;\">83 monografias de Plantas Medicinais<\/span><\/p>\n<p><span style=\"font-family: arial, helvetica, sans-serif; font-size: 10pt;\">23 monografias de Tinturas<\/span><\/p>\n<p><span style=\"font-family: arial, helvetica, sans-serif; font-size: 10pt;\">19 monografias de Extrato fluido<\/span><\/p>\n<p><span style=\"font-family: arial, helvetica, sans-serif; font-size: 10pt;\">25 monografias de \u00d3leos, gorduras e ceras<\/span><\/p>\n<p><span style=\"font-family: arial, helvetica, sans-serif; font-size: 10pt;\">Fonte: ANVISA<\/span><\/p>\n<\/div><\/div>\n\n\n\n<div class=\"wp-block-media-text is-stacked-on-mobile\" style=\"grid-template-columns:22% auto\"><figure class=\"wp-block-media-text__media\"><a href=\"http:\/\/bibliotecadigital.anvisa.gov.br\/jspui\/handle\/anvisa\/12413\"><img loading=\"lazy\" decoding=\"async\" width=\"492\" height=\"700\" src=\"https:\/\/www.ufmg.br\/mhnjb\/ceplamt\/wp-content\/uploads\/2025\/08\/CAPA-FORMULARIO-1.jpg\" alt=\"\" class=\"wp-image-3821 size-full\" srcset=\"https:\/\/www.ufmg.br\/mhnjb\/ceplamt\/wp-content\/uploads\/2025\/08\/CAPA-FORMULARIO-1.jpg 492w, https:\/\/www.ufmg.br\/mhnjb\/ceplamt\/wp-content\/uploads\/2025\/08\/CAPA-FORMULARIO-1-211x300.jpg 211w, https:\/\/www.ufmg.br\/mhnjb\/ceplamt\/wp-content\/uploads\/2025\/08\/CAPA-FORMULARIO-1-129x183.jpg 129w\" sizes=\"auto, (max-width: 492px) 100vw, 492px\" \/><\/a><\/figure><div class=\"wp-block-media-text__content\">\n<div data-wp-interactive=\"core\/file\" class=\"wp-block-file\"><object data-wp-bind--hidden=\"!state.hasPdfPreview\" hidden class=\"wp-block-file__embed\" data=\"https:\/\/www.ufmg.br\/mhnjb\/ceplamt\/wp-content\/uploads\/2025\/08\/Formulario-de-Fitoterapicos-2a-edicao-versao-RDC-952-2a-Errata.pdf\" type=\"application\/pdf\" style=\"width:100%;height:600px\" aria-label=\"Incorporado de &lt;strong&gt;Formul\u00e1rio de Fitoter\u00e1picos da Farmacopeia Brasileira (2\u00b0 edi\u00e7\u00e3o) - 2021&lt;\/strong&gt;.\"><\/object><a id=\"wp-block-file--media-0a3ca05d-407d-42f7-b352-240fa49cd8e0\" href=\"https:\/\/www.ufmg.br\/mhnjb\/ceplamt\/wp-content\/uploads\/2025\/08\/Formulario-de-Fitoterapicos-2a-edicao-versao-RDC-952-2a-Errata.pdf\"><strong>Formul\u00e1rio de Fitoter\u00e1picos da Farmacopeia Brasileira (2\u00b0 edi\u00e7\u00e3o) &#8211; 2021<\/strong><\/a><a href=\"https:\/\/www.ufmg.br\/mhnjb\/ceplamt\/wp-content\/uploads\/2025\/08\/Formulario-de-Fitoterapicos-2a-edicao-versao-RDC-952-2a-Errata.pdf\" class=\"wp-block-file__button wp-element-button\" download aria-describedby=\"wp-block-file--media-0a3ca05d-407d-42f7-b352-240fa49cd8e0\">Baixar<\/a><\/div>\n\n\n\n<p><span style=\"font-size: 10pt;\"><span style=\"font-family: arial, helvetica, sans-serif;\">Cont\u00e9m 85 <\/span><span style=\"font-family: arial, helvetica, sans-serif;\">monografias, que contemplam 85 esp\u00e9cies, com um total de 236 formula\u00e7\u00f5es.<\/span><\/span><\/p>\n<p><span style=\"font-family: arial, helvetica, sans-serif; font-size: 10pt;\">Fonte: ANVISA<\/span><\/p>\n\n\n<\/div><\/div>\n\n\n\n<div class=\"wp-block-media-text is-stacked-on-mobile\" style=\"grid-template-columns:22% auto\"><figure class=\"wp-block-media-text__media\"><a href=\"https:\/\/www.gov.br\/saude\/pt-br\/composicao\/sectics\/plantas-medicinais-e-fitoterapicos\/arquivos\/2016\/memento-fitoterapico-1a-edicao.pdf\/view\"><img loading=\"lazy\" decoding=\"async\" width=\"492\" height=\"696\" src=\"https:\/\/www.ufmg.br\/mhnjb\/ceplamt\/wp-content\/uploads\/2025\/08\/Sem-titulo.jpg\" alt=\"\" class=\"wp-image-3843 size-full\" srcset=\"https:\/\/www.ufmg.br\/mhnjb\/ceplamt\/wp-content\/uploads\/2025\/08\/Sem-titulo.jpg 492w, https:\/\/www.ufmg.br\/mhnjb\/ceplamt\/wp-content\/uploads\/2025\/08\/Sem-titulo-212x300.jpg 212w, https:\/\/www.ufmg.br\/mhnjb\/ceplamt\/wp-content\/uploads\/2025\/08\/Sem-titulo-129x183.jpg 129w\" sizes=\"auto, (max-width: 492px) 100vw, 492px\" \/><\/a><\/figure><div class=\"wp-block-media-text__content\">\n<div data-wp-interactive=\"core\/file\" class=\"wp-block-file\"><object data-wp-bind--hidden=\"!state.hasPdfPreview\" hidden class=\"wp-block-file__embed\" data=\"https:\/\/www.ufmg.br\/mhnjb\/ceplamt\/wp-content\/uploads\/2025\/08\/Memento-Fitoterapico-1a-edicao-2-1.pdf\" type=\"application\/pdf\" style=\"width:100%;height:409px\" aria-label=\"Incorporado de &lt;code&gt;&lt;strong&gt;Memento Fitoter\u00e1pico (1\u00aa edi\u00e7\u00e3o) - 2016&lt;\/strong&gt;&lt;\/code&gt;.\"><\/object><a id=\"wp-block-file--media-23902660-adb8-4097-83a5-71046300b59f\" href=\"https:\/\/www.ufmg.br\/mhnjb\/ceplamt\/wp-content\/uploads\/2025\/08\/Memento-Fitoterapico-1a-edicao-2-1.pdf\"><code><strong>Memento Fitoter\u00e1pico (1\u00aa edi\u00e7\u00e3o) - 2016<\/strong><\/code><\/a><a href=\"https:\/\/www.ufmg.br\/mhnjb\/ceplamt\/wp-content\/uploads\/2025\/08\/Memento-Fitoterapico-1a-edicao-2-1.pdf\" class=\"wp-block-file__button wp-element-button\" download aria-describedby=\"wp-block-file--media-23902660-adb8-4097-83a5-71046300b59f\">Baixar<\/a><\/div>\n\n\n\n<p><span style=\"font-size: 10pt; font-family: arial, helvetica, sans-serif;\">Visa orientar a prescri\u00e7\u00e3o de plantas medicinais e fitoter\u00e1picos e, para isso, as monografias apresentadas cont\u00e9m conte\u00fados baseados em evid\u00eancias cient\u00edficas que poder\u00e3o ajudar na conduta terap\u00eautica do profissional prescritor.<\/span><\/p>\n<p><span style=\"font-family: arial, helvetica, sans-serif; font-size: 10pt;\">Fonte: ANVISA<\/span><\/p>\n<\/div><\/div>\n\n\n\n<div class=\"wp-block-media-text is-stacked-on-mobile\" style=\"grid-template-columns:22% auto\"><figure class=\"wp-block-media-text__media\"><img loading=\"lazy\" decoding=\"async\" width=\"487\" height=\"703\" src=\"https:\/\/www.ufmg.br\/mhnjb\/ceplamt\/wp-content\/uploads\/2025\/08\/orientacoes-1.jpg\" alt=\"\" class=\"wp-image-3855 size-full\" srcset=\"https:\/\/www.ufmg.br\/mhnjb\/ceplamt\/wp-content\/uploads\/2025\/08\/orientacoes-1.jpg 487w, https:\/\/www.ufmg.br\/mhnjb\/ceplamt\/wp-content\/uploads\/2025\/08\/orientacoes-1-208x300.jpg 208w, https:\/\/www.ufmg.br\/mhnjb\/ceplamt\/wp-content\/uploads\/2025\/08\/orientacoes-1-127x183.jpg 127w\" sizes=\"auto, (max-width: 487px) 100vw, 487px\" \/><\/figure><div class=\"wp-block-media-text__content\">\n\n\n<div class=\"wp-block-group is-nowrap is-layout-flex wp-container-core-group-is-layout-ad2f72ca wp-block-group-is-layout-flex\">\n<div data-wp-interactive=\"core\/file\" class=\"wp-block-file\"><object data-wp-bind--hidden=\"!state.hasPdfPreview\" hidden class=\"wp-block-file__embed\" data=\"https:\/\/www.ufmg.br\/mhnjb\/ceplamt\/wp-content\/uploads\/2025\/08\/orientacoes-sobre-o-uso-de-fitoterapicos-e-plantas-medicinais-1.pdf\" type=\"application\/pdf\" style=\"width:100%;height:600px\" aria-label=\"Incorporado de Orienta\u00e7\u00f5es sobre o uso de fitoter\u00e1picos e plantas medicinais.\"><\/object><a id=\"wp-block-file--media-12244f26-34d8-4f13-a383-4b005db98dc4\" href=\"https:\/\/www.ufmg.br\/mhnjb\/ceplamt\/wp-content\/uploads\/2025\/08\/orientacoes-sobre-o-uso-de-fitoterapicos-e-plantas-medicinais-1.pdf\">Orienta\u00e7\u00f5es sobre o uso de fitoter\u00e1picos e plantas medicinais<\/a><a href=\"https:\/\/www.ufmg.br\/mhnjb\/ceplamt\/wp-content\/uploads\/2025\/08\/orientacoes-sobre-o-uso-de-fitoterapicos-e-plantas-medicinais-1.pdf\" class=\"wp-block-file__button wp-element-button\" download aria-describedby=\"wp-block-file--media-12244f26-34d8-4f13-a383-4b005db98dc4\">Baixar<\/a><\/div>\n\n\n\n<p><span style=\"font-size: 10pt; font-family: arial, helvetica, sans-serif;\">Cartilha com o objetivo de instruir a popula\u00e7\u00e3o quanto ao uso seguro<\/span><br \/><span style=\"font-size: 10pt; font-family: arial, helvetica, sans-serif;\">de plantas medicinais e fitoter\u00e1picos.<\/span><\/p>\n<p><span style=\"font-family: arial, helvetica, sans-serif; font-size: 10pt;\">Fonte: ANVISA<\/span><\/p>\n<\/div>\n<\/div><\/div>\n\n\n","protected":false},"excerpt":{"rendered":"<p>Farmacopeia Brasileira (7\u00b0 edi\u00e7\u00e3o) &#8211; 2024 Baixar 83 monografias de Plantas Medicinais 23 monografias de Tinturas 19 monografias de Extrato fluido 25 monografias de \u00d3leos, gorduras e ceras Fonte: ANVISA Formul\u00e1rio de Fitoter\u00e1picos da Farmacopeia Brasileira (2\u00b0 edi\u00e7\u00e3o) &#8211; 2021Baixar Cont\u00e9m 85 monografias, que contemplam 85 esp\u00e9cies, com um total de 236 formula\u00e7\u00f5es. Fonte: ANVISA [&#8230;]<\/p>\n","protected":false},"author":5,"featured_media":0,"parent":0,"menu_order":3,"comment_status":"closed","ping_status":"closed","template":"","meta":{"_acf_changed":false,"_exactmetrics_skip_tracking":false,"_exactmetrics_sitenote_active":false,"_exactmetrics_sitenote_note":"","_exactmetrics_sitenote_category":0,"footnotes":""},"class_list":["post-3816","page","type-page","status-publish","hentry"],"acf":[],"_links":{"self":[{"href":"https:\/\/www.ufmg.br\/mhnjb\/ceplamt\/wp-json\/wp\/v2\/pages\/3816","targetHints":{"allow":["GET"]}}],"collection":[{"href":"https:\/\/www.ufmg.br\/mhnjb\/ceplamt\/wp-json\/wp\/v2\/pages"}],"about":[{"href":"https:\/\/www.ufmg.br\/mhnjb\/ceplamt\/wp-json\/wp\/v2\/types\/page"}],"author":[{"embeddable":true,"href":"https:\/\/www.ufmg.br\/mhnjb\/ceplamt\/wp-json\/wp\/v2\/users\/5"}],"replies":[{"embeddable":true,"href":"https:\/\/www.ufmg.br\/mhnjb\/ceplamt\/wp-json\/wp\/v2\/comments?post=3816"}],"version-history":[{"count":9,"href":"https:\/\/www.ufmg.br\/mhnjb\/ceplamt\/wp-json\/wp\/v2\/pages\/3816\/revisions"}],"predecessor-version":[{"id":3859,"href":"https:\/\/www.ufmg.br\/mhnjb\/ceplamt\/wp-json\/wp\/v2\/pages\/3816\/revisions\/3859"}],"wp:attachment":[{"href":"https:\/\/www.ufmg.br\/mhnjb\/ceplamt\/wp-json\/wp\/v2\/media?parent=3816"}],"curies":[{"name":"wp","href":"https:\/\/api.w.org\/{rel}","templated":true}]}}