{"id":1449,"date":"2025-02-21T10:13:02","date_gmt":"2025-02-21T13:13:02","guid":{"rendered":"https:\/\/www.ufmg.br\/mhnjb\/?page_id=1449"},"modified":"2025-08-04T18:09:39","modified_gmt":"2025-08-04T21:09:39","slug":"recomendacoes","status":"publish","type":"page","link":"https:\/\/www.ufmg.br\/mhnjb\/visite\/recomendacoes\/","title":{"rendered":"Recomenda\u00e7\u00f5es"},"content":{"rendered":"\n<div class=\"wp-block-group alignfull has-custom-cor-5-color has-custom-cor-8-background-color has-text-color has-background has-link-color wp-elements-527719f7a6cb8d45474fd8d5b3a99675 has-global-padding is-layout-constrained wp-block-group-is-layout-constrained\" id=\"page-title\" style=\"padding-top:var(--wp--preset--spacing--50);padding-bottom:var(--wp--preset--spacing--50)\"><h2 class=\"has-text-align-center alignwide wp-block-post-title\">Recomenda\u00e7\u00f5es<\/h2><\/div>\n\n\n\n<div class=\"wp-block-group alignwide has-global-padding is-layout-constrained wp-container-core-group-is-layout-e0982650 wp-block-group-is-layout-constrained\" id=\"recomendacoes\" style=\"margin-top:var(--wp--preset--spacing--40);margin-bottom:var(--wp--preset--spacing--40)\">\n<div class=\"wp-block-group is-layout-grid wp-container-core-group-is-layout-632cb22d wp-block-group-is-layout-grid\">\n<div class=\"wp-block-columns are-vertically-aligned-center has-border-color has-custom-cor-6-background-color has-background is-layout-flex wp-container-core-columns-is-layout-28232c24 wp-block-columns-is-layout-flex\" style=\"border-color:#e8eddf;border-width:1px;border-radius:10px\">\n<div class=\"wp-block-column is-vertically-aligned-center is-layout-flow wp-block-column-is-layout-flow\" style=\"flex-basis:33.33%\">\n<figure class=\"wp-block-image aligncenter size-full\"><img loading=\"lazy\" decoding=\"async\" width=\"32\" height=\"32\" src=\"https:\/\/www.ufmg.br\/mhnjb\/wp-content\/uploads\/2025\/02\/mosquito-repellent.png\" alt=\"\" class=\"wp-image-1451\"\/><\/figure>\n<\/div>\n\n\n\n<div class=\"wp-block-column is-vertically-aligned-center is-layout-flow wp-block-column-is-layout-flow\" style=\"flex-basis:66.66%\">\n<p class=\"has-text-align-center has-medium-font-size\"><strong>Use repelente<\/strong><\/p>\n\n\n\n<p class=\"has-text-align-center has-small-font-size\">Proteja-se dos insetos.<\/p>\n<\/div>\n<\/div>\n\n\n\n<div class=\"wp-block-columns are-vertically-aligned-center has-border-color has-custom-cor-6-background-color has-background is-layout-flex wp-container-core-columns-is-layout-28232c24 wp-block-columns-is-layout-flex\" style=\"border-color:#e8eddf;border-width:1px;border-radius:10px\">\n<div class=\"wp-block-column is-vertically-aligned-center is-layout-flow wp-block-column-is-layout-flow\" style=\"flex-basis:33.33%\">\n<figure class=\"wp-block-image aligncenter size-full\"><img loading=\"lazy\" decoding=\"async\" width=\"32\" height=\"32\" src=\"https:\/\/www.ufmg.br\/mhnjb\/wp-content\/uploads\/2025\/02\/sunscreen.png\" alt=\"\" class=\"wp-image-1473\"\/><\/figure>\n<\/div>\n\n\n\n<div class=\"wp-block-column is-vertically-aligned-center is-layout-flow wp-block-column-is-layout-flow\" style=\"flex-basis:66.66%\">\n<p class=\"has-text-align-center has-medium-font-size\"><strong>Use protetor solar<\/strong><\/p>\n\n\n\n<p class=\"has-text-align-center has-small-font-size\">Mantenha a pele protegida.<\/p>\n<\/div>\n<\/div>\n\n\n\n<div class=\"wp-block-columns are-vertically-aligned-center has-border-color has-custom-cor-6-background-color has-background is-layout-flex wp-container-core-columns-is-layout-28232c24 wp-block-columns-is-layout-flex\" style=\"border-color:#e8eddf;border-width:1px;border-radius:10px\">\n<div class=\"wp-block-column is-vertically-aligned-center is-layout-flow wp-block-column-is-layout-flow\" style=\"flex-basis:33.33%\">\n<figure class=\"wp-block-image aligncenter size-full\"><img loading=\"lazy\" decoding=\"async\" width=\"32\" height=\"32\" src=\"https:\/\/www.ufmg.br\/mhnjb\/wp-content\/uploads\/2025\/02\/water.png\" alt=\"\" class=\"wp-image-1479\"\/><\/figure>\n<\/div>\n\n\n\n<div class=\"wp-block-column is-vertically-aligned-center is-layout-flow wp-block-column-is-layout-flow\" style=\"flex-basis:66.66%\">\n<p class=\"has-text-align-center has-medium-font-size\"><strong>Traga sua garrafa de hidrata\u00e7\u00e3o<\/strong><\/p>\n\n\n\n<p class=\"has-text-align-center has-small-font-size\">Temos bebedouro.<\/p>\n<\/div>\n<\/div>\n\n\n\n<div class=\"wp-block-columns are-vertically-aligned-center has-border-color has-custom-cor-6-background-color has-background is-layout-flex wp-container-core-columns-is-layout-28232c24 wp-block-columns-is-layout-flex\" style=\"border-color:#e8eddf;border-width:1px;border-radius:10px\">\n<div class=\"wp-block-column is-vertically-aligned-center is-layout-flow wp-block-column-is-layout-flow\" style=\"flex-basis:33.33%\">\n<figure class=\"wp-block-image aligncenter size-full\"><img loading=\"lazy\" decoding=\"async\" width=\"32\" height=\"32\" src=\"https:\/\/www.ufmg.br\/mhnjb\/wp-content\/uploads\/2025\/02\/tshirt.png\" alt=\"\" class=\"wp-image-1472\"\/><\/figure>\n<\/div>\n\n\n\n<div class=\"wp-block-column is-vertically-aligned-center is-layout-flow wp-block-column-is-layout-flow\" style=\"flex-basis:66.66%\">\n<p class=\"has-text-align-center has-medium-font-size\"><strong>Use roupas confort\u00e1veis e leves<\/strong><\/p>\n\n\n\n<p class=\"has-text-align-center has-small-font-size\">Para fazer o passeio caminhando.<\/p>\n<\/div>\n<\/div>\n\n\n\n<div class=\"wp-block-columns are-vertically-aligned-center has-border-color has-custom-cor-6-background-color has-background is-layout-flex wp-container-core-columns-is-layout-28232c24 wp-block-columns-is-layout-flex\" style=\"border-color:#e8eddf;border-width:1px;border-radius:10px\">\n<div class=\"wp-block-column is-vertically-aligned-center is-layout-flow wp-block-column-is-layout-flow\" style=\"flex-basis:33.33%\">\n<figure class=\"wp-block-image aligncenter size-full\"><img loading=\"lazy\" decoding=\"async\" width=\"32\" height=\"32\" src=\"https:\/\/www.ufmg.br\/mhnjb\/wp-content\/uploads\/2025\/02\/sneakers.png\" alt=\"\" class=\"wp-image-1475\"\/><\/figure>\n<\/div>\n\n\n\n<div class=\"wp-block-column is-vertically-aligned-center is-layout-flow wp-block-column-is-layout-flow\" style=\"flex-basis:66.66%\">\n<p class=\"has-text-align-center has-medium-font-size\"><strong>Prefira cal\u00e7ados fechados<\/strong><\/p>\n\n\n\n<p class=\"has-text-align-center has-small-font-size\">S\u00e3o mais adequados para nosso espa\u00e7o.<\/p>\n<\/div>\n<\/div>\n\n\n\n<div class=\"wp-block-columns are-vertically-aligned-center has-border-color has-custom-cor-6-background-color has-background is-layout-flex wp-container-core-columns-is-layout-28232c24 wp-block-columns-is-layout-flex\" style=\"border-color:#e8eddf;border-width:1px;border-radius:10px\">\n<div class=\"wp-block-column is-vertically-aligned-center is-layout-flow wp-block-column-is-layout-flow\" style=\"flex-basis:33.33%\">\n<figure class=\"wp-block-image aligncenter size-full\"><img loading=\"lazy\" decoding=\"async\" width=\"32\" height=\"32\" src=\"https:\/\/www.ufmg.br\/mhnjb\/wp-content\/uploads\/2025\/02\/pros-and-cons.png\" alt=\"\" class=\"wp-image-1477\"\/><\/figure>\n<\/div>\n\n\n\n<div class=\"wp-block-column is-vertically-aligned-center is-layout-flow wp-block-column-is-layout-flow\" style=\"flex-basis:66.66%\">\n<p class=\"has-text-align-center has-medium-font-size\"><strong>Respeite as regras do Museu<\/strong><\/p>\n\n\n\n<p class=\"has-text-align-center has-small-font-size\">Sigas as orienta\u00e7\u00f5es de visita\u00e7\u00e3o.<\/p>\n<\/div>\n<\/div>\n<\/div>\n<\/div>\n","protected":false},"excerpt":{"rendered":"<p>Use repelente Proteja-se dos insetos. Use protetor solar Mantenha a pele protegida. Traga sua garrafa de hidrata\u00e7\u00e3o Temos bebedouro. Use roupas confort\u00e1veis e leves Para fazer o passeio caminhando. Prefira cal\u00e7ados fechados S\u00e3o mais adequados para nosso espa\u00e7o. Respeite as regras do Museu Sigas as orienta\u00e7\u00f5es de visita\u00e7\u00e3o.<\/p>\n","protected":false},"author":1,"featured_media":0,"parent":2529,"menu_order":0,"comment_status":"closed","ping_status":"closed","template":"","meta":{"footnotes":""},"class_list":["post-1449","page","type-page","status-publish","hentry"],"_links":{"self":[{"href":"https:\/\/www.ufmg.br\/mhnjb\/wp-json\/wp\/v2\/pages\/1449","targetHints":{"allow":["GET"]}}],"collection":[{"href":"https:\/\/www.ufmg.br\/mhnjb\/wp-json\/wp\/v2\/pages"}],"about":[{"href":"https:\/\/www.ufmg.br\/mhnjb\/wp-json\/wp\/v2\/types\/page"}],"author":[{"embeddable":true,"href":"https:\/\/www.ufmg.br\/mhnjb\/wp-json\/wp\/v2\/users\/1"}],"replies":[{"embeddable":true,"href":"https:\/\/www.ufmg.br\/mhnjb\/wp-json\/wp\/v2\/comments?post=1449"}],"version-history":[{"count":56,"href":"https:\/\/www.ufmg.br\/mhnjb\/wp-json\/wp\/v2\/pages\/1449\/revisions"}],"predecessor-version":[{"id":2597,"href":"https:\/\/www.ufmg.br\/mhnjb\/wp-json\/wp\/v2\/pages\/1449\/revisions\/2597"}],"up":[{"embeddable":true,"href":"https:\/\/www.ufmg.br\/mhnjb\/wp-json\/wp\/v2\/pages\/2529"}],"wp:attachment":[{"href":"https:\/\/www.ufmg.br\/mhnjb\/wp-json\/wp\/v2\/media?parent=1449"}],"curies":[{"name":"wp","href":"https:\/\/api.w.org\/{rel}","templated":true}]}}