{"id":1491,"date":"2025-02-25T16:48:27","date_gmt":"2025-02-25T19:48:27","guid":{"rendered":"https:\/\/www.ufmg.br\/mhnjb\/?page_id=1491"},"modified":"2025-09-10T09:14:39","modified_gmt":"2025-09-10T12:14:39","slug":"horarios","status":"publish","type":"page","link":"https:\/\/www.ufmg.br\/mhnjb\/visite\/horarios\/","title":{"rendered":"Hor\u00e1rios"},"content":{"rendered":"\n<div class=\"wp-block-group alignfull has-custom-cor-5-color has-custom-cor-1-background-color has-text-color has-background has-link-color wp-elements-261e23e53f51fb3ee45e8c2d9e31427c has-global-padding is-layout-constrained wp-block-group-is-layout-constrained\" id=\"page-title\" style=\"padding-top:var(--wp--preset--spacing--50);padding-bottom:var(--wp--preset--spacing--50)\"><h2 class=\"has-text-align-center alignwide wp-block-post-title\">Hor\u00e1rios<\/h2><\/div>\n\n\n\n<div class=\"wp-block-group alignwide has-global-padding is-layout-constrained wp-block-group-is-layout-constrained\" style=\"margin-top:var(--wp--preset--spacing--40);margin-bottom:var(--wp--preset--spacing--40)\">\n<div class=\"wp-block-columns alignwide are-vertically-aligned-center is-layout-flex wp-container-core-columns-is-layout-658170e2 wp-block-columns-is-layout-flex\" id=\"colunas-horario\">\n<div class=\"wp-block-column is-vertically-aligned-center stretch-col is-layout-flow wp-block-column-is-layout-flow\">\n<div class=\"wp-block-columns are-vertically-aligned-top is-not-stacked-on-mobile max-height is-layout-flex wp-container-core-columns-is-layout-658170e2 wp-block-columns-is-layout-flex\">\n<div class=\"wp-block-column is-vertically-aligned-top stretch-col is-layout-flow wp-block-column-is-layout-flow\">\n<div class=\"wp-block-cover wp-container-content-9cfa9a5a\" style=\"border-width:1px;border-radius:10px;padding-top:30px;padding-bottom:30px;min-height:100%;aspect-ratio:unset;\"><img loading=\"lazy\" decoding=\"async\" width=\"2560\" height=\"1707\" class=\"wp-block-cover__image-background wp-image-855\" alt=\"\" src=\"https:\/\/www.ufmg.br\/mhnjb\/wp-content\/uploads\/2024\/09\/IMG_3690-scaled.jpg\" data-object-fit=\"cover\" srcset=\"https:\/\/www.ufmg.br\/mhnjb\/wp-content\/uploads\/2024\/09\/IMG_3690-scaled.jpg 2560w, https:\/\/www.ufmg.br\/mhnjb\/wp-content\/uploads\/2024\/09\/IMG_3690-300x200.jpg 300w, https:\/\/www.ufmg.br\/mhnjb\/wp-content\/uploads\/2024\/09\/IMG_3690-1024x683.jpg 1024w, https:\/\/www.ufmg.br\/mhnjb\/wp-content\/uploads\/2024\/09\/IMG_3690-768x512.jpg 768w, https:\/\/www.ufmg.br\/mhnjb\/wp-content\/uploads\/2024\/09\/IMG_3690-1536x1024.jpg 1536w, https:\/\/www.ufmg.br\/mhnjb\/wp-content\/uploads\/2024\/09\/IMG_3690-2048x1365.jpg 2048w\" sizes=\"auto, (max-width: 2560px) 100vw, 2560px\" \/><span aria-hidden=\"true\" class=\"wp-block-cover__background has-custom-cor-5-background-color has-background-dim-40 has-background-dim\"><\/span><div class=\"wp-block-cover__inner-container has-global-padding is-layout-constrained wp-container-core-cover-is-layout-8be3889a wp-block-cover-is-layout-constrained\">\n<h4 class=\"wp-block-heading has-text-align-center has-large-font-size\">Visita\u00e7\u00e3o ao Museu<\/h4>\n\n\n\n<div class=\"wp-block-group has-base-color has-text-color has-background has-link-color wp-elements-e69b4cf4e30b7edc5a00f4014540e55a has-global-padding is-layout-constrained wp-container-core-group-is-layout-52af9875 wp-block-group-is-layout-constrained\" style=\"border-width:1px;border-radius:10px;background-color:#27262666;padding-top:10px;padding-right:5px;padding-bottom:10px;padding-left:5px\">\n<p class=\"has-text-align-center has-base-color has-text-color has-link-color has-large-font-size wp-elements-28e24716fe035ebf9c4313897a08a88d\"><strong>ABERTO<\/strong><\/p>\n\n\n\n<p class=\"has-text-align-center has-base-color has-text-color has-link-color has-large-font-size wp-elements-30dfcb591b3af72cd9f570e7fdc8a26c\"><strong>Quarta a s\u00e1bado <\/strong><br>entrada entre 8h30 e 16h, sa\u00edda at\u00e9 17h<\/p>\n\n\n\n<hr class=\"wp-block-separator has-alpha-channel-opacity is-style-default\" style=\"margin-top:20px;margin-bottom:20px\"\/>\n\n\n\n<p class=\"has-text-align-center has-base-color has-text-color has-link-color has-medium-font-size wp-elements-12387b18c20be239a5bd567b5383d413\"><strong>FECHADO<\/strong><\/p>\n\n\n\n<p class=\"has-text-align-center has-base-color has-text-color has-link-color has-medium-font-size wp-elements-e8c6920749a45a4e0d85374d44cec569\">Segunda, ter\u00e7a, domingo e feriado<\/p>\n<\/div>\n<\/div><\/div>\n<\/div>\n\n\n\n<div class=\"wp-block-column is-vertically-aligned-top stretch-col is-layout-flow wp-block-column-is-layout-flow\">\n<div class=\"wp-block-cover wp-container-content-9cfa9a5a\" style=\"border-width:1px;border-radius:10px;padding-top:30px;padding-bottom:30px;min-height:100%;aspect-ratio:unset;\"><img loading=\"lazy\" decoding=\"async\" width=\"2560\" height=\"1707\" class=\"wp-block-cover__image-background wp-image-260\" alt=\"\" src=\"https:\/\/www.ufmg.br\/mhnjb\/wp-content\/uploads\/2023\/07\/IMG_2541-scaled.jpg\" data-object-fit=\"cover\" srcset=\"https:\/\/www.ufmg.br\/mhnjb\/wp-content\/uploads\/2023\/07\/IMG_2541-scaled.jpg 2560w, https:\/\/www.ufmg.br\/mhnjb\/wp-content\/uploads\/2023\/07\/IMG_2541-300x200.jpg 300w, https:\/\/www.ufmg.br\/mhnjb\/wp-content\/uploads\/2023\/07\/IMG_2541-1024x683.jpg 1024w, https:\/\/www.ufmg.br\/mhnjb\/wp-content\/uploads\/2023\/07\/IMG_2541-768x512.jpg 768w, https:\/\/www.ufmg.br\/mhnjb\/wp-content\/uploads\/2023\/07\/IMG_2541-1536x1024.jpg 1536w, https:\/\/www.ufmg.br\/mhnjb\/wp-content\/uploads\/2023\/07\/IMG_2541-2048x1365.jpg 2048w\" sizes=\"auto, (max-width: 2560px) 100vw, 2560px\" \/><span aria-hidden=\"true\" class=\"wp-block-cover__background has-custom-cor-5-background-color has-background-dim-40 has-background-dim\"><\/span><div class=\"wp-block-cover__inner-container has-global-padding is-layout-constrained wp-container-core-cover-is-layout-8be3889a wp-block-cover-is-layout-constrained\">\n<h4 class=\"wp-block-heading has-text-align-center has-large-font-size\">Pres\u00e9pio do Pipiripau<\/h4>\n\n\n\n<div class=\"wp-block-group has-base-color has-text-color has-background has-link-color wp-elements-1c169aed255f83a75876bce22c031c1a has-global-padding is-layout-constrained wp-container-core-group-is-layout-52af9875 wp-block-group-is-layout-constrained\" style=\"border-width:1px;border-radius:10px;background-color:#27262666;padding-top:10px;padding-right:5px;padding-bottom:10px;padding-left:5px\">\n<p class=\"has-text-align-center has-base-color has-text-color has-link-color has-large-font-size wp-elements-28e24716fe035ebf9c4313897a08a88d\"><strong>ABERTO<\/strong><\/p>\n\n\n\n<p class=\"has-text-align-center has-base-color has-text-color has-link-color has-large-font-size wp-elements-76654f5d48134ed3eceba39d6d2d4000\"><strong>Quarta a s\u00e1bado <\/strong><br>sess\u00f5es \u00e0s 10h, 11h, 14h, 15h30 e 16h30<\/p>\n\n\n\n<hr class=\"wp-block-separator has-alpha-channel-opacity is-style-default\" style=\"margin-top:20px;margin-bottom:20px\"\/>\n\n\n\n<p class=\"has-text-align-center has-base-color has-text-color has-link-color has-medium-font-size wp-elements-12387b18c20be239a5bd567b5383d413\"><strong>FECHADO<\/strong><\/p>\n\n\n\n<p class=\"has-text-align-center has-base-color has-text-color has-link-color has-medium-font-size wp-elements-e8c6920749a45a4e0d85374d44cec569\">Segunda, ter\u00e7a, domingo e feriado<\/p>\n<\/div>\n<\/div><\/div>\n<\/div>\n<\/div>\n<\/div>\n\n\n\n<div class=\"wp-block-column is-vertically-aligned-center stretch-col is-layout-flow wp-block-column-is-layout-flow\">\n<div class=\"wp-block-columns are-vertically-aligned-top is-not-stacked-on-mobile max-height is-layout-flex wp-container-core-columns-is-layout-658170e2 wp-block-columns-is-layout-flex\">\n<div class=\"wp-block-column is-vertically-aligned-top stretch-col is-layout-flow wp-block-column-is-layout-flow\">\n<div class=\"wp-block-cover wp-container-content-9cfa9a5a\" style=\"border-width:1px;border-radius:10px;padding-top:30px;padding-bottom:30px;min-height:100%;aspect-ratio:unset;\"><img loading=\"lazy\" decoding=\"async\" width=\"2560\" height=\"1920\" class=\"wp-block-cover__image-background wp-image-1301\" alt=\"\" src=\"https:\/\/www.ufmg.br\/mhnjb\/wp-content\/uploads\/2024\/11\/IMG_0305-scaled.jpg\" data-object-fit=\"cover\" srcset=\"https:\/\/www.ufmg.br\/mhnjb\/wp-content\/uploads\/2024\/11\/IMG_0305-scaled.jpg 2560w, https:\/\/www.ufmg.br\/mhnjb\/wp-content\/uploads\/2024\/11\/IMG_0305-300x225.jpg 300w, https:\/\/www.ufmg.br\/mhnjb\/wp-content\/uploads\/2024\/11\/IMG_0305-1024x768.jpg 1024w, https:\/\/www.ufmg.br\/mhnjb\/wp-content\/uploads\/2024\/11\/IMG_0305-768x576.jpg 768w, https:\/\/www.ufmg.br\/mhnjb\/wp-content\/uploads\/2024\/11\/IMG_0305-1536x1152.jpg 1536w, https:\/\/www.ufmg.br\/mhnjb\/wp-content\/uploads\/2024\/11\/IMG_0305-2048x1536.jpg 2048w\" sizes=\"auto, (max-width: 2560px) 100vw, 2560px\" \/><span aria-hidden=\"true\" class=\"wp-block-cover__background has-custom-cor-5-background-color has-background-dim-40 has-background-dim\"><\/span><div class=\"wp-block-cover__inner-container has-global-padding is-layout-constrained wp-container-core-cover-is-layout-8be3889a wp-block-cover-is-layout-constrained\">\n<h4 class=\"wp-block-heading has-text-align-center has-large-font-size\">Viveiro de Mudas<\/h4>\n\n\n\n<div class=\"wp-block-group has-base-color has-text-color has-background has-link-color wp-elements-7d9c7c820b905195463ebcc17f2d1f9b has-global-padding is-layout-constrained wp-container-core-group-is-layout-52af9875 wp-block-group-is-layout-constrained\" style=\"border-width:1px;border-radius:10px;background-color:#27262666;padding-top:10px;padding-right:5px;padding-bottom:10px;padding-left:5px\">\n<p class=\"has-text-align-center has-base-color has-text-color has-link-color has-large-font-size wp-elements-28e24716fe035ebf9c4313897a08a88d\"><strong>ABERTO<\/strong><\/p>\n\n\n\n<p class=\"has-text-align-center has-base-color has-text-color has-link-color has-large-font-size wp-elements-5b3a82e8a0003c532db44d01679e7cd0\"><strong>Ter\u00e7a a sexta<\/strong><br>8h \u00e0s 11h e 12h \u00e0s 15h<\/p>\n\n\n\n<hr class=\"wp-block-separator has-alpha-channel-opacity is-style-default\" style=\"margin-top:20px;margin-bottom:20px\"\/>\n\n\n\n<p class=\"has-text-align-center has-base-color has-text-color has-link-color has-medium-font-size wp-elements-12387b18c20be239a5bd567b5383d413\"><strong>FECHADO<\/strong><\/p>\n\n\n\n<p class=\"has-text-align-center has-base-color has-text-color has-link-color has-medium-font-size wp-elements-1aaee1d25091927246c2bc4c54e7c02d\">Segunda, s\u00e1bado, domingo e feriado<\/p>\n<\/div>\n<\/div><\/div>\n<\/div>\n\n\n\n<div class=\"wp-block-column is-vertically-aligned-top stretch-col is-layout-flow wp-block-column-is-layout-flow\">\n<div class=\"wp-block-cover wp-container-content-9cfa9a5a\" style=\"border-width:1px;border-radius:10px;padding-top:30px;padding-bottom:30px;min-height:100%;aspect-ratio:unset;\"><img loading=\"lazy\" decoding=\"async\" width=\"2560\" height=\"1920\" class=\"wp-block-cover__image-background wp-image-1566\" alt=\"\" src=\"https:\/\/www.ufmg.br\/mhnjb\/wp-content\/uploads\/2025\/02\/IMG_0373-scaled.jpg\" data-object-fit=\"cover\" srcset=\"https:\/\/www.ufmg.br\/mhnjb\/wp-content\/uploads\/2025\/02\/IMG_0373-scaled.jpg 2560w, https:\/\/www.ufmg.br\/mhnjb\/wp-content\/uploads\/2025\/02\/IMG_0373-300x225.jpg 300w, https:\/\/www.ufmg.br\/mhnjb\/wp-content\/uploads\/2025\/02\/IMG_0373-1024x768.jpg 1024w, https:\/\/www.ufmg.br\/mhnjb\/wp-content\/uploads\/2025\/02\/IMG_0373-768x576.jpg 768w, https:\/\/www.ufmg.br\/mhnjb\/wp-content\/uploads\/2025\/02\/IMG_0373-1536x1152.jpg 1536w, https:\/\/www.ufmg.br\/mhnjb\/wp-content\/uploads\/2025\/02\/IMG_0373-2048x1536.jpg 2048w\" sizes=\"auto, (max-width: 2560px) 100vw, 2560px\" \/><span aria-hidden=\"true\" class=\"wp-block-cover__background has-custom-cor-5-background-color has-background-dim-40 has-background-dim\"><\/span><div class=\"wp-block-cover__inner-container has-global-padding is-layout-constrained wp-container-core-cover-is-layout-8be3889a wp-block-cover-is-layout-constrained\">\n<h4 class=\"wp-block-heading has-text-align-center has-large-font-size\" style=\"margin-top:30px;margin-bottom:30px\">Biblioteca<\/h4>\n\n\n\n<div class=\"wp-block-group has-base-color has-text-color has-background has-link-color wp-elements-af6a65c47aac743eeca598554f47d966 has-global-padding is-layout-constrained wp-container-core-group-is-layout-52af9875 wp-block-group-is-layout-constrained\" style=\"border-width:1px;border-radius:10px;background-color:#27262666;min-height:100%;padding-top:10px;padding-right:5px;padding-bottom:10px;padding-left:5px\">\n<p class=\"has-text-align-center has-base-color has-text-color has-link-color has-large-font-size wp-elements-28e24716fe035ebf9c4313897a08a88d\"><strong>ABERTO<\/strong><\/p>\n\n\n\n<p class=\"has-text-align-center has-base-color has-text-color has-link-color has-large-font-size wp-elements-b3d2a42635d5fb436c636b231c519e71\"><strong>Quarta a sexta<\/strong><\/p>\n\n\n\n<p class=\"has-text-align-center has-base-color has-text-color has-link-color has-large-font-size wp-elements-38d6e429426bfc803531180d51e93b7d\">9h \u00e0s 12h e 13h \u00e0s 16h<\/p>\n\n\n\n<hr class=\"wp-block-separator has-alpha-channel-opacity is-style-default\" style=\"margin-top:20px;margin-bottom:20px\"\/>\n\n\n\n<p class=\"has-text-align-center has-base-color has-text-color has-link-color has-medium-font-size wp-elements-12387b18c20be239a5bd567b5383d413\"><strong>FECHADO<\/strong><\/p>\n\n\n\n<p class=\"has-text-align-center has-base-color has-text-color has-link-color has-medium-font-size wp-elements-16f1d35ee0cffc843913ba29f6f4c139\">Segunda, ter\u00e7a, s\u00e1bado, domingo e feriado<\/p>\n<\/div>\n<\/div><\/div>\n<\/div>\n<\/div>\n<\/div>\n<\/div>\n<\/div>\n\n\n\n<div class=\"wp-block-group alignwide has-global-padding is-layout-constrained wp-block-group-is-layout-constrained\" style=\"margin-bottom:var(--wp--preset--spacing--40)\">\n<div class=\"wp-block-cover alignwide\" style=\"border-width:1px;border-radius:10px;min-height:100%;aspect-ratio:unset;\"><img loading=\"lazy\" decoding=\"async\" width=\"2560\" height=\"2560\" class=\"wp-block-cover__image-background wp-image-1654\" alt=\"\" src=\"https:\/\/www.ufmg.br\/mhnjb\/wp-content\/uploads\/2025\/02\/IMG_20250129_150111662-scaled.jpg\" style=\"object-position:50% 80%\" data-object-fit=\"cover\" data-object-position=\"50% 80%\" srcset=\"https:\/\/www.ufmg.br\/mhnjb\/wp-content\/uploads\/2025\/02\/IMG_20250129_150111662-scaled.jpg 2560w, https:\/\/www.ufmg.br\/mhnjb\/wp-content\/uploads\/2025\/02\/IMG_20250129_150111662-300x300.jpg 300w, https:\/\/www.ufmg.br\/mhnjb\/wp-content\/uploads\/2025\/02\/IMG_20250129_150111662-1024x1024.jpg 1024w, https:\/\/www.ufmg.br\/mhnjb\/wp-content\/uploads\/2025\/02\/IMG_20250129_150111662-150x150.jpg 150w, https:\/\/www.ufmg.br\/mhnjb\/wp-content\/uploads\/2025\/02\/IMG_20250129_150111662-768x768.jpg 768w, https:\/\/www.ufmg.br\/mhnjb\/wp-content\/uploads\/2025\/02\/IMG_20250129_150111662-1536x1536.jpg 1536w, https:\/\/www.ufmg.br\/mhnjb\/wp-content\/uploads\/2025\/02\/IMG_20250129_150111662-2048x2048.jpg 2048w\" sizes=\"auto, (max-width: 2560px) 100vw, 2560px\" \/><span aria-hidden=\"true\" class=\"wp-block-cover__background has-custom-cor-5-background-color has-background-dim-40 has-background-dim\"><\/span><div class=\"wp-block-cover__inner-container has-global-padding is-layout-constrained wp-block-cover-is-layout-constrained\">\n<div class=\"wp-block-columns alignwide are-vertically-aligned-center is-layout-flex wp-container-core-columns-is-layout-28f84493 wp-block-columns-is-layout-flex\">\n<div class=\"wp-block-column is-vertically-aligned-center is-layout-flow wp-block-column-is-layout-flow\" style=\"flex-basis:33.33%\">\n<h4 class=\"wp-block-heading has-text-align-center has-large-font-size\" style=\"margin-top:var(--wp--preset--spacing--30);margin-bottom:var(--wp--preset--spacing--30)\">Exposi\u00e7\u00f5es<\/h4>\n<\/div>\n\n\n\n<div class=\"wp-block-column is-vertically-aligned-center is-layout-flow wp-block-column-is-layout-flow\" style=\"flex-basis:66.66%\">\n<div class=\"wp-block-group has-border-color has-base-border-color has-background has-global-padding is-layout-constrained wp-container-core-group-is-layout-0b321085 wp-block-group-is-layout-constrained\" style=\"border-width:1px;border-radius:10px;background-color:#27262666;padding-top:10px;padding-right:15px;padding-bottom:10px;padding-left:15px\">\n<p class=\"has-text-align-center has-medium-font-size\"><strong>Arqueologia, As Fascinantes Orqu\u00eddeas, Bot\u00e2nica: o Mundo das Plantas, Grafismos na Pedra, Jardim Sensorial, Moluscos no Museu e Plantas Medicinais<\/strong><\/p>\n\n\n\n<p class=\"has-text-align-center has-medium-font-size\">Quarta a s\u00e1bado &#8211; 8h30 \u00e0s 16h30<\/p>\n\n\n\n<hr class=\"wp-block-separator has-alpha-channel-opacity\" style=\"margin-top:10px;margin-bottom:10px\"\/>\n\n\n\n<p class=\"has-text-align-center has-medium-font-size\"><strong>Centro de Refer\u00eancia em Cartografia Hist\u00f3rica<\/strong><\/p>\n\n\n\n<p class=\"has-text-align-center has-medium-font-size\">Quarta-feira &#8211; 8h30 \u00e0s 12h e 13h \u00e0s 16h30<br>Quinta e sexta &#8211; 13h \u00e0s 16h30<br>S\u00e1bado &#8211; 8h30 \u00e0s 12h<\/p>\n<\/div>\n<\/div>\n<\/div>\n<\/div><\/div>\n<\/div>\n","protected":false},"excerpt":{"rendered":"","protected":false},"author":1,"featured_media":0,"parent":2529,"menu_order":0,"comment_status":"closed","ping_status":"closed","template":"","meta":{"footnotes":""},"class_list":["post-1491","page","type-page","status-publish","hentry"],"_links":{"self":[{"href":"https:\/\/www.ufmg.br\/mhnjb\/wp-json\/wp\/v2\/pages\/1491","targetHints":{"allow":["GET"]}}],"collection":[{"href":"https:\/\/www.ufmg.br\/mhnjb\/wp-json\/wp\/v2\/pages"}],"about":[{"href":"https:\/\/www.ufmg.br\/mhnjb\/wp-json\/wp\/v2\/types\/page"}],"author":[{"embeddable":true,"href":"https:\/\/www.ufmg.br\/mhnjb\/wp-json\/wp\/v2\/users\/1"}],"replies":[{"embeddable":true,"href":"https:\/\/www.ufmg.br\/mhnjb\/wp-json\/wp\/v2\/comments?post=1491"}],"version-history":[{"count":145,"href":"https:\/\/www.ufmg.br\/mhnjb\/wp-json\/wp\/v2\/pages\/1491\/revisions"}],"predecessor-version":[{"id":2882,"href":"https:\/\/www.ufmg.br\/mhnjb\/wp-json\/wp\/v2\/pages\/1491\/revisions\/2882"}],"up":[{"embeddable":true,"href":"https:\/\/www.ufmg.br\/mhnjb\/wp-json\/wp\/v2\/pages\/2529"}],"wp:attachment":[{"href":"https:\/\/www.ufmg.br\/mhnjb\/wp-json\/wp\/v2\/media?parent=1491"}],"curies":[{"name":"wp","href":"https:\/\/api.w.org\/{rel}","templated":true}]}}