{"id":1801,"date":"2025-03-21T10:12:33","date_gmt":"2025-03-21T13:12:33","guid":{"rendered":"https:\/\/www.ufmg.br\/mhnjb\/?page_id=1801"},"modified":"2025-12-12T09:37:42","modified_gmt":"2025-12-12T12:37:42","slug":"viveiro-mudas","status":"publish","type":"page","link":"https:\/\/www.ufmg.br\/mhnjb\/atrativos\/viveiro-mudas\/","title":{"rendered":"Viveiro de mudas"},"content":{"rendered":"\n<div class=\"wp-block-group alignfull has-custom-cor-5-color has-custom-cor-1-background-color has-text-color has-background has-link-color wp-elements-261e23e53f51fb3ee45e8c2d9e31427c has-global-padding is-layout-constrained wp-block-group-is-layout-constrained\" id=\"page-title\" style=\"padding-top:var(--wp--preset--spacing--50);padding-bottom:var(--wp--preset--spacing--50)\"><h2 class=\"has-text-align-center alignwide wp-block-post-title\">Viveiro de mudas<\/h2><\/div>\n\n\n\n<div class=\"wp-block-cover alignfull has-parallax\" style=\"padding-top:var(--wp--preset--spacing--40);padding-bottom:var(--wp--preset--spacing--40)\"><div class=\"wp-block-cover__image-background wp-image-1301 size-large has-parallax\" style=\"background-position:50% 50%;background-image:url(https:\/\/www.ufmg.br\/mhnjb\/wp-content\/uploads\/2024\/11\/IMG_0305-1024x768.jpg)\"><\/div><span aria-hidden=\"true\" class=\"wp-block-cover__background has-custom-cor-5-background-color has-background-dim\"><\/span><div class=\"wp-block-cover__inner-container has-global-padding is-layout-constrained wp-container-core-cover-is-layout-8177b3c7 wp-block-cover-is-layout-constrained\">\n<p>O Viveiro de mudas do Museu de Hist\u00f3ria Natural e Jardim Bot\u00e2nico da UFMG cultiva mudas de diferentes esp\u00e9cies arb\u00f3reas coletadas na pr\u00f3pria reserva.<\/p>\n\n\n\n<p>O setor realiza todo o processo para produ\u00e7\u00e3o de mudas de Mata atl\u00e2ntica, que &nbsp;inclui a coleta de sementes, &nbsp;sele\u00e7\u00e3o, beneficiamento, preparo de leito de enraizamento, manuten\u00e7\u00e3o, transplante e disponibiliza\u00e7\u00e3o para plantio da \u00e1rea.<\/p>\n\n\n\n<p>O objetivo do viveiro &nbsp;\u00e9 a produ\u00e7\u00e3o de mudas com vistas ao enriquecimento e manuten\u00e7\u00e3o da reserva florestal da institui\u00e7\u00e3o, sendo o excedente disponibilizado para venda ao p\u00fablico externo.<\/p>\n\n\n\n<p>A disponibiliza\u00e7\u00e3o de mudas, mediante o pagamento de taxas, \u00e9 orientada, com o fornecimento de informa\u00e7\u00f5es necess\u00e1rias ao cultivo.<\/p>\n\n\n\n<p><strong>O hor\u00e1rio de funcionamento do viveiro \u00e9 de ter\u00e7a a sexta de 8h \u00e0s 11hs e de 12hs \u00e0s 15hs<\/strong><\/p>\n\n\n\n<p><span class=\"wp-rich-text-font-awesome-icon wp-font-awesome-icon\"><svg aria-hidden=\"true\" focusable=\"false\" data-prefix=\"fas\" data-icon=\"phone\" class=\"svg-inline--fa fa-phone \" role=\"img\" xmlns=\"http:\/\/www.w3.org\/2000\/svg\" viewBox=\"0 0 512 512\"><path fill=\"currentColor\" d=\"M164.9 24.6c-7.7-18.6-28-28.5-47.4-23.2l-88 24C12.1 30.2 0 46 0 64C0 311.4 200.6 512 448 512c18 0 33.8-12.1 38.6-29.5l24-88c5.3-19.4-4.6-39.7-23.2-47.4l-96-40c-16.3-6.8-35.2-2.1-46.3 11.6L304.7 368C234.3 334.7 177.3 277.7 144 207.3L193.3 167c13.7-11.2 18.4-30 11.6-46.3l-40-96z\"><\/path><\/svg><\/span>  (31) 3409-7636<br><span class=\"wp-rich-text-font-awesome-icon wp-font-awesome-icon\"><svg aria-hidden=\"true\" focusable=\"false\" data-prefix=\"fas\" data-icon=\"envelope\" class=\"svg-inline--fa fa-envelope \" role=\"img\" xmlns=\"http:\/\/www.w3.org\/2000\/svg\" viewBox=\"0 0 512 512\"><path fill=\"currentColor\" d=\"M48 64C21.5 64 0 85.5 0 112c0 15.1 7.1 29.3 19.2 38.4L236.8 313.6c11.4 8.5 27 8.5 38.4 0L492.8 150.4c12.1-9.1 19.2-23.3 19.2-38.4c0-26.5-21.5-48-48-48H48zM0 176V384c0 35.3 28.7 64 64 64H448c35.3 0 64-28.7 64-64V176L294.4 339.2c-22.8 17.1-54 17.1-76.8 0L0 176z\"><\/path><\/svg><\/span>  viveiro@mhnjb.ufmg.br<\/p>\n<\/div><\/div>\n","protected":false},"excerpt":{"rendered":"","protected":false},"author":1,"featured_media":0,"parent":2538,"menu_order":0,"comment_status":"closed","ping_status":"closed","template":"","meta":{"footnotes":""},"class_list":["post-1801","page","type-page","status-publish","hentry"],"_links":{"self":[{"href":"https:\/\/www.ufmg.br\/mhnjb\/wp-json\/wp\/v2\/pages\/1801","targetHints":{"allow":["GET"]}}],"collection":[{"href":"https:\/\/www.ufmg.br\/mhnjb\/wp-json\/wp\/v2\/pages"}],"about":[{"href":"https:\/\/www.ufmg.br\/mhnjb\/wp-json\/wp\/v2\/types\/page"}],"author":[{"embeddable":true,"href":"https:\/\/www.ufmg.br\/mhnjb\/wp-json\/wp\/v2\/users\/1"}],"replies":[{"embeddable":true,"href":"https:\/\/www.ufmg.br\/mhnjb\/wp-json\/wp\/v2\/comments?post=1801"}],"version-history":[{"count":8,"href":"https:\/\/www.ufmg.br\/mhnjb\/wp-json\/wp\/v2\/pages\/1801\/revisions"}],"predecessor-version":[{"id":3265,"href":"https:\/\/www.ufmg.br\/mhnjb\/wp-json\/wp\/v2\/pages\/1801\/revisions\/3265"}],"up":[{"embeddable":true,"href":"https:\/\/www.ufmg.br\/mhnjb\/wp-json\/wp\/v2\/pages\/2538"}],"wp:attachment":[{"href":"https:\/\/www.ufmg.br\/mhnjb\/wp-json\/wp\/v2\/media?parent=1801"}],"curies":[{"name":"wp","href":"https:\/\/api.w.org\/{rel}","templated":true}]}}