{"id":1806,"date":"2025-03-21T11:12:36","date_gmt":"2025-03-21T14:12:36","guid":{"rendered":"https:\/\/www.ufmg.br\/mhnjb\/?page_id=1806"},"modified":"2025-09-19T10:20:06","modified_gmt":"2025-09-19T13:20:06","slug":"acervo","status":"publish","type":"page","link":"https:\/\/www.ufmg.br\/mhnjb\/ciencia\/acervo\/","title":{"rendered":"Acervo"},"content":{"rendered":"\n<div class=\"wp-block-group alignfull has-custom-cor-5-color has-custom-cor-1-background-color has-text-color has-background has-link-color wp-elements-261e23e53f51fb3ee45e8c2d9e31427c has-global-padding is-layout-constrained wp-block-group-is-layout-constrained\" id=\"page-title\" style=\"padding-top:var(--wp--preset--spacing--50);padding-bottom:var(--wp--preset--spacing--50)\"><h2 class=\"has-text-align-center alignwide wp-block-post-title\">Acervo<\/h2><\/div>\n\n\n\n<div class=\"wp-block-group alignwide has-global-padding is-layout-constrained wp-container-core-group-is-layout-579799c7 wp-block-group-is-layout-constrained\" style=\"margin-top:var(--wp--preset--spacing--30);margin-bottom:var(--wp--preset--spacing--30);padding-top:var(--wp--preset--spacing--40);padding-right:var(--wp--preset--spacing--30);padding-bottom:var(--wp--preset--spacing--40);padding-left:var(--wp--preset--spacing--30)\">\n<div class=\"wp-block-columns alignwide are-vertically-aligned-center is-layout-flex wp-container-core-columns-is-layout-7fc3d43a wp-block-columns-is-layout-flex\">\n<div class=\"wp-block-column is-vertically-aligned-center is-layout-flow wp-block-column-is-layout-flow\">\n<figure class=\"wp-block-image size-large\"><img loading=\"lazy\" decoding=\"async\" width=\"1024\" height=\"683\" src=\"https:\/\/www.ufmg.br\/mhnjb\/wp-content\/uploads\/2025\/09\/IMG_4920-1024x683.jpg\" alt=\"\" class=\"wp-image-2996\" style=\"aspect-ratio:1;object-fit:cover\" srcset=\"https:\/\/www.ufmg.br\/mhnjb\/wp-content\/uploads\/2025\/09\/IMG_4920-1024x683.jpg 1024w, https:\/\/www.ufmg.br\/mhnjb\/wp-content\/uploads\/2025\/09\/IMG_4920-300x200.jpg 300w, https:\/\/www.ufmg.br\/mhnjb\/wp-content\/uploads\/2025\/09\/IMG_4920-768x512.jpg 768w, https:\/\/www.ufmg.br\/mhnjb\/wp-content\/uploads\/2025\/09\/IMG_4920-1536x1024.jpg 1536w, https:\/\/www.ufmg.br\/mhnjb\/wp-content\/uploads\/2025\/09\/IMG_4920-2048x1365.jpg 2048w\" sizes=\"auto, (max-width: 1024px) 100vw, 1024px\" \/><\/figure>\n<\/div>\n\n\n\n<div class=\"wp-block-column is-vertically-aligned-center is-layout-flow wp-block-column-is-layout-flow\">\n<p>O conjunto de acervos \u00e9 formado por aproximadamente 24.000 itens entre pe\u00e7as e esp\u00e9cimes cient\u00edficos preservados e vivos e contextualizados nas \u00e1reas da Arqueologia, Paleontologia, Geologia, Bot\u00e2nica, Zoologia, Etnografia e Arte Popular.<\/p>\n\n\n\n<div class=\"wp-block-buttons has-custom-font-size has-small-font-size is-content-justification-center is-layout-flex wp-container-core-buttons-is-layout-3b69fa93 wp-block-buttons-is-layout-flex\" style=\"margin-top:20px\">\n<div class=\"wp-block-button is-style-fill primary-button\"><a class=\"wp-block-button__link has-medium-font-size has-text-align-center has-custom-font-size wp-element-button\" href=\"https:\/\/acervos.ufmg.br\/inweb\/mhnjb\" style=\"border-radius:0px;text-transform:uppercase\" target=\"_blank\" rel=\"noreferrer noopener nofollow\">acessar acervo online <span class=\"wp-rich-text-font-awesome-icon wp-font-awesome-icon\"><svg aria-hidden=\"true\" focusable=\"false\" data-prefix=\"fas\" data-icon=\"arrow-right\" class=\"svg-inline--fa fa-arrow-right \" role=\"img\" xmlns=\"http:\/\/www.w3.org\/2000\/svg\" viewBox=\"0 0 448 512\"><path fill=\"currentColor\" d=\"M438.6 278.6c12.5-12.5 12.5-32.8 0-45.3l-160-160c-12.5-12.5-32.8-12.5-45.3 0s-12.5 32.8 0 45.3L338.8 224 32 224c-17.7 0-32 14.3-32 32s14.3 32 32 32l306.7 0L233.4 393.4c-12.5 12.5-12.5 32.8 0 45.3s32.8 12.5 45.3 0l160-160z\"><\/path><\/svg><\/span><\/a><\/div>\n<\/div>\n<\/div>\n\n\n\n<div class=\"wp-block-column is-vertically-aligned-center is-layout-flow wp-block-column-is-layout-flow\">\n<figure class=\"wp-block-image size-large\"><img loading=\"lazy\" decoding=\"async\" width=\"1024\" height=\"685\" src=\"https:\/\/www.ufmg.br\/mhnjb\/wp-content\/uploads\/2025\/03\/DSC_3273-1024x685.jpg\" alt=\"\" class=\"wp-image-1808\" style=\"aspect-ratio:1;object-fit:cover\" srcset=\"https:\/\/www.ufmg.br\/mhnjb\/wp-content\/uploads\/2025\/03\/DSC_3273-1024x685.jpg 1024w, https:\/\/www.ufmg.br\/mhnjb\/wp-content\/uploads\/2025\/03\/DSC_3273-300x201.jpg 300w, https:\/\/www.ufmg.br\/mhnjb\/wp-content\/uploads\/2025\/03\/DSC_3273-768x514.jpg 768w, https:\/\/www.ufmg.br\/mhnjb\/wp-content\/uploads\/2025\/03\/DSC_3273-1536x1028.jpg 1536w, https:\/\/www.ufmg.br\/mhnjb\/wp-content\/uploads\/2025\/03\/DSC_3273-2048x1371.jpg 2048w\" sizes=\"auto, (max-width: 1024px) 100vw, 1024px\" \/><\/figure>\n<\/div>\n<\/div>\n<\/div>\n\n\n\n<div class=\"wp-block-group alignwide has-custom-cor-6-background-color has-background has-global-padding is-layout-constrained wp-container-core-group-is-layout-579799c7 wp-block-group-is-layout-constrained\" style=\"margin-top:var(--wp--preset--spacing--30);margin-bottom:var(--wp--preset--spacing--30);padding-top:var(--wp--preset--spacing--40);padding-right:var(--wp--preset--spacing--30);padding-bottom:var(--wp--preset--spacing--40);padding-left:var(--wp--preset--spacing--30)\">\n<div class=\"wp-block-columns alignwide are-vertically-aligned-center is-layout-flex wp-container-core-columns-is-layout-7fc3d43a wp-block-columns-is-layout-flex\">\n<div class=\"wp-block-column is-vertically-aligned-center is-layout-flow wp-block-column-is-layout-flow\" style=\"flex-basis:50%\">\n<p>Ainda como parte desse conjunto e envolvendo as \u00e1reas citadas podem ser mencionados 3.750 livros e 19.134 n\u00fameros de peri\u00f3dicos, nacionais e estrangeiros, que se encontram na biblioteca do MHNJB, assim como um expressivo conjunto de fotos e de documentos do museu, incluindo aqueles relativos ao Pres\u00e9pio do Pipiripau.<\/p>\n<\/div>\n\n\n\n<div class=\"wp-block-column is-vertically-aligned-center is-layout-flow wp-block-column-is-layout-flow\" style=\"flex-basis:50%\">\n<figure class=\"wp-block-image size-large\"><img loading=\"lazy\" decoding=\"async\" width=\"1024\" height=\"685\" src=\"https:\/\/www.ufmg.br\/mhnjb\/wp-content\/uploads\/2025\/03\/DSC_3445-1024x685.jpg\" alt=\"\" class=\"wp-image-1817\" srcset=\"https:\/\/www.ufmg.br\/mhnjb\/wp-content\/uploads\/2025\/03\/DSC_3445-1024x685.jpg 1024w, https:\/\/www.ufmg.br\/mhnjb\/wp-content\/uploads\/2025\/03\/DSC_3445-300x201.jpg 300w, https:\/\/www.ufmg.br\/mhnjb\/wp-content\/uploads\/2025\/03\/DSC_3445-768x514.jpg 768w, https:\/\/www.ufmg.br\/mhnjb\/wp-content\/uploads\/2025\/03\/DSC_3445-1536x1028.jpg 1536w, https:\/\/www.ufmg.br\/mhnjb\/wp-content\/uploads\/2025\/03\/DSC_3445-2048x1370.jpg 2048w\" sizes=\"auto, (max-width: 1024px) 100vw, 1024px\" \/><\/figure>\n<\/div>\n<\/div>\n<\/div>\n\n\n\n<div class=\"wp-block-group alignwide has-base-color has-custom-cor-7-background-color has-text-color has-background has-link-color wp-elements-b3da10d04137b90cba2d3c4bdfafe26a has-global-padding is-layout-constrained wp-container-core-group-is-layout-579799c7 wp-block-group-is-layout-constrained\" style=\"margin-top:var(--wp--preset--spacing--30);margin-bottom:var(--wp--preset--spacing--30);padding-top:var(--wp--preset--spacing--40);padding-right:var(--wp--preset--spacing--30);padding-bottom:var(--wp--preset--spacing--40);padding-left:var(--wp--preset--spacing--30)\">\n<div class=\"wp-block-columns alignwide are-vertically-aligned-center is-layout-flex wp-container-core-columns-is-layout-7fc3d43a wp-block-columns-is-layout-flex\">\n<div class=\"wp-block-column is-vertically-aligned-center is-layout-flow wp-block-column-is-layout-flow\" style=\"flex-basis:50%\">\n<figure class=\"wp-block-image size-full\"><img loading=\"lazy\" decoding=\"async\" width=\"739\" height=\"739\" src=\"https:\/\/www.ufmg.br\/mhnjb\/wp-content\/uploads\/2025\/03\/IMG-20241029-WA0040.jpg\" alt=\"\" class=\"wp-image-1824\" style=\"aspect-ratio:3\/2;object-fit:cover\" srcset=\"https:\/\/www.ufmg.br\/mhnjb\/wp-content\/uploads\/2025\/03\/IMG-20241029-WA0040.jpg 739w, https:\/\/www.ufmg.br\/mhnjb\/wp-content\/uploads\/2025\/03\/IMG-20241029-WA0040-300x300.jpg 300w, https:\/\/www.ufmg.br\/mhnjb\/wp-content\/uploads\/2025\/03\/IMG-20241029-WA0040-150x150.jpg 150w\" sizes=\"auto, (max-width: 739px) 100vw, 739px\" \/><\/figure>\n<\/div>\n\n\n\n<div class=\"wp-block-column is-vertically-aligned-center is-layout-flow wp-block-column-is-layout-flow\" style=\"flex-basis:50%\">\n<p>Em grande parte, esse material chegou ao museu como resultado de atividades de pesquisa em v\u00e1rios s\u00edtios arqueol\u00f3gicos e outras \u00e1reas com interesse geol\u00f3gico, paleontol\u00f3gico, zool\u00f3gico ou bot\u00e2nico, envolvendo coletas realizadas por pesquisadores do museu em in\u00fameras jornadas de campo. Al\u00e9m desses, outros registros e conjuntos museol\u00f3gicos foram tamb\u00e9m adquiridos por meio de legado e doa\u00e7\u00f5es.<\/p>\n<\/div>\n<\/div>\n<\/div>\n\n\n\n<div class=\"wp-block-group alignwide has-global-padding is-layout-constrained wp-container-core-group-is-layout-579799c7 wp-block-group-is-layout-constrained\" style=\"margin-top:var(--wp--preset--spacing--30);margin-bottom:var(--wp--preset--spacing--30);padding-top:var(--wp--preset--spacing--40);padding-right:var(--wp--preset--spacing--30);padding-bottom:var(--wp--preset--spacing--40);padding-left:var(--wp--preset--spacing--30)\">\n<div class=\"wp-block-columns alignwide are-vertically-aligned-center is-layout-flex wp-container-core-columns-is-layout-7fc3d43a wp-block-columns-is-layout-flex\">\n<div class=\"wp-block-column is-vertically-aligned-center is-layout-flow wp-block-column-is-layout-flow\">\n<figure class=\"wp-block-image size-large\"><img loading=\"lazy\" decoding=\"async\" width=\"1024\" height=\"768\" src=\"https:\/\/www.ufmg.br\/mhnjb\/wp-content\/uploads\/2025\/03\/DSC03046-1024x768.jpg\" alt=\"\" class=\"wp-image-1829\" style=\"aspect-ratio:1;object-fit:cover\" srcset=\"https:\/\/www.ufmg.br\/mhnjb\/wp-content\/uploads\/2025\/03\/DSC03046-1024x768.jpg 1024w, https:\/\/www.ufmg.br\/mhnjb\/wp-content\/uploads\/2025\/03\/DSC03046-300x225.jpg 300w, https:\/\/www.ufmg.br\/mhnjb\/wp-content\/uploads\/2025\/03\/DSC03046-768x576.jpg 768w, https:\/\/www.ufmg.br\/mhnjb\/wp-content\/uploads\/2025\/03\/DSC03046-1536x1152.jpg 1536w, https:\/\/www.ufmg.br\/mhnjb\/wp-content\/uploads\/2025\/03\/DSC03046.jpg 2048w\" sizes=\"auto, (max-width: 1024px) 100vw, 1024px\" \/><\/figure>\n<\/div>\n\n\n\n<div class=\"wp-block-column is-vertically-aligned-center is-layout-flow wp-block-column-is-layout-flow\">\n<p>Parte dos acervos encontra-se  dispon\u00edvel para visita\u00e7\u00e3o nos espa\u00e7os expositivos do Museu.<\/p>\n\n\n\n<div class=\"wp-block-buttons has-custom-font-size has-small-font-size is-content-justification-center is-layout-flex wp-container-core-buttons-is-layout-3b69fa93 wp-block-buttons-is-layout-flex\" style=\"margin-top:20px\">\n<div class=\"wp-block-button is-style-fill primary-button\"><a class=\"wp-block-button__link has-medium-font-size has-text-align-center has-custom-font-size wp-element-button\" href=\"https:\/\/acervos.ufmg.br\/inweb\/mhnjb\" style=\"border-radius:0px;text-transform:uppercase\" target=\"_blank\" rel=\"noreferrer noopener nofollow\">acessar acervo online <span class=\"wp-rich-text-font-awesome-icon wp-font-awesome-icon\"><svg aria-hidden=\"true\" focusable=\"false\" data-prefix=\"fas\" data-icon=\"arrow-right\" class=\"svg-inline--fa fa-arrow-right \" role=\"img\" xmlns=\"http:\/\/www.w3.org\/2000\/svg\" viewBox=\"0 0 448 512\"><path fill=\"currentColor\" d=\"M438.6 278.6c12.5-12.5 12.5-32.8 0-45.3l-160-160c-12.5-12.5-32.8-12.5-45.3 0s-12.5 32.8 0 45.3L338.8 224 32 224c-17.7 0-32 14.3-32 32s14.3 32 32 32l306.7 0L233.4 393.4c-12.5 12.5-12.5 32.8 0 45.3s32.8 12.5 45.3 0l160-160z\"><\/path><\/svg><\/span><\/a><\/div>\n<\/div>\n<\/div>\n\n\n\n<div class=\"wp-block-column is-vertically-aligned-center is-layout-flow wp-block-column-is-layout-flow\">\n<figure class=\"wp-block-image size-large\"><img loading=\"lazy\" decoding=\"async\" width=\"1024\" height=\"685\" src=\"https:\/\/www.ufmg.br\/mhnjb\/wp-content\/uploads\/2025\/03\/DSC_2619-1024x685.jpg\" alt=\"\" class=\"wp-image-1830\" style=\"aspect-ratio:1;object-fit:cover\" srcset=\"https:\/\/www.ufmg.br\/mhnjb\/wp-content\/uploads\/2025\/03\/DSC_2619-1024x685.jpg 1024w, https:\/\/www.ufmg.br\/mhnjb\/wp-content\/uploads\/2025\/03\/DSC_2619-300x201.jpg 300w, https:\/\/www.ufmg.br\/mhnjb\/wp-content\/uploads\/2025\/03\/DSC_2619-768x514.jpg 768w, https:\/\/www.ufmg.br\/mhnjb\/wp-content\/uploads\/2025\/03\/DSC_2619-1536x1028.jpg 1536w, https:\/\/www.ufmg.br\/mhnjb\/wp-content\/uploads\/2025\/03\/DSC_2619-2048x1370.jpg 2048w\" sizes=\"auto, (max-width: 1024px) 100vw, 1024px\" \/><\/figure>\n<\/div>\n<\/div>\n<\/div>\n","protected":false},"excerpt":{"rendered":"<p>O conjunto de acervos \u00e9 formado por aproximadamente 24.000 itens entre pe\u00e7as e esp\u00e9cimes cient\u00edficos preservados e vivos e contextualizados nas \u00e1reas da Arqueologia, Paleontologia, Geologia, Bot\u00e2nica, Zoologia, Etnografia e Arte Popular. Ainda como parte desse conjunto e envolvendo as \u00e1reas citadas podem ser mencionados 3.750 livros e 19.134 n\u00fameros de peri\u00f3dicos, nacionais e estrangeiros, [&hellip;]<\/p>\n","protected":false},"author":1,"featured_media":0,"parent":2542,"menu_order":0,"comment_status":"closed","ping_status":"closed","template":"","meta":{"footnotes":""},"class_list":["post-1806","page","type-page","status-publish","hentry"],"_links":{"self":[{"href":"https:\/\/www.ufmg.br\/mhnjb\/wp-json\/wp\/v2\/pages\/1806","targetHints":{"allow":["GET"]}}],"collection":[{"href":"https:\/\/www.ufmg.br\/mhnjb\/wp-json\/wp\/v2\/pages"}],"about":[{"href":"https:\/\/www.ufmg.br\/mhnjb\/wp-json\/wp\/v2\/types\/page"}],"author":[{"embeddable":true,"href":"https:\/\/www.ufmg.br\/mhnjb\/wp-json\/wp\/v2\/users\/1"}],"replies":[{"embeddable":true,"href":"https:\/\/www.ufmg.br\/mhnjb\/wp-json\/wp\/v2\/comments?post=1806"}],"version-history":[{"count":34,"href":"https:\/\/www.ufmg.br\/mhnjb\/wp-json\/wp\/v2\/pages\/1806\/revisions"}],"predecessor-version":[{"id":2997,"href":"https:\/\/www.ufmg.br\/mhnjb\/wp-json\/wp\/v2\/pages\/1806\/revisions\/2997"}],"up":[{"embeddable":true,"href":"https:\/\/www.ufmg.br\/mhnjb\/wp-json\/wp\/v2\/pages\/2542"}],"wp:attachment":[{"href":"https:\/\/www.ufmg.br\/mhnjb\/wp-json\/wp\/v2\/media?parent=1806"}],"curies":[{"name":"wp","href":"https:\/\/api.w.org\/{rel}","templated":true}]}}