{"id":1981,"date":"2025-04-04T10:05:45","date_gmt":"2025-04-04T13:05:45","guid":{"rendered":"https:\/\/www.ufmg.br\/mhnjb\/?page_id=1981"},"modified":"2025-08-04T18:07:09","modified_gmt":"2025-08-04T21:07:09","slug":"presepio-do-pipiripau","status":"publish","type":"page","link":"https:\/\/www.ufmg.br\/mhnjb\/atrativos\/presepio-do-pipiripau\/","title":{"rendered":"Pres\u00e9pio do Pipiripau"},"content":{"rendered":"\n<div class=\"wp-block-group alignfull has-base-color has-custom-cor-1-background-color has-text-color has-background has-link-color wp-elements-d02b6b45974f5376ced62dbf474421d4 is-layout-flow wp-block-group-is-layout-flow\" id=\"example\" style=\"min-height:85vh;margin-top:-150px;margin-bottom:0px\">\n<div class=\"wp-block-cover alignfull has-parallax has-base-color has-text-color has-link-color wp-elements-b79c8efff4eef95faddf6cbf58a7aeaf\" style=\"min-height:85vh;aspect-ratio:unset;\"><div class=\"wp-block-cover__image-background wp-image-1982 size-large has-parallax\" style=\"background-position:50% 50%;background-image:url(https:\/\/www.ufmg.br\/mhnjb\/wp-content\/uploads\/2025\/04\/Presepio-1024x478.png)\"><\/div><span aria-hidden=\"true\" class=\"wp-block-cover__background has-custom-cor-7-background-color has-background-dim-30 has-background-dim\"><\/span><div class=\"wp-block-cover__inner-container has-global-padding is-layout-constrained wp-block-cover-is-layout-constrained\">\n<div style=\"height:150px\" aria-hidden=\"true\" class=\"wp-block-spacer\"><\/div>\n\n\n<h2 class=\"has-text-align-center alignwide wp-block-post-title\">Pres\u00e9pio do Pipiripau<\/h2><\/div><\/div>\n<\/div>\n\n\n\n<div class=\"wp-block-group alignwide has-global-padding is-layout-constrained wp-block-group-is-layout-constrained\" style=\"margin-top:var(--wp--preset--spacing--30);margin-bottom:var(--wp--preset--spacing--30)\">\n<div class=\"wp-block-columns alignwide are-vertically-aligned-center is-layout-flex wp-container-core-columns-is-layout-658170e2 wp-block-columns-is-layout-flex\">\n<div class=\"wp-block-column is-vertically-aligned-center is-layout-flow wp-block-column-is-layout-flow\" style=\"padding-top:var(--wp--preset--spacing--30);padding-right:var(--wp--preset--spacing--30);padding-bottom:var(--wp--preset--spacing--30);padding-left:var(--wp--preset--spacing--30);flex-basis:33.33%\">\n<p class=\"has-custom-cor-5-color has-text-color has-link-color has-medium-font-size wp-elements-731dc4f95748a5667bcf78f133093bd8\">O Museu de Hist\u00f3ria Natural e Jardim Bot\u00e2nico da UFMG guarda um importante tesouro da arte popular \u2013 o Pres\u00e9pio do Pipiripau, tombado desde 1984 pelo Instituto do Patrim\u00f4nio Hist\u00f3rico e Art\u00edstico Nacional.<\/p>\n<\/div>\n\n\n\n<div class=\"wp-block-column is-vertically-aligned-center is-layout-flow wp-block-column-is-layout-flow\" style=\"flex-basis:66.66%\">\n<div class=\"wp-block-columns are-vertically-aligned-center is-not-stacked-on-mobile is-layout-flex wp-container-core-columns-is-layout-658170e2 wp-block-columns-is-layout-flex\">\n<div class=\"wp-block-column is-vertically-aligned-center is-layout-flow wp-block-column-is-layout-flow\">\n<figure class=\"wp-block-image size-medium\"><img loading=\"lazy\" decoding=\"async\" width=\"300\" height=\"300\" src=\"https:\/\/www.ufmg.br\/mhnjb\/wp-content\/uploads\/2025\/04\/IMG_20230719_104242767-300x300.jpg\" alt=\"\" class=\"wp-image-2010\" style=\"aspect-ratio:3\/4;object-fit:cover\" srcset=\"https:\/\/www.ufmg.br\/mhnjb\/wp-content\/uploads\/2025\/04\/IMG_20230719_104242767-300x300.jpg 300w, https:\/\/www.ufmg.br\/mhnjb\/wp-content\/uploads\/2025\/04\/IMG_20230719_104242767-150x150.jpg 150w, https:\/\/www.ufmg.br\/mhnjb\/wp-content\/uploads\/2025\/04\/IMG_20230719_104242767.jpg 739w\" sizes=\"auto, (max-width: 300px) 100vw, 300px\" \/><\/figure>\n<\/div>\n\n\n\n<div class=\"wp-block-column is-vertically-aligned-center is-layout-flow wp-block-column-is-layout-flow\">\n<figure class=\"wp-block-image size-medium\"><img loading=\"lazy\" decoding=\"async\" width=\"300\" height=\"300\" src=\"https:\/\/www.ufmg.br\/mhnjb\/wp-content\/uploads\/2025\/04\/detalhe-300x300.png\" alt=\"\" class=\"wp-image-2009\" style=\"aspect-ratio:3\/4;object-fit:cover\" srcset=\"https:\/\/www.ufmg.br\/mhnjb\/wp-content\/uploads\/2025\/04\/detalhe-300x300.png 300w, https:\/\/www.ufmg.br\/mhnjb\/wp-content\/uploads\/2025\/04\/detalhe-150x150.png 150w, https:\/\/www.ufmg.br\/mhnjb\/wp-content\/uploads\/2025\/04\/detalhe.png 685w\" sizes=\"auto, (max-width: 300px) 100vw, 300px\" \/><\/figure>\n<\/div>\n<\/div>\n<\/div>\n<\/div>\n<\/div>\n\n\n\n<div class=\"wp-block-group alignwide has-custom-cor-6-background-color has-background is-layout-flow wp-block-group-is-layout-flow\" style=\"padding-top:6vw;padding-right:6vw;padding-bottom:6vw;padding-left:6vw\">\n<div class=\"wp-block-group alignwide is-vertical is-nowrap is-layout-flex wp-container-core-group-is-layout-7946b6b8 wp-block-group-is-layout-flex\" style=\"padding-top:0;padding-right:0;padding-bottom:0;padding-left:0\">\n<div class=\"wp-block-columns alignwide is-layout-flex wp-container-core-columns-is-layout-21b20327 wp-block-columns-is-layout-flex\">\n<div class=\"wp-block-column is-layout-flow wp-block-column-is-layout-flow\" style=\"flex-basis:33%\">\n<div style=\"height:2vw\" aria-hidden=\"true\" class=\"wp-block-spacer\"><\/div>\n\n\n\n<figure class=\"wp-block-image size-full\"><img loading=\"lazy\" decoding=\"async\" width=\"1015\" height=\"701\" src=\"https:\/\/www.ufmg.br\/mhnjb\/wp-content\/uploads\/2025\/04\/detalhe2.png\" alt=\"\" class=\"wp-image-2026\" style=\"aspect-ratio:3\/4;object-fit:cover\" srcset=\"https:\/\/www.ufmg.br\/mhnjb\/wp-content\/uploads\/2025\/04\/detalhe2.png 1015w, https:\/\/www.ufmg.br\/mhnjb\/wp-content\/uploads\/2025\/04\/detalhe2-300x207.png 300w, https:\/\/www.ufmg.br\/mhnjb\/wp-content\/uploads\/2025\/04\/detalhe2-768x530.png 768w\" sizes=\"auto, (max-width: 1015px) 100vw, 1015px\" \/><\/figure>\n<\/div>\n\n\n\n<div class=\"wp-block-column is-layout-flow wp-block-column-is-layout-flow\" style=\"flex-basis:33.62%\">\n<figure class=\"wp-block-image size-full\"><img loading=\"lazy\" decoding=\"async\" width=\"416\" height=\"739\" src=\"https:\/\/www.ufmg.br\/mhnjb\/wp-content\/uploads\/2025\/04\/2.jpg\" alt=\"\" class=\"wp-image-2027\" style=\"aspect-ratio:3\/4;object-fit:cover\" srcset=\"https:\/\/www.ufmg.br\/mhnjb\/wp-content\/uploads\/2025\/04\/2.jpg 416w, https:\/\/www.ufmg.br\/mhnjb\/wp-content\/uploads\/2025\/04\/2-169x300.jpg 169w\" sizes=\"auto, (max-width: 416px) 100vw, 416px\" \/><\/figure>\n<\/div>\n\n\n\n<div class=\"wp-block-column is-layout-flow wp-block-column-is-layout-flow\" style=\"flex-basis:33.38%\">\n<p class=\"has-custom-cor-5-color has-text-color has-medium-font-size\">O Pipiripau pode ser comparado a um grande teatro de bonecos m\u00f3vel, com suas luzes, efeitos visuais e auditivos. <\/p>\n\n\n\n<p class=\"has-custom-cor-5-color has-text-color has-medium-font-size\">Quando o Pres\u00e9pio entra em funcionamento, os 586 personagens ganham vida e gra\u00e7a ao se movimentarem de maneira precisa e sincronizada, retratando, em suas 45 cenas, a vida do menino Jesus, desde o nascimento \u00e0 ressurrei\u00e7\u00e3o.<\/p>\n<\/div>\n<\/div>\n<\/div>\n<\/div>\n\n\n\n<div class=\"wp-block-group alignwide has-global-padding is-layout-constrained wp-block-group-is-layout-constrained\" style=\"margin-top:var(--wp--preset--spacing--30);margin-bottom:var(--wp--preset--spacing--30)\">\n<div class=\"wp-block-cover alignwide\"><img loading=\"lazy\" decoding=\"async\" width=\"1000\" height=\"665\" class=\"wp-block-cover__image-background wp-image-2031\" alt=\"\" src=\"https:\/\/www.ufmg.br\/mhnjb\/wp-content\/uploads\/2025\/04\/DSC_2630.jpg\" data-object-fit=\"cover\" srcset=\"https:\/\/www.ufmg.br\/mhnjb\/wp-content\/uploads\/2025\/04\/DSC_2630.jpg 1000w, https:\/\/www.ufmg.br\/mhnjb\/wp-content\/uploads\/2025\/04\/DSC_2630-300x200.jpg 300w, https:\/\/www.ufmg.br\/mhnjb\/wp-content\/uploads\/2025\/04\/DSC_2630-768x511.jpg 768w\" sizes=\"auto, (max-width: 1000px) 100vw, 1000px\" \/><span aria-hidden=\"true\" class=\"wp-block-cover__background has-background-dim-30 has-background-dim\"><\/span><div class=\"wp-block-cover__inner-container has-global-padding is-layout-constrained wp-block-cover-is-layout-constrained\">\n<p class=\"has-text-align-center has-custom-cor-5-color has-text-color has-background has-link-color has-medium-font-size wp-elements-025a1cff128602e69439f35ac7e2667c\" style=\"background-color:#fffae691\">De forma singela, o artes\u00e3o Raimundo Machado conseguiu recontar hist\u00f3rias b\u00edblicas num cen\u00e1rio repleto de singularidades. Criado ao longo do s\u00e9culo XX, o imagin\u00e1rio religioso se mesclou \u00e0s percep\u00e7\u00f5es de mundo do artista, sobretudo o que o cercava em seu cotidiano. Imagens de Belo Horizonte dialogam com o per\u00edodo que narra o nascimento de Cristo, pra\u00e7as e fontes da capital se incorporam \u00e0 manjedoura, crian\u00e7as no parque de divers\u00f5es dividem a hist\u00f3ria com os reis magos.<\/p>\n<\/div><\/div>\n<\/div>\n","protected":false},"excerpt":{"rendered":"<p>O Museu de Hist\u00f3ria Natural e Jardim Bot\u00e2nico da UFMG guarda um importante tesouro da arte popular \u2013 o Pres\u00e9pio do Pipiripau, tombado desde 1984 pelo Instituto do Patrim\u00f4nio Hist\u00f3rico e Art\u00edstico Nacional. O Pipiripau pode ser comparado a um grande teatro de bonecos m\u00f3vel, com suas luzes, efeitos visuais e auditivos. Quando o Pres\u00e9pio [&hellip;]<\/p>\n","protected":false},"author":1,"featured_media":0,"parent":2538,"menu_order":0,"comment_status":"closed","ping_status":"closed","template":"wp-custom-template-p-gina-com-menu-opaco","meta":{"footnotes":""},"class_list":["post-1981","page","type-page","status-publish","hentry"],"_links":{"self":[{"href":"https:\/\/www.ufmg.br\/mhnjb\/wp-json\/wp\/v2\/pages\/1981","targetHints":{"allow":["GET"]}}],"collection":[{"href":"https:\/\/www.ufmg.br\/mhnjb\/wp-json\/wp\/v2\/pages"}],"about":[{"href":"https:\/\/www.ufmg.br\/mhnjb\/wp-json\/wp\/v2\/types\/page"}],"author":[{"embeddable":true,"href":"https:\/\/www.ufmg.br\/mhnjb\/wp-json\/wp\/v2\/users\/1"}],"replies":[{"embeddable":true,"href":"https:\/\/www.ufmg.br\/mhnjb\/wp-json\/wp\/v2\/comments?post=1981"}],"version-history":[{"count":65,"href":"https:\/\/www.ufmg.br\/mhnjb\/wp-json\/wp\/v2\/pages\/1981\/revisions"}],"predecessor-version":[{"id":2596,"href":"https:\/\/www.ufmg.br\/mhnjb\/wp-json\/wp\/v2\/pages\/1981\/revisions\/2596"}],"up":[{"embeddable":true,"href":"https:\/\/www.ufmg.br\/mhnjb\/wp-json\/wp\/v2\/pages\/2538"}],"wp:attachment":[{"href":"https:\/\/www.ufmg.br\/mhnjb\/wp-json\/wp\/v2\/media?parent=1981"}],"curies":[{"name":"wp","href":"https:\/\/api.w.org\/{rel}","templated":true}]}}