{"id":2395,"date":"2025-05-29T10:07:14","date_gmt":"2025-05-29T13:07:14","guid":{"rendered":"https:\/\/www.ufmg.br\/mhnjb\/?page_id=2395"},"modified":"2025-07-10T15:16:41","modified_gmt":"2025-07-10T18:16:41","slug":"como-chegar","status":"publish","type":"page","link":"https:\/\/www.ufmg.br\/mhnjb\/contato\/como-chegar\/","title":{"rendered":"Como chegar"},"content":{"rendered":"\n<div class=\"wp-block-group alignfull has-custom-cor-5-color has-custom-cor-1-background-color has-text-color has-background has-link-color wp-elements-261e23e53f51fb3ee45e8c2d9e31427c has-global-padding is-layout-constrained wp-block-group-is-layout-constrained\" id=\"page-title\" style=\"padding-top:var(--wp--preset--spacing--50);padding-bottom:var(--wp--preset--spacing--50)\"><h2 class=\"has-text-align-center alignwide wp-block-post-title\">Como chegar<\/h2><\/div>\n\n\n\n<div class=\"wp-block-group alignwide has-global-padding is-layout-constrained wp-block-group-is-layout-constrained\" style=\"margin-top:var(--wp--preset--spacing--40);margin-bottom:var(--wp--preset--spacing--40)\">\n<div class=\"wp-block-columns alignwide is-layout-flex wp-container-core-columns-is-layout-28f84493 wp-block-columns-is-layout-flex\">\n<div class=\"wp-block-column is-layout-flow wp-container-core-column-is-layout-22223934 wp-block-column-is-layout-flow\">\n<p class=\"has-text-align-center has-base-2-color has-text-color has-link-color has-large-font-size wp-elements-b64f0edf3c10bfff33c58c151cc4e0b5\" style=\"padding-top:10px;padding-bottom:10px;font-style:normal;font-weight:400\"><span class=\"wp-rich-text-font-awesome-icon wp-font-awesome-icon\"><svg aria-hidden=\"true\" focusable=\"false\" data-prefix=\"fas\" data-icon=\"location-dot\" class=\"svg-inline--fa fa-location-dot \" role=\"img\" xmlns=\"http:\/\/www.w3.org\/2000\/svg\" viewBox=\"0 0 384 512\"><path fill=\"currentColor\" d=\"M215.7 499.2C267 435 384 279.4 384 192C384 86 298 0 192 0S0 86 0 192c0 87.4 117 243 168.3 307.2c12.3 15.3 35.1 15.3 47.4 0zM192 128a64 64 0 1 1 0 128 64 64 0 1 1 0-128z\"><\/path><\/svg><\/span> <strong>Endere\u00e7o<\/strong><br>Rua Gustavo da Silveira, 1035 \u2013 bairro Santa In\u00eas \u2013 Belo Horizonte\/MG.<br><\/p>\n\n\n\n<p class=\"has-text-align-center has-base-2-color has-text-color has-link-color has-large-font-size wp-elements-7aa0e23db78a6cbd0f0524db3cb40df4\" style=\"padding-top:10px;padding-bottom:10px;font-style:normal;font-weight:400\"><span class=\"wp-rich-text-font-awesome-icon wp-font-awesome-icon\"><svg aria-hidden=\"true\" focusable=\"false\" data-prefix=\"fas\" data-icon=\"train-subway\" class=\"svg-inline--fa fa-train-subway \" role=\"img\" xmlns=\"http:\/\/www.w3.org\/2000\/svg\" viewBox=\"0 0 448 512\"><path fill=\"currentColor\" d=\"M96 0C43 0 0 43 0 96V352c0 48 35.2 87.7 81.1 94.9l-46 46C28.1 499.9 33.1 512 43 512H82.7c8.5 0 16.6-3.4 22.6-9.4L160 448H288l54.6 54.6c6 6 14.1 9.4 22.6 9.4H405c10 0 15-12.1 7.9-19.1l-46-46c46-7.1 81.1-46.9 81.1-94.9V96c0-53-43-96-96-96H96zM64 128c0-17.7 14.3-32 32-32h80c17.7 0 32 14.3 32 32v96c0 17.7-14.3 32-32 32H96c-17.7 0-32-14.3-32-32V128zM272 96h80c17.7 0 32 14.3 32 32v96c0 17.7-14.3 32-32 32H272c-17.7 0-32-14.3-32-32V128c0-17.7 14.3-32 32-32zM64 352a32 32 0 1 1 64 0 32 32 0 1 1 -64 0zm288-32a32 32 0 1 1 0 64 32 32 0 1 1 0-64z\"><\/path><\/svg><\/span> <strong>Metr\u00f4<\/strong><br>Esta\u00e7\u00e3o Santa In\u00eas.<\/p>\n\n\n\n<p class=\"has-text-align-center has-base-2-color has-text-color has-link-color has-large-font-size wp-elements-410b7e4ae5924dc979191563571192d4\" style=\"padding-top:10px;padding-bottom:10px;font-style:normal;font-weight:400\"><span class=\"wp-rich-text-font-awesome-icon wp-font-awesome-icon\"><svg aria-hidden=\"true\" focusable=\"false\" data-prefix=\"fas\" data-icon=\"bus-simple\" class=\"svg-inline--fa fa-bus-simple \" role=\"img\" xmlns=\"http:\/\/www.w3.org\/2000\/svg\" viewBox=\"0 0 448 512\"><path fill=\"currentColor\" d=\"M224 0C348.8 0 448 35.2 448 80V96 416c0 17.7-14.3 32-32 32v32c0 17.7-14.3 32-32 32H352c-17.7 0-32-14.3-32-32V448H128v32c0 17.7-14.3 32-32 32H64c-17.7 0-32-14.3-32-32l0-32c-17.7 0-32-14.3-32-32V96 80C0 35.2 99.2 0 224 0zM64 128V256c0 17.7 14.3 32 32 32H352c17.7 0 32-14.3 32-32V128c0-17.7-14.3-32-32-32H96c-17.7 0-32 14.3-32 32zM80 400a32 32 0 1 0 0-64 32 32 0 1 0 0 64zm288 0a32 32 0 1 0 0-64 32 32 0 1 0 0 64z\"><\/path><\/svg><\/span> <strong>\u00d4nibus<\/strong><br>Linhas 4600, 4802A, 8001A, 9105, 9205, 9402, 9414, 9550.<\/p>\n<\/div>\n\n\n\n<div class=\"wp-block-column is-layout-flow wp-block-column-is-layout-flow\">\n<div class=\"wp-block-group alignwide has-text-align-center is-layout-flow wp-block-group-is-layout-flow\">\n<iframe src=\"https:\/\/www.google.com\/maps\/embed?pb=!1m18!1m12!1m3!1d15007.246374595095!2d-43.91358365!3d-19.890176!2m3!1f0!2f0!3f0!3m2!1i1024!2i768!4f13.1!3m3!1m2!1s0xa69a4917d9e84d%3A0xfeab02131c7bf933!2sMuseu%20de%20Hist%C3%B3ria%20Natural%20e%20Jardim%20Bot%C3%A2nico%20da%20UFMG!5e0!3m2!1spt-BR!2sbr!4v1713790926210!5m2!1spt-BR!2sbr\" style=\"border:0; width:100%; height:450px;\" allowfullscreen=\"\" loading=\"lazy\" referrerpolicy=\"no-referrer-when-downgrade\"><\/iframe>\n<\/div>\n<\/div>\n<\/div>\n<\/div>\n","protected":false},"excerpt":{"rendered":"<p>Endere\u00e7oRua Gustavo da Silveira, 1035 \u2013 bairro Santa In\u00eas \u2013 Belo Horizonte\/MG. Metr\u00f4Esta\u00e7\u00e3o Santa In\u00eas. \u00d4nibusLinhas 4600, 4802A, 8001A, 9105, 9205, 9402, 9414, 9550.<\/p>\n","protected":false},"author":1,"featured_media":0,"parent":2569,"menu_order":0,"comment_status":"closed","ping_status":"closed","template":"","meta":{"footnotes":""},"class_list":["post-2395","page","type-page","status-publish","hentry"],"_links":{"self":[{"href":"https:\/\/www.ufmg.br\/mhnjb\/wp-json\/wp\/v2\/pages\/2395","targetHints":{"allow":["GET"]}}],"collection":[{"href":"https:\/\/www.ufmg.br\/mhnjb\/wp-json\/wp\/v2\/pages"}],"about":[{"href":"https:\/\/www.ufmg.br\/mhnjb\/wp-json\/wp\/v2\/types\/page"}],"author":[{"embeddable":true,"href":"https:\/\/www.ufmg.br\/mhnjb\/wp-json\/wp\/v2\/users\/1"}],"replies":[{"embeddable":true,"href":"https:\/\/www.ufmg.br\/mhnjb\/wp-json\/wp\/v2\/comments?post=2395"}],"version-history":[{"count":7,"href":"https:\/\/www.ufmg.br\/mhnjb\/wp-json\/wp\/v2\/pages\/2395\/revisions"}],"predecessor-version":[{"id":2403,"href":"https:\/\/www.ufmg.br\/mhnjb\/wp-json\/wp\/v2\/pages\/2395\/revisions\/2403"}],"up":[{"embeddable":true,"href":"https:\/\/www.ufmg.br\/mhnjb\/wp-json\/wp\/v2\/pages\/2569"}],"wp:attachment":[{"href":"https:\/\/www.ufmg.br\/mhnjb\/wp-json\/wp\/v2\/media?parent=2395"}],"curies":[{"name":"wp","href":"https:\/\/api.w.org\/{rel}","templated":true}]}}