{"id":2406,"date":"2025-05-29T11:09:17","date_gmt":"2025-05-29T14:09:17","guid":{"rendered":"https:\/\/www.ufmg.br\/mhnjb\/?page_id=2406"},"modified":"2025-11-14T09:45:51","modified_gmt":"2025-11-14T12:45:51","slug":"perguntas-frequentes","status":"publish","type":"page","link":"https:\/\/www.ufmg.br\/mhnjb\/contato\/perguntas-frequentes\/","title":{"rendered":"Perguntas frequentes"},"content":{"rendered":"\n<div class=\"wp-block-group alignfull has-custom-cor-5-color has-custom-cor-1-background-color has-text-color has-background has-link-color wp-elements-261e23e53f51fb3ee45e8c2d9e31427c has-global-padding is-layout-constrained wp-block-group-is-layout-constrained\" id=\"page-title\" style=\"padding-top:var(--wp--preset--spacing--50);padding-bottom:var(--wp--preset--spacing--50)\"><h2 class=\"has-text-align-center alignwide wp-block-post-title\">Perguntas frequentes<\/h2><\/div>\n\n\n\n<div class=\"wp-block-group alignfull has-custom-cor-5-color has-custom-cor-6-background-color has-text-color has-background has-link-color has-medium-font-size wp-elements-72e09271172ee92e6012ec5ec172ef81 has-global-padding is-layout-constrained wp-container-core-group-is-layout-c3a13640 wp-block-group-is-layout-constrained\" style=\"margin-top:var(--wp--preset--spacing--40);margin-bottom:var(--wp--preset--spacing--40);padding-top:var(--wp--preset--spacing--30);padding-right:var(--wp--preset--spacing--30);padding-bottom:var(--wp--preset--spacing--30);padding-left:var(--wp--preset--spacing--30)\">\n<div class=\"wp-block-group alignwide is-layout-flow wp-block-group-is-layout-flow\">\n<hr class=\"wp-block-separator has-text-color has-custom-cor-1-color has-alpha-channel-opacity has-custom-cor-1-background-color has-background is-style-wide is-style-wide--1\"\/>\n\n\n\n<details class=\"wp-block-details is-style-arrow-icon-details has-custom-cor-1-color has-text-color has-link-color has-medium-font-size wp-elements-9a330e2efb6302cb3561f0dac23a310f is-layout-flow wp-block-details-is-layout-flow\" style=\"border-top-style:none;border-top-width:0px;border-right-style:none;border-right-width:0px;border-bottom-color:var(--wp--preset--color--custom-cor-1);border-bottom-style:solid;border-bottom-width:1px;border-left-style:none;border-left-width:0px;margin-top:0;padding-top:10px;padding-bottom:10px;font-style:normal;font-weight:700\"><summary>QUANTO CUSTA O INGRESSO?<\/summary>\n<p class=\"has-base-2-color has-text-color has-link-color has-medium-font-size wp-elements-aa4cb1a096b974e218b8850a0e6ca23c\" style=\"padding-top:10px;padding-bottom:10px;font-style:normal;font-weight:400\">Visita <strong>espont\u00e2nea<\/strong>: gratuito.<\/p>\n\n\n\n<p class=\"has-base-2-color has-text-color has-link-color has-medium-font-size wp-elements-c7c5f6af2ed89e2e3c1c25c7a9e5c91b\" style=\"padding-top:10px;padding-bottom:10px;font-style:normal;font-weight:400\">Visita <strong>agendada em grupo<\/strong>: R$ 12,00 por pessoa. Desconto para escolas e institui\u00e7\u00f5es p\u00fablicas.<\/p>\n\n\n\n<p class=\"has-base-2-color has-text-color has-link-color has-medium-font-size wp-elements-0d65c776948083fb522bea91981cef11\" style=\"padding-top:10px;padding-bottom:10px;font-style:normal;font-weight:400\"><strong>Isentos<\/strong>: acima de 60 anos, estudantes UFMG, funcion\u00e1rios UFMG. Est\u00e3o isentos tamb\u00e9m os professores ou os respons\u00e1veis por acompanhar os grupos.<\/p>\n<\/details>\n\n\n\n<details class=\"wp-block-details is-style-arrow-icon-details has-custom-cor-1-color has-text-color has-link-color has-medium-font-size wp-elements-fc8adb42a86b79627b2410ce87d077df is-layout-flow wp-block-details-is-layout-flow\" style=\"border-top-style:none;border-top-width:0px;border-right-style:none;border-right-width:0px;border-bottom-color:var(--wp--preset--color--custom-cor-1);border-bottom-style:solid;border-bottom-width:1px;border-left-style:none;border-left-width:0px;margin-top:0;padding-top:10px;padding-bottom:10px;font-style:normal;font-weight:700\"><summary>\u00c9 NECESS\u00c1RIO AGENDAR VISITA?<\/summary>\n<p class=\"has-base-2-color has-text-color has-link-color has-medium-font-size wp-elements-1f933e5103c717afa87b30bc937abd8b\" style=\"padding-top:10px;padding-bottom:10px;font-style:normal;font-weight:400\">Para o recebimento de grupos com mais de 10 pessoas, como escolas, institui\u00e7\u00f5es ou particular, \u00e9 indispens\u00e1vel o agendamento. No caso de pessoas que desejam visitar o Museu, sem media\u00e7\u00e3o, n\u00e3o \u00e9 necess\u00e1rio o agendamento.<\/p>\n<\/details>\n\n\n\n<details class=\"wp-block-details is-style-arrow-icon-details has-custom-cor-1-color has-text-color has-link-color has-medium-font-size wp-elements-b51fc69adde3d62d8889ba1dd832c327 is-layout-flow wp-block-details-is-layout-flow\" style=\"border-top-style:none;border-top-width:0px;border-right-style:none;border-right-width:0px;border-bottom-color:var(--wp--preset--color--custom-cor-1);border-bottom-style:solid;border-bottom-width:1px;border-left-style:none;border-left-width:0px;margin-top:0;padding-top:10px;padding-bottom:10px;font-style:normal;font-weight:700\"><summary>PORQUE \u00c9 INDISPENS\u00c1VEL O AGENDAMENTO DE GRUPOS?<\/summary>\n<p class=\"has-base-2-color has-text-color has-link-color has-medium-font-size wp-elements-6c13aa187405e6f689ea47af2abfd5a9\" style=\"padding-top:10px;padding-bottom:10px;font-style:normal;font-weight:400\">Grupos n\u00e3o agendados podem impactar o andamento das atividades programadas e a circula\u00e7\u00e3o nos espa\u00e7os, especialmente os fechados, que possuem capacidade limitada. Ao agendar, voc\u00ea contribui para uma visita mais organizada, segura e agrad\u00e1vel para todos.<\/p>\n<\/details>\n\n\n\n<details class=\"wp-block-details is-style-arrow-icon-details has-custom-cor-1-color has-text-color has-link-color has-medium-font-size wp-elements-1beb3444ac3960ecd654f86228f48453 is-layout-flow wp-block-details-is-layout-flow\" style=\"border-top-style:none;border-top-width:0px;border-right-style:none;border-right-width:0px;border-bottom-color:var(--wp--preset--color--custom-cor-1);border-bottom-style:solid;border-bottom-width:1px;border-left-style:none;border-left-width:0px;margin-top:0;padding-top:10px;padding-bottom:10px;font-style:normal;font-weight:700\"><summary>QUAL O HOR\u00c1RIO DE FUNCIONAMENTO?<\/summary>\n<p class=\"has-base-2-color has-text-color has-link-color has-medium-font-size wp-elements-56632b3bada5e8b7a386c3a6f37fc744\" style=\"padding-top:10px;padding-bottom:10px;font-style:normal;font-weight:400\">Quarta-feira a s\u00e1bado: 8h30 \u00e0s 16h, perman\u00eancia at\u00e9 17h.<\/p>\n\n\n\n<p class=\"has-base-2-color has-text-color has-link-color has-medium-font-size wp-elements-1a48880f8efdb379b628765298314ce9\" style=\"padding-top:10px;padding-bottom:10px;font-style:normal;font-weight:400\">Fechado nos feriados nacionais e municipais.<\/p>\n<\/details>\n\n\n\n<details class=\"wp-block-details is-style-arrow-icon-details has-custom-cor-1-color has-text-color has-link-color has-medium-font-size wp-elements-4ba88d24fb3d1878346419fd9862000b is-layout-flow wp-block-details-is-layout-flow\" style=\"border-top-style:none;border-top-width:0px;border-right-style:none;border-right-width:0px;border-bottom-color:var(--wp--preset--color--custom-cor-1);border-bottom-style:solid;border-bottom-width:1px;border-left-style:none;border-left-width:0px;margin-top:0;padding-top:10px;padding-bottom:10px;font-style:normal;font-weight:700\"><summary>COMO CHEGAR?<\/summary>\n<p class=\"has-base-2-color has-text-color has-link-color has-medium-font-size wp-elements-73bf8b2492a9a435a03f3aae879d4003\" style=\"padding-top:10px;padding-bottom:10px;font-style:normal;font-weight:400\"><strong>Endere\u00e7o<\/strong>: Rua Gustavo da Silveira, 1035 \u2013 bairro Santa In\u00eas \u2013 Belo Horizonte\/MG.<\/p>\n\n\n\n<p class=\"has-base-2-color has-text-color has-link-color has-medium-font-size wp-elements-42ffa25e8692c49a941d133126f7d65f\" style=\"padding-top:10px;padding-bottom:10px;font-style:normal;font-weight:400\"><strong>Metr\u00f4<\/strong>: esta\u00e7\u00e3o Santa In\u00eas.<\/p>\n\n\n\n<p class=\"has-base-2-color has-text-color has-link-color has-medium-font-size wp-elements-d2d90e3f3ca34056323a8c04737db120\" style=\"padding-top:10px;padding-bottom:10px;font-style:normal;font-weight:400\"><strong>\u00d4nibus<\/strong>: linhas 4600, 4802A, 8001A, 9105, 9205, 9402, 9414, 9550.<\/p>\n<\/details>\n\n\n\n<div style=\"margin-top:var(--wp--preset--spacing--10);margin-bottom:0;height:var(--wp--preset--spacing--10)\" aria-hidden=\"true\" class=\"wp-block-spacer\"><\/div>\n<\/div>\n<\/div>\n\n\n\n<p><\/p>\n","protected":false},"excerpt":{"rendered":"","protected":false},"author":1,"featured_media":0,"parent":2569,"menu_order":0,"comment_status":"closed","ping_status":"closed","template":"","meta":{"footnotes":""},"class_list":["post-2406","page","type-page","status-publish","hentry"],"_links":{"self":[{"href":"https:\/\/www.ufmg.br\/mhnjb\/wp-json\/wp\/v2\/pages\/2406","targetHints":{"allow":["GET"]}}],"collection":[{"href":"https:\/\/www.ufmg.br\/mhnjb\/wp-json\/wp\/v2\/pages"}],"about":[{"href":"https:\/\/www.ufmg.br\/mhnjb\/wp-json\/wp\/v2\/types\/page"}],"author":[{"embeddable":true,"href":"https:\/\/www.ufmg.br\/mhnjb\/wp-json\/wp\/v2\/users\/1"}],"replies":[{"embeddable":true,"href":"https:\/\/www.ufmg.br\/mhnjb\/wp-json\/wp\/v2\/comments?post=2406"}],"version-history":[{"count":4,"href":"https:\/\/www.ufmg.br\/mhnjb\/wp-json\/wp\/v2\/pages\/2406\/revisions"}],"predecessor-version":[{"id":3215,"href":"https:\/\/www.ufmg.br\/mhnjb\/wp-json\/wp\/v2\/pages\/2406\/revisions\/3215"}],"up":[{"embeddable":true,"href":"https:\/\/www.ufmg.br\/mhnjb\/wp-json\/wp\/v2\/pages\/2569"}],"wp:attachment":[{"href":"https:\/\/www.ufmg.br\/mhnjb\/wp-json\/wp\/v2\/media?parent=2406"}],"curies":[{"name":"wp","href":"https:\/\/api.w.org\/{rel}","templated":true}]}}