{"id":2410,"date":"2025-05-29T16:30:13","date_gmt":"2025-05-29T19:30:13","guid":{"rendered":"https:\/\/www.ufmg.br\/mhnjb\/?page_id=2410"},"modified":"2025-09-10T09:23:48","modified_gmt":"2025-09-10T12:23:48","slug":"regras","status":"publish","type":"page","link":"https:\/\/www.ufmg.br\/mhnjb\/visite\/regras\/","title":{"rendered":"Regras"},"content":{"rendered":"\n<div class=\"wp-block-group alignfull has-custom-cor-5-color has-custom-cor-1-background-color has-text-color has-background has-link-color wp-elements-261e23e53f51fb3ee45e8c2d9e31427c has-global-padding is-layout-constrained wp-block-group-is-layout-constrained\" id=\"page-title\" style=\"padding-top:var(--wp--preset--spacing--50);padding-bottom:var(--wp--preset--spacing--50)\"><h2 class=\"has-text-align-center alignwide wp-block-post-title\">Regras<\/h2><\/div>\n\n\n\n<div class=\"wp-block-group alignwide has-custom-cor-5-color has-custom-cor-6-background-color has-text-color has-background has-link-color has-medium-font-size wp-elements-9d2c04f71f17dddd671f845a380c7f3c has-global-padding is-layout-constrained wp-container-core-group-is-layout-34d7f7af wp-block-group-is-layout-constrained\" style=\"margin-top:var(--wp--preset--spacing--40);margin-bottom:var(--wp--preset--spacing--40);padding-top:var(--wp--preset--spacing--30);padding-right:var(--wp--preset--spacing--30);padding-bottom:var(--wp--preset--spacing--30);padding-left:var(--wp--preset--spacing--30)\">\n<div class=\"wp-block-group alignwide is-layout-flow wp-block-group-is-layout-flow\">\n<hr class=\"wp-block-separator has-text-color has-custom-cor-1-color has-alpha-channel-opacity has-custom-cor-1-background-color has-background is-style-wide is-style-wide--1\"\/>\n\n\n\n<details class=\"wp-block-details is-style-arrow-icon-details has-custom-cor-1-color has-text-color has-link-color has-medium-font-size wp-elements-cb4e8c51aab6b855ef110e9082c2ed0d is-layout-flow wp-container-core-details-is-layout-c0771f79 wp-block-details-is-layout-flow\" style=\"border-top-style:none;border-top-width:0px;border-right-style:none;border-right-width:0px;border-bottom-color:var(--wp--preset--color--custom-cor-1);border-bottom-style:solid;border-bottom-width:1px;border-left-style:none;border-left-width:0px;margin-top:0;padding-top:10px;padding-bottom:10px;font-style:normal;font-weight:700\"><summary>REGRAS DE VISITA\u00c7\u00c3O<\/summary>\n<p class=\"has-base-2-color has-text-color has-link-color has-medium-font-size wp-elements-ffc6a3fd250ce75b19a4f267c46c2bbd\" style=\"padding-top:0;padding-bottom:0;font-style:normal;font-weight:400\">Pedimos aos visitantes aten\u00e7\u00e3o para as seguintes regras:<\/p>\n\n\n\n<p>N\u00e3o \u00e9 permitido:<\/p>\n\n\n\n<ul style=\"margin-bottom:var(--wp--preset--spacing--20);font-style:normal;font-weight:400\" class=\"wp-block-list\">\n<li>Ingressar no Museu portando: bebida alco\u00f3lica, instrumento ou aparelho musical, pipa, bicicleta, skate ou bola.<\/li>\n\n\n\n<li>Ingressar no Museu com animais de estima\u00e7\u00e3o \u2013 ser\u00e3o abertas exce\u00e7\u00f5es para c\u00e3es-guia.<\/li>\n\n\n\n<li>Entrar nas trilhas sem a companhia de monitores.<\/li>\n\n\n\n<li>Colher flores e frutos, arrancar mudas ou qualquer material sem autoriza\u00e7\u00e3o pr\u00e9via.<\/li>\n\n\n\n<li>Alimentar ou maltratar os animais.<\/li>\n\n\n\n<li>Utilizar celular e consumir alimentos dentro das exposi\u00e7\u00f5es.<\/li>\n\n\n\n<li>Tocar nas pe\u00e7as expostas, exceto nos casos em que a intera\u00e7\u00e3o for permitida pelos educadores.<\/li>\n<\/ul>\n\n\n\n<p>Recomendamos aos visitantes:<\/p>\n\n\n\n<ul style=\"margin-bottom:var(--wp--preset--spacing--20);font-style:normal;font-weight:400\" class=\"wp-block-list\">\n<li>Utilizar sempre o espa\u00e7o da cantina para lanches.<\/li>\n\n\n\n<li>Utilizar sempre as lixeiras dispon\u00edveis nas \u00e1reas de exposi\u00e7\u00e3o, lembrando que as mesmas n\u00e3o est\u00e3o dispon\u00edveis ao longo das trilhas.<\/li>\n\n\n\n<li>Ter cuidado com f\u00f3sforo e cigarro pois eles podem ocasionar inc\u00eandios.<\/li>\n<\/ul>\n\n\n\n<p>Informamos aos visitantes que:<\/p>\n\n\n\n<ul style=\"margin-bottom:var(--wp--preset--spacing--20);font-style:normal;font-weight:400\" class=\"wp-block-list\">\n<li>A entrada de ve\u00edculos s\u00f3 ser\u00e1 permitida em casos especiais e mediante autoriza\u00e7\u00e3o da portaria.Visita <strong>espont\u00e2nea<\/strong>: gratuito.<\/li>\n\n\n\n<li>A realiza\u00e7\u00e3o de piqueniques \u00e9 permitida, mas apenas nas \u00e1reas destinadas para este uso, tendo o cuidado de mant\u00ea-las limpas. N\u00e3o ser\u00e1 permitido nenhum comprometimento f\u00edsico ou visual dessas \u00e1reas.<\/li>\n<\/ul>\n<\/details>\n\n\n\n<details class=\"wp-block-details is-style-arrow-icon-details has-custom-cor-1-color has-text-color has-link-color has-medium-font-size wp-elements-3033b3cb417251e42179f236ef928a4c is-layout-flow wp-container-core-details-is-layout-c0771f79 wp-block-details-is-layout-flow\" style=\"border-top-style:none;border-top-width:0px;border-right-style:none;border-right-width:0px;border-bottom-color:var(--wp--preset--color--custom-cor-1);border-bottom-style:solid;border-bottom-width:1px;border-left-style:none;border-left-width:0px;margin-top:0;padding-top:10px;padding-bottom:10px;font-style:normal;font-weight:700\"><summary>REGRAS PARA REALIZA\u00c7\u00c3O DE PEQUENAS COMEMORA\u00c7\u00d5ES PARTICULARES<\/summary>\n<p style=\"font-style:normal;font-weight:400\">Poder\u00e3o ser realizadas (<strong>em forma de piqueniques, com at\u00e9 20 pessoas<\/strong>), observado o hor\u00e1rio de funcionamento do MHNJB.<\/p>\n\n\n\n<p style=\"font-style:normal;font-weight:400\">Os <strong>espa\u00e7os permitidos<\/strong> s\u00e3o: Largo da Barriguda, os Anfiteatros da Mata e da Arqueologia, Contos e Lendas e Mirante da Lagoa (segundo mapa de visita\u00e7\u00e3o), desde que n\u00e3o estejam sendo utilizados pelo Museu, os quais poder\u00e3o ser solicitados a qualquer momento.<\/p>\n\n\n\n<p style=\"font-style:normal;font-weight:400\"><strong>N\u00e3o \u00e9 permitido<\/strong>:<\/p>\n\n\n\n<ul style=\"font-style:normal;font-weight:400\" class=\"wp-block-list\">\n<li>Animadores de festa, instrumentos musicais ou apitos e aparelhos de som;<\/li>\n\n\n\n<li>A montagem de qualquer tipo de estrutura (pain\u00e9is decorativos), bal\u00f5es ou similares;<\/li>\n\n\n\n<li>Consumo bebidas alco\u00f3licas e uso de churrasqueira;<\/li>\n\n\n\n<li>Utilizar mesas e cadeiras pl\u00e1sticas do museu, que s\u00e3o espec\u00edficas de cada setor;<\/li>\n\n\n\n<li>Garrafas de vidro, piscina de bolinha, pula-pula ou similares;<\/li>\n\n\n\n<li>Skate, patins e bicicletas, bolas e pipas ou similares;<\/li>\n\n\n\n<li>Alimentar os animais;<\/li>\n\n\n\n<li>Entrada de animais de estima\u00e7\u00e3o;<\/li>\n\n\n\n<li>Entrada de ve\u00edculos. Sendo concedido acesso, exclusivamente, para o transporte de pessoas com dificuldade de locomo\u00e7\u00e3o e pessoas com defici\u00eancia (PCD).<\/li>\n<\/ul>\n\n\n\n<p style=\"font-style:normal;font-weight:400\">O lixo produzido deve ser recolhido e colocado em lixeiras pr\u00f3prias.<\/p>\n\n\n\n<p style=\"font-style:normal;font-weight:400\"><strong>Caso o visitante tenha interesse em participar de a\u00e7\u00f5es educativas<\/strong>, <strong>mediadas por educadores do Museu<\/strong> (atrav\u00e9s de acompanhamento individualizado, com roteiros pr\u00e9-definidos), dever\u00e1 ser feito um <strong>agendamento pr\u00e9vio<\/strong> no site do MHNJB, na op\u00e7\u00e3o: Agendamento de grupos, sendo cobrado um valor de R$ 12,00 reais por participante.<\/p>\n<\/details>\n\n\n\n<details class=\"wp-block-details is-style-arrow-icon-details has-custom-cor-1-color has-text-color has-link-color has-medium-font-size wp-elements-191d93e886a05eb6f112067552c9f737 is-layout-flow wp-container-core-details-is-layout-c0771f79 wp-block-details-is-layout-flow\" style=\"border-top-style:none;border-top-width:0px;border-right-style:none;border-right-width:0px;border-bottom-color:var(--wp--preset--color--custom-cor-1);border-bottom-style:solid;border-bottom-width:1px;border-left-style:none;border-left-width:0px;margin-top:0;padding-top:10px;padding-bottom:10px;font-style:normal;font-weight:700\"><summary>REGRAS PARA FOTOS OU FILMAGENS SEM FINS COMERCIAIS (NOIVAS, GESTANTES, DEBUTANTES)<\/summary>\n<p class=\"has-base-2-color has-text-color has-link-color has-medium-font-size wp-elements-278154a833c0b5fd90ba0ad4982ffba0\" style=\"font-style:normal;font-weight:400\">As sess\u00f5es fotogr\u00e1ficas ser\u00e3o realizadas \u00e0s segundas ou ter\u00e7as feiras, mediante agendamento pr\u00e9vio e pagamento de taxa (R$ 150,00), com o tempo de dura\u00e7\u00e3o de at\u00e9 2h30.<\/p>\n\n\n\n<p style=\"font-style:normal;font-weight:400\">N\u00e3o \u00e9 permitido fotografar dentro das exposi\u00e7\u00f5es, usar p\u00e9talas de flores, arroz ou algo que comprometa a limpeza do museu.<\/p>\n\n\n\n<p style=\"font-style:normal;font-weight:400\">A realiza\u00e7\u00e3o de produ\u00e7\u00e3o fotogr\u00e1fica ou filmagens para fins comerciais, tamb\u00e9m n\u00e3o \u00e9 permitida.<\/p>\n\n\n\n<p class=\"has-base-2-color has-text-color has-link-color has-medium-font-size wp-elements-bc8c692f79dcc9d97b118a096bf12344\" style=\"font-style:normal;font-weight:400\">Para agendamento, entrar em contato atrav\u00e9s do e-mail <a href=\"mailto:ssgerais@mhnjb.ufmg.br\">ssgerais@mhnjb.ufmg.br<\/a>, informando nome, CPF, telefone, e data pretendida.<\/p>\n<\/details>\n\n\n\n<details class=\"wp-block-details is-style-arrow-icon-details has-custom-cor-1-color has-text-color has-link-color has-medium-font-size wp-elements-d135beb0d4ef959c6b061adf57132cd9 is-layout-flow wp-container-core-details-is-layout-c0771f79 wp-block-details-is-layout-flow\" style=\"border-top-style:none;border-top-width:0px;border-right-style:none;border-right-width:0px;border-bottom-color:var(--wp--preset--color--custom-cor-1);border-bottom-style:solid;border-bottom-width:1px;border-left-style:none;border-left-width:0px;margin-top:0;padding-top:10px;padding-bottom:10px;font-style:normal;font-weight:700\"><summary>REGRAS PARA REALIZA\u00c7\u00c3O DE COMEMORA\u00c7\u00d5ES DE ANIVERS\u00c1RIO<\/summary>\n<p class=\"has-base-2-color has-text-color has-link-color has-medium-font-size wp-elements-6ff4f051c4356ee136952bc0d0366637\" style=\"font-style:normal;font-weight:400\">O agendamento deve ser solicitado atrav\u00e9s do site, na se\u00e7\u00e3o Agendamento de grupos.<\/p>\n\n\n\n<p class=\"has-link-color has-medium-font-size wp-elements-eaf78a60ed8375b702f97bb19d20ea80\" style=\"font-style:normal;font-weight:400\">Hor\u00e1rio de realiza\u00e7\u00e3o (quarta a s\u00e1bado) \u2013 (8h30 as 11h30 ou 13h30 \u00e0s 16h30). O museu n\u00e3o abre aos domingos e feriados.<\/p>\n\n\n\n<p class=\"has-link-color has-medium-font-size wp-elements-f30ec7d9ac8bd3da7f8e81f3eef7ed0f\" style=\"font-style:normal;font-weight:400\">O agendamento n\u00e3o ser\u00e1 confirmado, caso a data solicitada, coincida com a realiza\u00e7\u00e3o de evento promovido pelo MHNJB.<\/p>\n\n\n\n<p class=\"has-link-color has-medium-font-size wp-elements-a6b4e7a26a9df9e39a05b5efcc8f7917\" style=\"font-style:normal;font-weight:400\">Ser\u00e1 cobrada taxa de R$ 12,00 por pessoa (incluindo crian\u00e7as).<\/p>\n\n\n\n<p class=\"has-link-color has-medium-font-size wp-elements-d162e855e4cf907c27ba6ad5d0f26b66\" style=\"font-style:normal;font-weight:400\">O solicitante receber\u00e1, junto a confirma\u00e7\u00e3o do agendamento, um boleto. Ap\u00f3s efetuar o pagamento, uma c\u00f3pia do comprovante dever\u00e1 ser enviada para o email <a href=\"mailto:agendamentocenex@mhnjb.ufmg.br\">agendamentocenex@mhnjb.ufmg.br<\/a>.<\/p>\n\n\n\n<p class=\"has-link-color has-medium-font-size wp-elements-50aa0986d9ae5ef06f6cf7622356bba0\" style=\"font-style:normal;font-weight:400\">A entrada dos convidados dever\u00e1 ser em grupo e este dever\u00e1 utilizar prioritariamente o espa\u00e7o da Cantina do MHNJB para o lanche e coloca\u00e7\u00e3o do bolo.<\/p>\n\n\n\n<p class=\"has-link-color has-medium-font-size wp-elements-a40da7f3afdcc694de25b53c6b54dc89\" style=\"font-style:normal;font-weight:400\">\u00c9 vedado o consumo de bebidas alco\u00f3licas, uso de garrafas de vidro, brinquedos, aparelhos ou instrumentos musicais, apitos, bal\u00f5es, skate, bicicletas, bolas, pipas, animais de estima\u00e7\u00e3o.<\/p>\n\n\n\n<p class=\"has-link-color has-medium-font-size wp-elements-83ea830a0393378bd0c71da6d1849098\" style=\"font-style:normal;font-weight:400\">N\u00e3o \u00e9 permitido o uso de pain\u00e9is, bal\u00f5es, caixas de som e animador de festa.<\/p>\n\n\n\n<p class=\"has-link-color has-medium-font-size wp-elements-9522d539ec6364f7e12fcc40d1181ce6\" style=\"font-style:normal;font-weight:400\">Ser\u00e1 permitida somente a entrada do ve\u00edculo de transporte dos materiais, alimentos e bebidas.<\/p>\n\n\n\n<p class=\"has-link-color has-medium-font-size wp-elements-961cb1bfde4557956674bbc569a68a5d\" style=\"font-style:normal;font-weight:400\">N\u00e3o \u00e9 permitido alimentar os animais da \u00e1rea, colher flores ou frutos ou subir nas \u00e1rvores.<\/p>\n\n\n\n<p class=\"has-link-color has-medium-font-size wp-elements-8a53c7b1d03ce9a295b41dffc513f35f\" style=\"font-style:normal;font-weight:400\">O lixo produzido deve ser recolhido e colocado em lixeiras pr\u00f3prias;<\/p>\n\n\n\n<p class=\"has-link-color has-medium-font-size wp-elements-da8e62b1af088b7e16cea68e46c96cc0\" style=\"font-style:normal;font-weight:400\">O grupo ser\u00e1 acompanhado por um educador do Setor Educativo do Museu, que realizar\u00e1 a atividade solicitada no momento do agendamento.<\/p>\n\n\n\n<p class=\"has-link-color has-medium-font-size wp-elements-c8810a802da2b3f98d0be6d3ab52e033\" style=\"font-style:normal;font-weight:400\">As crian\u00e7as dever\u00e3o visitar os espa\u00e7os expositivos acompanhadas dos pais ou respons\u00e1veis.<\/p>\n\n\n\n<p class=\"has-base-2-color has-text-color has-link-color has-medium-font-size wp-elements-943c08714c20b84046231e1eff9e386c\" style=\"font-style:normal;font-weight:400\">Mais informa\u00e7\u00f5es atrav\u00e9s do e-mail <a href=\"mailto:agendamentocenex@mhnjb.ufmg.br\">agendamentocenex@mhnjb.ufmg.br<\/a>.<\/p>\n<\/details>\n\n\n\n<div style=\"margin-top:var(--wp--preset--spacing--10);margin-bottom:0;height:var(--wp--preset--spacing--10)\" aria-hidden=\"true\" class=\"wp-block-spacer\"><\/div>\n<\/div>\n<\/div>\n","protected":false},"excerpt":{"rendered":"","protected":false},"author":1,"featured_media":0,"parent":2529,"menu_order":0,"comment_status":"closed","ping_status":"closed","template":"","meta":{"footnotes":""},"class_list":["post-2410","page","type-page","status-publish","hentry"],"_links":{"self":[{"href":"https:\/\/www.ufmg.br\/mhnjb\/wp-json\/wp\/v2\/pages\/2410","targetHints":{"allow":["GET"]}}],"collection":[{"href":"https:\/\/www.ufmg.br\/mhnjb\/wp-json\/wp\/v2\/pages"}],"about":[{"href":"https:\/\/www.ufmg.br\/mhnjb\/wp-json\/wp\/v2\/types\/page"}],"author":[{"embeddable":true,"href":"https:\/\/www.ufmg.br\/mhnjb\/wp-json\/wp\/v2\/users\/1"}],"replies":[{"embeddable":true,"href":"https:\/\/www.ufmg.br\/mhnjb\/wp-json\/wp\/v2\/comments?post=2410"}],"version-history":[{"count":17,"href":"https:\/\/www.ufmg.br\/mhnjb\/wp-json\/wp\/v2\/pages\/2410\/revisions"}],"predecessor-version":[{"id":2890,"href":"https:\/\/www.ufmg.br\/mhnjb\/wp-json\/wp\/v2\/pages\/2410\/revisions\/2890"}],"up":[{"embeddable":true,"href":"https:\/\/www.ufmg.br\/mhnjb\/wp-json\/wp\/v2\/pages\/2529"}],"wp:attachment":[{"href":"https:\/\/www.ufmg.br\/mhnjb\/wp-json\/wp\/v2\/media?parent=2410"}],"curies":[{"name":"wp","href":"https:\/\/api.w.org\/{rel}","templated":true}]}}