{"id":2526,"date":"2025-07-10T12:41:11","date_gmt":"2025-07-10T15:41:11","guid":{"rendered":"https:\/\/www.ufmg.br\/mhnjb\/?page_id=2526"},"modified":"2025-08-05T16:25:03","modified_gmt":"2025-08-05T19:25:03","slug":"quem-somos","status":"publish","type":"page","link":"https:\/\/www.ufmg.br\/mhnjb\/quem-somos\/","title":{"rendered":"Quem somos"},"content":{"rendered":"\n<div class=\"wp-block-group alignfull has-custom-cor-5-color has-custom-cor-1-background-color has-text-color has-background has-link-color wp-elements-261e23e53f51fb3ee45e8c2d9e31427c has-global-padding is-layout-constrained wp-block-group-is-layout-constrained\" id=\"page-title\" style=\"padding-top:var(--wp--preset--spacing--50);padding-bottom:var(--wp--preset--spacing--50)\"><h2 class=\"has-text-align-center alignwide wp-block-post-title\">Quem somos<\/h2><\/div>\n\n\n\n<div style=\"background-position:50% 50%;\" class=\"wp-block-group alignfull has-custom-color-1-background-color has-background has-global-padding is-layout-constrained wp-block-group-is-layout-constrained\" id=\"quem-somos\">\n<div style=\"height:50px\" aria-hidden=\"true\" class=\"wp-block-spacer\"><\/div>\n\n\n\n<div class=\"wp-block-columns alignwide are-vertically-aligned-center is-layout-flex wp-container-core-columns-is-layout-35ac80d6 wp-block-columns-is-layout-flex\" style=\"padding-right:var(--wp--preset--spacing--20);padding-left:var(--wp--preset--spacing--20)\">\n<div class=\"wp-block-column is-vertically-aligned-center has-contrast-color has-custom-cor-6-background-color has-text-color has-background has-link-color wp-elements-c627d6ac2c25542e0f0116a7b3fe0ad0 is-layout-flow wp-container-core-column-is-layout-975f73a1 wp-block-column-is-layout-flow\" style=\"padding-top:var(--wp--preset--spacing--30);padding-right:var(--wp--preset--spacing--30);padding-bottom:var(--wp--preset--spacing--30);padding-left:var(--wp--preset--spacing--30);flex-basis:33.33%\">\n<h2 class=\"wp-block-heading title-opacity has-custom-cor-5-color has-text-color has-link-color wp-elements-5bd3a9e2d87699bbf62f69e0d0d19522\"><strong>Quem somos<\/strong><\/h2>\n\n\n\n<p class=\"has-custom-cor-5-color has-text-color has-link-color wp-elements-482d1f85731d2c2e78407f500d2f3955\">Situado na cidade de Belo Horizonte\/MG e fundado em 1969, o Museu de Hist\u00f3ria Natural e Jardim Bot\u00e2nico da UFMG tem a miss\u00e3o de ser um espa\u00e7o de encontro de saberes, com o objetivo de contribuir para a constru\u00e7\u00e3o de conhecimentos sobre o patrim\u00f4nio cultural e ambiental por meio da valoriza\u00e7\u00e3o de suas cole\u00e7\u00f5es, a\u00e7\u00f5es educativas, exposi\u00e7\u00f5es e pesquisa.<\/p>\n\n\n\n<p class=\"has-custom-cor-5-color has-text-color has-link-color wp-elements-f201b9c94e51965886fabc615cd6f7f6\">\u00c9 aberto \u00e0 visita\u00e7\u00e3o, onde o p\u00fablico encontra exposi\u00e7\u00f5es nas \u00e1reas de Arqueologia, Bot\u00e2nica, Cartografia Hist\u00f3rica, Documenta\u00e7\u00e3o Bibliogr\u00e1fica e Arquiv\u00edstica, o Pres\u00e9pio do Pipiripau, trilhas na mata, fauna e flora local, e muito mais.<\/p>\n<\/div>\n\n\n\n<div class=\"wp-block-column is-vertically-aligned-center is-layout-flow wp-block-column-is-layout-flow\" style=\"flex-basis:66.66%\">\n<div class=\"wp-block-columns are-vertically-aligned-top is-not-stacked-on-mobile has-custom-cor-5-color has-text-color has-link-color wp-elements-eda76708b048a0d88719c95d5bfd9ab8 is-layout-flex wp-container-core-columns-is-layout-430f08e6 wp-block-columns-is-layout-flex\" id=\"masonry-quem-somos\">\n<div class=\"wp-block-column is-vertically-aligned-top is-layout-flow wp-container-core-column-is-layout-fe0e2ea3 wp-block-column-is-layout-flow\">\n<div class=\"wp-block-group grid-item-short has-custom-cor-2-background-color has-background is-vertical is-content-justification-center is-nowrap is-layout-flex wp-container-core-group-is-layout-881622d7 wp-block-group-is-layout-flex\" style=\"padding-top:10px;padding-right:10px;padding-bottom:10px;padding-left:10px\">\n<p class=\"has-text-align-center\" style=\"font-size:clamp(1.25rem, 1.25rem + ((1vw - 0.2rem) * 1.176), 2rem);\">600 mil m\u00b2<\/p>\n\n\n\n<p class=\"has-text-align-center has-small-font-size\">de \u00e1rea com vegeta\u00e7\u00e3o diversificada e t\u00edpica da Mata Atl\u00e2ntica<\/p>\n<\/div>\n\n\n\n<div style=\"background-image:url(&apos;https:\/\/www.ufmg.br\/mhnjb\/wp-content\/uploads\/2023\/07\/IMG_3690-scaled.jpg&apos;);background-size:cover;\" class=\"wp-block-group grid-item-short is-vertical is-layout-flex wp-container-core-group-is-layout-fe9cc265 wp-block-group-is-layout-flex has-background\"><\/div>\n\n\n\n<div class=\"wp-block-group grid-item-short has-custom-cor-6-background-color has-background is-vertical is-content-justification-center is-nowrap is-layout-flex wp-container-core-group-is-layout-d71b01a4 wp-block-group-is-layout-flex\" style=\"padding-top:10px;padding-right:10px;padding-bottom:10px;padding-left:10px\">\n<p class=\"has-text-align-center\" style=\"font-size:clamp(1.25rem, 1.25rem + ((1vw - 0.2rem) * 1.176), 2rem);\">24 mil<\/p>\n\n\n\n<p class=\"has-text-align-center has-small-font-size\">itens comp\u00f5em o acervo, entre pe\u00e7as e esp\u00e9cimes cient\u00edficos preservados e vivos<\/p>\n<\/div>\n<\/div>\n\n\n\n<div class=\"wp-block-column is-vertically-aligned-top is-layout-flow wp-container-core-column-is-layout-fe0e2ea3 wp-block-column-is-layout-flow\">\n<div style=\"background-image:url(&apos;https:\/\/www.ufmg.br\/mhnjb\/wp-content\/uploads\/2023\/07\/home1.jpg&apos;);background-size:cover;\" class=\"wp-block-group grid-item-tall is-vertical is-layout-flex wp-container-core-group-is-layout-fe9cc265 wp-block-group-is-layout-flex has-background\"><\/div>\n\n\n\n<div class=\"wp-block-group grid-item-tall has-border-color has-custom-cor-2-border-color has-custom-cor-1-color has-custom-color-1-background-color has-text-color has-background has-link-color wp-elements-cf7908daac76b98182494e5911ce1db0 is-vertical is-content-justification-center is-layout-flex wp-container-core-group-is-layout-621d3633 wp-block-group-is-layout-flex\" style=\"border-width:1px;padding-top:10px;padding-right:10px;padding-bottom:10px;padding-left:10px\">\n<p class=\"has-text-align-center has-small-font-size\">Guarda uma biodiversidade de mais de 500 esp\u00e9cies vegetais e 298 esp\u00e9cies animais<\/p>\n<\/div>\n<\/div>\n\n\n\n<div class=\"wp-block-column is-vertically-aligned-top is-layout-flow wp-container-core-column-is-layout-fe0e2ea3 wp-block-column-is-layout-flow\">\n<div style=\"background-image:url(&apos;https:\/\/www.ufmg.br\/mhnjb\/wp-content\/uploads\/2023\/07\/arqueologia-exposicao-scaled-1.jpg&apos;);background-size:cover;\" class=\"wp-block-group grid-item-short is-vertical is-layout-flex wp-container-core-group-is-layout-fe9cc265 wp-block-group-is-layout-flex has-background\"><\/div>\n\n\n\n<div class=\"wp-block-group grid-item-short has-base-color has-custom-cor-7-background-color has-text-color has-background has-link-color wp-elements-5db871a323f814b9372f31a4a0d4b6f7 is-vertical is-content-justification-center is-layout-flex wp-container-core-group-is-layout-621d3633 wp-block-group-is-layout-flex\" style=\"padding-top:10px;padding-right:10px;padding-bottom:10px;padding-left:10px\">\n<p class=\"has-text-align-center\" style=\"font-size:clamp(1.25rem, 1.25rem + ((1vw - 0.2rem) * 1.176), 2rem);\">8<\/p>\n\n\n\n<p class=\"has-text-align-center has-small-font-size\">exposi\u00e7\u00f5es nas \u00e1reas de Arqueologia, Bot\u00e2nica e Cartografia Hist\u00f3rica<\/p>\n<\/div>\n\n\n\n<div style=\"background-image:url(&apos;https:\/\/www.ufmg.br\/mhnjb\/wp-content\/uploads\/2025\/04\/Presepio.png&apos;);background-size:cover;\" class=\"wp-block-group grid-item-short is-vertical is-layout-flex wp-container-core-group-is-layout-fe9cc265 wp-block-group-is-layout-flex has-background\"><\/div>\n<\/div>\n<\/div>\n<\/div>\n<\/div>\n\n\n\n<div style=\"height:50px\" aria-hidden=\"true\" class=\"wp-block-spacer\"><\/div>\n<\/div>\n","protected":false},"excerpt":{"rendered":"","protected":false},"author":1,"featured_media":0,"parent":0,"menu_order":0,"comment_status":"closed","ping_status":"closed","template":"","meta":{"footnotes":""},"class_list":["post-2526","page","type-page","status-publish","hentry"],"_links":{"self":[{"href":"https:\/\/www.ufmg.br\/mhnjb\/wp-json\/wp\/v2\/pages\/2526","targetHints":{"allow":["GET"]}}],"collection":[{"href":"https:\/\/www.ufmg.br\/mhnjb\/wp-json\/wp\/v2\/pages"}],"about":[{"href":"https:\/\/www.ufmg.br\/mhnjb\/wp-json\/wp\/v2\/types\/page"}],"author":[{"embeddable":true,"href":"https:\/\/www.ufmg.br\/mhnjb\/wp-json\/wp\/v2\/users\/1"}],"replies":[{"embeddable":true,"href":"https:\/\/www.ufmg.br\/mhnjb\/wp-json\/wp\/v2\/comments?post=2526"}],"version-history":[{"count":1,"href":"https:\/\/www.ufmg.br\/mhnjb\/wp-json\/wp\/v2\/pages\/2526\/revisions"}],"predecessor-version":[{"id":2527,"href":"https:\/\/www.ufmg.br\/mhnjb\/wp-json\/wp\/v2\/pages\/2526\/revisions\/2527"}],"wp:attachment":[{"href":"https:\/\/www.ufmg.br\/mhnjb\/wp-json\/wp\/v2\/media?parent=2526"}],"curies":[{"name":"wp","href":"https:\/\/api.w.org\/{rel}","templated":true}]}}