{"id":2542,"date":"2025-07-10T13:47:14","date_gmt":"2025-07-10T16:47:14","guid":{"rendered":"https:\/\/www.ufmg.br\/mhnjb\/?page_id=2542"},"modified":"2025-08-05T16:14:18","modified_gmt":"2025-08-05T19:14:18","slug":"ciencia","status":"publish","type":"page","link":"https:\/\/www.ufmg.br\/mhnjb\/ciencia\/","title":{"rendered":"Ci\u00eancia"},"content":{"rendered":"\n<div class=\"wp-block-group alignfull has-custom-cor-5-color has-custom-cor-1-background-color has-text-color has-background has-link-color wp-elements-261e23e53f51fb3ee45e8c2d9e31427c has-global-padding is-layout-constrained wp-block-group-is-layout-constrained\" id=\"page-title\" style=\"padding-top:var(--wp--preset--spacing--50);padding-bottom:var(--wp--preset--spacing--50)\"><h2 class=\"has-text-align-center alignwide wp-block-post-title\">Ci\u00eancia<\/h2><\/div>\n\n\n\n<div class=\"wp-block-group alignwide has-custom-color-1-background-color has-background has-global-padding is-layout-constrained wp-container-core-group-is-layout-52009084 wp-block-group-is-layout-constrained\" style=\"padding-top:var(--wp--preset--spacing--40);padding-right:var(--wp--preset--spacing--40);padding-bottom:var(--wp--preset--spacing--40);padding-left:var(--wp--preset--spacing--40)\">\n<div class=\"wp-block-columns alignwide are-vertically-aligned-center is-not-stacked-on-mobile is-layout-flex wp-container-core-columns-is-layout-954ec4bb wp-block-columns-is-layout-flex\" style=\"padding-right:var(--wp--preset--spacing--40);padding-left:var(--wp--preset--spacing--40)\">\n<div class=\"wp-block-column is-vertically-aligned-center is-layout-flow wp-block-column-is-layout-flow\" style=\"flex-basis:40%\">\n<figure class=\"wp-block-gallery has-nested-images columns-default is-cropped wp-block-gallery-1 is-layout-flex wp-block-gallery-is-layout-flex\">\n<figure class=\"wp-block-image size-large\"><img loading=\"lazy\" decoding=\"async\" width=\"1024\" height=\"685\" data-id=\"1808\" src=\"https:\/\/www.ufmg.br\/mhnjb\/wp-content\/uploads\/2025\/03\/DSC_3273-1024x685.jpg\" alt=\"\" class=\"wp-image-1808\" srcset=\"https:\/\/www.ufmg.br\/mhnjb\/wp-content\/uploads\/2025\/03\/DSC_3273-1024x685.jpg 1024w, https:\/\/www.ufmg.br\/mhnjb\/wp-content\/uploads\/2025\/03\/DSC_3273-300x201.jpg 300w, https:\/\/www.ufmg.br\/mhnjb\/wp-content\/uploads\/2025\/03\/DSC_3273-768x514.jpg 768w, https:\/\/www.ufmg.br\/mhnjb\/wp-content\/uploads\/2025\/03\/DSC_3273-1536x1028.jpg 1536w, https:\/\/www.ufmg.br\/mhnjb\/wp-content\/uploads\/2025\/03\/DSC_3273-2048x1371.jpg 2048w\" sizes=\"auto, (max-width: 1024px) 100vw, 1024px\" \/><\/figure>\n\n\n\n<figure class=\"wp-block-image size-large\"><img loading=\"lazy\" decoding=\"async\" width=\"1024\" height=\"768\" data-id=\"1807\" src=\"https:\/\/www.ufmg.br\/mhnjb\/wp-content\/uploads\/2025\/03\/IMG_3611-1024x768.jpg\" alt=\"\" class=\"wp-image-1807\" srcset=\"https:\/\/www.ufmg.br\/mhnjb\/wp-content\/uploads\/2025\/03\/IMG_3611-1024x768.jpg 1024w, https:\/\/www.ufmg.br\/mhnjb\/wp-content\/uploads\/2025\/03\/IMG_3611-300x225.jpg 300w, https:\/\/www.ufmg.br\/mhnjb\/wp-content\/uploads\/2025\/03\/IMG_3611-768x576.jpg 768w, https:\/\/www.ufmg.br\/mhnjb\/wp-content\/uploads\/2025\/03\/IMG_3611-1536x1152.jpg 1536w, https:\/\/www.ufmg.br\/mhnjb\/wp-content\/uploads\/2025\/03\/IMG_3611-2048x1536.jpg 2048w\" sizes=\"auto, (max-width: 1024px) 100vw, 1024px\" \/><\/figure>\n\n\n\n<figure class=\"wp-block-image size-large\"><img loading=\"lazy\" decoding=\"async\" width=\"1024\" height=\"685\" data-id=\"1817\" src=\"https:\/\/www.ufmg.br\/mhnjb\/wp-content\/uploads\/2025\/03\/DSC_3445-1024x685.jpg\" alt=\"\" class=\"wp-image-1817\" srcset=\"https:\/\/www.ufmg.br\/mhnjb\/wp-content\/uploads\/2025\/03\/DSC_3445-1024x685.jpg 1024w, https:\/\/www.ufmg.br\/mhnjb\/wp-content\/uploads\/2025\/03\/DSC_3445-300x201.jpg 300w, https:\/\/www.ufmg.br\/mhnjb\/wp-content\/uploads\/2025\/03\/DSC_3445-768x514.jpg 768w, https:\/\/www.ufmg.br\/mhnjb\/wp-content\/uploads\/2025\/03\/DSC_3445-1536x1028.jpg 1536w, https:\/\/www.ufmg.br\/mhnjb\/wp-content\/uploads\/2025\/03\/DSC_3445-2048x1370.jpg 2048w\" sizes=\"auto, (max-width: 1024px) 100vw, 1024px\" \/><\/figure>\n\n\n\n<figure class=\"wp-block-image size-large\"><img loading=\"lazy\" decoding=\"async\" width=\"739\" height=\"739\" data-id=\"1824\" src=\"https:\/\/www.ufmg.br\/mhnjb\/wp-content\/uploads\/2025\/03\/IMG-20241029-WA0040.jpg\" alt=\"\" class=\"wp-image-1824\" srcset=\"https:\/\/www.ufmg.br\/mhnjb\/wp-content\/uploads\/2025\/03\/IMG-20241029-WA0040.jpg 739w, https:\/\/www.ufmg.br\/mhnjb\/wp-content\/uploads\/2025\/03\/IMG-20241029-WA0040-300x300.jpg 300w, https:\/\/www.ufmg.br\/mhnjb\/wp-content\/uploads\/2025\/03\/IMG-20241029-WA0040-150x150.jpg 150w\" sizes=\"auto, (max-width: 739px) 100vw, 739px\" \/><\/figure>\n\n\n\n<figure class=\"wp-block-image size-large\"><img loading=\"lazy\" decoding=\"async\" width=\"1024\" height=\"685\" data-id=\"1830\" src=\"https:\/\/www.ufmg.br\/mhnjb\/wp-content\/uploads\/2025\/03\/DSC_2619-1024x685.jpg\" alt=\"\" class=\"wp-image-1830\" srcset=\"https:\/\/www.ufmg.br\/mhnjb\/wp-content\/uploads\/2025\/03\/DSC_2619-1024x685.jpg 1024w, https:\/\/www.ufmg.br\/mhnjb\/wp-content\/uploads\/2025\/03\/DSC_2619-300x201.jpg 300w, https:\/\/www.ufmg.br\/mhnjb\/wp-content\/uploads\/2025\/03\/DSC_2619-768x514.jpg 768w, https:\/\/www.ufmg.br\/mhnjb\/wp-content\/uploads\/2025\/03\/DSC_2619-1536x1028.jpg 1536w, https:\/\/www.ufmg.br\/mhnjb\/wp-content\/uploads\/2025\/03\/DSC_2619-2048x1370.jpg 2048w\" sizes=\"auto, (max-width: 1024px) 100vw, 1024px\" \/><\/figure>\n\n\n\n<figure class=\"wp-block-image size-large\"><img loading=\"lazy\" decoding=\"async\" width=\"1024\" height=\"768\" data-id=\"1829\" src=\"https:\/\/www.ufmg.br\/mhnjb\/wp-content\/uploads\/2025\/03\/DSC03046-1024x768.jpg\" alt=\"\" class=\"wp-image-1829\" srcset=\"https:\/\/www.ufmg.br\/mhnjb\/wp-content\/uploads\/2025\/03\/DSC03046-1024x768.jpg 1024w, https:\/\/www.ufmg.br\/mhnjb\/wp-content\/uploads\/2025\/03\/DSC03046-300x225.jpg 300w, https:\/\/www.ufmg.br\/mhnjb\/wp-content\/uploads\/2025\/03\/DSC03046-768x576.jpg 768w, https:\/\/www.ufmg.br\/mhnjb\/wp-content\/uploads\/2025\/03\/DSC03046-1536x1152.jpg 1536w, https:\/\/www.ufmg.br\/mhnjb\/wp-content\/uploads\/2025\/03\/DSC03046.jpg 2048w\" sizes=\"auto, (max-width: 1024px) 100vw, 1024px\" \/><\/figure>\n<\/figure>\n<\/div>\n\n\n\n<div class=\"wp-block-column is-vertically-aligned-center is-layout-flow wp-container-core-column-is-layout-22223934 wp-block-column-is-layout-flow\" style=\"flex-basis:60%\">\n<h3 class=\"wp-block-heading\"><a href=\"https:\/\/www.ufmg.br\/mhnjb\/ciencia\/acervo\/\" data-type=\"page\" data-id=\"1806\">Acervo\/Cole\u00e7\u00f5es<\/a><\/h3>\n\n\n\n<p class=\"has-medium-font-size\">O conjunto de acervos \u00e9 formado por aproximadamente 24.000 itens entre pe\u00e7as e esp\u00e9cimes cient\u00edficos preservados e vivos e contextualizados nas \u00e1reas da Arqueologia, Paleontologia, Geologia, Bot\u00e2nica, Zoologia, Etnografia e Arte Popular.<\/p>\n\n\n\n<p class=\"has-medium-font-size\"><a href=\"https:\/\/www.ufmg.br\/mhnjb\/ciencia\/acervo\/\" data-type=\"page\" data-id=\"1806\">Saiba mais <span class=\"wp-rich-text-font-awesome-icon wp-font-awesome-icon\"><svg aria-hidden=\"true\" focusable=\"false\" data-prefix=\"fas\" data-icon=\"arrow-right\" class=\"svg-inline--fa fa-arrow-right \" role=\"img\" xmlns=\"http:\/\/www.w3.org\/2000\/svg\" viewBox=\"0 0 448 512\"><path fill=\"currentColor\" d=\"M438.6 278.6c12.5-12.5 12.5-32.8 0-45.3l-160-160c-12.5-12.5-32.8-12.5-45.3 0s-12.5 32.8 0 45.3L338.8 224 32 224c-17.7 0-32 14.3-32 32s14.3 32 32 32l306.7 0L233.4 393.4c-12.5 12.5-12.5 32.8 0 45.3s32.8 12.5 45.3 0l160-160z\"><\/path><\/svg><\/span><\/a><\/p>\n\n\n\n<p class=\"has-medium-font-size\"><a href=\"https:\/\/acervos.ufmg.br\/inweb\/mhnjb\" target=\"_blank\" rel=\"noreferrer noopener nofollow\">Acesse nosso acervo online <span class=\"wp-rich-text-font-awesome-icon wp-font-awesome-icon\"><svg aria-hidden=\"true\" focusable=\"false\" data-prefix=\"fas\" data-icon=\"arrow-up-right-from-square\" class=\"svg-inline--fa fa-arrow-up-right-from-square \" role=\"img\" xmlns=\"http:\/\/www.w3.org\/2000\/svg\" viewBox=\"0 0 512 512\"><path fill=\"currentColor\" d=\"M320 0c-17.7 0-32 14.3-32 32s14.3 32 32 32h82.7L201.4 265.4c-12.5 12.5-12.5 32.8 0 45.3s32.8 12.5 45.3 0L448 109.3V192c0 17.7 14.3 32 32 32s32-14.3 32-32V32c0-17.7-14.3-32-32-32H320zM80 32C35.8 32 0 67.8 0 112V432c0 44.2 35.8 80 80 80H400c44.2 0 80-35.8 80-80V320c0-17.7-14.3-32-32-32s-32 14.3-32 32V432c0 8.8-7.2 16-16 16H80c-8.8 0-16-7.2-16-16V112c0-8.8 7.2-16 16-16H192c17.7 0 32-14.3 32-32s-14.3-32-32-32H80z\"><\/path><\/svg><\/span><\/a><\/p>\n<\/div>\n<\/div>\n<\/div>\n\n\n\n<div style=\"height:50px\" aria-hidden=\"true\" class=\"wp-block-spacer\"><\/div>\n\n\n\n<div class=\"wp-block-group alignwide has-custom-cor-6-background-color has-background has-global-padding is-layout-constrained wp-container-core-group-is-layout-52009084 wp-block-group-is-layout-constrained\" style=\"padding-top:var(--wp--preset--spacing--40);padding-right:var(--wp--preset--spacing--40);padding-bottom:var(--wp--preset--spacing--40);padding-left:var(--wp--preset--spacing--40)\">\n<div class=\"wp-block-columns alignwide are-vertically-aligned-center is-not-stacked-on-mobile is-layout-flex wp-container-core-columns-is-layout-954ec4bb wp-block-columns-is-layout-flex\" style=\"padding-right:var(--wp--preset--spacing--40);padding-left:var(--wp--preset--spacing--40)\">\n<div class=\"wp-block-column is-vertically-aligned-center is-layout-flow wp-container-core-column-is-layout-22223934 wp-block-column-is-layout-flow\" style=\"flex-basis:60%\">\n<h3 class=\"wp-block-heading\"><a href=\"https:\/\/www.ufmg.br\/mhnjb\/publicacoes\/\" data-type=\"page\" data-id=\"2438\">Publica\u00e7\u00f5es<\/a><\/h3>\n\n\n\n<p class=\"has-medium-font-size\">Publica\u00e7\u00f5es feitas pela equipe do Museu de Hist\u00f3ria Natural e Jardim Bot\u00e2nico da UFMG.<\/p>\n\n\n\n<p class=\"has-medium-font-size\"><a href=\"https:\/\/www.ufmg.br\/mhnjb\/publicacoes\/\" data-type=\"page\" data-id=\"2438\">Saiba mais <span class=\"wp-rich-text-font-awesome-icon wp-font-awesome-icon\"><svg aria-hidden=\"true\" focusable=\"false\" data-prefix=\"fas\" data-icon=\"arrow-right\" class=\"svg-inline--fa fa-arrow-right \" role=\"img\" xmlns=\"http:\/\/www.w3.org\/2000\/svg\" viewBox=\"0 0 448 512\"><path fill=\"currentColor\" d=\"M438.6 278.6c12.5-12.5 12.5-32.8 0-45.3l-160-160c-12.5-12.5-32.8-12.5-45.3 0s-12.5 32.8 0 45.3L338.8 224 32 224c-17.7 0-32 14.3-32 32s14.3 32 32 32l306.7 0L233.4 393.4c-12.5 12.5-12.5 32.8 0 45.3s32.8 12.5 45.3 0l160-160z\"><\/path><\/svg><\/span><\/a><\/p>\n<\/div>\n\n\n\n<div class=\"wp-block-column is-vertically-aligned-center is-layout-flow wp-block-column-is-layout-flow\" style=\"flex-basis:40%\">\n<figure class=\"wp-block-gallery has-nested-images columns-default is-cropped wp-block-gallery-2 is-layout-flex wp-block-gallery-is-layout-flex\">\n<figure class=\"wp-block-image size-large\"><img loading=\"lazy\" decoding=\"async\" width=\"481\" height=\"682\" data-id=\"2470\" src=\"https:\/\/www.ufmg.br\/mhnjb\/wp-content\/uploads\/2025\/06\/CapaGuiaEducadorMHNJB2025.png\" alt=\"Guia do(a) Educador(a) MHNJB - 2025\" class=\"wp-image-2470\" srcset=\"https:\/\/www.ufmg.br\/mhnjb\/wp-content\/uploads\/2025\/06\/CapaGuiaEducadorMHNJB2025.png 481w, https:\/\/www.ufmg.br\/mhnjb\/wp-content\/uploads\/2025\/06\/CapaGuiaEducadorMHNJB2025-212x300.png 212w\" sizes=\"auto, (max-width: 481px) 100vw, 481px\" \/><\/figure>\n\n\n\n<figure class=\"wp-block-image size-large\"><img loading=\"lazy\" decoding=\"async\" width=\"651\" height=\"867\" data-id=\"2469\" src=\"https:\/\/www.ufmg.br\/mhnjb\/wp-content\/uploads\/2025\/06\/Capa50Animais.png\" alt=\"50 Animais do Museu - 2019\" class=\"wp-image-2469\" srcset=\"https:\/\/www.ufmg.br\/mhnjb\/wp-content\/uploads\/2025\/06\/Capa50Animais.png 651w, https:\/\/www.ufmg.br\/mhnjb\/wp-content\/uploads\/2025\/06\/Capa50Animais-225x300.png 225w\" sizes=\"auto, (max-width: 651px) 100vw, 651px\" \/><\/figure>\n\n\n\n<figure class=\"wp-block-image size-large\"><img loading=\"lazy\" decoding=\"async\" width=\"680\" height=\"824\" data-id=\"2471\" src=\"https:\/\/www.ufmg.br\/mhnjb\/wp-content\/uploads\/2025\/06\/capalivro50arvores.png\" alt=\"50 \u00c1rvores do Museu - 2019\" class=\"wp-image-2471\" srcset=\"https:\/\/www.ufmg.br\/mhnjb\/wp-content\/uploads\/2025\/06\/capalivro50arvores.png 680w, https:\/\/www.ufmg.br\/mhnjb\/wp-content\/uploads\/2025\/06\/capalivro50arvores-248x300.png 248w\" sizes=\"auto, (max-width: 680px) 100vw, 680px\" \/><\/figure>\n\n\n\n<figure class=\"wp-block-image size-large\"><img loading=\"lazy\" decoding=\"async\" width=\"722\" height=\"1024\" data-id=\"2472\" src=\"https:\/\/www.ufmg.br\/mhnjb\/wp-content\/uploads\/2025\/06\/cover_issue_860_pt_BR-scaled-1-722x1024.jpg\" alt=\"Arquivos do Museu de Hist\u00f3ria Natural e Jardim Bot\u00e2nico da UFMG - Peri\u00f3dico\" class=\"wp-image-2472\" srcset=\"https:\/\/www.ufmg.br\/mhnjb\/wp-content\/uploads\/2025\/06\/cover_issue_860_pt_BR-scaled-1-722x1024.jpg 722w, https:\/\/www.ufmg.br\/mhnjb\/wp-content\/uploads\/2025\/06\/cover_issue_860_pt_BR-scaled-1-212x300.jpg 212w, https:\/\/www.ufmg.br\/mhnjb\/wp-content\/uploads\/2025\/06\/cover_issue_860_pt_BR-scaled-1-768x1089.jpg 768w, https:\/\/www.ufmg.br\/mhnjb\/wp-content\/uploads\/2025\/06\/cover_issue_860_pt_BR-scaled-1-1083x1536.jpg 1083w, https:\/\/www.ufmg.br\/mhnjb\/wp-content\/uploads\/2025\/06\/cover_issue_860_pt_BR-scaled-1-1444x2048.jpg 1444w, https:\/\/www.ufmg.br\/mhnjb\/wp-content\/uploads\/2025\/06\/cover_issue_860_pt_BR-scaled-1.jpg 1805w\" sizes=\"auto, (max-width: 722px) 100vw, 722px\" \/><\/figure>\n\n\n\n<figure class=\"wp-block-image size-large\"><img loading=\"lazy\" decoding=\"async\" width=\"434\" height=\"622\" data-id=\"2474\" src=\"https:\/\/www.ufmg.br\/mhnjb\/wp-content\/uploads\/2025\/06\/tecnologiapedralascada-capa-e1598206672308.png\" alt=\"Tecnologia da Pedra Lascada - 2017\" class=\"wp-image-2474\" srcset=\"https:\/\/www.ufmg.br\/mhnjb\/wp-content\/uploads\/2025\/06\/tecnologiapedralascada-capa-e1598206672308.png 434w, https:\/\/www.ufmg.br\/mhnjb\/wp-content\/uploads\/2025\/06\/tecnologiapedralascada-capa-e1598206672308-209x300.png 209w\" sizes=\"auto, (max-width: 434px) 100vw, 434px\" \/><\/figure>\n\n\n\n<figure class=\"wp-block-image size-large\"><img loading=\"lazy\" decoding=\"async\" width=\"696\" height=\"1024\" data-id=\"2473\" src=\"https:\/\/www.ufmg.br\/mhnjb\/wp-content\/uploads\/2025\/06\/Tecnologialitica-e1598206631704-696x1024.jpg\" alt=\"Tecnologia l\u00edtica na arqueologia brasileira:colet\u00e2nea de (re)publica\u00e7\u00f5es - 2017\" class=\"wp-image-2473\" srcset=\"https:\/\/www.ufmg.br\/mhnjb\/wp-content\/uploads\/2025\/06\/Tecnologialitica-e1598206631704-696x1024.jpg 696w, https:\/\/www.ufmg.br\/mhnjb\/wp-content\/uploads\/2025\/06\/Tecnologialitica-e1598206631704-204x300.jpg 204w, https:\/\/www.ufmg.br\/mhnjb\/wp-content\/uploads\/2025\/06\/Tecnologialitica-e1598206631704-768x1131.jpg 768w, https:\/\/www.ufmg.br\/mhnjb\/wp-content\/uploads\/2025\/06\/Tecnologialitica-e1598206631704-1043x1536.jpg 1043w, https:\/\/www.ufmg.br\/mhnjb\/wp-content\/uploads\/2025\/06\/Tecnologialitica-e1598206631704-1391x2048.jpg 1391w, https:\/\/www.ufmg.br\/mhnjb\/wp-content\/uploads\/2025\/06\/Tecnologialitica-e1598206631704-scaled.jpg 1739w\" sizes=\"auto, (max-width: 696px) 100vw, 696px\" \/><\/figure>\n<\/figure>\n<\/div>\n<\/div>\n<\/div>\n\n\n\n<div style=\"height:50px\" aria-hidden=\"true\" class=\"wp-block-spacer\"><\/div>\n","protected":false},"excerpt":{"rendered":"<p>Acervo\/Cole\u00e7\u00f5es O conjunto de acervos \u00e9 formado por aproximadamente 24.000 itens entre pe\u00e7as e esp\u00e9cimes cient\u00edficos preservados e vivos e contextualizados nas \u00e1reas da Arqueologia, Paleontologia, Geologia, Bot\u00e2nica, Zoologia, Etnografia e Arte Popular. Saiba mais Acesse nosso acervo online Publica\u00e7\u00f5es Publica\u00e7\u00f5es feitas pela equipe do Museu de Hist\u00f3ria Natural e Jardim Bot\u00e2nico da UFMG. Saiba [&hellip;]<\/p>\n","protected":false},"author":1,"featured_media":0,"parent":0,"menu_order":0,"comment_status":"closed","ping_status":"closed","template":"","meta":{"footnotes":""},"class_list":["post-2542","page","type-page","status-publish","hentry"],"_links":{"self":[{"href":"https:\/\/www.ufmg.br\/mhnjb\/wp-json\/wp\/v2\/pages\/2542","targetHints":{"allow":["GET"]}}],"collection":[{"href":"https:\/\/www.ufmg.br\/mhnjb\/wp-json\/wp\/v2\/pages"}],"about":[{"href":"https:\/\/www.ufmg.br\/mhnjb\/wp-json\/wp\/v2\/types\/page"}],"author":[{"embeddable":true,"href":"https:\/\/www.ufmg.br\/mhnjb\/wp-json\/wp\/v2\/users\/1"}],"replies":[{"embeddable":true,"href":"https:\/\/www.ufmg.br\/mhnjb\/wp-json\/wp\/v2\/comments?post=2542"}],"version-history":[{"count":13,"href":"https:\/\/www.ufmg.br\/mhnjb\/wp-json\/wp\/v2\/pages\/2542\/revisions"}],"predecessor-version":[{"id":2633,"href":"https:\/\/www.ufmg.br\/mhnjb\/wp-json\/wp\/v2\/pages\/2542\/revisions\/2633"}],"wp:attachment":[{"href":"https:\/\/www.ufmg.br\/mhnjb\/wp-json\/wp\/v2\/media?parent=2542"}],"curies":[{"name":"wp","href":"https:\/\/api.w.org\/{rel}","templated":true}]}}