{"id":2555,"date":"2025-07-10T14:37:00","date_gmt":"2025-07-10T17:37:00","guid":{"rendered":"https:\/\/www.ufmg.br\/mhnjb\/?page_id=2555"},"modified":"2025-08-04T18:25:20","modified_gmt":"2025-08-04T21:25:20","slug":"trabalhe-conosco","status":"publish","type":"page","link":"https:\/\/www.ufmg.br\/mhnjb\/trabalhe-conosco\/","title":{"rendered":"Trabalhe conosco"},"content":{"rendered":"\n<div class=\"wp-block-group alignfull has-custom-cor-5-color has-custom-cor-1-background-color has-text-color has-background has-link-color wp-elements-261e23e53f51fb3ee45e8c2d9e31427c has-global-padding is-layout-constrained wp-block-group-is-layout-constrained\" id=\"page-title\" style=\"padding-top:var(--wp--preset--spacing--50);padding-bottom:var(--wp--preset--spacing--50)\"><h2 class=\"has-text-align-center alignwide wp-block-post-title\">Trabalhe conosco<\/h2><\/div>\n\n\n\n<div class=\"wp-block-group alignwide has-max-width has-base-color has-custom-color-1-background-color has-text-color has-background has-link-color wp-elements-4c5f858075a88c8eddbd081d8699430c has-global-padding is-layout-constrained wp-container-core-group-is-layout-2ae561bf wp-block-group-is-layout-constrained\" style=\"margin-top:var(--wp--preset--spacing--30);margin-bottom:var(--wp--preset--spacing--30);padding-top:var(--wp--preset--spacing--40);padding-right:var(--wp--preset--spacing--40);padding-bottom:var(--wp--preset--spacing--40);padding-left:var(--wp--preset--spacing--40)\">\n<div class=\"wp-block-media-text is-stacked-on-mobile is-vertically-aligned-center is-image-fill-element has-custom-cor-5-color has-text-color has-link-color wp-elements-bc8d550fbf1b43ceffa3dbd40a001841\" style=\"padding-right:var(--wp--preset--spacing--50);padding-left:var(--wp--preset--spacing--50);grid-template-columns:33% auto\"><figure class=\"wp-block-media-text__media\"><img loading=\"lazy\" decoding=\"async\" width=\"1024\" height=\"1024\" src=\"https:\/\/www.ufmg.br\/mhnjb\/wp-content\/uploads\/2025\/07\/IMG_20240118_094453123-1024x1024.jpg\" alt=\"\" class=\"wp-image-2559 size-full\" style=\"object-position:50% 50%\" srcset=\"https:\/\/www.ufmg.br\/mhnjb\/wp-content\/uploads\/2025\/07\/IMG_20240118_094453123-1024x1024.jpg 1024w, https:\/\/www.ufmg.br\/mhnjb\/wp-content\/uploads\/2025\/07\/IMG_20240118_094453123-300x300.jpg 300w, https:\/\/www.ufmg.br\/mhnjb\/wp-content\/uploads\/2025\/07\/IMG_20240118_094453123-150x150.jpg 150w, https:\/\/www.ufmg.br\/mhnjb\/wp-content\/uploads\/2025\/07\/IMG_20240118_094453123-768x768.jpg 768w, https:\/\/www.ufmg.br\/mhnjb\/wp-content\/uploads\/2025\/07\/IMG_20240118_094453123-1536x1536.jpg 1536w, https:\/\/www.ufmg.br\/mhnjb\/wp-content\/uploads\/2025\/07\/IMG_20240118_094453123-2048x2048.jpg 2048w\" sizes=\"auto, (max-width: 1024px) 100vw, 1024px\" \/><\/figure><div class=\"wp-block-media-text__content\">\n<h4 class=\"wp-block-heading\"><a href=\"https:\/\/www.ufmg.br\/mhnjb\/selecao-de-bolsistas\/\" data-type=\"page\" data-id=\"2355\">Sele\u00e7\u00e3o de bolsistas<\/a><\/h4>\n\n\n\n<p class=\"has-medium-font-size\">Acompanhe os processos de sele\u00e7\u00e3o de bolsistas do Museu de Hist\u00f3ria Natural e Jardim Bot\u00e2nico da UFMG.<\/p>\n\n\n\n<p class=\"has-medium-font-size\"><a href=\"https:\/\/www.ufmg.br\/mhnjb\/selecao-de-bolsistas\/\" data-type=\"page\" data-id=\"2355\">Saiba mais <span class=\"wp-rich-text-font-awesome-icon wp-font-awesome-icon\"><svg aria-hidden=\"true\" focusable=\"false\" data-prefix=\"fas\" data-icon=\"arrow-right\" class=\"svg-inline--fa fa-arrow-right \" role=\"img\" xmlns=\"http:\/\/www.w3.org\/2000\/svg\" viewBox=\"0 0 448 512\"><path fill=\"currentColor\" d=\"M438.6 278.6c12.5-12.5 12.5-32.8 0-45.3l-160-160c-12.5-12.5-32.8-12.5-45.3 0s-12.5 32.8 0 45.3L338.8 224 32 224c-17.7 0-32 14.3-32 32s14.3 32 32 32l306.7 0L233.4 393.4c-12.5 12.5-12.5 32.8 0 45.3s32.8 12.5 45.3 0l160-160z\"><\/path><\/svg><\/span><\/a><\/p>\n<\/div><\/div>\n<\/div>\n","protected":false},"excerpt":{"rendered":"<p>Sele\u00e7\u00e3o de bolsistas Acompanhe os processos de sele\u00e7\u00e3o de bolsistas do Museu de Hist\u00f3ria Natural e Jardim Bot\u00e2nico da UFMG. Saiba mais<\/p>\n","protected":false},"author":1,"featured_media":0,"parent":0,"menu_order":0,"comment_status":"closed","ping_status":"closed","template":"","meta":{"footnotes":""},"class_list":["post-2555","page","type-page","status-publish","hentry"],"_links":{"self":[{"href":"https:\/\/www.ufmg.br\/mhnjb\/wp-json\/wp\/v2\/pages\/2555","targetHints":{"allow":["GET"]}}],"collection":[{"href":"https:\/\/www.ufmg.br\/mhnjb\/wp-json\/wp\/v2\/pages"}],"about":[{"href":"https:\/\/www.ufmg.br\/mhnjb\/wp-json\/wp\/v2\/types\/page"}],"author":[{"embeddable":true,"href":"https:\/\/www.ufmg.br\/mhnjb\/wp-json\/wp\/v2\/users\/1"}],"replies":[{"embeddable":true,"href":"https:\/\/www.ufmg.br\/mhnjb\/wp-json\/wp\/v2\/comments?post=2555"}],"version-history":[{"count":6,"href":"https:\/\/www.ufmg.br\/mhnjb\/wp-json\/wp\/v2\/pages\/2555\/revisions"}],"predecessor-version":[{"id":2602,"href":"https:\/\/www.ufmg.br\/mhnjb\/wp-json\/wp\/v2\/pages\/2555\/revisions\/2602"}],"wp:attachment":[{"href":"https:\/\/www.ufmg.br\/mhnjb\/wp-json\/wp\/v2\/media?parent=2555"}],"curies":[{"name":"wp","href":"https:\/\/api.w.org\/{rel}","templated":true}]}}