{"id":8,"date":"2022-09-12T10:42:32","date_gmt":"2022-09-12T13:42:32","guid":{"rendered":"http:\/\/www.ica.ufmg.br\/lqi\/?page_id=8"},"modified":"2023-11-24T09:02:42","modified_gmt":"2023-11-24T12:02:42","slug":"apresentacao","status":"publish","type":"page","link":"https:\/\/www.ufmg.br\/montesclaros\/lqi\/","title":{"rendered":""},"content":{"rendered":"\r\n<p>O Laborat\u00f3rio de Qu\u00edmica Instrumental da Universidade Federal de Minas Gerais (LQI-UFMG) est\u00e1 localizado no Bloco A do <em>campus<\/em> do Instituto de Ci\u00eancias Agr\u00e1rias da UFMG, na cidade de Montes Claros, Minas Gerais. Ap\u00f3s sua implementa\u00e7\u00e3o em 2010, o LQI-UFMG adquiriu novos equipamentos e ampliou seu espa\u00e7o f\u00edsico, sendo constitu\u00eddo por quatro laborat\u00f3rios:<\/p>\r\n\r\n\r\n\r\n<p>I &#8211; Laborat\u00f3rio de Cromatografia;<br \/>II &#8211; Laborat\u00f3rio de Preparo de Amostras Inorg\u00e2nicas;<br \/>III &#8211; Laborat\u00f3rio de Absor\u00e7\u00e3o At\u00f4mica;<br \/>IV &#8211; Laborat\u00f3rio de ICP-MS\/MS.<\/p>\r\n<p><iframe loading=\"lazy\" title=\"Novo V\u00eddeo Institucional do LQI - UFMG de 2023\" width=\"625\" height=\"352\" src=\"https:\/\/www.youtube.com\/embed\/JJmbLFas4H4?feature=oembed\" frameborder=\"0\" allow=\"accelerometer; autoplay; clipboard-write; encrypted-media; gyroscope; picture-in-picture; web-share\" referrerpolicy=\"strict-origin-when-cross-origin\" allowfullscreen><\/iframe><\/p>\r\n\r\n\r\n\r\n<p>Todos estes laborat\u00f3rios e seus respectivos equipamentos t\u00eam sido utilizados por pesquisadores e estudantes de gradua\u00e7\u00e3o e p\u00f3s-gradua\u00e7\u00e3o da UFMG e de outras Institui\u00e7\u00f5es vizinhas.<\/p>\r\n\r\n\r\n\r\n<p>O LQI-UFMG possui uma equipe constitu\u00edda por professores e t\u00e9cnicos para acompanhamento das pesquisas, manuten\u00e7\u00e3o dos equipamentos e controle dos agendamentos.<\/p>\r\n\r\n\r\n\r\n<p>As normas de uso e agendamento dos equipamentos pelos diferentes usu\u00e1rios podem ser obtidas no menu agendamento.<\/p>\r\n\r\n\r\n\r\n<p>Desde 2021, o LQI-UFMG est\u00e1 credenciado \u00e0 Pr\u00f3-Reitoria de Pesquisa da UFMG, como um Laborat\u00f3rio Institucional de Pesquisa (LIPq) da Universidade Federal de Minas Gerais (UFMG).<\/p>\r\n<p>Este laborat\u00f3rio tamb\u00e9m est\u00e1 cadastrado na <a href=\"https:\/\/pnipe.mctic.gov.br\/laboratory\/7686\" target=\"_blank\" rel=\"noopener\">Plataforma Nacional de Infraestrutura de Pesquisa MCTI &#8211; PNIP<\/a><\/p>\r\n","protected":false},"excerpt":{"rendered":"<p>O Laborat\u00f3rio de Qu\u00edmica Instrumental da Universidade Federal de Minas Gerais (LQI-UFMG) est\u00e1 localizado no Bloco A do campus do Instituto de Ci\u00eancias Agr\u00e1rias da UFMG, na cidade de Montes Claros, Minas Gerais. Ap\u00f3s sua implementa\u00e7\u00e3o em 2010, o LQI-UFMG adquiriu novos equipamentos e ampliou seu espa\u00e7o f\u00edsico, sendo constitu\u00eddo por quatro laborat\u00f3rios: I &#8211; [&hellip;]<\/p>\n","protected":false},"author":1,"featured_media":0,"parent":0,"menu_order":0,"comment_status":"closed","ping_status":"closed","template":"","meta":{"footnotes":""},"class_list":["post-8","page","type-page","status-publish","hentry"],"_links":{"self":[{"href":"https:\/\/www.ufmg.br\/montesclaros\/lqi\/index.php?rest_route=\/wp\/v2\/pages\/8","targetHints":{"allow":["GET"]}}],"collection":[{"href":"https:\/\/www.ufmg.br\/montesclaros\/lqi\/index.php?rest_route=\/wp\/v2\/pages"}],"about":[{"href":"https:\/\/www.ufmg.br\/montesclaros\/lqi\/index.php?rest_route=\/wp\/v2\/types\/page"}],"author":[{"embeddable":true,"href":"https:\/\/www.ufmg.br\/montesclaros\/lqi\/index.php?rest_route=\/wp\/v2\/users\/1"}],"replies":[{"embeddable":true,"href":"https:\/\/www.ufmg.br\/montesclaros\/lqi\/index.php?rest_route=%2Fwp%2Fv2%2Fcomments&post=8"}],"version-history":[{"count":10,"href":"https:\/\/www.ufmg.br\/montesclaros\/lqi\/index.php?rest_route=\/wp\/v2\/pages\/8\/revisions"}],"predecessor-version":[{"id":240,"href":"https:\/\/www.ufmg.br\/montesclaros\/lqi\/index.php?rest_route=\/wp\/v2\/pages\/8\/revisions\/240"}],"wp:attachment":[{"href":"https:\/\/www.ufmg.br\/montesclaros\/lqi\/index.php?rest_route=%2Fwp%2Fv2%2Fmedia&parent=8"}],"curies":[{"name":"wp","href":"https:\/\/api.w.org\/{rel}","templated":true}]}}