{"id":83,"date":"2022-09-15T09:19:47","date_gmt":"2022-09-15T12:19:47","guid":{"rendered":"http:\/\/www.ica.ufmg.br\/lqi\/?page_id=83"},"modified":"2022-11-04T15:03:18","modified_gmt":"2022-11-04T18:03:18","slug":"espectrometro-de-massas-com-plasma-acoplado-indutivamente","status":"publish","type":"page","link":"https:\/\/www.ufmg.br\/montesclaros\/lqi\/?page_id=83","title":{"rendered":"Espectroscopia &#8211; Espectr\u00f4metro de massas com plasma acoplado indutivamente"},"content":{"rendered":"\r\n<figure class=\"wp-block-image\"><img decoding=\"async\" src=\"http:\/\/www.ica.ufmg.br\/lqi\/wp-content\/uploads\/2022\/09\/Espec-Plasma.jpg\" alt=\"\" width=\"100%\" class=\"wp-image-82\" srcset=\"https:\/\/www.ufmg.br\/montesclaros\/lqi\/wp-content\/uploads\/2022\/09\/Espec-Plasma.jpg 886w, https:\/\/www.ufmg.br\/montesclaros\/lqi\/wp-content\/uploads\/2022\/09\/Espec-Plasma-300x187.jpg 300w, https:\/\/www.ufmg.br\/montesclaros\/lqi\/wp-content\/uploads\/2022\/09\/Espec-Plasma-768x478.jpg 768w, https:\/\/www.ufmg.br\/montesclaros\/lqi\/wp-content\/uploads\/2022\/09\/Espec-Plasma-624x389.jpg 624w\" sizes=\"(max-width: 886px) 100vw, 886px\" \/><\/figure>\r\n\r\n\r\n\r\n<p>O Espectr\u00f4metro de Massas com Plasma Acoplado Indutivamente (ICP-MS\/MS 8800 da Agilent) \u00e9 utilizado para an\u00e1lise de metais que s\u00e3o quantificados em baixas concentra\u00e7\u00f5es em amostras como \u00e1gua e alimentos. Al\u00e9m disso, esse equipamento pode ser acoplado ao cromat\u00f3grafo a l\u00edquido (HPLC 1260 da Agilent) para a separa\u00e7\u00e3o e quantifica\u00e7\u00e3o de esp\u00e9cies met\u00e1licas como Cr<sup>3+<\/sup> e Cr<sup>6+<\/sup>.<\/p>\r\n\r\n\r\n\r\n<p>Pelo LQI, as an\u00e1lises realizadas por esse equipamento atendem grupos de pesquisa da gradua\u00e7\u00e3o e p\u00f3s-gradua\u00e7\u00e3o da UFMG, al\u00e9m de presta\u00e7\u00f5es de servi\u00e7os externos.<\/p>\r\n\r\n\r\n\r\n<p>Para agendamento das an\u00e1lises entre em contato: <a href=\"mailto:lqi@ica.ufmg.br\">lqi@ica.ufmg.br<\/a><\/p>\r\n","protected":false},"excerpt":{"rendered":"<p>O Espectr\u00f4metro de Massas com Plasma Acoplado Indutivamente (ICP-MS\/MS 8800 da Agilent) \u00e9 utilizado para an\u00e1lise de metais que s\u00e3o quantificados em baixas concentra\u00e7\u00f5es em amostras como \u00e1gua e alimentos. Al\u00e9m disso, esse equipamento pode ser acoplado ao cromat\u00f3grafo a l\u00edquido (HPLC 1260 da Agilent) para a separa\u00e7\u00e3o e quantifica\u00e7\u00e3o de esp\u00e9cies met\u00e1licas como Cr3+ [&hellip;]<\/p>\n","protected":false},"author":1,"featured_media":0,"parent":0,"menu_order":0,"comment_status":"closed","ping_status":"closed","template":"","meta":{"footnotes":""},"class_list":["post-83","page","type-page","status-publish","hentry"],"_links":{"self":[{"href":"https:\/\/www.ufmg.br\/montesclaros\/lqi\/index.php?rest_route=\/wp\/v2\/pages\/83","targetHints":{"allow":["GET"]}}],"collection":[{"href":"https:\/\/www.ufmg.br\/montesclaros\/lqi\/index.php?rest_route=\/wp\/v2\/pages"}],"about":[{"href":"https:\/\/www.ufmg.br\/montesclaros\/lqi\/index.php?rest_route=\/wp\/v2\/types\/page"}],"author":[{"embeddable":true,"href":"https:\/\/www.ufmg.br\/montesclaros\/lqi\/index.php?rest_route=\/wp\/v2\/users\/1"}],"replies":[{"embeddable":true,"href":"https:\/\/www.ufmg.br\/montesclaros\/lqi\/index.php?rest_route=%2Fwp%2Fv2%2Fcomments&post=83"}],"version-history":[{"count":3,"href":"https:\/\/www.ufmg.br\/montesclaros\/lqi\/index.php?rest_route=\/wp\/v2\/pages\/83\/revisions"}],"predecessor-version":[{"id":150,"href":"https:\/\/www.ufmg.br\/montesclaros\/lqi\/index.php?rest_route=\/wp\/v2\/pages\/83\/revisions\/150"}],"wp:attachment":[{"href":"https:\/\/www.ufmg.br\/montesclaros\/lqi\/index.php?rest_route=%2Fwp%2Fv2%2Fmedia&parent=83"}],"curies":[{"name":"wp","href":"https:\/\/api.w.org\/{rel}","templated":true}]}}