{"id":17,"date":"2022-01-06T16:58:38","date_gmt":"2022-01-06T19:58:38","guid":{"rendered":"https:\/\/nutrica.com.br\/\/?page_id=17"},"modified":"2025-01-15T15:51:00","modified_gmt":"2025-01-15T18:51:00","slug":"midia","status":"publish","type":"page","link":"https:\/\/www.ufmg.br\/montesclaros\/nutrica\/midia\/","title":{"rendered":"M\u00eddia"},"content":{"rendered":"<p><a href=\"https:\/\/www.instagram.com\/ufmg.gebio\/\"><span style=\"color: #000000;\">https:\/\/www.instagram.com\/ufmg.gebio\/<\/span><\/a><\/p>\n<p><iframe loading=\"lazy\" title=\"Grupo de Estudo em Biotecnologia GEBIO - ICA \u2013 UFMG\" width=\"640\" height=\"360\" src=\"https:\/\/www.youtube.com\/embed\/bk-TWebX6MA?feature=oembed\" frameborder=\"0\" allow=\"accelerometer; autoplay; clipboard-write; encrypted-media; gyroscope; picture-in-picture; web-share\" referrerpolicy=\"strict-origin-when-cross-origin\" allowfullscreen><\/iframe><\/p>\n<p><a href=\"https:\/\/pt-br.facebook.com\/gebio.ufmg\" target=\"_blank\" rel=\"noopener\"><span style=\"color: #000000;\">https:\/\/pt-br.facebook.com\/gebio.ufmg<\/span><\/a><\/p>\n<p>&nbsp;<\/p>\n<h2>Galeria de Fotos<\/h2>\n<p><strong>Apresenta\u00e7\u00e3o de trabalhos em eventos cient\u00edficos<\/strong><\/p>\n<p><img loading=\"lazy\" decoding=\"async\" class=\"alignnone wp-image-315\" src=\"https:\/\/www.ica.ufmg.br\/nutrica\/wp-content\/uploads\/2025\/01\/Semana-do-Conhecimento-2024-1.jpeg\" alt=\"\" width=\"577\" height=\"769\" \/><\/p>\n<p>Apresenta\u00e7\u00e3o de trabalho na Semana do Conhecimento 2024<\/p>\n<p><img loading=\"lazy\" decoding=\"async\" class=\"alignnone wp-image-317\" src=\"https:\/\/www.ica.ufmg.br\/nutrica\/wp-content\/uploads\/2025\/01\/Semana-do-Conhecimento-2024.jpeg\" alt=\"\" width=\"577\" height=\"769\" \/><\/p>\n<p>Apresenta\u00e7\u00e3o de trabalho na Semana do Conhecimento 2024<\/p>\n<p><img loading=\"lazy\" decoding=\"async\" class=\"alignnone wp-image-316\" src=\"https:\/\/www.ica.ufmg.br\/nutrica\/wp-content\/uploads\/2025\/01\/Semana-do-Conhecimento-2024-Daniela.jpeg\" alt=\"\" width=\"577\" height=\"769\" \/><\/p>\n<p>Apresenta\u00e7\u00e3o de trabalho na Semana do Conhecimento 2024 pela aluna Daniela<\/p>\n<p>&nbsp;<\/p>\n<p><img loading=\"lazy\" decoding=\"async\" class=\"alignnone wp-image-318\" src=\"https:\/\/www.ica.ufmg.br\/nutrica\/wp-content\/uploads\/2025\/01\/Semana-do-Conhecimento-2023-Camilla.jpeg\" alt=\"\" width=\"577\" height=\"769\" \/><\/p>\n<p>Apresenta\u00e7\u00e3o de trabalho na Semana do Conhecimento 2023 pela aluna Camilla<\/p>\n<p><img loading=\"lazy\" decoding=\"async\" class=\"alignnone wp-image-323\" src=\"https:\/\/www.ica.ufmg.br\/nutrica\/wp-content\/uploads\/2025\/01\/Semana-do-Conhecimento-2023-Maria-Eduarda-.jpeg\" alt=\"\" width=\"577\" height=\"769\" \/><\/p>\n<p>Apresenta\u00e7\u00e3o de trabalho na Semana do Conhecimento 2023 pela aluna Maria Eduarda<\/p>\n<p><img loading=\"lazy\" decoding=\"async\" class=\"alignnone wp-image-322\" src=\"https:\/\/www.ica.ufmg.br\/nutrica\/wp-content\/uploads\/2025\/01\/Semana-do-Conhecimento-2023-Maria-Amanda-.jpeg\" alt=\"\" width=\"577\" height=\"1026\" \/><\/p>\n<p>Apresenta\u00e7\u00e3o de trabalho na Semana do Conhecimento 2023 pela aluna Maria Amanda<\/p>\n<p><img loading=\"lazy\" decoding=\"async\" class=\"alignnone wp-image-321\" src=\"https:\/\/www.ica.ufmg.br\/nutrica\/wp-content\/uploads\/2025\/01\/Semana-do-Conhecimento-2023-Yudji.jpeg\" alt=\"\" width=\"577\" height=\"769\" \/><\/p>\n<p>Apresenta\u00e7\u00e3o de trabalho na Semana do Conhecimento 2023 pelo aluno Yudji<\/p>\n<p>&nbsp;<\/p>\n<figure id=\"attachment_209\" aria-describedby=\"caption-attachment-209\" style=\"width: 600px\" class=\"wp-caption alignnone\"><img decoding=\"async\" class=\"size-full wp-image-209\" src=\"https:\/\/www.ica.ufmg.br\/nutrica\/wp-content\/uploads\/2022\/11\/Apresentacao-de-trabalho-do-GEBIO-pela-aluna-Amanda.jpeg\" alt=\"\" width=\"600\" \/><figcaption id=\"caption-attachment-209\" class=\"wp-caption-text\">Apresenta\u00e7\u00e3o de trabalho do GEBIO pela aluna Amanda<\/figcaption><\/figure>\n<p>&nbsp;<\/p>\n<figure id=\"attachment_210\" aria-describedby=\"caption-attachment-210\" style=\"width: 600px\" class=\"wp-caption alignnone\"><img decoding=\"async\" class=\"size-full wp-image-210\" src=\"https:\/\/www.ica.ufmg.br\/nutrica\/wp-content\/uploads\/2022\/11\/Apresentacao-de-trabalho-do-GEBIO-pela-aluna-Ana-Carolina.jpeg\" alt=\"\" width=\"600\" \/><figcaption id=\"caption-attachment-210\" class=\"wp-caption-text\">Apresenta\u00e7\u00e3o de trabalho do GEBIO pela aluna Ana Carolina<\/figcaption><\/figure>\n<p>&nbsp;<\/p>\n<figure id=\"attachment_212\" aria-describedby=\"caption-attachment-212\" style=\"width: 600px\" class=\"wp-caption alignnone\"><img decoding=\"async\" class=\"size-full wp-image-212\" src=\"https:\/\/www.ica.ufmg.br\/nutrica\/wp-content\/uploads\/2022\/11\/Apresentacao-de-trabalho-do-GEBIO-pela-aluna-Gessica.jpeg\" alt=\"\" width=\"600\" \/><figcaption id=\"caption-attachment-212\" class=\"wp-caption-text\">Apresenta\u00e7\u00e3o de trabalho do GEBIO pela aluna Gessica<\/figcaption><\/figure>\n<p>&nbsp;<\/p>\n<figure id=\"attachment_211\" aria-describedby=\"caption-attachment-211\" style=\"width: 600px\" class=\"wp-caption alignnone\"><img decoding=\"async\" class=\"size-full wp-image-211\" src=\"https:\/\/www.ica.ufmg.br\/nutrica\/wp-content\/uploads\/2022\/11\/Apresentacao-de-trabalho-do-GEBIO-pela-aluna-Fabiane.jpeg\" alt=\"\" width=\"600\" \/><figcaption id=\"caption-attachment-211\" class=\"wp-caption-text\">Apresenta\u00e7\u00e3o de trabalho do GEBIO pela aluna Fabiane<\/figcaption><\/figure>\n<p>&nbsp;<\/p>\n<figure id=\"attachment_213\" aria-describedby=\"caption-attachment-213\" style=\"width: 600px\" class=\"wp-caption alignnone\"><img decoding=\"async\" class=\"size-full wp-image-213\" src=\"https:\/\/www.ica.ufmg.br\/nutrica\/wp-content\/uploads\/2022\/11\/Apresentacao-de-trabalho-do-GEBIO-pela-aluna-Maria-Helena.jpeg\" alt=\"\" width=\"600\" \/><figcaption id=\"caption-attachment-213\" class=\"wp-caption-text\">Apresenta\u00e7\u00e3o de trabalho do GEBIO pela aluna Maria Helena<\/figcaption><\/figure>\n<p>&nbsp;<\/p>\n<figure id=\"attachment_214\" aria-describedby=\"caption-attachment-214\" style=\"width: 600px\" class=\"wp-caption alignnone\"><img decoding=\"async\" class=\"size-full wp-image-214\" src=\"https:\/\/www.ica.ufmg.br\/nutrica\/wp-content\/uploads\/2022\/11\/Apresentacao-de-trabalho-do-GEBIO-pela-aluna-Raquel.jpeg\" alt=\"\" width=\"600\" \/><figcaption id=\"caption-attachment-214\" class=\"wp-caption-text\">Apresenta\u00e7\u00e3o de trabalho do GEBIO pela aluna Raquel<\/figcaption><\/figure>\n<p>&nbsp;<\/p>\n<figure id=\"attachment_215\" aria-describedby=\"caption-attachment-215\" style=\"width: 600px\" class=\"wp-caption alignnone\"><img decoding=\"async\" class=\"size-full wp-image-215\" src=\"https:\/\/www.ica.ufmg.br\/nutrica\/wp-content\/uploads\/2022\/11\/Apresentacao-de-trabalho-do-GEBIO-pelo-aluno-Handray.jpeg\" alt=\"\" width=\"600\" \/><figcaption id=\"caption-attachment-215\" class=\"wp-caption-text\">Apresenta\u00e7\u00e3o de trabalho do GEBIO pelo aluno Handray<\/figcaption><\/figure>\n<p>&nbsp;<\/p>\n<figure id=\"attachment_216\" aria-describedby=\"caption-attachment-216\" style=\"width: 600px\" class=\"wp-caption alignnone\"><img decoding=\"async\" class=\"size-full wp-image-216\" src=\"https:\/\/www.ica.ufmg.br\/nutrica\/wp-content\/uploads\/2022\/11\/Apresentacao-de-trabalho-na-Semana-do-Conhecimento_2017.jpeg\" alt=\"\" width=\"600\" \/><figcaption id=\"caption-attachment-216\" class=\"wp-caption-text\">Apresenta\u00e7\u00e3o de trabalho na Semana do Conhecimento 2017<\/figcaption><\/figure>\n<p>&nbsp;<\/p>\n<figure id=\"attachment_217\" aria-describedby=\"caption-attachment-217\" style=\"width: 600px\" class=\"wp-caption alignnone\"><img decoding=\"async\" class=\"size-full wp-image-217\" src=\"https:\/\/www.ica.ufmg.br\/nutrica\/wp-content\/uploads\/2022\/11\/Apresentacao-de-trabalho_Semana-do-Conhecimento_2017_Joao-Pedro.jpeg\" alt=\"\" width=\"600\" \/><figcaption id=\"caption-attachment-217\" class=\"wp-caption-text\">Apresenta\u00e7\u00e3o de trabalho Semana do Conhecimento 2017 Jo\u00e3o Pedro<\/figcaption><\/figure>\n<p>&nbsp;<\/p>\n<figure id=\"attachment_231\" aria-describedby=\"caption-attachment-231\" style=\"width: 600px\" class=\"wp-caption alignnone\"><img decoding=\"async\" class=\"size-full wp-image-231\" src=\"https:\/\/www.ica.ufmg.br\/nutrica\/wp-content\/uploads\/2022\/11\/Semana-do-COnhecimento_2018_Fernanda.jpeg\" alt=\"\" width=\"600\" \/><figcaption id=\"caption-attachment-231\" class=\"wp-caption-text\">Semana do Conhecimento 2018 Fernanda<\/figcaption><\/figure>\n<p>&nbsp;<\/p>\n<figure id=\"attachment_230\" aria-describedby=\"caption-attachment-230\" style=\"width: 600px\" class=\"wp-caption alignnone\"><img decoding=\"async\" class=\"size-full wp-image-230\" src=\"https:\/\/www.ica.ufmg.br\/nutrica\/wp-content\/uploads\/2022\/11\/Semana-do-Conhecimento-2019_aluna-Elis.jpeg\" alt=\"\" width=\"600\" \/><figcaption id=\"caption-attachment-230\" class=\"wp-caption-text\">Semana do Conhecimento 2019 Elis<\/figcaption><\/figure>\n<p>&nbsp;<\/p>\n<figure id=\"attachment_232\" aria-describedby=\"caption-attachment-232\" style=\"width: 600px\" class=\"wp-caption alignnone\"><img decoding=\"async\" class=\"size-full wp-image-232\" src=\"https:\/\/www.ica.ufmg.br\/nutrica\/wp-content\/uploads\/2022\/11\/Semana-do-COnhecimento_2018_Handray.jpeg\" alt=\"\" width=\"600\" \/><figcaption id=\"caption-attachment-232\" class=\"wp-caption-text\">Semana do Conhecimento 2018 Handray<\/figcaption><\/figure>\n<p>&nbsp;<\/p>\n<figure id=\"attachment_233\" aria-describedby=\"caption-attachment-233\" style=\"width: 600px\" class=\"wp-caption alignnone\"><img decoding=\"async\" class=\"size-full wp-image-233\" src=\"https:\/\/www.ica.ufmg.br\/nutrica\/wp-content\/uploads\/2022\/11\/Semana-do-Conhecimento_2018_Maria-Helena.jpeg\" alt=\"\" width=\"600\" \/><figcaption id=\"caption-attachment-233\" class=\"wp-caption-text\">Semana do Conhecimento 2018 Maria Helena<\/figcaption><\/figure>\n<p>&nbsp;<\/p>\n<p><img decoding=\"async\" class=\"size-full wp-image-224\" src=\"https:\/\/www.ica.ufmg.br\/nutrica\/wp-content\/uploads\/2022\/11\/Palestra-prof_-Igor_2019.jpeg\" alt=\"\" width=\"600\" \/><\/p>\n<p>Palestra prof_ Igor_2019<\/p>\n<figure id=\"attachment_225\" aria-describedby=\"caption-attachment-225\" style=\"width: 600px\" class=\"wp-caption alignnone\"><img decoding=\"async\" class=\"size-full wp-image-225\" src=\"https:\/\/www.ica.ufmg.br\/nutrica\/wp-content\/uploads\/2022\/11\/Palestra_prof_Igor_2021.jpeg\" alt=\"\" width=\"600\" \/><figcaption id=\"caption-attachment-225\" class=\"wp-caption-text\">Palestra_prof_Igor_2021<\/figcaption><\/figure>\n<p><strong>Mem\u00f3rias<\/strong><\/p>\n<figure id=\"attachment_229\" aria-describedby=\"caption-attachment-229\" style=\"width: 600px\" class=\"wp-caption alignnone\"><img decoding=\"async\" class=\"size-full wp-image-229\" src=\"https:\/\/www.ica.ufmg.br\/nutrica\/wp-content\/uploads\/2022\/11\/Reuniao_GEBIO_2022.jpeg\" alt=\"\" width=\"600\" \/><figcaption id=\"caption-attachment-229\" class=\"wp-caption-text\">Reuni\u00e3o_GEBIO_2022<\/figcaption><\/figure>\n<p>&nbsp;<\/p>\n<figure id=\"attachment_227\" aria-describedby=\"caption-attachment-227\" style=\"width: 600px\" class=\"wp-caption alignnone\"><img decoding=\"async\" class=\"size-full wp-image-227\" src=\"https:\/\/www.ica.ufmg.br\/nutrica\/wp-content\/uploads\/2022\/11\/Pesagem-e-medicao-das-criancas_2016.jpeg\" alt=\"\" width=\"600\" \/><figcaption id=\"caption-attachment-227\" class=\"wp-caption-text\">Pesagem e medi\u00e7\u00e3o das crian\u00e7as_2016<\/figcaption><\/figure>\n<p>&nbsp;<\/p>\n<figure id=\"attachment_228\" aria-describedby=\"caption-attachment-228\" style=\"width: 600px\" class=\"wp-caption alignnone\"><img decoding=\"async\" class=\"size-full wp-image-228\" src=\"https:\/\/www.ica.ufmg.br\/nutrica\/wp-content\/uploads\/2022\/11\/Preparo-do-material-para-producao-da-bebida-lactea-fermentada_2015.jpeg\" alt=\"\" width=\"600\" \/><figcaption id=\"caption-attachment-228\" class=\"wp-caption-text\">Preparo do material para produ\u00e7\u00e3o da bebida l\u00e1ctea fermentada_2015<\/figcaption><\/figure>\n<div class=\"mceTemp\"><\/div>\n<p>&nbsp;<\/p>\n<figure id=\"attachment_223\" aria-describedby=\"caption-attachment-223\" style=\"width: 600px\" class=\"wp-caption alignnone\"><img decoding=\"async\" class=\"size-full wp-image-223\" src=\"https:\/\/www.ica.ufmg.br\/nutrica\/wp-content\/uploads\/2022\/11\/Medicao-das-criancas_2016.jpeg\" alt=\"\" width=\"600\" \/><figcaption id=\"caption-attachment-223\" class=\"wp-caption-text\">Medi\u00e7\u00e3o das crian\u00e7as_2016<\/figcaption><\/figure>\n<p>&nbsp;<\/p>\n<figure id=\"attachment_221\" aria-describedby=\"caption-attachment-221\" style=\"width: 600px\" class=\"wp-caption alignnone\"><img decoding=\"async\" class=\"size-full wp-image-221\" src=\"https:\/\/www.ica.ufmg.br\/nutrica\/wp-content\/uploads\/2022\/11\/Integrantes-do-GEBIO-em-aula-pratica.jpeg\" alt=\"\" width=\"600\" \/><figcaption id=\"caption-attachment-221\" class=\"wp-caption-text\">Integrantes do GEBIO em aula pr\u00e1tica<\/figcaption><\/figure>\n<p>&nbsp;<\/p>\n<figure id=\"attachment_218\" aria-describedby=\"caption-attachment-218\" style=\"width: 600px\" class=\"wp-caption alignnone\"><img decoding=\"async\" class=\"size-full wp-image-218\" src=\"https:\/\/www.ica.ufmg.br\/nutrica\/wp-content\/uploads\/2022\/11\/Defesa-de-Dissertacao_Cleudinis_2021.jpeg\" alt=\"\" width=\"600\" \/><figcaption id=\"caption-attachment-218\" class=\"wp-caption-text\">Defesa de Disserta\u00e7\u00e3o_Cleudinis_2021<\/figcaption><\/figure>\n<p>&nbsp;<\/p>\n<figure id=\"attachment_219\" aria-describedby=\"caption-attachment-219\" style=\"width: 600px\" class=\"wp-caption alignnone\"><img decoding=\"async\" class=\"size-full wp-image-219\" src=\"https:\/\/www.ica.ufmg.br\/nutrica\/wp-content\/uploads\/2022\/11\/Defesa-de-Dissertacao_Fernanda_2021.jpeg\" alt=\"\" width=\"600\" \/><figcaption id=\"caption-attachment-219\" class=\"wp-caption-text\">Defesa de Disserta\u00e7\u00e3o_Fernanda_2021<\/figcaption><\/figure>\n<p>&nbsp;<\/p>\n<figure id=\"attachment_220\" aria-describedby=\"caption-attachment-220\" style=\"width: 600px\" class=\"wp-caption alignnone\"><img decoding=\"async\" class=\"size-full wp-image-220\" src=\"https:\/\/www.ica.ufmg.br\/nutrica\/wp-content\/uploads\/2022\/11\/Despedida-do-Prof-Igor-para-o-pos-doc_2015.jpeg\" alt=\"\" width=\"600\" \/><figcaption id=\"caption-attachment-220\" class=\"wp-caption-text\">Despedida do Prof Igor para o p\u00f3s doc_2015<\/figcaption><\/figure>\n<p>&nbsp;<\/p>\n<figure id=\"attachment_222\" aria-describedby=\"caption-attachment-222\" style=\"width: 600px\" class=\"wp-caption alignnone\"><img decoding=\"async\" class=\"size-full wp-image-222\" src=\"https:\/\/www.ica.ufmg.br\/nutrica\/wp-content\/uploads\/2022\/11\/Integrantes-do-GEBIO_2017.jpeg\" alt=\"\" width=\"600\" \/><figcaption id=\"caption-attachment-222\" class=\"wp-caption-text\">Integrantes do GEBIO_2017<\/figcaption><\/figure>\n","protected":false},"excerpt":{"rendered":"<p>https:\/\/www.instagram.com\/ufmg.gebio\/ https:\/\/pt-br.facebook.com\/gebio.ufmg &nbsp; Galeria de Fotos Apresenta\u00e7\u00e3o de trabalhos em eventos cient\u00edficos Apresenta\u00e7\u00e3o de trabalho na Semana do Conhecimento 2024 Apresenta\u00e7\u00e3o de trabalho na Semana do Conhecimento 2024 Apresenta\u00e7\u00e3o de trabalho na Semana do Conhecimento 2024 pela aluna Daniela &nbsp; Apresenta\u00e7\u00e3o de trabalho na Semana do Conhecimento 2023 pela aluna Camilla Apresenta\u00e7\u00e3o de trabalho na [&hellip;]<\/p>\n","protected":false},"author":1,"featured_media":0,"parent":0,"menu_order":0,"comment_status":"closed","ping_status":"closed","template":"","meta":{"footnotes":""},"class_list":["post-17","page","type-page","status-publish","hentry"],"acf":[],"_links":{"self":[{"href":"https:\/\/www.ufmg.br\/montesclaros\/nutrica\/wp-json\/wp\/v2\/pages\/17","targetHints":{"allow":["GET"]}}],"collection":[{"href":"https:\/\/www.ufmg.br\/montesclaros\/nutrica\/wp-json\/wp\/v2\/pages"}],"about":[{"href":"https:\/\/www.ufmg.br\/montesclaros\/nutrica\/wp-json\/wp\/v2\/types\/page"}],"author":[{"embeddable":true,"href":"https:\/\/www.ufmg.br\/montesclaros\/nutrica\/wp-json\/wp\/v2\/users\/1"}],"replies":[{"embeddable":true,"href":"https:\/\/www.ufmg.br\/montesclaros\/nutrica\/wp-json\/wp\/v2\/comments?post=17"}],"version-history":[{"count":20,"href":"https:\/\/www.ufmg.br\/montesclaros\/nutrica\/wp-json\/wp\/v2\/pages\/17\/revisions"}],"predecessor-version":[{"id":324,"href":"https:\/\/www.ufmg.br\/montesclaros\/nutrica\/wp-json\/wp\/v2\/pages\/17\/revisions\/324"}],"wp:attachment":[{"href":"https:\/\/www.ufmg.br\/montesclaros\/nutrica\/wp-json\/wp\/v2\/media?parent=17"}],"curies":[{"name":"wp","href":"https:\/\/api.w.org\/{rel}","templated":true}]}}