{"id":111,"date":"2024-12-13T15:24:13","date_gmt":"2024-12-13T18:24:13","guid":{"rendered":"https:\/\/mestrado.technedigital.cloud\/?page_id=111"},"modified":"2024-12-31T12:26:56","modified_gmt":"2024-12-31T15:26:56","slug":"sobre-nos","status":"publish","type":"page","link":"https:\/\/www.ufmg.br\/montesclaros\/ppgas\/sobre-nos\/","title":{"rendered":"Sobre N\u00f3s"},"content":{"rendered":"\t\t<div data-elementor-type=\"wp-page\" data-elementor-id=\"111\" class=\"elementor elementor-111\" data-elementor-post-type=\"page\">\n\t\t\t\t<div class=\"elementor-element elementor-element-503f9c6e e-flex e-con-boxed e-con e-parent\" data-id=\"503f9c6e\" data-element_type=\"container\" data-settings=\"{&quot;background_background&quot;:&quot;classic&quot;}\">\n\t\t\t\t\t<div class=\"e-con-inner\">\n\t\t<div class=\"elementor-element elementor-element-11e36d14 e-flex e-con-boxed e-con e-child\" data-id=\"11e36d14\" data-element_type=\"container\">\n\t\t\t\t\t<div class=\"e-con-inner\">\n\t\t\t\t<div class=\"elementor-element elementor-element-71744491 elementor-invisible elementor-widget elementor-widget-heading\" data-id=\"71744491\" data-element_type=\"widget\" data-settings=\"{&quot;_animation&quot;:&quot;fadeInUp&quot;,&quot;_animation_delay&quot;:200}\" data-widget_type=\"heading.default\">\n\t\t\t\t\t<h1 class=\"elementor-heading-title elementor-size-default\">Sobre N\u00f3s<\/h1>\t\t\t\t<\/div>\n\t\t\t\t<div class=\"elementor-element elementor-element-5e099ad5 elementor-invisible elementor-widget elementor-widget-heading\" data-id=\"5e099ad5\" data-element_type=\"widget\" data-settings=\"{&quot;_animation&quot;:&quot;fadeInUp&quot;,&quot;_animation_delay&quot;:300}\" data-widget_type=\"heading.default\">\n\t\t\t\t\t<h4 class=\"elementor-heading-title elementor-size-default\">Transforme o futuro da alimenta\u00e7\u00e3o com inova\u00e7\u00e3o cient\u00edfica e tecnol\u00f3gica.<\/h4>\t\t\t\t<\/div>\n\t\t\t\t\t<\/div>\n\t\t\t\t<\/div>\n\t\t\t\t\t<\/div>\n\t\t\t\t<\/div>\n\t\t<div class=\"elementor-element elementor-element-362ec771 e-flex e-con-boxed e-con e-parent\" data-id=\"362ec771\" data-element_type=\"container\" data-settings=\"{&quot;background_background&quot;:&quot;classic&quot;}\">\n\t\t\t\t\t<div class=\"e-con-inner\">\n\t\t<div class=\"elementor-element elementor-element-385aaf9e e-con-full e-flex elementor-invisible e-con e-child\" data-id=\"385aaf9e\" data-element_type=\"container\" data-settings=\"{&quot;animation&quot;:&quot;fadeInLeft&quot;}\">\n\t\t\t\t<div class=\"elementor-element elementor-element-3b2f3545 elementor-widget elementor-widget-heading\" data-id=\"3b2f3545\" data-element_type=\"widget\" data-widget_type=\"heading.default\">\n\t\t\t\t\t<h6 class=\"elementor-heading-title elementor-size-default\">Sobre o Programa<\/h6>\t\t\t\t<\/div>\n\t\t\t\t<div class=\"elementor-element elementor-element-6363a2c0 elementor-widget__width-initial elementor-widget elementor-widget-heading\" data-id=\"6363a2c0\" data-element_type=\"widget\" data-widget_type=\"heading.default\">\n\t\t\t\t\t<h2 class=\"elementor-heading-title elementor-size-default\">O Mestrado em Alimentos e Sa\u00fade da UFMG tem como foco:<\/h2>\t\t\t\t<\/div>\n\t\t\t\t<div class=\"elementor-element elementor-element-6c2be0ed elementor-widget elementor-widget-text-editor\" data-id=\"6c2be0ed\" data-element_type=\"widget\" data-widget_type=\"text-editor.default\">\n\t\t\t\t\t\t\t\t\t<p data-pm-slice=\"1 1 []\">Montes Claros, por ser um polo de sa\u00fade e agricultura, \u00e9 o local ideal para a realiza\u00e7\u00e3o desse programa. Junte-se a n\u00f3s e contribua para solu\u00e7\u00f5es sustent\u00e1veis e avan\u00e7os cient\u00edficos significativos.<\/p>\t\t\t\t\t\t\t\t<\/div>\n\t\t<div class=\"elementor-element elementor-element-4ecad4e2 e-flex e-con-boxed e-con e-child\" data-id=\"4ecad4e2\" data-element_type=\"container\">\n\t\t\t\t\t<div class=\"e-con-inner\">\n\t\t\t\t<div class=\"elementor-element elementor-element-8ee4391 elementor-widget__width-initial elementor-icon-list--layout-traditional elementor-list-item-link-full_width elementor-widget elementor-widget-icon-list\" data-id=\"8ee4391\" data-element_type=\"widget\" data-widget_type=\"icon-list.default\">\n\t\t\t\t\t\t\t<ul class=\"elementor-icon-list-items\">\n\t\t\t\t\t\t\t<li class=\"elementor-icon-list-item\">\n\t\t\t\t\t\t\t\t\t\t\t<span class=\"elementor-icon-list-icon\">\n\t\t\t\t\t\t\t<svg aria-hidden=\"true\" class=\"e-font-icon-svg e-far-arrow-alt-circle-right\" viewBox=\"0 0 512 512\" xmlns=\"http:\/\/www.w3.org\/2000\/svg\"><path d=\"M504 256C504 119 393 8 256 8S8 119 8 256s111 248 248 248 248-111 248-248zm-448 0c0-110.5 89.5-200 200-200s200 89.5 200 200-89.5 200-200 200S56 366.5 56 256zm72 20v-40c0-6.6 5.4-12 12-12h116v-67c0-10.7 12.9-16 20.5-8.5l99 99c4.7 4.7 4.7 12.3 0 17l-99 99c-7.6 7.6-20.5 2.2-20.5-8.5v-67H140c-6.6 0-12-5.4-12-12z\"><\/path><\/svg>\t\t\t\t\t\t<\/span>\n\t\t\t\t\t\t\t\t\t\t<span class=\"elementor-icon-list-text\">Pesquisas inovadoras<\/span>\n\t\t\t\t\t\t\t\t\t<\/li>\n\t\t\t\t\t\t\t\t<li class=\"elementor-icon-list-item\">\n\t\t\t\t\t\t\t\t\t\t\t<span class=\"elementor-icon-list-icon\">\n\t\t\t\t\t\t\t<svg aria-hidden=\"true\" class=\"e-font-icon-svg e-far-arrow-alt-circle-right\" viewBox=\"0 0 512 512\" xmlns=\"http:\/\/www.w3.org\/2000\/svg\"><path d=\"M504 256C504 119 393 8 256 8S8 119 8 256s111 248 248 248 248-111 248-248zm-448 0c0-110.5 89.5-200 200-200s200 89.5 200 200-89.5 200-200 200S56 366.5 56 256zm72 20v-40c0-6.6 5.4-12 12-12h116v-67c0-10.7 12.9-16 20.5-8.5l99 99c4.7 4.7 4.7 12.3 0 17l-99 99c-7.6 7.6-20.5 2.2-20.5-8.5v-67H140c-6.6 0-12-5.4-12-12z\"><\/path><\/svg>\t\t\t\t\t\t<\/span>\n\t\t\t\t\t\t\t\t\t\t<span class=\"elementor-icon-list-text\">Conex\u00e3o com o bioma cerrado-caatinga<\/span>\n\t\t\t\t\t\t\t\t\t<\/li>\n\t\t\t\t\t\t\t\t<li class=\"elementor-icon-list-item\">\n\t\t\t\t\t\t\t\t\t\t\t<span class=\"elementor-icon-list-icon\">\n\t\t\t\t\t\t\t<svg aria-hidden=\"true\" class=\"e-font-icon-svg e-far-arrow-alt-circle-right\" viewBox=\"0 0 512 512\" xmlns=\"http:\/\/www.w3.org\/2000\/svg\"><path d=\"M504 256C504 119 393 8 256 8S8 119 8 256s111 248 248 248 248-111 248-248zm-448 0c0-110.5 89.5-200 200-200s200 89.5 200 200-89.5 200-200 200S56 366.5 56 256zm72 20v-40c0-6.6 5.4-12 12-12h116v-67c0-10.7 12.9-16 20.5-8.5l99 99c4.7 4.7 4.7 12.3 0 17l-99 99c-7.6 7.6-20.5 2.2-20.5-8.5v-67H140c-6.6 0-12-5.4-12-12z\"><\/path><\/svg>\t\t\t\t\t\t<\/span>\n\t\t\t\t\t\t\t\t\t\t<span class=\"elementor-icon-list-text\">Impacto direto na sa\u00fade humana e animal<\/span>\n\t\t\t\t\t\t\t\t\t<\/li>\n\t\t\t\t\t\t<\/ul>\n\t\t\t\t\t\t<\/div>\n\t\t\t\t\t<\/div>\n\t\t\t\t<\/div>\n\t\t\t\t<\/div>\n\t\t<div class=\"elementor-element elementor-element-18fdaf6a e-con-full e-flex elementor-invisible e-con e-child\" data-id=\"18fdaf6a\" data-element_type=\"container\" data-settings=\"{&quot;animation&quot;:&quot;fadeInRight&quot;}\">\n\t\t\t\t<div class=\"elementor-element elementor-element-e02346f elementor-widget elementor-widget-image\" data-id=\"e02346f\" data-element_type=\"widget\" data-widget_type=\"image.default\">\n\t\t\t\t\t\t\t\t\t\t\t\t\t\t\t<img fetchpriority=\"high\" decoding=\"async\" width=\"800\" height=\"534\" src=\"https:\/\/www.ufmg.br\/montesclaros\/ppgas\/wp-content\/uploads\/2024\/12\/20231016-bioprocessos-e-microbiologia-de-alimentos-OUTLAB-56-1-1024x683.jpg\" class=\"attachment-large size-large wp-image-575\" alt=\"\" srcset=\"https:\/\/www.ufmg.br\/montesclaros\/ppgas\/wp-content\/uploads\/2024\/12\/20231016-bioprocessos-e-microbiologia-de-alimentos-OUTLAB-56-1-1024x683.jpg 1024w, https:\/\/www.ufmg.br\/montesclaros\/ppgas\/wp-content\/uploads\/2024\/12\/20231016-bioprocessos-e-microbiologia-de-alimentos-OUTLAB-56-1-300x200.jpg 300w, https:\/\/www.ufmg.br\/montesclaros\/ppgas\/wp-content\/uploads\/2024\/12\/20231016-bioprocessos-e-microbiologia-de-alimentos-OUTLAB-56-1-768x512.jpg 768w, https:\/\/www.ufmg.br\/montesclaros\/ppgas\/wp-content\/uploads\/2024\/12\/20231016-bioprocessos-e-microbiologia-de-alimentos-OUTLAB-56-1-1536x1024.jpg 1536w, https:\/\/www.ufmg.br\/montesclaros\/ppgas\/wp-content\/uploads\/2024\/12\/20231016-bioprocessos-e-microbiologia-de-alimentos-OUTLAB-56-1-2048x1365.jpg 2048w\" sizes=\"(max-width: 800px) 100vw, 800px\" \/>\t\t\t\t\t\t\t\t\t\t\t\t\t\t\t<\/div>\n\t\t\t\t<\/div>\n\t\t\t\t\t<\/div>\n\t\t\t\t<\/div>\n\t\t<div class=\"elementor-element elementor-element-b840672 e-flex e-con-boxed e-con e-parent\" data-id=\"b840672\" data-element_type=\"container\" data-settings=\"{&quot;background_background&quot;:&quot;classic&quot;}\">\n\t\t\t\t\t<div class=\"e-con-inner\">\n\t\t<div class=\"elementor-element elementor-element-44f2b32c e-flex e-con-boxed e-con e-child\" data-id=\"44f2b32c\" data-element_type=\"container\">\n\t\t\t\t\t<div class=\"e-con-inner\">\n\t\t\t\t<div class=\"elementor-element elementor-element-40ccebe elementor-widget elementor-widget-menu-anchor\" data-id=\"40ccebe\" data-element_type=\"widget\" data-widget_type=\"menu-anchor.default\">\n\t\t\t\t\t\t\t<div class=\"elementor-menu-anchor\" id=\"programa\"><\/div>\n\t\t\t\t\t\t<\/div>\n\t\t\t\t<div class=\"elementor-element elementor-element-79a8d5d9 elementor-widget elementor-widget-heading\" data-id=\"79a8d5d9\" data-element_type=\"widget\" data-widget_type=\"heading.default\">\n\t\t\t\t\t<h6 class=\"elementor-heading-title elementor-size-default\">Mestrado em Alimentos e Sa\u00fade<\/h6>\t\t\t\t<\/div>\n\t\t\t\t<div class=\"elementor-element elementor-element-9b3c5ee elementor-widget elementor-widget-heading\" data-id=\"9b3c5ee\" data-element_type=\"widget\" data-widget_type=\"heading.default\">\n\t\t\t\t\t<h2 class=\"elementor-heading-title elementor-size-default\">Conhe\u00e7a um pouco mais sobre nosso programa!<\/h2>\t\t\t\t<\/div>\n\t\t\t\t\t<\/div>\n\t\t\t\t<\/div>\n\t\t<div class=\"elementor-element elementor-element-357f1363 e-flex e-con-boxed e-con e-child\" data-id=\"357f1363\" data-element_type=\"container\">\n\t\t\t\t\t<div class=\"e-con-inner\">\n\t\t\t\t<div class=\"elementor-element elementor-element-28ba115 elementor-widget__width-initial elementor-widget-mobile__width-initial elementor-widget elementor-widget-text-editor\" data-id=\"28ba115\" data-element_type=\"widget\" data-widget_type=\"text-editor.default\">\n\t\t\t\t\t\t\t\t\t<p>O<span style=\"color: #808080;\"><strong> Mestrado em Alimentos e Sa\u00fade<\/strong><\/span> visa a inova\u00e7\u00e3o e o aprimoramento das tecnologias associadas \u00e0 produ\u00e7\u00e3o de alimentos, sele\u00e7\u00e3o e obten\u00e7\u00e3o de novos ingredientes e eleva\u00e7\u00e3o cont\u00ednua dos \u00edndices de efici\u00eancia dos sistemas melhoramento alimentar, bem como avaliar os efeitos desses alimentos sobre a sa\u00fade de seres humanos e\/ou animais, avaliando e melhorando o funcionamento do organismo e aumentando o bem-estar de indiv\u00edduos.<\/p><p>Assim, pesquisas com foco na descoberta e avalia\u00e7\u00e3o de novas fontes alternativas para alimenta\u00e7\u00e3o humana, bem como o aproveitamento dos res\u00edduos agroindustriais gerados s\u00e3o fundamentais na busca de uma melhoria nos processos atrelados \u00e0 ci\u00eancia e tecnologia de alimentos.<\/p><p>Al\u00e9m disso, o foco nas peculiaridades e necessidades de sa\u00fade da regi\u00e3o bem como a oferta de flora pelo cerrado norte-mineiro direcionam os trabalhos de pesquisa desenvolvido no Mestrado em Alimentos e Sa\u00fade. A cidade de Montes Claros \u00e9 a maior cidade do Norte de Minas e do Sul da Bahia, atendendo uma enorme demanda Hospitalar e de Sa\u00fade de toda a regi\u00e3o adjacente. Muitos frutos de plantas nativas do cerrado-caatinga, provenientes de uma atividade extrativista e predat\u00f3ria, s\u00e3o comercializados e consumidos \u201c<em>in natura<\/em>\u201d ou beneficiados pela ind\u00fastria caseira na forma de sorvetes, sucos, licores, geleias, etc., com grande aceita\u00e7\u00e3o popular. Por\u00e9m, a grande maioria desses frutos ainda s\u00e3o pouco explorados no que se refere aos conhecimentos e aproveitamento dos seus componentes nutricionais.<\/p>\t\t\t\t\t\t\t\t<\/div>\n\t\t<div class=\"elementor-element elementor-element-7448ed3 e-con-full e-flex e-con e-child\" data-id=\"7448ed3\" data-element_type=\"container\">\n\t\t\t\t<div class=\"elementor-element elementor-element-b0b5709 elementor-align-justify elementor-widget__width-initial elementor-widget-mobile__width-initial elementor-widget elementor-widget-button\" data-id=\"b0b5709\" data-element_type=\"widget\" data-widget_type=\"button.default\">\n\t\t\t\t\t\t\t\t\t\t<a class=\"elementor-button elementor-button-link elementor-size-sm\" href=\"\/contato\">\n\t\t\t\t\t\t<span class=\"elementor-button-content-wrapper\">\n\t\t\t\t\t\t\t\t\t<span class=\"elementor-button-text\">Clique aqui e saiba mais sobre nosso programa de mestrado<\/span>\n\t\t\t\t\t<\/span>\n\t\t\t\t\t<\/a>\n\t\t\t\t\t\t\t\t<\/div>\n\t\t\t\t<\/div>\n\t\t\t\t\t<\/div>\n\t\t\t\t<\/div>\n\t\t\t\t\t<\/div>\n\t\t\t\t<\/div>\n\t\t\t\t<\/div>\n\t\t","protected":false},"excerpt":{"rendered":"<p>Transforme o futuro da alimenta\u00e7\u00e3o com inova\u00e7\u00e3o cient\u00edfica e tecnol\u00f3gica. Sobre o Programa O Mestrado em Alimentos e Sa\u00fade da UFMG tem como foco: Montes Claros, por ser um polo de sa\u00fade e agricultura, \u00e9 o local ideal para a realiza\u00e7\u00e3o desse programa. Junte-se a n\u00f3s e contribua para solu\u00e7\u00f5es sustent\u00e1veis e avan\u00e7os cient\u00edficos significativos. [&hellip;]<\/p>\n","protected":false},"author":1,"featured_media":0,"parent":0,"menu_order":0,"comment_status":"closed","ping_status":"closed","template":"elementor_header_footer","meta":{"_acf_changed":false,"footnotes":""},"foto":[],"class_list":["post-111","page","type-page","status-publish","hentry"],"acf":[],"_links":{"self":[{"href":"https:\/\/www.ufmg.br\/montesclaros\/ppgas\/wp-json\/wp\/v2\/pages\/111","targetHints":{"allow":["GET"]}}],"collection":[{"href":"https:\/\/www.ufmg.br\/montesclaros\/ppgas\/wp-json\/wp\/v2\/pages"}],"about":[{"href":"https:\/\/www.ufmg.br\/montesclaros\/ppgas\/wp-json\/wp\/v2\/types\/page"}],"author":[{"embeddable":true,"href":"https:\/\/www.ufmg.br\/montesclaros\/ppgas\/wp-json\/wp\/v2\/users\/1"}],"replies":[{"embeddable":true,"href":"https:\/\/www.ufmg.br\/montesclaros\/ppgas\/wp-json\/wp\/v2\/comments?post=111"}],"version-history":[{"count":10,"href":"https:\/\/www.ufmg.br\/montesclaros\/ppgas\/wp-json\/wp\/v2\/pages\/111\/revisions"}],"predecessor-version":[{"id":578,"href":"https:\/\/www.ufmg.br\/montesclaros\/ppgas\/wp-json\/wp\/v2\/pages\/111\/revisions\/578"}],"wp:attachment":[{"href":"https:\/\/www.ufmg.br\/montesclaros\/ppgas\/wp-json\/wp\/v2\/media?parent=111"}],"wp:term":[{"taxonomy":"foto","embeddable":true,"href":"https:\/\/www.ufmg.br\/montesclaros\/ppgas\/wp-json\/wp\/v2\/foto?post=111"}],"curies":[{"name":"wp","href":"https:\/\/api.w.org\/{rel}","templated":true}]}}