{"id":118,"date":"2024-12-13T15:26:12","date_gmt":"2024-12-13T18:26:12","guid":{"rendered":"https:\/\/mestrado.technedigital.cloud\/?page_id=118"},"modified":"2026-03-08T16:30:38","modified_gmt":"2026-03-08T19:30:38","slug":"linhas-de-pesquisa","status":"publish","type":"page","link":"https:\/\/www.ufmg.br\/montesclaros\/ppgas\/linhas-de-pesquisa\/","title":{"rendered":"Linhas de Pesquisa"},"content":{"rendered":"\t\t<div data-elementor-type=\"wp-page\" data-elementor-id=\"118\" class=\"elementor elementor-118\" data-elementor-post-type=\"page\">\n\t\t\t\t<div class=\"elementor-element elementor-element-be9a122 e-flex e-con-boxed e-con e-parent\" data-id=\"be9a122\" data-element_type=\"container\" data-settings=\"{&quot;background_background&quot;:&quot;classic&quot;}\">\n\t\t\t\t\t<div class=\"e-con-inner\">\n\t\t<div class=\"elementor-element elementor-element-d1bcad5 e-flex e-con-boxed e-con e-child\" data-id=\"d1bcad5\" data-element_type=\"container\">\n\t\t\t\t\t<div class=\"e-con-inner\">\n\t\t\t\t<div class=\"elementor-element elementor-element-16b7e0f elementor-invisible elementor-widget elementor-widget-heading\" data-id=\"16b7e0f\" data-element_type=\"widget\" data-settings=\"{&quot;_animation&quot;:&quot;fadeInUp&quot;,&quot;_animation_delay&quot;:200}\" data-widget_type=\"heading.default\">\n\t\t\t\t\t<h1 class=\"elementor-heading-title elementor-size-default\">Linhas de Pesquisa<\/h1>\t\t\t\t<\/div>\n\t\t\t\t\t<\/div>\n\t\t\t\t<\/div>\n\t\t\t\t\t<\/div>\n\t\t\t\t<\/div>\n\t\t<div class=\"elementor-element elementor-element-2ff7c1f e-flex e-con-boxed e-con e-parent\" data-id=\"2ff7c1f\" data-element_type=\"container\">\n\t\t\t\t\t<div class=\"e-con-inner\">\n\t\t\t\t<div class=\"elementor-element elementor-element-cb77d7f elementor-widget elementor-widget-html\" data-id=\"cb77d7f\" data-element_type=\"widget\" data-widget_type=\"html.default\">\n\t\t\t\t\t<!DOCTYPE html>\r\n<html lang=\"en\">\r\n<head>\r\n    <meta charset=\"UTF-8\">\r\n    <meta name=\"viewport\" content=\"width=device-width, initial-scale=1.0\">\r\n    <title><\/title>\r\n    <style>\r\n        body {\r\n            font-family: Arial, sans-serif;\r\n            background-color: #f4f4f4;\r\n            margin: 0;\r\n            padding: 20px;\r\n        }\r\n\r\n        .container {\r\n            display: flex;\r\n            flex-wrap: wrap;\r\n            gap: 20px;\r\n            justify-content: center;\r\n        }\r\n\r\n        .card {\r\n            background-color: #ffffff;\r\n            border-radius: 8px;\r\n            box-shadow: 0 4px 8px rgba(0, 0, 0, 0.1);\r\n            width: 300px;\r\n            padding: 20px;\r\n            display: flex;\r\n            flex-direction: column;\r\n            justify-content: space-between;\r\n        }\r\n\r\n        .card h3 {\r\n            font-size: 1.5em;\r\n            color: #333333;\r\n        }\r\n\r\n        .card p {\r\n            font-size: 1em;\r\n            color: #555555;\r\n            margin: 10px 0;\r\n        }\r\n\r\n        .card button {\r\n            background-color: ##02AAA0F;\r\n            color: #ffffff;\r\n            border: none;\r\n            padding: 10px;\r\n            border-radius: 5px;\r\n            font-size: 1em;\r\n            cursor: pointer;\r\n            text-align: center;\r\n        }\r\n\r\n        .card button:hover {\r\n            background-color: #0056b3;\r\n        }\r\n    <\/style>\r\n<\/head>\r\n<body>\r\n    <h1 style=\"text-align: center; color: #333;\"><\/h1>\r\n    <div class=\"container\">\r\n        <div class=\"card\">\r\n            <h3>Processos e Controles em Ci\u00eancia de Alimentos aplicados \u00e0 Sa\u00fade<\/h3>\r\n            <p><strong>\u00c1rea de concentra\u00e7\u00e3o:<\/strong> Alimentos e Sa\u00fade<\/p>\r\n            <p><strong>Descri\u00e7\u00e3o:<\/strong> Pesquisar formas de obten\u00e7\u00e3o de novas subst\u00e2ncias oriundas do bioma cerrado e da caatinga. Desenvolver processos voltados para a separa\u00e7\u00e3o e purifica\u00e7\u00e3o de produtos biotecnol\u00f3gicos.<\/p>\r\n            \r\n        <\/div>\r\n\r\n        <div class=\"card\">\r\n            <h3>Efeitos dos Alimentos e suas tecnologias na Fisiopatologia e Nutri\u00e7\u00e3o<\/h3>\r\n            <p><strong>\u00c1rea de concentra\u00e7\u00e3o:<\/strong> Alimentos e Sa\u00fade<\/p>\r\n            <p><strong>Descri\u00e7\u00e3o:<\/strong> Desenvolver processos com foco na manipula\u00e7\u00e3o, conserva\u00e7\u00e3o e desenvolvimentos de novos produtos alimentares oriundos do bioma cerrado. Investigar os efeitos de diferentes alimentos, nutrientes e princ\u00edpios ativos no funcionamento do organismo tanto saud\u00e1vel quanto detentor de alguma doen\u00e7a.<\/p>\r\n\r\n        <\/div>\r\n\r\n        <div class=\"card\">\r\n            <h3>Alimentos, Microbiologia e Modula\u00e7\u00e3o Biomolecular<\/h3>\r\n            <p><strong>\u00c1rea de concentra\u00e7\u00e3o:<\/strong> Alimentos e Sa\u00fade<\/p>\r\n            <p><strong>Descri\u00e7\u00e3o:<\/strong> Avaliar as vias moleculares e de sinaliza\u00e7\u00e3o afetadas pela administra\u00e7\u00e3o de diferentes alimentos e princ\u00edpios ativos, tanto em humanos quanto em modelos de testes pr\u00e9-cl\u00ednicos.<\/p>\r\n\r\n        <\/div>\r\n    <\/div>\r\n<\/body>\r\n<\/html>\r\n\t\t\t\t<\/div>\n\t\t\t\t\t<\/div>\n\t\t\t\t<\/div>\n\t\t\t\t<\/div>\n\t\t","protected":false},"excerpt":{"rendered":"<p>Processos e Controles em Ci\u00eancia de Alimentos aplicados \u00e0 Sa\u00fade \u00c1rea de concentra\u00e7\u00e3o: Alimentos e Sa\u00fade Descri\u00e7\u00e3o: Pesquisar formas de obten\u00e7\u00e3o de novas subst\u00e2ncias oriundas do bioma cerrado e da caatinga. Desenvolver processos voltados para a separa\u00e7\u00e3o e purifica\u00e7\u00e3o de produtos biotecnol\u00f3gicos. Efeitos dos Alimentos e suas tecnologias na Fisiopatologia e Nutri\u00e7\u00e3o \u00c1rea de concentra\u00e7\u00e3o: [&hellip;]<\/p>\n","protected":false},"author":1,"featured_media":0,"parent":0,"menu_order":0,"comment_status":"closed","ping_status":"closed","template":"","meta":{"_acf_changed":false,"footnotes":""},"foto":[],"class_list":["post-118","page","type-page","status-publish","hentry"],"acf":[],"_links":{"self":[{"href":"https:\/\/www.ufmg.br\/montesclaros\/ppgas\/wp-json\/wp\/v2\/pages\/118","targetHints":{"allow":["GET"]}}],"collection":[{"href":"https:\/\/www.ufmg.br\/montesclaros\/ppgas\/wp-json\/wp\/v2\/pages"}],"about":[{"href":"https:\/\/www.ufmg.br\/montesclaros\/ppgas\/wp-json\/wp\/v2\/types\/page"}],"author":[{"embeddable":true,"href":"https:\/\/www.ufmg.br\/montesclaros\/ppgas\/wp-json\/wp\/v2\/users\/1"}],"replies":[{"embeddable":true,"href":"https:\/\/www.ufmg.br\/montesclaros\/ppgas\/wp-json\/wp\/v2\/comments?post=118"}],"version-history":[{"count":16,"href":"https:\/\/www.ufmg.br\/montesclaros\/ppgas\/wp-json\/wp\/v2\/pages\/118\/revisions"}],"predecessor-version":[{"id":1654,"href":"https:\/\/www.ufmg.br\/montesclaros\/ppgas\/wp-json\/wp\/v2\/pages\/118\/revisions\/1654"}],"wp:attachment":[{"href":"https:\/\/www.ufmg.br\/montesclaros\/ppgas\/wp-json\/wp\/v2\/media?parent=118"}],"wp:term":[{"taxonomy":"foto","embeddable":true,"href":"https:\/\/www.ufmg.br\/montesclaros\/ppgas\/wp-json\/wp\/v2\/foto?post=118"}],"curies":[{"name":"wp","href":"https:\/\/api.w.org\/{rel}","templated":true}]}}