{"id":124,"date":"2024-12-13T15:27:32","date_gmt":"2024-12-13T18:27:32","guid":{"rendered":"https:\/\/mestrado.technedigital.cloud\/?page_id=124"},"modified":"2025-07-01T13:39:57","modified_gmt":"2025-07-01T16:39:57","slug":"laboratorios","status":"publish","type":"page","link":"https:\/\/www.ufmg.br\/montesclaros\/ppgas\/laboratorios\/","title":{"rendered":"Laborat\u00f3rios"},"content":{"rendered":"\t\t<div data-elementor-type=\"wp-page\" data-elementor-id=\"124\" class=\"elementor elementor-124\" data-elementor-post-type=\"page\">\n\t\t\t\t<div class=\"elementor-element elementor-element-2905aabb e-flex e-con-boxed e-con e-parent\" data-id=\"2905aabb\" data-element_type=\"container\" data-settings=\"{&quot;background_background&quot;:&quot;classic&quot;}\">\n\t\t\t\t\t<div class=\"e-con-inner\">\n\t\t<div class=\"elementor-element elementor-element-19bd0dd5 e-flex e-con-boxed e-con e-child\" data-id=\"19bd0dd5\" data-element_type=\"container\">\n\t\t\t\t\t<div class=\"e-con-inner\">\n\t\t\t\t<div class=\"elementor-element elementor-element-188fc307 elementor-invisible elementor-widget elementor-widget-heading\" data-id=\"188fc307\" data-element_type=\"widget\" data-settings=\"{&quot;_animation&quot;:&quot;fadeInUp&quot;,&quot;_animation_delay&quot;:200}\" data-widget_type=\"heading.default\">\n\t\t\t\t\t<h1 class=\"elementor-heading-title elementor-size-default\">Laborat\u00f3rios<\/h1>\t\t\t\t<\/div>\n\t\t\t\t<div class=\"elementor-element elementor-element-758c88e2 elementor-widget__width-initial elementor-invisible elementor-widget elementor-widget-heading\" data-id=\"758c88e2\" data-element_type=\"widget\" data-settings=\"{&quot;_animation&quot;:&quot;fadeInUp&quot;,&quot;_animation_delay&quot;:300}\" data-widget_type=\"heading.default\">\n\t\t\t\t\t<h4 class=\"elementor-heading-title elementor-size-default\">Centro de Pesquisa em Ci\u00eancias Agr\u00e1rias (CPCA)<\/h4>\t\t\t\t<\/div>\n\t\t\t\t\t<\/div>\n\t\t\t\t<\/div>\n\t\t\t\t\t<\/div>\n\t\t\t\t<\/div>\n\t\t<div class=\"elementor-element elementor-element-849a576 e-flex e-con-boxed e-con e-parent\" data-id=\"849a576\" data-element_type=\"container\">\n\t\t\t\t\t<div class=\"e-con-inner\">\n\t\t\t\t<div class=\"elementor-element elementor-element-db9e85d elementor-widget elementor-widget-text-editor\" data-id=\"db9e85d\" data-element_type=\"widget\" data-widget_type=\"text-editor.default\">\n\t\t\t\t\t\t\t\t\t<p>O Centro de Pesquisa em Ci\u00eancias Agr\u00e1rias (CPCA) \u00e9 um complexo formado por laborat\u00f3rios multiuso e \u00e1rea de uso comum para utiliza\u00e7\u00e3o compartilhada pelos projetos do mestrado e doutorado. A implanta\u00e7\u00e3o desses laborat\u00f3rios permite investiga\u00e7\u00f5es mais aprofundadas, favorecendo a forma\u00e7\u00e3o de pessoal mais qualificado e a gera\u00e7\u00e3o de tecnologias de grande impacto regional.<\/p><p>O Centro de Pesquisas em Ci\u00eancias Agr\u00e1rias possui\u00a0os\u00a0 seguintes laborat\u00f3rios de pesquisa est\u00e3o dispon\u00edveis para a realiza\u00e7\u00e3o das pesquisas a serem desenvolvidas pelo Curso de Mestrado em Alimentos e Sa\u00fade (CMAS).<\/p><p>1-\u00a0Laborat\u00f3rio de Biotecnologia\u00a0\u2013 A implanta\u00e7\u00e3o do referido laborat\u00f3rio tem como objetivos espec\u00edficos: consolidar os grupos de pesquisas que tenham atividades na \u00e1rea de biotecnologia do ICA-UFMG e apoiar a inova\u00e7\u00e3o e a renova\u00e7\u00e3o biotecnol\u00f3gicas compat\u00edveis com os desafios e exig\u00eancias do desenvolvimento regional e nacional.<\/p><p>2-\u00a0Laborat\u00f3rio de Controle da Polui\u00e7\u00e3o\u00a0\u2013 Com sua implanta\u00e7\u00e3o, tem-se por objetivo realizar determina\u00e7\u00f5es anal\u00edticas de par\u00e2metros f\u00edsicos, qu\u00edmicos e f\u00edsico-qu\u00edmicos em solo, \u00e1gua, efluentes e res\u00edduos de origem industrial e agr\u00edcola.<\/p><p>3-\u00a0Laborat\u00f3rio de Plantas Medicinais e Arom\u00e1ticas\u00a0\u2013 O objetivo deste laborat\u00f3rio \u00e9 o estudo de esp\u00e9cies medicinais e arom\u00e1ticas ex\u00f3ticas e nativas, visando \u00e0 coleta, caracteriza\u00e7\u00e3o, estudo ecogeogr\u00e1fico, cultivo e manejo do germoplasma. No local tamb\u00e9m ser\u00e1 prestado servi\u00e7o \u00e0 comunidade, atrav\u00e9s da an\u00e1lise destas plantas.<\/p><p>4 \u2013 Laborat\u00f3rio de Processos e Compostos Nutrac\u00eauticos e Funcionais\u00a0\u2013 Este laborat\u00f3rio tem como objetivo desenvolver processos de purifica\u00e7\u00e3o de biomol\u00e9culas de origem alimentar, bem como o estudo funcional de tais biomol\u00e9culas.<\/p><p>5 \u2013 Laborat\u00f3rio de Microbiologia de Alimentos\u00a0\u2013 O objetivo deste laborat\u00f3rio \u00e9 fornecer an\u00e1lises de quantifica\u00e7\u00e3o e identifica\u00e7\u00e3o de microrganismo em alimentos.<\/p><p>6- Laborat\u00f3rio de Tecnologia e Desenvolvimento de Produtos Aliment\u00edcios\u00a0\u2013 Com sua implanta\u00e7\u00e3o, tem-se por objetivo o desenvolvimento de novas metodologias de produ\u00e7\u00e3o de alimentos, com vistas ao aproveitamento de subprodutos e redu\u00e7\u00e3o de custos.<\/p><p>7- Laborat\u00f3rio de P\u00f3s-Colheita e Processamento de Vegetais\u00a0\u2013 Com sua implanta\u00e7\u00e3o, tem-se por objetivo o aperfei\u00e7oamento de metodologias j\u00e1 determinadas e\/ou o desenvolvimento de novas metodologias de produ\u00e7\u00e3o\/processamento de alimentos de origem vegetal, com vistas ao aproveitamento de subprodutos e redu\u00e7\u00e3o de custos.<\/p><p>Al\u00e9m desses laborat\u00f3rios o CMAS conta com laborat\u00f3rios de Institui\u00e7\u00f5es parceiras, como o Laborat\u00f3rio de Pesquisa em Sa\u00fade e o Laborat\u00f3rio de Experimenta\u00e7\u00e3o Animal do Programa de P\u00f3s Gradua\u00e7\u00e3o em Sa\u00fade da Unimontes, e o Laborat\u00f3rio de Opera\u00e7\u00f5es Unit\u00e1rias da Universidade Federal de Vi\u00e7osa.<\/p>\t\t\t\t\t\t\t\t<\/div>\n\t\t\t\t\t<\/div>\n\t\t\t\t<\/div>\n\t\t<div class=\"elementor-element elementor-element-2b802de e-flex e-con-boxed e-con e-parent\" data-id=\"2b802de\" data-element_type=\"container\">\n\t\t\t\t\t<div class=\"e-con-inner\">\n\t\t\t\t<div class=\"elementor-element elementor-element-bc9c4ae elementor-widget elementor-widget-image-carousel\" data-id=\"bc9c4ae\" data-element_type=\"widget\" data-settings=\"{&quot;slides_to_show&quot;:&quot;2&quot;,&quot;slides_to_scroll&quot;:&quot;1&quot;,&quot;navigation&quot;:&quot;none&quot;,&quot;autoplay_speed&quot;:1000,&quot;speed&quot;:400,&quot;autoplay&quot;:&quot;yes&quot;,&quot;pause_on_hover&quot;:&quot;yes&quot;,&quot;pause_on_interaction&quot;:&quot;yes&quot;,&quot;infinite&quot;:&quot;yes&quot;}\" data-widget_type=\"image-carousel.default\">\n\t\t\t\t\t\t\t<div class=\"elementor-image-carousel-wrapper swiper\" role=\"region\" aria-roledescription=\"carousel\" aria-label=\"Carrossel de imagens\" dir=\"ltr\">\n\t\t\t<div class=\"elementor-image-carousel swiper-wrapper\" aria-live=\"off\">\n\t\t\t\t\t\t\t\t<div class=\"swiper-slide\" role=\"group\" aria-roledescription=\"slide\" aria-label=\"1 de 23\"><figure class=\"swiper-slide-inner\"><img decoding=\"async\" class=\"swiper-slide-image\" src=\"https:\/\/www.ufmg.br\/montesclaros\/ppgas\/wp-content\/uploads\/2024\/12\/20231016-bioprocessos-e-microbiologia-de-alimentos-OUTLAB-29-scaled.jpg\" alt=\"20231016-bioprocessos-e-microbiologia-de-alimentos-OUTLAB-29\" \/><\/figure><\/div><div class=\"swiper-slide\" role=\"group\" aria-roledescription=\"slide\" aria-label=\"2 de 23\"><figure class=\"swiper-slide-inner\"><img decoding=\"async\" class=\"swiper-slide-image\" src=\"https:\/\/www.ufmg.br\/montesclaros\/ppgas\/wp-content\/uploads\/2024\/12\/20231016-bioprocessos-e-microbiologia-de-alimentos-OUTLAB-16-scaled.jpg\" alt=\"20231016-bioprocessos-e-microbiologia-de-alimentos-OUTLAB-16\" \/><\/figure><\/div><div class=\"swiper-slide\" role=\"group\" aria-roledescription=\"slide\" aria-label=\"3 de 23\"><figure class=\"swiper-slide-inner\"><img decoding=\"async\" class=\"swiper-slide-image\" src=\"https:\/\/www.ufmg.br\/montesclaros\/ppgas\/wp-content\/uploads\/2024\/12\/20231016-bioprocessos-e-microbiologia-de-alimentos-OUTLAB-66-scaled.jpg\" alt=\"20231016-bioprocessos-e-microbiologia-de-alimentos-OUTLAB-66\" \/><\/figure><\/div><div class=\"swiper-slide\" role=\"group\" aria-roledescription=\"slide\" aria-label=\"4 de 23\"><figure class=\"swiper-slide-inner\"><img decoding=\"async\" class=\"swiper-slide-image\" src=\"https:\/\/www.ufmg.br\/montesclaros\/ppgas\/wp-content\/uploads\/2024\/12\/20231016-bioprocessos-e-microbiologia-de-alimentos-OUTLAB-65-scaled.jpg\" alt=\"20231016-bioprocessos-e-microbiologia-de-alimentos-OUTLAB-65\" \/><\/figure><\/div><div class=\"swiper-slide\" role=\"group\" aria-roledescription=\"slide\" aria-label=\"5 de 23\"><figure class=\"swiper-slide-inner\"><img decoding=\"async\" class=\"swiper-slide-image\" src=\"https:\/\/www.ufmg.br\/montesclaros\/ppgas\/wp-content\/uploads\/2024\/12\/20231016-bioprocessos-e-microbiologia-de-alimentos-OUTLAB-33-scaled.jpg\" alt=\"20231016-bioprocessos-e-microbiologia-de-alimentos-OUTLAB-33\" \/><\/figure><\/div><div class=\"swiper-slide\" role=\"group\" aria-roledescription=\"slide\" aria-label=\"6 de 23\"><figure class=\"swiper-slide-inner\"><img decoding=\"async\" class=\"swiper-slide-image\" src=\"https:\/\/www.ufmg.br\/montesclaros\/ppgas\/wp-content\/uploads\/2024\/12\/20231016-bioprocessos-e-microbiologia-de-alimentos-OUTLAB-30-scaled.jpg\" alt=\"20231016-bioprocessos-e-microbiologia-de-alimentos-OUTLAB-30\" \/><\/figure><\/div><div class=\"swiper-slide\" role=\"group\" aria-roledescription=\"slide\" aria-label=\"7 de 23\"><figure class=\"swiper-slide-inner\"><img decoding=\"async\" class=\"swiper-slide-image\" src=\"https:\/\/www.ufmg.br\/montesclaros\/ppgas\/wp-content\/uploads\/2024\/12\/20231016-bioprocessos-e-microbiologia-de-alimentos-OUTLAB-9-scaled.jpg\" alt=\"20231016-bioprocessos-e-microbiologia-de-alimentos-OUTLAB-9\" \/><\/figure><\/div><div class=\"swiper-slide\" role=\"group\" aria-roledescription=\"slide\" aria-label=\"8 de 23\"><figure class=\"swiper-slide-inner\"><img decoding=\"async\" class=\"swiper-slide-image\" src=\"https:\/\/www.ufmg.br\/montesclaros\/ppgas\/wp-content\/uploads\/2024\/12\/20231016-bioprocessos-e-microbiologia-de-alimentos-OUTLAB-64-scaled.jpg\" alt=\"20231016-bioprocessos-e-microbiologia-de-alimentos-OUTLAB-64\" \/><\/figure><\/div><div class=\"swiper-slide\" role=\"group\" aria-roledescription=\"slide\" aria-label=\"9 de 23\"><figure class=\"swiper-slide-inner\"><img decoding=\"async\" class=\"swiper-slide-image\" src=\"https:\/\/www.ufmg.br\/montesclaros\/ppgas\/wp-content\/uploads\/2024\/12\/20231016-bioprocessos-e-microbiologia-de-alimentos-OUTLAB-26-scaled.jpg\" alt=\"20231016-bioprocessos-e-microbiologia-de-alimentos-OUTLAB-26\" \/><\/figure><\/div><div class=\"swiper-slide\" role=\"group\" aria-roledescription=\"slide\" aria-label=\"10 de 23\"><figure class=\"swiper-slide-inner\"><img decoding=\"async\" class=\"swiper-slide-image\" src=\"https:\/\/www.ufmg.br\/montesclaros\/ppgas\/wp-content\/uploads\/2024\/12\/20231016-bioprocessos-e-microbiologia-de-alimentos-OUTLAB-171-scaled.jpg\" alt=\"20231016-bioprocessos-e-microbiologia-de-alimentos-OUTLAB-171\" \/><\/figure><\/div><div class=\"swiper-slide\" role=\"group\" aria-roledescription=\"slide\" aria-label=\"11 de 23\"><figure class=\"swiper-slide-inner\"><img decoding=\"async\" class=\"swiper-slide-image\" src=\"https:\/\/www.ufmg.br\/montesclaros\/ppgas\/wp-content\/uploads\/2024\/12\/20231016-bioprocessos-e-microbiologia-de-alimentos-OUTLAB-56-scaled.jpg\" alt=\"20231016-bioprocessos-e-microbiologia-de-alimentos-OUTLAB-56\" \/><\/figure><\/div><div class=\"swiper-slide\" role=\"group\" aria-roledescription=\"slide\" aria-label=\"12 de 23\"><figure class=\"swiper-slide-inner\"><img decoding=\"async\" class=\"swiper-slide-image\" src=\"https:\/\/www.ufmg.br\/montesclaros\/ppgas\/wp-content\/uploads\/2024\/12\/20231016-bioprocessos-e-microbiologia-de-alimentos-OUTLAB-58-scaled.jpg\" alt=\"20231016-bioprocessos-e-microbiologia-de-alimentos-OUTLAB-58\" \/><\/figure><\/div><div class=\"swiper-slide\" role=\"group\" aria-roledescription=\"slide\" aria-label=\"13 de 23\"><figure class=\"swiper-slide-inner\"><img decoding=\"async\" class=\"swiper-slide-image\" src=\"https:\/\/www.ufmg.br\/montesclaros\/ppgas\/wp-content\/uploads\/2024\/12\/20231016-bioprocessos-e-microbiologia-de-alimentos-OUTLAB-37-scaled.jpg\" alt=\"20231016-bioprocessos-e-microbiologia-de-alimentos-OUTLAB-37\" \/><\/figure><\/div><div class=\"swiper-slide\" role=\"group\" aria-roledescription=\"slide\" aria-label=\"14 de 23\"><figure class=\"swiper-slide-inner\"><img decoding=\"async\" class=\"swiper-slide-image\" src=\"https:\/\/www.ufmg.br\/montesclaros\/ppgas\/wp-content\/uploads\/2024\/12\/20231016-bioprocessos-e-microbiologia-de-alimentos-OUTLAB-23-scaled.jpg\" alt=\"20231016-bioprocessos-e-microbiologia-de-alimentos-OUTLAB-23\" \/><\/figure><\/div><div class=\"swiper-slide\" role=\"group\" aria-roledescription=\"slide\" aria-label=\"15 de 23\"><figure class=\"swiper-slide-inner\"><img decoding=\"async\" class=\"swiper-slide-image\" src=\"https:\/\/www.ufmg.br\/montesclaros\/ppgas\/wp-content\/uploads\/2024\/12\/20231016-bioprocessos-e-microbiologia-de-alimentos-OUTLAB-14-scaled.jpg\" alt=\"20231016-bioprocessos-e-microbiologia-de-alimentos-OUTLAB-14\" \/><\/figure><\/div><div class=\"swiper-slide\" role=\"group\" aria-roledescription=\"slide\" aria-label=\"16 de 23\"><figure class=\"swiper-slide-inner\"><img decoding=\"async\" class=\"swiper-slide-image\" src=\"https:\/\/www.ufmg.br\/montesclaros\/ppgas\/wp-content\/uploads\/2024\/12\/20231016-bioprocessos-e-microbiologia-de-alimentos-OUTLAB-82-scaled.jpg\" alt=\"20231016-bioprocessos-e-microbiologia-de-alimentos-OUTLAB-82\" \/><\/figure><\/div><div class=\"swiper-slide\" role=\"group\" aria-roledescription=\"slide\" aria-label=\"17 de 23\"><figure class=\"swiper-slide-inner\"><img decoding=\"async\" class=\"swiper-slide-image\" src=\"https:\/\/www.ufmg.br\/montesclaros\/ppgas\/wp-content\/uploads\/2024\/12\/20231016-bioprocessos-e-microbiologia-de-alimentos-OUTLAB-90-scaled.jpg\" alt=\"20231016-bioprocessos-e-microbiologia-de-alimentos-OUTLAB-90\" \/><\/figure><\/div><div class=\"swiper-slide\" role=\"group\" aria-roledescription=\"slide\" aria-label=\"18 de 23\"><figure class=\"swiper-slide-inner\"><img decoding=\"async\" class=\"swiper-slide-image\" src=\"https:\/\/www.ufmg.br\/montesclaros\/ppgas\/wp-content\/uploads\/2024\/12\/20231016-bioprocessos-e-microbiologia-de-alimentos-OUTLAB-27-scaled.jpg\" alt=\"20231016-bioprocessos-e-microbiologia-de-alimentos-OUTLAB-27\" \/><\/figure><\/div><div class=\"swiper-slide\" role=\"group\" aria-roledescription=\"slide\" aria-label=\"19 de 23\"><figure class=\"swiper-slide-inner\"><img decoding=\"async\" class=\"swiper-slide-image\" src=\"https:\/\/www.ufmg.br\/montesclaros\/ppgas\/wp-content\/uploads\/2024\/12\/20231016-bioprocessos-e-microbiologia-de-alimentos-OUTLAB-10-scaled.jpg\" alt=\"20231016-bioprocessos-e-microbiologia-de-alimentos-OUTLAB-10\" \/><\/figure><\/div><div class=\"swiper-slide\" role=\"group\" aria-roledescription=\"slide\" aria-label=\"20 de 23\"><figure class=\"swiper-slide-inner\"><img decoding=\"async\" class=\"swiper-slide-image\" src=\"https:\/\/www.ufmg.br\/montesclaros\/ppgas\/wp-content\/uploads\/2024\/12\/20231016-bioprocessos-e-microbiologia-de-alimentos-OUTLAB-39-scaled.jpg\" alt=\"20231016-bioprocessos-e-microbiologia-de-alimentos-OUTLAB-39\" \/><\/figure><\/div><div class=\"swiper-slide\" role=\"group\" aria-roledescription=\"slide\" aria-label=\"21 de 23\"><figure class=\"swiper-slide-inner\"><img decoding=\"async\" class=\"swiper-slide-image\" src=\"https:\/\/www.ufmg.br\/montesclaros\/ppgas\/wp-content\/uploads\/2024\/12\/20231016-bioprocessos-e-microbiologia-de-alimentos-OUTLAB-21-scaled.jpg\" alt=\"20231016-bioprocessos-e-microbiologia-de-alimentos-OUTLAB-21\" \/><\/figure><\/div><div class=\"swiper-slide\" role=\"group\" aria-roledescription=\"slide\" aria-label=\"22 de 23\"><figure class=\"swiper-slide-inner\"><img decoding=\"async\" class=\"swiper-slide-image\" src=\"https:\/\/www.ufmg.br\/montesclaros\/ppgas\/wp-content\/uploads\/2024\/12\/20231016-bioprocessos-e-microbiologia-de-alimentos-OUTLAB-91-scaled.jpg\" alt=\"20231016-bioprocessos-e-microbiologia-de-alimentos-OUTLAB-91\" \/><\/figure><\/div><div class=\"swiper-slide\" role=\"group\" aria-roledescription=\"slide\" aria-label=\"23 de 23\"><figure class=\"swiper-slide-inner\"><img decoding=\"async\" class=\"swiper-slide-image\" src=\"https:\/\/www.ufmg.br\/montesclaros\/ppgas\/wp-content\/uploads\/2024\/12\/20231016-bioprocessos-e-microbiologia-de-alimentos-OUTLAB-38-scaled.jpg\" alt=\"20231016-bioprocessos-e-microbiologia-de-alimentos-OUTLAB-38\" \/><\/figure><\/div>\t\t\t<\/div>\n\t\t\t\t\t\t\t\n\t\t\t\t\t\t\t\t\t<\/div>\n\t\t\t\t\t\t<\/div>\n\t\t\t\t\t<\/div>\n\t\t\t\t<\/div>\n\t\t\t\t<\/div>\n\t\t","protected":false},"excerpt":{"rendered":"<p>Centro de Pesquisa em Ci\u00eancias Agr\u00e1rias (CPCA) O Centro de Pesquisa em Ci\u00eancias Agr\u00e1rias (CPCA) \u00e9 um complexo formado por laborat\u00f3rios multiuso e \u00e1rea de uso comum para utiliza\u00e7\u00e3o compartilhada pelos projetos do mestrado e doutorado. A implanta\u00e7\u00e3o desses laborat\u00f3rios permite investiga\u00e7\u00f5es mais aprofundadas, favorecendo a forma\u00e7\u00e3o de pessoal mais qualificado e a gera\u00e7\u00e3o de [&hellip;]<\/p>\n","protected":false},"author":1,"featured_media":0,"parent":0,"menu_order":0,"comment_status":"closed","ping_status":"closed","template":"elementor_header_footer","meta":{"_acf_changed":false,"footnotes":""},"foto":[],"class_list":["post-124","page","type-page","status-publish","hentry"],"acf":[],"_links":{"self":[{"href":"https:\/\/www.ufmg.br\/montesclaros\/ppgas\/wp-json\/wp\/v2\/pages\/124","targetHints":{"allow":["GET"]}}],"collection":[{"href":"https:\/\/www.ufmg.br\/montesclaros\/ppgas\/wp-json\/wp\/v2\/pages"}],"about":[{"href":"https:\/\/www.ufmg.br\/montesclaros\/ppgas\/wp-json\/wp\/v2\/types\/page"}],"author":[{"embeddable":true,"href":"https:\/\/www.ufmg.br\/montesclaros\/ppgas\/wp-json\/wp\/v2\/users\/1"}],"replies":[{"embeddable":true,"href":"https:\/\/www.ufmg.br\/montesclaros\/ppgas\/wp-json\/wp\/v2\/comments?post=124"}],"version-history":[{"count":22,"href":"https:\/\/www.ufmg.br\/montesclaros\/ppgas\/wp-json\/wp\/v2\/pages\/124\/revisions"}],"predecessor-version":[{"id":1253,"href":"https:\/\/www.ufmg.br\/montesclaros\/ppgas\/wp-json\/wp\/v2\/pages\/124\/revisions\/1253"}],"wp:attachment":[{"href":"https:\/\/www.ufmg.br\/montesclaros\/ppgas\/wp-json\/wp\/v2\/media?parent=124"}],"wp:term":[{"taxonomy":"foto","embeddable":true,"href":"https:\/\/www.ufmg.br\/montesclaros\/ppgas\/wp-json\/wp\/v2\/foto?post=124"}],"curies":[{"name":"wp","href":"https:\/\/api.w.org\/{rel}","templated":true}]}}