{"id":879,"date":"2025-10-15T12:52:29","date_gmt":"2025-10-15T12:52:29","guid":{"rendered":"https:\/\/www.ufmg.br\/montesclaros\/proica\/?page_id=879"},"modified":"2025-10-15T15:36:02","modified_gmt":"2025-10-15T15:36:02","slug":"livros","status":"publish","type":"page","link":"https:\/\/www.ufmg.br\/montesclaros\/proica\/livros\/","title":{"rendered":"Livros"},"content":{"rendered":"\t\t<div data-elementor-type=\"wp-page\" data-elementor-id=\"879\" class=\"elementor elementor-879\" data-elementor-post-type=\"page\">\n\t\t\t\t<div class=\"elementor-element elementor-element-d16b7f9 e-flex e-con-boxed wpr-particle-no wpr-jarallax-no wpr-parallax-no wpr-sticky-section-no e-con e-parent\" data-id=\"d16b7f9\" data-element_type=\"container\" data-settings=\"{&quot;background_background&quot;:&quot;classic&quot;}\">\n\t\t\t\t\t<div class=\"e-con-inner\">\n\t\t\t\t<div class=\"elementor-element elementor-element-affeb5c elementor-widget elementor-widget-heading\" data-id=\"affeb5c\" data-element_type=\"widget\" data-widget_type=\"heading.default\">\n\t\t\t\t\t<h2 class=\"elementor-heading-title elementor-size-default\">Nossos <font color=\"#38b6ff\">Livros<\/font><\/h2>\t\t\t\t<\/div>\n\t\t\t\t<div class=\"elementor-element elementor-element-cdb0256 elementor-widget-mobile__width-initial elementor-widget elementor-widget-heading\" data-id=\"cdb0256\" data-element_type=\"widget\" data-widget_type=\"heading.default\">\n\t\t\t\t\t<h3 class=\"elementor-heading-title elementor-size-default\">Aqui, voc\u00ea encontra nossos livros sobre inclus\u00e3o, educa\u00e7\u00e3o e acessibilidade, al\u00e9m de conhecer hist\u00f3rias e projetos que inspiram uma sociedade mais justa e acolhedora.<\/h3>\t\t\t\t<\/div>\n\t\t\t\t<div class=\"elementor-element elementor-element-c7f3c34 elementor-align-center elementor-widget elementor-widget-button\" data-id=\"c7f3c34\" data-element_type=\"widget\" data-widget_type=\"button.default\">\n\t\t\t\t\t\t\t\t\t\t<a class=\"elementor-button elementor-button-link elementor-size-sm\" href=\"https:\/\/www.ufmg.br\/montesclaros\/proica\/\">\n\t\t\t\t\t\t<span class=\"elementor-button-content-wrapper\">\n\t\t\t\t\t\t<span class=\"elementor-button-icon\">\n\t\t\t\t<svg aria-hidden=\"true\" class=\"e-font-icon-svg e-far-arrow-alt-circle-left\" viewBox=\"0 0 512 512\" xmlns=\"http:\/\/www.w3.org\/2000\/svg\"><path d=\"M8 256c0 137 111 248 248 248s248-111 248-248S393 8 256 8 8 119 8 256zm448 0c0 110.5-89.5 200-200 200S56 366.5 56 256 145.5 56 256 56s200 89.5 200 200zm-72-20v40c0 6.6-5.4 12-12 12H256v67c0 10.7-12.9 16-20.5 8.5l-99-99c-4.7-4.7-4.7-12.3 0-17l99-99c7.6-7.6 20.5-2.2 20.5 8.5v67h116c6.6 0 12 5.4 12 12z\"><\/path><\/svg>\t\t\t<\/span>\n\t\t\t\t\t\t\t\t\t<span class=\"elementor-button-text\">Voltar ao in\u00edcio<\/span>\n\t\t\t\t\t<\/span>\n\t\t\t\t\t<\/a>\n\t\t\t\t\t\t\t\t<\/div>\n\t\t\t\t\t<\/div>\n\t\t\t\t<\/div>\n\t\t<div class=\"elementor-element elementor-element-5a8f0d9 e-flex e-con-boxed wpr-particle-no wpr-jarallax-no wpr-parallax-no wpr-sticky-section-no e-con e-parent\" data-id=\"5a8f0d9\" data-element_type=\"container\">\n\t\t\t\t\t<div class=\"e-con-inner\">\n\t\t<div class=\"elementor-element elementor-element-ba61b5a e-con-full e-flex wpr-particle-no wpr-jarallax-no wpr-parallax-no wpr-sticky-section-no e-con e-child\" data-id=\"ba61b5a\" data-element_type=\"container\">\n\t\t\t\t<div class=\"elementor-element elementor-element-a9b140e elementor-position-top elementor-widget elementor-widget-image-box\" data-id=\"a9b140e\" data-element_type=\"widget\" data-widget_type=\"image-box.default\">\n\t\t\t\t\t<div class=\"elementor-image-box-wrapper\"><figure class=\"elementor-image-box-img\"><img fetchpriority=\"high\" decoding=\"async\" width=\"1414\" height=\"2000\" src=\"https:\/\/www.ufmg.br\/montesclaros\/proica\/wp-content\/uploads\/2025\/10\/Capa-PRO-ICA.png\" class=\"attachment-full size-full wp-image-910\" alt=\"\" srcset=\"https:\/\/www.ufmg.br\/montesclaros\/proica\/wp-content\/uploads\/2025\/10\/Capa-PRO-ICA.png 1414w, https:\/\/www.ufmg.br\/montesclaros\/proica\/wp-content\/uploads\/2025\/10\/Capa-PRO-ICA-212x300.png 212w, https:\/\/www.ufmg.br\/montesclaros\/proica\/wp-content\/uploads\/2025\/10\/Capa-PRO-ICA-724x1024.png 724w, https:\/\/www.ufmg.br\/montesclaros\/proica\/wp-content\/uploads\/2025\/10\/Capa-PRO-ICA-768x1086.png 768w\" sizes=\"(max-width: 1414px) 100vw, 1414px\" \/><\/figure><div class=\"elementor-image-box-content\"><p class=\"elementor-image-box-description\"><p style=\"text-align: center;line-height: 1.3\">\n  <strong>\n    <span style=\"color: #38B6FF;font-family: Marcellus, sans-serif;font-size: 26px\">\n      Inclus\u00e3o no Ensino Superior:\n    <\/span>\n  <\/strong><br>\n  <span style=\"color: #1F3748;font-family: Marcellus, sans-serif;font-size: 18px\">\n    Perspectiva biopsicossocial e pr\u00e1ticas pedag\u00f3gicas\n  <\/span>\n<\/p>\n\n<p style=\"margin-top: 20px;text-align: justify\">\n  O livro mostra como promover a inclus\u00e3o de estudantes com defici\u00eancia no ensino superior, explicando leis, pr\u00e1ticas e estrat\u00e9gias que tornam a educa\u00e7\u00e3o mais acess\u00edvel e igual para todos.\n<\/p>\n<\/p><\/div><\/div>\t\t\t\t<\/div>\n\t\t\t\t<div class=\"elementor-element elementor-element-bfc0568 elementor-align-center elementor-widget elementor-widget-button\" data-id=\"bfc0568\" data-element_type=\"widget\" data-widget_type=\"button.default\">\n\t\t\t\t\t\t\t\t\t\t<a class=\"elementor-button elementor-button-link elementor-size-sm\" href=\"https:\/\/www.ufmg.br\/montesclaros\/proica\/wp-content\/uploads\/2025\/10\/Inclusao-no-Ensino-Superior-SILVA-et-al-2025.pdf\" target=\"_blank\">\n\t\t\t\t\t\t<span class=\"elementor-button-content-wrapper\">\n\t\t\t\t\t\t\t\t\t<span class=\"elementor-button-text\">Baixar pdf<\/span>\n\t\t\t\t\t<\/span>\n\t\t\t\t\t<\/a>\n\t\t\t\t\t\t\t\t<\/div>\n\t\t\t\t<\/div>\n\t\t<div class=\"elementor-element elementor-element-5a1751b e-con-full e-flex wpr-particle-no wpr-jarallax-no wpr-parallax-no wpr-sticky-section-no e-con e-child\" data-id=\"5a1751b\" data-element_type=\"container\">\n\t\t\t\t<div class=\"elementor-element elementor-element-f712883 elementor-position-top elementor-widget elementor-widget-image-box\" data-id=\"f712883\" data-element_type=\"widget\" data-widget_type=\"image-box.default\">\n\t\t\t\t\t<div class=\"elementor-image-box-wrapper\"><figure class=\"elementor-image-box-img\"><img decoding=\"async\" width=\"1414\" height=\"2000\" src=\"https:\/\/www.ufmg.br\/montesclaros\/proica\/wp-content\/uploads\/2025\/10\/Copia-de-Capa-PRO-ICA.png\" class=\"attachment-full size-full wp-image-919\" alt=\"\" srcset=\"https:\/\/www.ufmg.br\/montesclaros\/proica\/wp-content\/uploads\/2025\/10\/Copia-de-Capa-PRO-ICA.png 1414w, https:\/\/www.ufmg.br\/montesclaros\/proica\/wp-content\/uploads\/2025\/10\/Copia-de-Capa-PRO-ICA-212x300.png 212w, https:\/\/www.ufmg.br\/montesclaros\/proica\/wp-content\/uploads\/2025\/10\/Copia-de-Capa-PRO-ICA-724x1024.png 724w, https:\/\/www.ufmg.br\/montesclaros\/proica\/wp-content\/uploads\/2025\/10\/Copia-de-Capa-PRO-ICA-768x1086.png 768w, https:\/\/www.ufmg.br\/montesclaros\/proica\/wp-content\/uploads\/2025\/10\/Copia-de-Capa-PRO-ICA-1086x1536.png 1086w\" sizes=\"(max-width: 1414px) 100vw, 1414px\" \/><\/figure><div class=\"elementor-image-box-content\"><p class=\"elementor-image-box-description\"><p style=\"text-align: center;line-height: 1.3\">\n  <strong>\n    <span style=\"color: #38B6FF;font-family: Marcellus, sans-serif;font-size: 26px\">\n     Al\u00e9m do Impacto:\n    <\/span>\n  <\/strong><br>\n  <span style=\"color: #1F3748;font-family: Marcellus, sans-serif;font-size: 18px\">\n    A Vida que Reconstru\u00ed\n  <\/span>\n<\/p>\n\n<p style=\"margin-top: 20px;text-align: justify\">\n A hist\u00f3ria mostra a trajet\u00f3ria de um jovem que, ap\u00f3s um acidente que lhe causou uma les\u00e3o medular, enfrenta grandes desafios, passa por um intenso processo de reabilita\u00e7\u00e3o e reconstr\u00f3i sua vida com determina\u00e7\u00e3o.\n<\/p>\n<\/p><\/div><\/div>\t\t\t\t<\/div>\n\t\t\t\t<div class=\"elementor-element elementor-element-45b5e3d elementor-align-center elementor-widget elementor-widget-button\" data-id=\"45b5e3d\" data-element_type=\"widget\" data-widget_type=\"button.default\">\n\t\t\t\t\t\t\t\t\t\t<a class=\"elementor-button elementor-button-link elementor-size-sm\" href=\"https:\/\/www.ufmg.br\/montesclaros\/proica\/wp-content\/uploads\/2025\/10\/SONY-14.5-x-21-cm.pdf\" target=\"_blank\">\n\t\t\t\t\t\t<span class=\"elementor-button-content-wrapper\">\n\t\t\t\t\t\t\t\t\t<span class=\"elementor-button-text\">Baixar pdf<\/span>\n\t\t\t\t\t<\/span>\n\t\t\t\t\t<\/a>\n\t\t\t\t\t\t\t\t<\/div>\n\t\t\t\t<\/div>\n\t\t<div class=\"elementor-element elementor-element-0c6fa94 e-con-full e-flex wpr-particle-no wpr-jarallax-no wpr-parallax-no wpr-sticky-section-no e-con e-child\" data-id=\"0c6fa94\" data-element_type=\"container\">\n\t\t\t\t<div class=\"elementor-element elementor-element-7e532c8 elementor-position-top elementor-widget elementor-widget-image-box\" data-id=\"7e532c8\" data-element_type=\"widget\" data-widget_type=\"image-box.default\">\n\t\t\t\t\t<div class=\"elementor-image-box-wrapper\"><figure class=\"elementor-image-box-img\"><img decoding=\"async\" width=\"1414\" height=\"2000\" src=\"https:\/\/www.ufmg.br\/montesclaros\/proica\/wp-content\/uploads\/2025\/10\/Copia-de-Capa-PRO-ICA-1.png\" class=\"attachment-full size-full wp-image-929\" alt=\"\" srcset=\"https:\/\/www.ufmg.br\/montesclaros\/proica\/wp-content\/uploads\/2025\/10\/Copia-de-Capa-PRO-ICA-1.png 1414w, https:\/\/www.ufmg.br\/montesclaros\/proica\/wp-content\/uploads\/2025\/10\/Copia-de-Capa-PRO-ICA-1-212x300.png 212w, https:\/\/www.ufmg.br\/montesclaros\/proica\/wp-content\/uploads\/2025\/10\/Copia-de-Capa-PRO-ICA-1-724x1024.png 724w, https:\/\/www.ufmg.br\/montesclaros\/proica\/wp-content\/uploads\/2025\/10\/Copia-de-Capa-PRO-ICA-1-768x1086.png 768w, https:\/\/www.ufmg.br\/montesclaros\/proica\/wp-content\/uploads\/2025\/10\/Copia-de-Capa-PRO-ICA-1-1086x1536.png 1086w\" sizes=\"(max-width: 1414px) 100vw, 1414px\" \/><\/figure><div class=\"elementor-image-box-content\"><p class=\"elementor-image-box-description\"><p style=\"text-align: center;line-height: 1.3\">\n  <strong>\n    <span style=\"color: #38B6FF;font-family: Marcellus, sans-serif;font-size: 26px\">\n     Ouvindo com o Cora\u00e7\u00e3o: \n    <\/span>\n  <\/strong><br>\n  <span style=\"color: #1F3748;font-family: Marcellus, sans-serif;font-size: 18px\">\n   O sil\u00eancio que ensina\n  <\/span>\n<\/p>\n\n<p style=\"margin-top: 20px;text-align: justify\">\nA hist\u00f3ria conta a trajet\u00f3ria de Ronyze, uma mulher surda de Minas Gerais que, com determina\u00e7\u00e3o e apoio, superou barreiras na comunica\u00e7\u00e3o e na educa\u00e7\u00e3o at\u00e9 se formar em Engenharia de Alimentos pela UFMG. \n<\/p>\n<\/p><\/div><\/div>\t\t\t\t<\/div>\n\t\t\t\t<div class=\"elementor-element elementor-element-53fc384 elementor-align-center elementor-widget elementor-widget-button\" data-id=\"53fc384\" data-element_type=\"widget\" data-widget_type=\"button.default\">\n\t\t\t\t\t\t\t\t\t\t<a class=\"elementor-button elementor-button-link elementor-size-sm\" href=\"https:\/\/www.ufmg.br\/montesclaros\/proica\/wp-content\/uploads\/2025\/10\/Ronyze-14.5-x-21-cm-1.pdf\" target=\"_blank\">\n\t\t\t\t\t\t<span class=\"elementor-button-content-wrapper\">\n\t\t\t\t\t\t\t\t\t<span class=\"elementor-button-text\">Baixar pdf<\/span>\n\t\t\t\t\t<\/span>\n\t\t\t\t\t<\/a>\n\t\t\t\t\t\t\t\t<\/div>\n\t\t\t\t<\/div>\n\t\t\t\t\t<\/div>\n\t\t\t\t<\/div>\n\t\t<div class=\"elementor-element elementor-element-29aac3f e-flex e-con-boxed wpr-particle-no wpr-jarallax-no wpr-parallax-no wpr-sticky-section-no e-con e-parent\" data-id=\"29aac3f\" data-element_type=\"container\">\n\t\t\t\t\t<div class=\"e-con-inner\">\n\t\t<div class=\"elementor-element elementor-element-ddd208e e-con-full e-flex wpr-particle-no wpr-jarallax-no wpr-parallax-no wpr-sticky-section-no e-con e-child\" data-id=\"ddd208e\" data-element_type=\"container\">\n\t\t\t\t<div class=\"elementor-element elementor-element-5a47c18 elementor-position-top elementor-widget elementor-widget-image-box\" data-id=\"5a47c18\" data-element_type=\"widget\" data-widget_type=\"image-box.default\">\n\t\t\t\t\t<div class=\"elementor-image-box-wrapper\"><figure class=\"elementor-image-box-img\"><img loading=\"lazy\" decoding=\"async\" width=\"1381\" height=\"2000\" src=\"https:\/\/www.ufmg.br\/montesclaros\/proica\/wp-content\/uploads\/2025\/10\/Paulo-14.5-x-21-cm-1.png\" class=\"attachment-full size-full wp-image-936\" alt=\"\" srcset=\"https:\/\/www.ufmg.br\/montesclaros\/proica\/wp-content\/uploads\/2025\/10\/Paulo-14.5-x-21-cm-1.png 1381w, https:\/\/www.ufmg.br\/montesclaros\/proica\/wp-content\/uploads\/2025\/10\/Paulo-14.5-x-21-cm-1-207x300.png 207w, https:\/\/www.ufmg.br\/montesclaros\/proica\/wp-content\/uploads\/2025\/10\/Paulo-14.5-x-21-cm-1-707x1024.png 707w, https:\/\/www.ufmg.br\/montesclaros\/proica\/wp-content\/uploads\/2025\/10\/Paulo-14.5-x-21-cm-1-768x1112.png 768w\" sizes=\"(max-width: 1381px) 100vw, 1381px\" \/><\/figure><div class=\"elementor-image-box-content\"><p class=\"elementor-image-box-description\"><p style=\"text-align: center;line-height: 1.3\">\n  <strong>\n    <span style=\"color: #38B6FF;font-family: Marcellus, sans-serif;font-size: 26px\">\n     No Meu Ritmo, com Meus Bichos:\n    <\/span>\n  <\/strong><br>\n  <span style=\"color: #1F3748;font-family: Marcellus, sans-serif;font-size: 18px\">\n   Uma jornada de amor pelos animais e de autodescoberta.\n  <\/span>\n<\/p>\n\n<p style=\"margin-top: 20px;text-align: justify\">\n A hist\u00f3ria de Paulo, um jovem autista que encontra nos animais sua forma mais pura de conex\u00e3o com o mundo. Com apoio e perseveran\u00e7a, ele supera desafios acad\u00eamicos e pessoais, mostrando que cada pessoa tem seu pr\u00f3prio ritmo para alcan\u00e7ar os sonhos.\n<\/p>\n<\/p><\/div><\/div>\t\t\t\t<\/div>\n\t\t\t\t<div class=\"elementor-element elementor-element-3059f6f elementor-align-center elementor-widget elementor-widget-button\" data-id=\"3059f6f\" data-element_type=\"widget\" data-widget_type=\"button.default\">\n\t\t\t\t\t\t\t\t\t\t<a class=\"elementor-button elementor-button-link elementor-size-sm\" href=\"https:\/\/www.ufmg.br\/montesclaros\/proica\/wp-content\/uploads\/2025\/10\/Paulo-14.5-x-21-cm-1.pdf\" target=\"_blank\">\n\t\t\t\t\t\t<span class=\"elementor-button-content-wrapper\">\n\t\t\t\t\t\t\t\t\t<span class=\"elementor-button-text\">Baixar pdf<\/span>\n\t\t\t\t\t<\/span>\n\t\t\t\t\t<\/a>\n\t\t\t\t\t\t\t\t<\/div>\n\t\t\t\t<\/div>\n\t\t<div class=\"elementor-element elementor-element-bf6dada e-con-full e-flex wpr-particle-no wpr-jarallax-no wpr-parallax-no wpr-sticky-section-no e-con e-child\" data-id=\"bf6dada\" data-element_type=\"container\">\n\t\t\t\t<div class=\"elementor-element elementor-element-8fcb600 elementor-position-top elementor-widget elementor-widget-image-box\" data-id=\"8fcb600\" data-element_type=\"widget\" data-widget_type=\"image-box.default\">\n\t\t\t\t\t<div class=\"elementor-image-box-wrapper\"><figure class=\"elementor-image-box-img\"><img loading=\"lazy\" decoding=\"async\" width=\"1381\" height=\"2000\" src=\"https:\/\/www.ufmg.br\/montesclaros\/proica\/wp-content\/uploads\/2025\/10\/Milene-14.5-x-21-cm.png\" class=\"attachment-full size-full wp-image-934\" alt=\"\" srcset=\"https:\/\/www.ufmg.br\/montesclaros\/proica\/wp-content\/uploads\/2025\/10\/Milene-14.5-x-21-cm.png 1381w, https:\/\/www.ufmg.br\/montesclaros\/proica\/wp-content\/uploads\/2025\/10\/Milene-14.5-x-21-cm-207x300.png 207w, https:\/\/www.ufmg.br\/montesclaros\/proica\/wp-content\/uploads\/2025\/10\/Milene-14.5-x-21-cm-707x1024.png 707w, https:\/\/www.ufmg.br\/montesclaros\/proica\/wp-content\/uploads\/2025\/10\/Milene-14.5-x-21-cm-768x1112.png 768w, https:\/\/www.ufmg.br\/montesclaros\/proica\/wp-content\/uploads\/2025\/10\/Milene-14.5-x-21-cm-1061x1536.png 1061w\" sizes=\"(max-width: 1381px) 100vw, 1381px\" \/><\/figure><div class=\"elementor-image-box-content\"><p class=\"elementor-image-box-description\"><p style=\"text-align: center;line-height: 1.3\">\n  <strong>\n    <span style=\"color: #38B6FF;font-family: Marcellus, sans-serif;font-size: 26px\">\n    Na Trilha com as M\u00e3os que Falam:\n    <\/span>\n  <\/strong><br>\n  <span style=\"color: #1F3748;font-family: Marcellus, sans-serif;font-size: 18px\">\n    Uma jornada de coragem, inclus\u00e3o e amor pelos animais.\n  <\/span>\n<\/p>\n\n<p style=\"margin-top: 20px;text-align: justify\">\nA hist\u00f3ria de Milene, uma jovem surda que transformou desafios em conquistas. Com determina\u00e7\u00e3o e apoio, ela se tornou a primeira aluna usu\u00e1ria de Libras no Campus ICA\/UFMG, em Montes Claros. Sua trajet\u00f3ria inspira pela for\u00e7a, sensibilidade e paix\u00e3o pela vida no campo.\n<\/p>\n<\/p><\/div><\/div>\t\t\t\t<\/div>\n\t\t\t\t<div class=\"elementor-element elementor-element-30a9dc0 elementor-align-center elementor-widget elementor-widget-button\" data-id=\"30a9dc0\" data-element_type=\"widget\" data-widget_type=\"button.default\">\n\t\t\t\t\t\t\t\t\t\t<a class=\"elementor-button elementor-button-link elementor-size-sm\" href=\"https:\/\/www.ufmg.br\/montesclaros\/proica\/wp-content\/uploads\/2025\/10\/Milene-14.5-x-21-cm.pdf\" target=\"_blank\">\n\t\t\t\t\t\t<span class=\"elementor-button-content-wrapper\">\n\t\t\t\t\t\t\t\t\t<span class=\"elementor-button-text\">Baixar pdf<\/span>\n\t\t\t\t\t<\/span>\n\t\t\t\t\t<\/a>\n\t\t\t\t\t\t\t\t<\/div>\n\t\t\t\t<\/div>\n\t\t\t\t\t<\/div>\n\t\t\t\t<\/div>\n\t\t\t\t<\/div>\n\t\t","protected":false},"excerpt":{"rendered":"<p>Nossos Livros Aqui, voc\u00ea encontra nossos livros sobre inclus\u00e3o, educa\u00e7\u00e3o e acessibilidade, al\u00e9m de conhecer hist\u00f3rias e projetos que inspiram uma sociedade mais justa e acolhedora. Voltar ao in\u00edcio Inclus\u00e3o no Ensino Superior: Perspectiva biopsicossocial e pr\u00e1ticas pedag\u00f3gicas O livro mostra como promover a inclus\u00e3o de estudantes com defici\u00eancia no ensino superior, explicando leis, pr\u00e1ticas e estrat\u00e9gias que tornam a educa\u00e7\u00e3o mais acess\u00edvel e igual para todos. Baixar pdf Al\u00e9m do Impacto: A Vida que Reconstru\u00ed A hist\u00f3ria mostra a trajet\u00f3ria de um jovem que, ap\u00f3s um acidente que lhe causou uma les\u00e3o medular, enfrenta grandes desafios, passa por um intenso processo de reabilita\u00e7\u00e3o e reconstr\u00f3i sua vida com determina\u00e7\u00e3o. Baixar pdf Ouvindo com o Cora\u00e7\u00e3o: O sil\u00eancio que ensina A hist\u00f3ria conta a trajet\u00f3ria de Ronyze, uma mulher surda de Minas Gerais que, com determina\u00e7\u00e3o e apoio, superou barreiras na comunica\u00e7\u00e3o e na educa\u00e7\u00e3o at\u00e9 se formar em Engenharia de Alimentos pela UFMG. Baixar pdf No Meu Ritmo, com Meus Bichos: Uma jornada de amor pelos animais e de autodescoberta. A hist\u00f3ria de Paulo, um jovem autista que encontra nos animais sua forma mais pura de conex\u00e3o com o mundo. Com apoio e perseveran\u00e7a, ele supera desafios acad\u00eamicos e pessoais, mostrando que cada pessoa tem seu pr\u00f3prio ritmo para alcan\u00e7ar os sonhos. Baixar pdf Na Trilha com as M\u00e3os que Falam: Uma jornada de coragem, inclus\u00e3o e amor pelos animais. A hist\u00f3ria de Milene, uma jovem surda que transformou desafios em conquistas. Com determina\u00e7\u00e3o e apoio, ela se tornou a primeira aluna usu\u00e1ria de Libras no Campus ICA\/UFMG, em Montes Claros. Sua trajet\u00f3ria inspira pela for\u00e7a, sensibilidade e paix\u00e3o pela vida no campo. Baixar pdf<\/p>\n","protected":false},"author":1,"featured_media":0,"parent":0,"menu_order":0,"comment_status":"closed","ping_status":"closed","template":"elementor_header_footer","meta":{"footnotes":""},"class_list":["post-879","page","type-page","status-publish","hentry"],"_links":{"self":[{"href":"https:\/\/www.ufmg.br\/montesclaros\/proica\/wp-json\/wp\/v2\/pages\/879","targetHints":{"allow":["GET"]}}],"collection":[{"href":"https:\/\/www.ufmg.br\/montesclaros\/proica\/wp-json\/wp\/v2\/pages"}],"about":[{"href":"https:\/\/www.ufmg.br\/montesclaros\/proica\/wp-json\/wp\/v2\/types\/page"}],"author":[{"embeddable":true,"href":"https:\/\/www.ufmg.br\/montesclaros\/proica\/wp-json\/wp\/v2\/users\/1"}],"replies":[{"embeddable":true,"href":"https:\/\/www.ufmg.br\/montesclaros\/proica\/wp-json\/wp\/v2\/comments?post=879"}],"version-history":[{"count":6,"href":"https:\/\/www.ufmg.br\/montesclaros\/proica\/wp-json\/wp\/v2\/pages\/879\/revisions"}],"predecessor-version":[{"id":941,"href":"https:\/\/www.ufmg.br\/montesclaros\/proica\/wp-json\/wp\/v2\/pages\/879\/revisions\/941"}],"wp:attachment":[{"href":"https:\/\/www.ufmg.br\/montesclaros\/proica\/wp-json\/wp\/v2\/media?parent=879"}],"curies":[{"name":"wp","href":"https:\/\/api.w.org\/{rel}","templated":true}]}}