{"id":358,"date":"2025-07-10T15:13:22","date_gmt":"2025-07-10T15:13:22","guid":{"rendered":"https:\/\/www.ufmg.br\/montesclaros\/saude\/?page_id=358"},"modified":"2025-09-17T14:52:59","modified_gmt":"2025-09-17T14:52:59","slug":"exames-medicos-periodicos","status":"publish","type":"page","link":"https:\/\/www.ufmg.br\/montesclaros\/saude\/exames-medicos-periodicos\/","title":{"rendered":"Sa\u00fade Ocupacional"},"content":{"rendered":"\n<p><\/p>\n\n\n\n<p><\/p>\n\n\n\n<h2 class=\"wp-block-heading\">O que fazemos<\/h2>\n\n\n\n<p><a href=\"https:\/\/www.ufmg.br\/montesclaros\/saude\/o-que-sao\/\" data-type=\"link\" data-id=\"https:\/\/www.ufmg.br\/montesclaros\/saude\/o-que-sao\/\">Exames M\u00e9dicos Peri\u00f3dicos<\/a><\/p>\n\n\n\n<p><a href=\"https:\/\/www.ufmg.br\/montesclaros\/saude\/%f0%9f%93%9d-atestado-medico-e-licencas-para-tratamento-de-saude\/\" data-type=\"link\" data-id=\"https:\/\/www.ufmg.br\/montesclaros\/saude\/%f0%9f%93%9d-atestado-medico-e-licencas-para-tratamento-de-saude\/\">Atestado M\u00e9dico \u2013 Per\u00edcias &nbsp;<\/a><\/p>\n\n\n\n<p><a href=\"https:\/\/www.ufmg.br\/montesclaros\/saude\/exame-admissional\/\" data-type=\"page\" data-id=\"609\">Exame Admissional<\/a><\/p>\n\n\n\n<p><a href=\"https:\/\/www.ufmg.br\/montesclaros\/saude\/acolhimento\/\" data-type=\"page\" data-id=\"610\">Acolhimento<\/a><\/p>\n\n\n\n<p><\/p>\n","protected":false},"excerpt":{"rendered":"<p>O que fazemos Exames M\u00e9dicos Peri\u00f3dicos Atestado M\u00e9dico \u2013 Per\u00edcias &nbsp; Exame Admissional Acolhimento<\/p>\n","protected":false},"author":1,"featured_media":0,"parent":0,"menu_order":0,"comment_status":"closed","ping_status":"closed","template":"","meta":{"_acf_changed":false,"footnotes":""},"class_list":["post-358","page","type-page","status-publish"],"acf":[],"_links":{"self":[{"href":"https:\/\/www.ufmg.br\/montesclaros\/saude\/wp-json\/wp\/v2\/pages\/358","targetHints":{"allow":["GET"]}}],"collection":[{"href":"https:\/\/www.ufmg.br\/montesclaros\/saude\/wp-json\/wp\/v2\/pages"}],"about":[{"href":"https:\/\/www.ufmg.br\/montesclaros\/saude\/wp-json\/wp\/v2\/types\/page"}],"author":[{"embeddable":true,"href":"https:\/\/www.ufmg.br\/montesclaros\/saude\/wp-json\/wp\/v2\/users\/1"}],"replies":[{"embeddable":true,"href":"https:\/\/www.ufmg.br\/montesclaros\/saude\/wp-json\/wp\/v2\/comments?post=358"}],"version-history":[{"count":11,"href":"https:\/\/www.ufmg.br\/montesclaros\/saude\/wp-json\/wp\/v2\/pages\/358\/revisions"}],"predecessor-version":[{"id":871,"href":"https:\/\/www.ufmg.br\/montesclaros\/saude\/wp-json\/wp\/v2\/pages\/358\/revisions\/871"}],"wp:attachment":[{"href":"https:\/\/www.ufmg.br\/montesclaros\/saude\/wp-json\/wp\/v2\/media?parent=358"}],"curies":[{"name":"wp","href":"https:\/\/api.w.org\/{rel}","templated":true}]}}