{"id":609,"date":"2025-08-15T15:38:35","date_gmt":"2025-08-15T15:38:35","guid":{"rendered":"https:\/\/www.ufmg.br\/montesclaros\/saude\/exame-admissional\/"},"modified":"2025-10-17T13:19:18","modified_gmt":"2025-10-17T13:19:18","slug":"exame-admissional","status":"publish","type":"page","link":"https:\/\/www.ufmg.br\/montesclaros\/saude\/exame-admissional\/","title":{"rendered":"Exame Admissional"},"content":{"rendered":"\n<p><\/p>\n\n\n\n<p class=\"has-large-font-size\">\ud83e\ude7a <strong>Exame Admissional para Investidura em Cargo P\u00fablico<\/strong><\/p>\n\n\n\n<p class=\"has-medium-font-size\">Antes de tomar posse em um cargo p\u00fablico, o candidato deve ser considerado <strong>apto f\u00edsica e mentalmente<\/strong> para o exerc\u00edcio das fun\u00e7\u00f5es. Essa avalia\u00e7\u00e3o \u00e9 feita por meio do <strong>Exame Admissional<\/strong>, que verifica a capacidade do candidato para desempenhar as atividades previstas, conforme os exames exigidos no edital do concurso.<\/p>\n\n\n\n<p class=\"has-large-font-size\"><strong>\ud83d\udccc O que \u00e9 avaliado?<\/strong><\/p>\n\n\n\n<p class=\"has-medium-font-size\">A equipe da <strong>Sa\u00fade Ocupacional da UFMG Montes Claros<\/strong> realiza uma an\u00e1lise criteriosa que considera:<\/p>\n\n\n\n<ul class=\"wp-block-list has-medium-font-size\">\n<li>As atribui\u00e7\u00f5es espec\u00edficas do cargo<\/li>\n\n\n\n<li>Os riscos ocupacionais envolvidos<\/li>\n\n\n\n<li>O hist\u00f3rico de sa\u00fade e o progn\u00f3stico de poss\u00edveis enfermidades<\/li>\n\n\n\n<li>Crit\u00e9rios epidemiol\u00f3gicos que possam indicar risco de licen\u00e7as prolongadas, readapta\u00e7\u00f5es ou aposentadoria precoce por invalidez<\/li>\n<\/ul>\n\n\n\n<p class=\"has-medium-font-size\">Para garantir uma avalia\u00e7\u00e3o completa, podem ser consultados <strong>peritos e especialistas<\/strong> de diversas \u00e1reas, al\u00e9m de documentos t\u00e9cnicos atualizados.<\/p>\n\n\n\n<p class=\"has-large-font-size\">\ud83c\udf31 Promo\u00e7\u00e3o \u00e0 Sa\u00fade desde o primeiro contato<\/p>\n\n\n\n<p class=\"has-medium-font-size\">O Exame Admissional \u00e9 mais do que uma etapa obrigat\u00f3ria: \u00e9 o primeiro contato do candidato com a Sa\u00fade Ocupacional da UFMG Montes Claros. Essa a\u00e7\u00e3o est\u00e1 integrada \u00e0s pr\u00e1ticas de promo\u00e7\u00e3o \u00e0 sa\u00fade, com o objetivo de acompanhar o futuro servidor e prevenir riscos relacionados \u00e0 atividade laboral.<\/p>\n\n\n\n<p class=\"has-large-font-size\">\ud83d\udd04 Como funciona o fluxo?<\/p>\n\n\n\n<ol class=\"wp-block-list\">\n<li class=\"has-medium-font-size\">Encaminhamento DRH <br>O Departamento de Desenvolvimento de Recursos Humanos (DRH) encaminha o candidato para o Exame de Investidura.<\/li>\n\n\n\n<li class=\"has-medium-font-size\">Realiza\u00e7\u00e3o do exame<br>M\u00e9dicos do trabalho da Sa\u00fade Ocupacional da UFMG Montes Claros realizam o exame e emitem o Atestado de Sa\u00fade Ocupacional (ASO).<\/li>\n\n\n\n<li class=\"has-medium-font-size\">Avali\u00e7\u00e3o Psicol\u00f3gica<br>Psic\u00f3loga da Sa\u00fade Ocupacional da UFMG Montes Claros\u00a0realiza avalia\u00e7\u00e3o psicol\u00f3gica do(a) candidato(a)                                                                                                                                                                                                                                                                                                                                                                                                                                                                                                                                                                                                                                                                                                            <\/li>\n<\/ol>\n\n\n\n<p class=\"has-medium-font-size\">        <\/p>\n\n\n\n<p><\/p>\n","protected":false},"excerpt":{"rendered":"<p>\ud83e\ude7a Exame Admissional para Investidura em Cargo P\u00fablico Antes de tomar posse em um cargo p\u00fablico, o candidato deve ser considerado apto f\u00edsica e mentalmente para o exerc\u00edcio das fun\u00e7\u00f5es. Essa avalia\u00e7\u00e3o \u00e9 feita por meio do Exame Admissional, que verifica a capacidade do candidato para desempenhar as atividades previstas, conforme os exames exigidos no edital do concurso. \ud83d\udccc O que \u00e9 avaliado? A equipe da Sa\u00fade Ocupacional da UFMG Montes Claros realiza uma an\u00e1lise criteriosa que considera: Para garantir uma avalia\u00e7\u00e3o completa, podem ser consultados peritos e especialistas de diversas \u00e1reas, al\u00e9m de documentos t\u00e9cnicos atualizados. \ud83c\udf31 Promo\u00e7\u00e3o \u00e0 Sa\u00fade desde o primeiro contato O Exame Admissional \u00e9 mais do que uma etapa obrigat\u00f3ria: \u00e9 o primeiro contato do candidato com a Sa\u00fade Ocupacional da UFMG Montes Claros. Essa a\u00e7\u00e3o est\u00e1 integrada \u00e0s pr\u00e1ticas de promo\u00e7\u00e3o \u00e0 sa\u00fade, com o objetivo de acompanhar o futuro servidor e prevenir riscos relacionados \u00e0 atividade laboral. \ud83d\udd04 Como funciona o fluxo?<\/p>\n","protected":false},"author":2,"featured_media":0,"parent":0,"menu_order":0,"comment_status":"closed","ping_status":"closed","template":"","meta":{"_acf_changed":false,"footnotes":""},"class_list":["post-609","page","type-page","status-publish"],"acf":[],"_links":{"self":[{"href":"https:\/\/www.ufmg.br\/montesclaros\/saude\/wp-json\/wp\/v2\/pages\/609","targetHints":{"allow":["GET"]}}],"collection":[{"href":"https:\/\/www.ufmg.br\/montesclaros\/saude\/wp-json\/wp\/v2\/pages"}],"about":[{"href":"https:\/\/www.ufmg.br\/montesclaros\/saude\/wp-json\/wp\/v2\/types\/page"}],"author":[{"embeddable":true,"href":"https:\/\/www.ufmg.br\/montesclaros\/saude\/wp-json\/wp\/v2\/users\/2"}],"replies":[{"embeddable":true,"href":"https:\/\/www.ufmg.br\/montesclaros\/saude\/wp-json\/wp\/v2\/comments?post=609"}],"version-history":[{"count":7,"href":"https:\/\/www.ufmg.br\/montesclaros\/saude\/wp-json\/wp\/v2\/pages\/609\/revisions"}],"predecessor-version":[{"id":1051,"href":"https:\/\/www.ufmg.br\/montesclaros\/saude\/wp-json\/wp\/v2\/pages\/609\/revisions\/1051"}],"wp:attachment":[{"href":"https:\/\/www.ufmg.br\/montesclaros\/saude\/wp-json\/wp\/v2\/media?parent=609"}],"curies":[{"name":"wp","href":"https:\/\/api.w.org\/{rel}","templated":true}]}}