{"id":749,"date":"2025-09-10T22:33:54","date_gmt":"2025-09-10T22:33:54","guid":{"rendered":"https:\/\/www.ufmg.br\/montesclaros\/saude\/?page_id=749"},"modified":"2025-09-10T22:35:42","modified_gmt":"2025-09-10T22:35:42","slug":"%e2%9a%a0%ef%b8%8f-acidente-de-trabalho","status":"publish","type":"page","link":"https:\/\/www.ufmg.br\/montesclaros\/saude\/%e2%9a%a0%ef%b8%8f-acidente-de-trabalho\/","title":{"rendered":"Acidente de Trabalho"},"content":{"rendered":"\n<h4 class=\"wp-block-heading\">\u2753 <strong>O que \u00e9 um Acidente de Trabalho?<\/strong><\/h4>\n\n\n\n<p>De acordo com a <strong>ABNT NBR 14.280<\/strong>, acidente de trabalho \u00e9 definido como:<\/p>\n\n\n\n<blockquote class=\"wp-block-quote is-layout-flow wp-block-quote-is-layout-flow\">\n<p><strong>\u201cOcorr\u00eancia imprevista e indesej\u00e1vel, instant\u00e2nea ou n\u00e3o, relacionada com o exerc\u00edcio do trabalho, de que resulte ou possa resultar les\u00e3o pessoal.\u201d<\/strong><\/p>\n<\/blockquote>\n\n\n\n<p>Ou seja, trata-se de qualquer evento inesperado durante a atividade profissional que possa causar <strong>danos \u00e0 integridade f\u00edsica ou mental<\/strong> do trabalhador.<\/p>\n\n\n\n<hr class=\"wp-block-separator has-alpha-channel-opacity\"\/>\n\n\n\n<h3 class=\"wp-block-heading\">\u26a0\ufe0f<strong>O que \u00e9 um Incidente de Trabalho?<\/strong><\/h3>\n\n\n\n<p>Incidentes s\u00e3o eventos inesperados que ocorrem durante a execu\u00e7\u00e3o de tarefas no ambiente de trabalho, mas que <strong>n\u00e3o resultam em les\u00f5es ou danos significativos<\/strong>.<\/p>\n\n\n\n<p>\ud83d\udea8 Mesmo sem consequ\u00eancias imediatas, esses epis\u00f3dios funcionam como <strong>sinais de alerta<\/strong> \u2014 indicando falhas que precisam ser investigadas e corrigidas para <strong>evitar acidentes futuros<\/strong>.<\/p>\n\n\n\n<hr class=\"wp-block-separator has-alpha-channel-opacity\"\/>\n\n\n\n<h3 class=\"wp-block-heading\">\ud83d\udce2 <strong>Por que \u00e9 importante comunicar acidentes de trabalho?<\/strong><\/h3>\n\n\n\n<p>A comunica\u00e7\u00e3o dos acidentes de trabalho \u00e9 essencial para a <strong>gest\u00e3o da seguran\u00e7a e sa\u00fade ocupacional<\/strong>.<br>Al\u00e9m de garantir o <strong>atendimento adequado ao trabalhador<\/strong>, esse registro possibilita:<\/p>\n\n\n\n<p>\ud83e\udde9 An\u00e1lise das causas do acidente<br>\ud83d\udee0\ufe0f Implementa\u00e7\u00e3o de a\u00e7\u00f5es corretivas<br>\ud83d\udea7 Redu\u00e7\u00e3o da reincid\u00eancia de acidentes<br>\ud83d\udc77\u200d\u2642\ufe0f Fortalecimento da cultura de seguran\u00e7a<br>\ud83d\udce3 Conscientiza\u00e7\u00e3o da equipe sobre os riscos<\/p>\n\n\n\n<p>\ud83d\udcb0 Al\u00e9m disso, ajuda a <strong>reduzir custos para a organiza\u00e7\u00e3o<\/strong>, como:<\/p>\n\n\n\n<ul class=\"wp-block-list\">\n<li>Gastos com tratamentos m\u00e9dicos e indeniza\u00e7\u00f5es<\/li>\n\n\n\n<li>Afastamentos prolongados por licen\u00e7as<\/li>\n\n\n\n<li>Queda de produtividade<\/li>\n<\/ul>\n\n\n\n<hr class=\"wp-block-separator has-alpha-channel-opacity\"\/>\n\n\n\n<h3 class=\"wp-block-heading\">\ud83d\udcdd <strong>E por que registrar os incidentes de trabalho?<\/strong><\/h3>\n\n\n\n<p>Mesmo sem causar danos, os incidentes s\u00e3o <strong>oportunidades de aprendizado<\/strong>. Quando analisados corretamente, permitem:<\/p>\n\n\n\n<p>\ud83d\udd0d Identificar falhas nos processos<br>\ud83d\udd27 Corrigir problemas antes que causem acidentes<br>\ud83c\udfe2 Promover um ambiente de trabalho mais seguro e eficiente<\/p>\n\n\n\n<p>Registrar incidentes \u00e9 uma atitude <strong>preventiva e estrat\u00e9gica<\/strong> que protege vidas e melhora os resultados organizacionais.<\/p>\n\n\n\n<hr class=\"wp-block-separator has-alpha-channel-opacity\"\/>\n\n\n\n<h3 class=\"wp-block-heading\">\ud83d\udcda <strong>Base Legal<\/strong><\/h3>\n\n\n\n<p>A obrigatoriedade e os procedimentos sobre acidentes e incidentes de trabalho est\u00e3o definidos em:<\/p>\n\n\n\n<p>\ud83d\udcd8 <strong>CLT<\/strong> \u2013 Consolida\u00e7\u00e3o das Leis do Trabalho (<em>Lei n\u00ba 6.514\/1977<\/em>)<br>\ud83d\udcdc <strong>Portaria MTb n\u00ba 3.214\/1978<\/strong><br>\ud83d\udcc4 <strong>ABNT NBR 14.280<\/strong> \u2013 Cadastro de Acidente<\/p>\n\n\n\n<p><\/p>\n","protected":false},"excerpt":{"rendered":"<p>\u2753 O que \u00e9 um Acidente de Trabalho? De acordo com a ABNT NBR 14.280, acidente de trabalho \u00e9 definido como: \u201cOcorr\u00eancia imprevista e indesej\u00e1vel, instant\u00e2nea ou n\u00e3o, relacionada com o exerc\u00edcio do trabalho, de que resulte ou possa resultar les\u00e3o pessoal.\u201d Ou seja, trata-se de qualquer evento inesperado durante a atividade profissional que possa causar danos \u00e0 integridade f\u00edsica ou mental do trabalhador. \u26a0\ufe0fO que \u00e9 um Incidente de Trabalho? Incidentes s\u00e3o eventos inesperados que ocorrem durante a execu\u00e7\u00e3o de tarefas no ambiente de trabalho, mas que n\u00e3o resultam em les\u00f5es ou danos significativos. \ud83d\udea8 Mesmo sem consequ\u00eancias imediatas, esses epis\u00f3dios funcionam como sinais de alerta \u2014 indicando falhas que precisam ser investigadas e corrigidas para evitar acidentes futuros. \ud83d\udce2 Por que \u00e9 importante comunicar acidentes de trabalho? A comunica\u00e7\u00e3o dos acidentes de trabalho \u00e9 essencial para a gest\u00e3o da seguran\u00e7a e sa\u00fade ocupacional.Al\u00e9m de garantir o atendimento adequado ao trabalhador, esse registro possibilita: \ud83e\udde9 An\u00e1lise das causas do acidente\ud83d\udee0\ufe0f Implementa\u00e7\u00e3o de a\u00e7\u00f5es corretivas\ud83d\udea7 Redu\u00e7\u00e3o da reincid\u00eancia de acidentes\ud83d\udc77\u200d\u2642\ufe0f Fortalecimento da cultura de seguran\u00e7a\ud83d\udce3 Conscientiza\u00e7\u00e3o da equipe sobre os riscos \ud83d\udcb0 Al\u00e9m disso, ajuda a reduzir custos para a organiza\u00e7\u00e3o, como: \ud83d\udcdd E por que registrar os incidentes de trabalho? Mesmo sem causar danos, os incidentes s\u00e3o oportunidades de aprendizado. Quando analisados corretamente, permitem: \ud83d\udd0d Identificar falhas nos processos\ud83d\udd27 Corrigir problemas antes que causem acidentes\ud83c\udfe2 Promover um ambiente de trabalho mais seguro e eficiente Registrar incidentes \u00e9 uma atitude preventiva e estrat\u00e9gica que protege vidas e melhora os resultados organizacionais. \ud83d\udcda Base Legal A obrigatoriedade e os procedimentos sobre acidentes e incidentes de trabalho est\u00e3o definidos em: \ud83d\udcd8 CLT \u2013 Consolida\u00e7\u00e3o das Leis do Trabalho (Lei n\u00ba 6.514\/1977)\ud83d\udcdc Portaria MTb n\u00ba 3.214\/1978\ud83d\udcc4 ABNT NBR 14.280 \u2013 Cadastro de Acidente<\/p>\n","protected":false},"author":2,"featured_media":0,"parent":0,"menu_order":0,"comment_status":"closed","ping_status":"closed","template":"","meta":{"_acf_changed":false,"footnotes":""},"class_list":["post-749","page","type-page","status-publish"],"acf":[],"_links":{"self":[{"href":"https:\/\/www.ufmg.br\/montesclaros\/saude\/wp-json\/wp\/v2\/pages\/749","targetHints":{"allow":["GET"]}}],"collection":[{"href":"https:\/\/www.ufmg.br\/montesclaros\/saude\/wp-json\/wp\/v2\/pages"}],"about":[{"href":"https:\/\/www.ufmg.br\/montesclaros\/saude\/wp-json\/wp\/v2\/types\/page"}],"author":[{"embeddable":true,"href":"https:\/\/www.ufmg.br\/montesclaros\/saude\/wp-json\/wp\/v2\/users\/2"}],"replies":[{"embeddable":true,"href":"https:\/\/www.ufmg.br\/montesclaros\/saude\/wp-json\/wp\/v2\/comments?post=749"}],"version-history":[{"count":2,"href":"https:\/\/www.ufmg.br\/montesclaros\/saude\/wp-json\/wp\/v2\/pages\/749\/revisions"}],"predecessor-version":[{"id":751,"href":"https:\/\/www.ufmg.br\/montesclaros\/saude\/wp-json\/wp\/v2\/pages\/749\/revisions\/751"}],"wp:attachment":[{"href":"https:\/\/www.ufmg.br\/montesclaros\/saude\/wp-json\/wp\/v2\/media?parent=749"}],"curies":[{"name":"wp","href":"https:\/\/api.w.org\/{rel}","templated":true}]}}