{"id":753,"date":"2025-09-10T22:43:23","date_gmt":"2025-09-10T22:43:23","guid":{"rendered":"https:\/\/www.ufmg.br\/montesclaros\/saude\/?page_id=753"},"modified":"2025-09-10T22:48:52","modified_gmt":"2025-09-10T22:48:52","slug":"relatorio-de-nao-conformidade","status":"publish","type":"page","link":"https:\/\/www.ufmg.br\/montesclaros\/saude\/relatorio-de-nao-conformidade\/","title":{"rendered":"Relat\u00f3rio de N\u00e3o Conformidade"},"content":{"rendered":"\n<h2 class=\"wp-block-heading\">\ud83d\udcc4Relat\u00f3rio de N\u00e3o Conformidade<\/h2>\n\n\n\n<h4 class=\"wp-block-heading\">\u2139\ufe0f <mark style=\"background-color:rgba(0, 0, 0, 0)\" class=\"has-inline-color has-accent-color\">Informa\u00e7\u00f5es gerais:<\/mark><\/h4>\n\n\n\n<p>O <strong>relat\u00f3rio de n\u00e3o conformidade<\/strong> desempenha um papel essencial no \u00e2mbito da <strong>seguran\u00e7a no trabalho<\/strong>, revelando-se uma ferramenta imprescind\u00edvel para:<\/p>\n\n\n\n<p>\ud83d\udd0d <strong>Identificar e corrigir<\/strong> circunst\u00e2ncias que possam comprometer a integridade f\u00edsica dos colaboradores<br>\u26a0\ufe0f Contribuir para a <strong>detec\u00e7\u00e3o de potenciais riscos<\/strong><br>\ud83d\uded1 Auxiliar na <strong>preven\u00e7\u00e3o de acidentes<\/strong><br>\ud83e\udd1d Apoiar o <strong>aprimoramento da cultura de seguran\u00e7a<\/strong><\/p>\n\n\n\n<p>Este relat\u00f3rio \u00e9 uma etapa fundamental para promover ambientes mais seguros e saud\u00e1veis, fortalecendo o compromisso com a integridade e o bem-estar dos trabalhadores.<\/p>\n\n\n\n<p><\/p>\n\n\n\n<p><\/p>\n\n\n\n<p><\/p>\n\n\n\n<p><\/p>\n","protected":false},"excerpt":{"rendered":"<p>\ud83d\udcc4Relat\u00f3rio de N\u00e3o Conformidade \u2139\ufe0f Informa\u00e7\u00f5es gerais: O relat\u00f3rio de n\u00e3o conformidade desempenha um papel essencial no \u00e2mbito da seguran\u00e7a no trabalho, revelando-se uma ferramenta imprescind\u00edvel para: \ud83d\udd0d Identificar e corrigir circunst\u00e2ncias que possam comprometer a integridade f\u00edsica dos colaboradores\u26a0\ufe0f Contribuir para a detec\u00e7\u00e3o de potenciais riscos\ud83d\uded1 Auxiliar na preven\u00e7\u00e3o de acidentes\ud83e\udd1d Apoiar o aprimoramento da cultura de seguran\u00e7a Este relat\u00f3rio \u00e9 uma etapa fundamental para promover ambientes mais seguros e saud\u00e1veis, fortalecendo o compromisso com a integridade e o bem-estar dos trabalhadores.<\/p>\n","protected":false},"author":2,"featured_media":0,"parent":0,"menu_order":0,"comment_status":"closed","ping_status":"closed","template":"","meta":{"_acf_changed":false,"footnotes":""},"class_list":["post-753","page","type-page","status-publish"],"acf":[],"_links":{"self":[{"href":"https:\/\/www.ufmg.br\/montesclaros\/saude\/wp-json\/wp\/v2\/pages\/753","targetHints":{"allow":["GET"]}}],"collection":[{"href":"https:\/\/www.ufmg.br\/montesclaros\/saude\/wp-json\/wp\/v2\/pages"}],"about":[{"href":"https:\/\/www.ufmg.br\/montesclaros\/saude\/wp-json\/wp\/v2\/types\/page"}],"author":[{"embeddable":true,"href":"https:\/\/www.ufmg.br\/montesclaros\/saude\/wp-json\/wp\/v2\/users\/2"}],"replies":[{"embeddable":true,"href":"https:\/\/www.ufmg.br\/montesclaros\/saude\/wp-json\/wp\/v2\/comments?post=753"}],"version-history":[{"count":3,"href":"https:\/\/www.ufmg.br\/montesclaros\/saude\/wp-json\/wp\/v2\/pages\/753\/revisions"}],"predecessor-version":[{"id":757,"href":"https:\/\/www.ufmg.br\/montesclaros\/saude\/wp-json\/wp\/v2\/pages\/753\/revisions\/757"}],"wp:attachment":[{"href":"https:\/\/www.ufmg.br\/montesclaros\/saude\/wp-json\/wp\/v2\/media?parent=753"}],"curies":[{"name":"wp","href":"https:\/\/api.w.org\/{rel}","templated":true}]}}