{"id":784,"date":"2025-09-11T00:35:35","date_gmt":"2025-09-11T00:35:35","guid":{"rendered":"https:\/\/www.ufmg.br\/montesclaros\/saude\/?page_id=784"},"modified":"2025-10-14T16:09:34","modified_gmt":"2025-10-14T16:09:34","slug":"psicologia","status":"publish","type":"page","link":"https:\/\/www.ufmg.br\/montesclaros\/saude\/psicologia\/","title":{"rendered":"Psicologia"},"content":{"rendered":"\n<p><\/p>\n\n\n\n<h2 class=\"wp-block-heading\">\ud83e\udde0 Psicologia<\/h2>\n\n\n\n<p>A Psicologia atua na promo\u00e7\u00e3o do bem-estar emocional, oferecendo apoio a estudantes e servidores por meio de atendimentos psicol\u00f3gicos, orienta\u00e7\u00f5es e atividades de conscientiza\u00e7\u00e3o sobre sa\u00fade mental, contribuindo para o desenvolvimento pessoal e acad\u00eamico da comunidade universit\u00e1ria.<\/p>\n\n\n\n<p><\/p>\n\n\n\n<hr class=\"wp-block-separator has-alpha-channel-opacity\"\/>\n\n\n\n<h3 class=\"wp-block-heading\">\ud83c\udfaf Objetivos<\/h3>\n\n\n\n<p>A atua\u00e7\u00e3o psicol\u00f3gica no campus busca:<\/p>\n\n\n\n<p>\ud83d\udcac Oferecer <strong>acolhimento individual<\/strong> em situa\u00e7\u00f5es de sofrimento ps\u00edquico, como ansiedade, estresse, crises emocionais, luto e conflitos interpessoais<br>\ud83e\udded Realizar <strong>escuta \u00e9tica e sigilosa<\/strong>, respeitando a singularidade e o tempo de cada pessoa<br>\ud83e\uddd1\u200d\u2695\ufe0f Fazer o <strong>encaminhamento adequado para servi\u00e7os especializados<\/strong> da rede p\u00fablica de sa\u00fade, quando necess\u00e1rio<br>\ud83d\udcda Promover <strong>a\u00e7\u00f5es educativas e preventivas<\/strong> sobre sa\u00fade mental, rela\u00e7\u00f5es no trabalho, qualidade de vida e autocuidado<br>\ud83e\udd1d Colaborar com a\u00e7\u00f5es interdisciplinares, contribuindo para uma abordagem integrada e humanizada no cuidado \u00e0 sa\u00fade<\/p>\n\n\n\n<hr class=\"wp-block-separator has-alpha-channel-opacity\"\/>\n\n\n\n<h3 class=\"wp-block-heading\">\u26a0\ufe0f Importante Saber<\/h3>\n\n\n\n<p>Os atendimentos psicol\u00f3gicos realizados no campus t\u00eam car\u00e1ter de <strong>acolhimento inicial, pontual e preventivo<\/strong>. Eles <strong>n\u00e3o substituem o acompanhamento psicoterap\u00eautico cont\u00ednuo<\/strong>, mas podem ser um importante passo para identificar necessidades, orientar o cuidado e fortalecer v\u00ednculos com a rede de sa\u00fade mental (RAPS).<\/p>\n\n\n\n<hr class=\"wp-block-separator has-alpha-channel-opacity\"\/>\n\n\n\n<h3 class=\"wp-block-heading\">\ud83d\udca1 Compromisso com o Cuidado<\/h3>\n\n\n\n<p>Cuidar da sa\u00fade mental \u00e9 um passo essencial para fortalecer a vida acad\u00eamica e profissional com mais equil\u00edbrio e significado.<br>A psicologia est\u00e1 aqui para <strong>ouvir, apoiar e caminhar junto<\/strong>, na constru\u00e7\u00e3o de um ambiente universit\u00e1rio mais <strong>acolhedor, saud\u00e1vel e solid\u00e1rio<\/strong>.<\/p>\n\n\n\n<p><\/p>\n","protected":false},"excerpt":{"rendered":"<p>\ud83e\udde0 Psicologia A Psicologia atua na promo\u00e7\u00e3o do bem-estar emocional, oferecendo apoio a estudantes e servidores por meio de atendimentos psicol\u00f3gicos, orienta\u00e7\u00f5es e atividades de conscientiza\u00e7\u00e3o sobre sa\u00fade mental, contribuindo para o desenvolvimento pessoal e acad\u00eamico da comunidade universit\u00e1ria. \ud83c\udfaf Objetivos A atua\u00e7\u00e3o psicol\u00f3gica no campus busca: \ud83d\udcac Oferecer acolhimento individual em situa\u00e7\u00f5es de sofrimento ps\u00edquico, como ansiedade, estresse, crises emocionais, luto e conflitos interpessoais\ud83e\udded Realizar escuta \u00e9tica e sigilosa, respeitando a singularidade e o tempo de cada pessoa\ud83e\uddd1\u200d\u2695\ufe0f Fazer o encaminhamento adequado para servi\u00e7os especializados da rede p\u00fablica de sa\u00fade, quando necess\u00e1rio\ud83d\udcda Promover a\u00e7\u00f5es educativas e preventivas sobre sa\u00fade mental, rela\u00e7\u00f5es no trabalho, qualidade de vida e autocuidado\ud83e\udd1d Colaborar com a\u00e7\u00f5es interdisciplinares, contribuindo para uma abordagem integrada e humanizada no cuidado \u00e0 sa\u00fade \u26a0\ufe0f Importante Saber Os atendimentos psicol\u00f3gicos realizados no campus t\u00eam car\u00e1ter de acolhimento inicial, pontual e preventivo. Eles n\u00e3o substituem o acompanhamento psicoterap\u00eautico cont\u00ednuo, mas podem ser um importante passo para identificar necessidades, orientar o cuidado e fortalecer v\u00ednculos com a rede de sa\u00fade mental (RAPS). \ud83d\udca1 Compromisso com o Cuidado Cuidar da sa\u00fade mental \u00e9 um passo essencial para fortalecer a vida acad\u00eamica e profissional com mais equil\u00edbrio e significado.A psicologia est\u00e1 aqui para ouvir, apoiar e caminhar junto, na constru\u00e7\u00e3o de um ambiente universit\u00e1rio mais acolhedor, saud\u00e1vel e solid\u00e1rio.<\/p>\n","protected":false},"author":2,"featured_media":0,"parent":0,"menu_order":0,"comment_status":"closed","ping_status":"closed","template":"","meta":{"_acf_changed":false,"footnotes":""},"class_list":["post-784","page","type-page","status-publish"],"acf":[],"_links":{"self":[{"href":"https:\/\/www.ufmg.br\/montesclaros\/saude\/wp-json\/wp\/v2\/pages\/784","targetHints":{"allow":["GET"]}}],"collection":[{"href":"https:\/\/www.ufmg.br\/montesclaros\/saude\/wp-json\/wp\/v2\/pages"}],"about":[{"href":"https:\/\/www.ufmg.br\/montesclaros\/saude\/wp-json\/wp\/v2\/types\/page"}],"author":[{"embeddable":true,"href":"https:\/\/www.ufmg.br\/montesclaros\/saude\/wp-json\/wp\/v2\/users\/2"}],"replies":[{"embeddable":true,"href":"https:\/\/www.ufmg.br\/montesclaros\/saude\/wp-json\/wp\/v2\/comments?post=784"}],"version-history":[{"count":3,"href":"https:\/\/www.ufmg.br\/montesclaros\/saude\/wp-json\/wp\/v2\/pages\/784\/revisions"}],"predecessor-version":[{"id":1030,"href":"https:\/\/www.ufmg.br\/montesclaros\/saude\/wp-json\/wp\/v2\/pages\/784\/revisions\/1030"}],"wp:attachment":[{"href":"https:\/\/www.ufmg.br\/montesclaros\/saude\/wp-json\/wp\/v2\/media?parent=784"}],"curies":[{"name":"wp","href":"https:\/\/api.w.org\/{rel}","templated":true}]}}