{"id":1106,"date":"2024-06-28T16:07:45","date_gmt":"2024-06-28T19:07:45","guid":{"rendered":"https:\/\/www.ufmg.br\/montesclaros\/?page_id=1106"},"modified":"2026-01-26T12:44:49","modified_gmt":"2026-01-26T15:44:49","slug":"distribuicao-das-salas","status":"publish","type":"page","link":"https:\/\/www.ufmg.br\/montesclaros\/distribuicao-das-salas\/","title":{"rendered":"Distribui\u00e7\u00e3o das Salas 2026\/1"},"content":{"rendered":"\n<p><a href=\"https:\/\/docs.google.com\/spreadsheets\/d\/1-s6zZ_rsa2Kxp-z6fiWi85QRbcrTmpZCZaEycodnQxM\/edit?gid=1425855249#gid=1425855249\"><strong>PLANILHA GERAL<\/strong><\/a><\/p>\n\n\n\n<p><a href=\"https:\/\/docs.google.com\/spreadsheets\/d\/19L_-GRzCP2zRALe_X8H-A1BH55sAtl6wxu8-njBHhKs\/edit#gid=1309971491\"><strong>BUSCA GERAL<\/strong><\/a><\/p>\n\n\n\n<p><strong><u>GRADUA\u00c7\u00c3O:<\/u><\/strong><\/p>\n\n\n\n<p><a href=\"https:\/\/docs.google.com\/spreadsheets\/d\/177F6e43J7Qil1uP779vd6o78feevxr9dDPZiuftwcv0\/edit#gid=1309971491\">Administra\u00e7\u00e3o<\/a>&nbsp;<\/p>\n\n\n\n<p><a href=\"https:\/\/docs.google.com\/spreadsheets\/d\/18Xh8uxTloBaKJG_OUsy4exGNvvfQAlXJbHVt3A-tuBQ\/edit#gid=1309971491\">Agronomia<\/a>&nbsp;<\/p>\n\n\n\n<p><a href=\"https:\/\/docs.google.com\/spreadsheets\/d\/1nsSVRgMXMOa0IY3eOKBJI0Jt6pSoJ1B9s0t4BGn8QGE\/edit#gid=1309971491\">Engenharia Agr\u00edcola e Ambiental<\/a>&nbsp;<\/p>\n\n\n\n<p><a href=\"https:\/\/docs.google.com\/spreadsheets\/d\/1Pbwu1FwJEWI4xMGTlmktLwUyIlAfIWVheXfdzdPDhA8\/edit#gid=1309971491\">Engenharia de Alimentos<\/a>&nbsp;<\/p>\n\n\n\n<p><a href=\"https:\/\/docs.google.com\/spreadsheets\/d\/1JH5tcnHBHABf-he3wMcHn05RhP4CmWLfJ1Lo-puSCe4\/edit#gid=1309971491\">Engenharia Florestal<\/a><\/p>\n\n\n\n<p><a href=\"https:\/\/docs.google.com\/spreadsheets\/d\/1VLwPC57LS_cfgm9kdQIbt5XRwhSm8Rl2jR0ws_soFaU\/edit?gid=1309971491#gid=1309971491\" data-type=\"URL\" data-id=\"https:\/\/docs.google.com\/spreadsheets\/d\/1VLwPC57LS_cfgm9kdQIbt5XRwhSm8Rl2jR0ws_soFaU\/edit?gid=1309971491#gid=1309971491\">Tronco Comum em Ci\u00eancias da Natureza e Matem\u00e1tica<\/a><\/p>\n\n\n\n<p><a href=\"https:\/\/docs.google.com\/spreadsheets\/d\/1b8ChUWIgWeNXWcEKnxAkP06RWLhc-q8laJV6E9PYeB4\/edit#gid=1309971491\">Zootecnia<\/a>&nbsp;<\/p>\n\n\n\n<p><a href=\"https:\/\/docs.google.com\/spreadsheets\/d\/1BFiPhlHPbbIdYK7dh3Qe2XszSITUKW-T-Lj3PVYrWA4\/edit#gid=1309971491\">Monitorias<\/a><\/p>\n\n\n\n<p><strong><u>P\u00d3S-GRADUA\u00c7\u00c3O<\/u><\/strong><\/p>\n\n\n\n<p><a href=\"https:\/\/docs.google.com\/spreadsheets\/d\/120QO8FoX7WENAvqZSKmVDVtZjMfWZKI4j1RB2cXPJ0o\/edit#gid=1309971491\">Alimentos e Sa\u00fade &#8211; Mestrado<\/a>&nbsp;<\/p>\n\n\n\n<p><a href=\"https:\/\/docs.google.com\/spreadsheets\/d\/1JsiTDoQ91GMYtrTB-TyEU7kE-jEhJ-s0zFqinG67yYY\/edit#gid=1309971491\">Ci\u00eancias Florestais &#8211; Mestrado<\/a>&nbsp;<\/p>\n\n\n\n<p><a href=\"https:\/\/docs.google.com\/spreadsheets\/d\/1CtbDqzL2GZ0YOKvNHF4fOIHIQIulQV_LAaUJ-bu_ghA\/edit#gid=1309971491\">Produ\u00e7\u00e3o Animal &#8211; Mestrado<\/a>&nbsp;<\/p>\n\n\n\n<p><a href=\"https:\/\/docs.google.com\/spreadsheets\/d\/12TbmY4-yHFhM_2Vy3qO8ntgwJRr_daDGuHcUVYxjKlc\/edit#gid=1309971491\">Produ\u00e7\u00e3o Vegetal &#8211; Mestrado \/ Doutorado<\/a>&nbsp;<\/p>\n\n\n\n<p><a href=\"https:\/\/docs.google.com\/spreadsheets\/d\/1c-ZT0a3p1qE8gwBrU-FCTSICER8J4-zdQvqWPAJg0hs\/edit#gid=1309971491\">Soc. Ambiente e Territ\u00f3rio &#8211; Mestrado<\/a>&nbsp;<\/p>\n","protected":false},"excerpt":{"rendered":"<p>PLANILHA GERAL BUSCA GERAL GRADUA\u00c7\u00c3O: Administra\u00e7\u00e3o&nbsp; Agronomia&nbsp; Engenharia Agr\u00edcola e Ambiental&nbsp; Engenharia de Alimentos&nbsp; Engenharia Florestal Tronco Comum em Ci\u00eancias da Natureza e Matem\u00e1tica Zootecnia&nbsp; Monitorias P\u00d3S-GRADUA\u00c7\u00c3O Alimentos e Sa\u00fade &#8211; Mestrado&nbsp; Ci\u00eancias Florestais &#8211; Mestrado&nbsp; Produ\u00e7\u00e3o Animal &#8211; Mestrado&nbsp; Produ\u00e7\u00e3o Vegetal &#8211; Mestrado \/ Doutorado&nbsp; Soc. Ambiente e Territ\u00f3rio &#8211; Mestrado&nbsp;<\/p>\n","protected":false},"author":3,"featured_media":0,"parent":0,"menu_order":0,"comment_status":"closed","ping_status":"closed","template":"","meta":[],"acf":[],"_links":{"self":[{"href":"https:\/\/www.ufmg.br\/montesclaros\/wp-json\/wp\/v2\/pages\/1106"}],"collection":[{"href":"https:\/\/www.ufmg.br\/montesclaros\/wp-json\/wp\/v2\/pages"}],"about":[{"href":"https:\/\/www.ufmg.br\/montesclaros\/wp-json\/wp\/v2\/types\/page"}],"author":[{"embeddable":true,"href":"https:\/\/www.ufmg.br\/montesclaros\/wp-json\/wp\/v2\/users\/3"}],"replies":[{"embeddable":true,"href":"https:\/\/www.ufmg.br\/montesclaros\/wp-json\/wp\/v2\/comments?post=1106"}],"version-history":[{"count":6,"href":"https:\/\/www.ufmg.br\/montesclaros\/wp-json\/wp\/v2\/pages\/1106\/revisions"}],"predecessor-version":[{"id":4690,"href":"https:\/\/www.ufmg.br\/montesclaros\/wp-json\/wp\/v2\/pages\/1106\/revisions\/4690"}],"wp:attachment":[{"href":"https:\/\/www.ufmg.br\/montesclaros\/wp-json\/wp\/v2\/media?parent=1106"}],"curies":[{"name":"wp","href":"https:\/\/api.w.org\/{rel}","templated":true}]}}