{"id":1113,"date":"2024-07-01T15:14:21","date_gmt":"2024-07-01T18:14:21","guid":{"rendered":"https:\/\/www.ufmg.br\/montesclaros\/?page_id=1113"},"modified":"2024-12-20T10:11:57","modified_gmt":"2024-12-20T13:11:57","slug":"trabalhos-de-conclusao-de-curso-2017","status":"publish","type":"page","link":"https:\/\/www.ufmg.br\/montesclaros\/trabalhos-de-conclusao-de-curso-2017\/","title":{"rendered":"Trabalhos de Conclus\u00e3o de Curso &#8211; 2017"},"content":{"rendered":"\n<p><strong>Trabalhos de Conclus\u00e3o de Curso<\/strong><\/p>\n\n\n\n<p><strong>Ano: 2017<\/strong><\/p>\n\n\n\n<p><strong>Curso: Administra\u00e7\u00e3o<\/strong><\/p>\n\n\n\n<figure class=\"wp-block-table\"><table><tbody><tr><td><strong>Discente<\/strong><\/td><td><strong>T\u00edtulo<\/strong><\/td><td><strong>Orientador<\/strong><\/td><\/tr><tr><td><a href=\"..\/tccs\/2017\/TCC-AnaClaraSouzaQuaresma.pdf\" target=\"_blank\" rel=\"noreferrer noopener\">Ana Clara Souza Quaresma<\/a><\/td><td>AN\u00c1LISE DA EFICI\u00caNCIA DOS MUNIC\u00cdPIOS DO GRUPO HOMOG\u00caNEO 1 DO \u00cdNDICE DE DESEMPENHO DE SA\u00daDE A PARTIR DA AN\u00c1LISE ENVOLT\u00d3RIA DE DADOS<\/td><td>Reginaldo Morais de Macedo<\/td><\/tr><tr><td><a href=\"..\/tccs\/2017\/TCC-Andr\u00e9LuizSiqueira.pdf\" target=\"_blank\" rel=\"noreferrer noopener\">Andr\u00e9 Luiz Siqueira<\/a><\/td><td>AN\u00c1LISE DA VIABILIDADE ECON\u00d4MICA: UM ESTUDO SOBRE A INSTALA\u00c7\u00c3O DE UMA EMPRESA DE RECICLAGEM DOS PL\u00c1STICOS DESCARTADOS EM MONTES CLAROS<\/td><td>Handerson Leonidas Sales<\/td><\/tr><tr><td><a href=\"..\/tccs\/2017\/TCC-CamilaBorgesOliveira.pdf\" target=\"_blank\" rel=\"noreferrer noopener\">Camila Borges Oliveira<\/a><\/td><td>ESTUDO DE CASO: APLICABILIDADE DO TREINAMENTO E DESENVOLVIMENTO EM UMA CL\u00cdNICA ODONTOL\u00d3GICA DE MONTES CLAROS &#8211; MG<\/td><td>Dalton Rocha Pereira<\/td><\/tr><tr><td><a href=\"..\/tccs\/2017\/TCC-CarlosHenriqueFernandesBaleeiro.pdf\" target=\"_blank\" rel=\"noreferrer noopener\">Carlos Henrique Fernandes Baleeiro<\/a><\/td><td>ESTUDO PARA A IMPLEMENTA\u00c7\u00c3O DE UM SISTEMA DE CONTROLE DE IMPRESS\u00c3O COMO MECANISMO DE REDU\u00c7\u00c3O DE GASTOS EM UMA MULTINACIONAL<\/td><td>N\u00edvea Alves Almeida<\/td><\/tr><tr><td><a href=\"..\/tccs\/2017\/TCC-ChristianFialhoToledo.pdf\" target=\"_blank\" rel=\"noreferrer noopener\">Christian Fialho Toledo<\/a><\/td><td>AN\u00c1LISE DE DESEMPENHO ECON\u00d4MICO DAS EMPRESAS BRASILEIRAS DE CAPITAL ABERTO: GIRO E MARGEM<\/td><td>Handerson Leonidas Sales<\/td><\/tr><tr><td><a href=\"..\/tccs\/2017\/TCC-DeboraCristinaSoares.pdf\" target=\"_blank\" rel=\"noreferrer noopener\">D\u00e9bora Cristina Soares<\/a><\/td><td>LIDERAN\u00c7A VISION\u00c1RIA NO MODELO TRIPLA H\u00c9LICE: UM ESTUDO SOBRE OS PROTAGONISMOS EM MONTES CLAROS-MG<\/td><td>Andr\u00e9 Luiz Mendes Athayde<\/td><\/tr><tr><td><a href=\"..\/tccs\/2017\/TCC-GabriellaTorresPimenta.pdf\" target=\"_blank\" rel=\"noreferrer noopener\">Gabriella Torres Pimenta<\/a><\/td><td>TERCEIRIZA\u00c7\u00c3O E PRECARIZA\u00c7\u00c3O DO TRABALHO: uma revis\u00e3o de literatura<\/td><td>Giovanni Campos Fonseca<\/td><\/tr><tr><td><a href=\"..\/tccs\/2017\/TCC-IsabelaCardosodosSantos.pdf\" target=\"_blank\" rel=\"noreferrer noopener\">Isabela Cardoso dos Santos<\/a><\/td><td>AVALIA\u00c7\u00c3O DO ESTRESSE NO TRABALHO DOS PROFISSIONAIS TERCEIRIZADOS DO ICA\/UFMG<\/td><td>Cledinaldo Aparecido Dias<\/td><\/tr><tr><td><a href=\"..\/tccs\/2017\/TCC-JhonatanNunesGon\u00e7alves.pdf\" target=\"_blank\" rel=\"noreferrer noopener\">Jhonatan Nunes Gon\u00e7alves<\/a><\/td><td>GEST\u00c3O DE PROGRAMAS P\u00daBLICOS NA PREFEITURA MUNICIPAL DE MONTES CLAROS-MG<\/td><td>\u00c1ureo Eduardo Magalh\u00e3es Ribeiro<\/td><\/tr><tr><td><a href=\"..\/tccs\/2017\/TCC-LuanFernandesRibeiro.pdf\" target=\"_blank\" rel=\"noreferrer noopener\">Luan Fernandes Ribeiro<\/a><\/td><td>Melhores Empresas para se investir segundo princ\u00edpios da An\u00e1lise Fundamentalista<\/td><td>Handerson Leonidas Sales<\/td><\/tr><tr><td><a href=\"..\/tccs\/2017\/TCC-RafaelSantosSacramento.pdf\" target=\"_blank\" rel=\"noreferrer noopener\">Rafael Santos Sacramento<\/a><\/td><td>A TECNOLOGIA COMO FERRAMENTA DE AUXILIO NA GEST\u00c3O E NAS OPERA\u00c7\u00d5ES DE ESTOQUE DE PE\u00c7AS NUMA REVENDEDORA DE VEICULOS EM MONTES CLAROS<\/td><td>Luiz Paulo Fontes de Rezende<\/td><\/tr><tr><td><a href=\"..\/tccs\/2017\/TCC-TamiresLopesdePinho.pdf\" target=\"_blank\" rel=\"noreferrer noopener\">Tamires Lopes de Pinho<\/a><\/td><td>AN\u00c1LISE DE INDICADORES MACROECONOMICOS BRASILEIROS NO PER\u00cdODO DE 2000 A 2015<\/td><td>Handerson Leonidas Sales<\/td><\/tr><tr><td><a href=\"..\/tccs\/2017\/TCC-Vin\u00edciusBentoOliveira.pdf\" target=\"_blank\" rel=\"noreferrer noopener\">Vin\u00edcius Bento Oliveira<\/a><\/td><td>AN\u00c1LISE DO \u00cdNDICE DE EFICI\u00caNCIA INTERNA DAS EMPRESAS DE CAPITAL ABERTO DO SUB SETOR DE MINERA\u00c7\u00c3O, SIDERURGIA E METALURGIA NO PER\u00cdODO DE 2012 A 2016. UMA APLICA\u00c7\u00c3O DA AN\u00c1LISE ENVOLT\u00d3RIA DE DADOS (DEA)<\/td><td>Reginaldo Morais de Macedo<\/td><\/tr><tr><td><a href=\"..\/tccs\/2017\/TCC-VivianedeF\u00e1timaFerreiraLopes.pdf\" target=\"_blank\" rel=\"noreferrer noopener\">Viviane de F\u00e1tima Ferreira Lopes<\/a><\/td><td>MARKETING E PERCEP\u00c7\u00c3O DO CONSUMIDOR NO MERCADO DE FLORES EM MONTES CLAROS, MG.<\/td><td>Dalton Rocha Pereira<\/td><\/tr><\/tbody><\/table><\/figure>\n\n\n\n<p><strong>Curso: Agronomia<\/strong><\/p>\n\n\n\n<figure class=\"wp-block-table\"><table><tbody><tr><td><strong>Discente<\/strong><\/td><td><strong>T\u00edtulo<\/strong><\/td><td><strong>Orientador<\/strong><\/td><\/tr><tr><td><a href=\"..\/tccs\/2017\/TCC-AlvaroCanhestroLeiteMachado.pdf\" target=\"_blank\" rel=\"noreferrer noopener\">\u00c1lvaro Canhestro Leite Machado<\/a><\/td><td>SILICATO DE ALUM\u00cdNIO NA PRODU\u00c7\u00c3O DE MUDAS DE Coffea arabica<\/td><td>M\u00e1rcia Martins<\/td><\/tr><tr><td><a href=\"..\/tccs\/2017\/TCC-Andr\u00e9J\u00faniorPereiradeAlmeida.pdf\" target=\"_blank\" rel=\"noreferrer noopener\">Andr\u00e9 J\u00fanior Pereira de Almeida<\/a><\/td><td>DESEMPENHO E QUALIDADE DE SEMENTES DE VARIEDADE DE MILHO CRIOULO EM SISTEMA ORG\u00c2NICO<\/td><td>M\u00e1rcia Martins<\/td><\/tr><tr><td><a href=\"..\/tccs\/2017\/TCC-ArmandoPegoGoncalves.pdf\" target=\"_blank\" rel=\"noreferrer noopener\">Armando P\u00eago Gon\u00e7alves<\/a><\/td><td>FLORESCIMENTO E FRUTIFICA\u00c7\u00c3O DO Caryocar brasiliense EM SISTEMA DE CULTIVO<\/td><td>Paulo S\u00e9rgio Nascimento Lopes<\/td><\/tr><tr><td><a href=\"..\/tccs\/2017\/TCC-BrenoFran\u00e7aBarbosa.pdf\" target=\"_blank\" rel=\"noreferrer noopener\">Breno Fran\u00e7a Barbosa<\/a><\/td><td>DESEMPENHO AGRON\u00d4MICO DE CULTIVARES DE SOJA EM MONTES CLAROS-MG<\/td><td>Carlos Juliano Brant Albuquerque<\/td><\/tr><tr><td><a href=\"..\/tccs\/2017\/TCC-Davy-Courinos-Silva.pdf\" target=\"_blank\" rel=\"noreferrer noopener\">Davy Courinos Silva<\/a><\/td><td>DESEMPENHO E DISSIMILARIDADE EM FAM\u00cdLIAS DE MEIOS-IRM\u00c3OS DE COUVE NO NORTE DE MINAS GERAIS<\/td><td>Alcinei M\u00edstico Azevedo<\/td><\/tr><tr><td><a href=\"..\/tccs\/2017\/TCC-DiegoAugustoLopesFraga.pdf\" target=\"_blank\" rel=\"noreferrer noopener\">Diego Augusto Lopes Fraga<\/a><\/td><td>PRODUTIVIDADE DE TR\u00caS CULTIVARES DE LENTILHA EM TR\u00caS \u00c9POCAS DE PLANTIO<\/td><td>C\u00e2ndido Alves da Costa<\/td><\/tr><tr><td><a href=\"..\/tccs\/2017\/TCC-DouglasHenriqueSilvaCorrea.pdf\" target=\"_blank\" rel=\"noreferrer noopener\">Douglas Henrique Silva Corr\u00eaa<\/a><\/td><td>EFEITOS DA PR\u00c9-SECAGEM E ADI\u00c7\u00c3O DE GLICOSE SOBRE O VALOR NUTRITIVO DA SILAGEM DE Tithonia diversifolia<\/td><td>Leonardo David Tuffi Santos<\/td><\/tr><tr><td><a href=\"..\/tccs\/2017\/TCC-FelipeMarizBarbosa.pdf\" target=\"_blank\" rel=\"noreferrer noopener\">Felipe Mariz Barbosa<\/a><\/td><td>CARACTER\u00cdSTICAS AGRON\u00d4MICAS DE SEIS VARIEDADES DE MILHO CRIOULO COM APLICA\u00c7AO DE MICROORGANISMOS EFICAZES<\/td><td>M\u00e1rcia Martins<\/td><\/tr><tr><td><a href=\"..\/tccs\/2017\/TCC-GeraldoJuniordeSouzaSilva.pdf\" target=\"_blank\" rel=\"noreferrer noopener\">Geraldo J\u00fanior de Souza Silva<\/a><\/td><td>QUALIDADE FISIOL\u00d3GICA DE SEMENTES DE GR\u00c3O-DE-BICO EM FUN\u00c7\u00c3O DA APLIICA\u00c7\u00c3O&nbsp; DE F\u00d3SFORO E MOLIBD\u00caNIO PRESEN\u00c7A<\/td><td>Delacyr da Silva Brand\u00e3o J\u00fanior<\/td><\/tr><tr><td><a href=\"..\/tccs\/2017\/TCC-IaninaMariadeMoraisDelRio.pdf\" target=\"_blank\" rel=\"noreferrer noopener\">Ianina Maria de Morais Del Rio<\/a><\/td><td>M\u00c9TODO DE EXTRA\u00c7\u00c3O DE RNA TOTAL A PARTIR DE DIFERNTES&nbsp; TECIDOS DE Caryocar brasiliense CAMBESS<\/td><td>Paulo S\u00e9rgio Nascimento Lopes<\/td><\/tr><tr><td><a href=\"..\/tccs\/2017\/TCC-LeonardoMichelRocha.pdf\" target=\"_blank\" rel=\"noreferrer noopener\">Leonardo Michel Rocha<\/a><\/td><td>Manejo de Digitaria insularis L. com&nbsp; glyphosate e carfentrazone-ethyl em diferentes sombreamentos<\/td><td>Leonardo David Tuffi Santos<\/td><\/tr><tr><td><a href=\"..\/tccs\/2017\/TCC-MatheusSalesNogueiraeSilva.pdf\" target=\"_blank\" rel=\"noreferrer noopener\">Matheus Sales Nogueira e Silva<\/a><\/td><td>Idades de corte para Tithonia diversifolia irrigada<\/td><td>Leonardo David Tuffi Santos<\/td><\/tr><tr><td><a href=\"..\/tccs\/2017\/TCC-MoniellySoaresAndrade.pdf\" target=\"_blank\" rel=\"noreferrer noopener\">Monielly Soares Andrade<\/a><\/td><td>PROTOCOLO PARA CULTIVO IN VITRO DE PL\u00c2NTULAS DE MACA\u00daBA<\/td><td>Paulo S\u00e9rgio Nascimento Lopes<\/td><\/tr><tr><td><a href=\"..\/tccs\/2017\/TCC-ThaynaCostaNunes.pdf\" target=\"_blank\" rel=\"noreferrer noopener\">Thayna Costa Nunes<\/a><\/td><td>SIMULA\u00c7\u00c3O DE ESTRESSE ABI\u00d3TICO NO CULTIVO IN VITRO DE PITAIA (Hylocereus undatus (Haw.) Britton &amp; Rose)<\/td><td>Claudin\u00e9ia Ferreira Nunes<\/td><\/tr><tr><td><a href=\"..\/tccs\/2017\/TCC-TiagoRochaSantos.pdf\" target=\"_blank\" rel=\"noreferrer noopener\">Tiago Rocha Santos<\/a><\/td><td>AGRICULTURA URBANA EM MONTES CLAROS: POSSIBILIDADES PARA FORMULA\u00c7\u00c3O DE POL\u00cdTICAS P\u00daBLICAS E CONSTRU\u00c7\u00c3O COLETIVA DE TECNOLOGIAS SOCIAIS<\/td><td>Helder dos Anjos Augusto<\/td><\/tr><tr><td><a href=\"..\/tccs\/2017\/TCC-VanderRochaLacerda.pdf\" target=\"_blank\" rel=\"noreferrer noopener\">Vander Rocha Lacerda<\/a><\/td><td>HEALTH QUALITY AND GERMINATION OF BUTIA CAPITATA SEEDS TREATED WITH BACTERICIDE AND FUNGICIDE<\/td><td>Fernando da Silva Rocha<\/td><\/tr><tr><td><a href=\"..\/tccs\/2017\/TCC-VitorMeirellesRoxo.pdf\" target=\"_blank\" rel=\"noreferrer noopener\">Vitor Meirelles Roxo<\/a><\/td><td>SOLU\u00c7\u00d5ES SALINAS E BAP NO CULTIVO IN VITRO DE GABIROBEIRA<\/td><td>Claudin\u00e9ia Ferreira Nunes<\/td><\/tr><\/tbody><\/table><\/figure>\n\n\n\n<p><strong>Curso: Engenharia Agr\u00edcola e Ambiental<\/strong><\/p>\n\n\n\n<figure class=\"wp-block-table\"><table><tbody><tr><td><strong>Discente<\/strong><\/td><td><strong>T\u00edtulo<\/strong><\/td><td><strong>Orientador<\/strong><\/td><\/tr><tr><td><a href=\"..\/tccs\/2017\/TCC-AnaFlaviaSilvaAraujo.pdf\" target=\"_blank\" rel=\"noreferrer noopener\">Ana Fl\u00e1via Silva Ara\u00fajo<\/a><\/td><td>AN\u00c1LISE DE VIABILIDADE FINANCEIRA DA PRODU\u00c7\u00c3O DE LIMA \u00c1CIDA TAHITI IRRIGADA NO NORTE DE MINAS GERAIS<\/td><td>Fl\u00e1vio Gon\u00e7alves de Oliveira<\/td><\/tr><tr><td><a href=\"..\/tccs\/2017\/TCC-AndreiFernandesAndrade.pdf\" target=\"_blank\" rel=\"noreferrer noopener\">Andrei Fernandes Andrade<\/a><\/td><td>AN\u00c1LISE DA VIABILIDADE ECON\u00d4MICA DA IMPLANTA\u00c7\u00c3O DE PROJETOS DE IRRIGA\u00c7\u00c3O POR ASPERS\u00c3O CONVENCIONAL COM ENERGIA FOTOVOLTAICA<\/td><td>Fl\u00e1vio Gon\u00e7alves de Oliveira<\/td><\/tr><tr><td><a href=\"..\/tccs\/2017\/TCC-DanielAdrianodosMontes.pdf\" target=\"_blank\" rel=\"noreferrer noopener\">Daniel Adriano dos Montes<\/a><\/td><td>DETERMINA\u00c7\u00c3O DA TAXA DE INFILTRA\u00c7\u00c3O DO SOLO UTILIZANDO A PLATAFORMA ARDUINO<\/td><td>Sidney Pereira<\/td><\/tr><tr><td><a href=\"..\/tccs\/2017\/TCC-EderFabioOliveiraRocha.pdf\" target=\"_blank\" rel=\"noreferrer noopener\">\u00c9der F\u00e1bio Oliveira Rocha<\/a><\/td><td>AN\u00c1LISE DA PATINAGEM E CONSUMO DE COMBUST\u00cdVEL DE UM TRATOR EM UMA OPERA\u00c7\u00c3O DE ARA\u00c7\u00c3O<\/td><td>Luiz Henrique de Souza<\/td><\/tr><tr><td><a href=\"..\/tccs\/2017\/TCC-EduardoAquinoCosta.pdf\" target=\"_blank\" rel=\"noreferrer noopener\">Eduardo Aquino Costa<\/a><\/td><td>ALTERNATIVAS PARA FITORREMEDIA\u00c7\u00c3O DE METAIS PESADOS NO NORTE DE MINAS GERAIS<\/td><td>Demerson Arruda Sanglard<\/td><\/tr><tr><td><a href=\"..\/tccs\/2017\/TCC-EllenCarolinneRodriguesAlves.pdf\" target=\"_blank\" rel=\"noreferrer noopener\">Ellen Carolinne Rodrigues Alves<\/a><\/td><td>AN\u00c1LISE ESPA\u00c7O-TEMPORAL DOS FOCOS DO MOSQUITO AEDES AEGYPTI NO PER\u00cdMETRO URBANO DE MONTES CLAROS-MG<\/td><td>Flavia Mazzer Rodrigues<\/td><\/tr><tr><td><a href=\"..\/tccs\/2017\/TCC-HermesMarcaldaSilva.pdf\" target=\"_blank\" rel=\"noreferrer noopener\">Hermes Mar\u00e7al da Silva<\/a><\/td><td>AVALIA\u00c7\u00c3O DO ABRANDAMENTO DE \u00c1GUA CALC\u00c1RIA UTILIZANDO HIDR\u00d3XIDO DE C\u00c1LCIO E CARBONATA\u00c7\u00c3O<\/td><td>Francinete Veloso Duarte<\/td><\/tr><tr><td><a href=\"..\/tccs\/2017\/TCC-KarlaLorranedeOliveira.pdf\" target=\"_blank\" rel=\"noreferrer noopener\">Karla Lorrane de Oliveira<\/a><\/td><td>DIAGN\u00d3STICO HIDROAMBIENTAL DO RIO DO CEDRO, EM MONTES CLAROS, MG<\/td><td>Fl\u00e1vio Pimenta de Figueiredo<\/td><\/tr><tr><td><a href=\"..\/tccs\/2017\/TCC-LarissaMartinsBarrosRamos.pdf\" target=\"_blank\" rel=\"noreferrer noopener\">Larissa Martins Barros Ramos<\/a><\/td><td>EFEITO DA INCORPORA\u00c7\u00c3O DE UM POL\u00cdMERO HIDROABSORVENTE NA RETEN\u00c7\u00c3O DE \u00c1GUA DE DOIS SOLOS<\/td><td>Sidney Pereira<\/td><\/tr><tr><td><a href=\"..\/tccs\/2017\/TCC-LorranaCavalcantiAlbuquerque.pdf\" target=\"_blank\" rel=\"noreferrer noopener\">Lorrana Cavalcanti Albuquerque<\/a><\/td><td>INFLU\u00caNCIA DO USO E OCUPA\u00c7\u00c3O DO SOLO NA VAZ\u00c3O DA SUB-BACIA DO ALTO VERDE GRANDE<\/td><td>Edson de Oliveira Vieira<\/td><\/tr><tr><td><a href=\"..\/tccs\/2017\/TCC-LuaraVieiradeOliveira.pdf\" target=\"_blank\" rel=\"noreferrer noopener\">Luara Vieira de Oliveira<\/a><\/td><td>APLICATIVO MULTIPLATAFORMA PARA DIMENSIONAMENTO DE IRRIGA\u00c7\u00c3O POR PIV\u00d4<\/td><td>Fl\u00e1vio Gon\u00e7alves de Oliveira<\/td><\/tr><tr><td><a href=\"..\/tccs\/2017\/TCC-LucianaPereiraGusmao.pdf\" target=\"_blank\" rel=\"noreferrer noopener\">Luciana Pereira Gusm\u00e3o<\/a><\/td><td>UTILIZA\u00c7\u00c3O DO RES\u00cdDUO DE VIDRO DE L\u00c2MPADAS FLUORESCENTES COMO SUBSTRATO NA PRODU\u00c7\u00c3O DE MUDAS<\/td><td>Charles Martins Aguilar<\/td><\/tr><tr><td><a href=\"..\/tccs\/2017\/TCC-MariaFernandaAntunesCollares.pdf\" target=\"_blank\" rel=\"noreferrer noopener\">Maria Fernanda Antunes Collares<\/a><\/td><td>DESEMPENHO DE ALAGADOS CONSTRU\u00cdDOS CULTIVADO COM CAPIM TIFTON 85 (CYNODON DACTYLON PERS.)<\/td><td>Fernando Colen<\/td><\/tr><tr><td><a href=\"..\/tccs\/2017\/TCC-MarianaFariaVeloso.pdf\" target=\"_blank\" rel=\"noreferrer noopener\">Mariana Faria Veloso<\/a><\/td><td>USO E OCUPA\u00c7\u00c3O DO SOLO DA \u00c1REA DE CONTRIBUI\u00c7\u00c3O DA BARRAGEM BICO DA PEDRA UTILIZANDO A \u00c1RVORE DE DECIS\u00c3O<\/td><td>Rodolpho C\u00e9sar dos Reis Tinini<\/td><\/tr><tr><td><a href=\"..\/tccs\/2017\/TCC-M\u00f4nicaCarvalhoDeS\u00e1.pdf\" target=\"_blank\" rel=\"noreferrer noopener\">M\u00f4nica Carvalho de S\u00e1<\/a><\/td><td>IMPACTOS DAS MUDAN\u00c7AS CLIM\u00c1TICAS NA SUSTENTABILIDADE DOS RECURSOS H\u00cdDRICOS NA BACIA HIDROGR\u00c1FICA DO RIO VERDE GRANDE<\/td><td>Edson de Oliveira Vieira<\/td><\/tr><\/tbody><\/table><\/figure>\n\n\n\n<p><strong>Curso: Engenharia de Alimentos<\/strong><\/p>\n\n\n\n<figure class=\"wp-block-table\"><table><tbody><tr><td><strong>Discente<\/strong><\/td><td><strong>T\u00edtulo<\/strong><\/td><td><strong>Orientador<\/strong><\/td><\/tr><tr><td><a href=\"..\/tccs\/2017\/TCC-JessicaFdaCostaMatiasdaSilva.pdf\" target=\"_blank\" rel=\"noreferrer noopener\">J\u00e9ssica Ferreira da Costa Matias da Silva<\/a><\/td><td>CARACTERIZA\u00c7\u00c3O F\u00cdSICO-QU\u00cdMICA E DESENVOLVIMENTO DA BEBIDA L\u00c1CTEA FERMENTADA SUPLEMENTADA COM PITAIA<\/td><td>Igor Viana Brandi<\/td><\/tr><tr><td><a href=\"..\/tccs\/2017\/TCC-JocilanePereiradeOliveira.pdf\" target=\"_blank\" rel=\"noreferrer noopener\">Jocilane Pereira de Oliveira<\/a><\/td><td>USO DA PLATAFORMA ARDUINO NO DESENVOLVIMENTO DE CALOR\u00cdMETRO DID\u00c1TICO<\/td><td>Sidney Pereira<\/td><\/tr><tr><td><a href=\"..\/tccs\/2017\/TCC-Jos\u00e9F\u00e1bioSoares.pdf\" target=\"_blank\" rel=\"noreferrer noopener\">Jos\u00e9 F\u00e1bio Soares<\/a><\/td><td>AVALIA\u00c7\u00c3O DAS CARACTER\u00cdSTICAS DE QUALIDADE QU\u00cdMICA DO \u00d3LEO DE BURITI NO NORTE DE MINAS GERAIS<\/td><td>Juliana Pinto de Lima<\/td><\/tr><tr><td><a href=\"..\/tccs\/2017\/TCC-TatielenFernandesLeite.pdf\" target=\"_blank\" rel=\"noreferrer noopener\">Tatielen Fernandes Leite<\/a><\/td><td>Elabora\u00e7\u00e3o e an\u00e1lise de licores de frutos do cerrado<\/td><td>Juliana Pinto de Lima<\/td><\/tr><\/tbody><\/table><\/figure>\n\n\n\n<p><strong>Curso: Engenharia Florestal<\/strong><\/p>\n\n\n\n<figure class=\"wp-block-table\"><table><tbody><tr><td><strong>Discente<\/strong><\/td><td><strong>T\u00edtulo<\/strong><\/td><td><strong>Orientador<\/strong><\/td><\/tr><tr><td><a href=\"..\/tccs\/2017\/TCC-DaisyCelestinaSouza.pdf\" target=\"_blank\" rel=\"noreferrer noopener\">Daisy Celestina Souza<\/a><\/td><td>REDES NEURAIS ARTIFICIAIS PARA ESTIMATIVA DA ALTURA DE \u00c1RVORE DO CERRADO<\/td><td>Christian Dias Cabacinha<\/td><\/tr><tr><td><a href=\"..\/tccs\/2017\/TCC-DanielaCarolineSilva.pdf\" target=\"_blank\" rel=\"noreferrer noopener\">Daniela Caroline Silva<\/a><\/td><td>N\u00c3O-CONFORMIDADE RELACIONADAS AO MANEJO DE PRAGAS EM EMPRESAS CERTIFICADAS PELO FOREST STEWARSHIP COUNCIL (FSC) NO BRASIL<\/td><td>Pedro Guilherme Lemos Alves<\/td><\/tr><tr><td><a href=\"..\/tccs\/2017\/TCC-GisleneRodriguesdosSantos.pdf\" target=\"_blank\" rel=\"noreferrer noopener\">Gislene Rodrigues dos Santos<\/a><\/td><td>AN\u00c1LISE DA ARBORIZA\u00c7\u00c3O DE VIAS P\u00daBLICAS EM JEQUITA\u00cd: atributos funcionais, diversidade e adapta\u00e7\u00e3o ao ambiente urbano<\/td><td>R\u00fabia Santos Fonseca<\/td><\/tr><tr><td><a href=\"..\/tccs\/2017\/TCC-KarolineFerreiraMartins.pdf\" target=\"_blank\" rel=\"noreferrer noopener\">Karoline Ferreira Martins<\/a><\/td><td>GERMINA\u00c7\u00c3O E CULTIVO IN VITRO DE BARBATIM\u00c3O<\/td><td>Lourdes Silva de Figueiredo<\/td><\/tr><tr><td><a href=\"..\/tccs\/2017\/TCC-LeonardoDoCarmoSantana.pdf\" target=\"_blank\" rel=\"noreferrer noopener\">Leonardo do Carmo Santana<\/a><\/td><td>AN\u00c1LISE DA EFICI\u00caNCIA DAS AUDITORIAS INTERNAS NO PROCESSO DE CERTIFICA\u00c7\u00c3O FLORESTAL<\/td><td>Adriana Leandra de Assis<\/td><\/tr><tr><td><a href=\"..\/tccs\/2017\/TCC-LeticiaVazMolinari.pdf\" target=\"_blank\" rel=\"noreferrer noopener\">Let\u00edcia Vaz Molinari<\/a><\/td><td>GERMINA\u00c7\u00c3O IN VITRO E MICROPROPAGA\u00c7\u00c3O DE FAVA-D`ANTA (Dimorphandra mollis BENTH.)<\/td><td>Claudin\u00e9ia Ferreira Nunes<\/td><\/tr><tr><td><a href=\"..\/tccs\/2017\/TCC-LisandraMariaAlvesMatos.pdf\" target=\"_blank\" rel=\"noreferrer noopener\">Lisandra Maria Alves Matos<\/a><\/td><td>UTILIZA\u00c7\u00c3O DA METAHEUR\u00cdSTICA ALGORITMO GEN\u00c9TICO EM UM MODELO DE REGULA\u00c7\u00c3O DA PRODU\u00c7\u00c3O FLORESTAL<\/td><td>Carlos Alberto Ara\u00fajo J\u00fanior<\/td><\/tr><tr><td><a href=\"..\/tccs\/2017\/TCC-MarconyNeresCoutinho.pdf\" target=\"_blank\" rel=\"noreferrer noopener\">Marcony Neres Coutinho<\/a><\/td><td>EFICI\u00caNCIA DE TRATAMENTOS N\u00c3O INDUSTRIAIS EM MADEIRA DE Eucalyptus urophylla<\/td><td>Edy Eime Pereira Bara\u00fana<\/td><\/tr><tr><td><a href=\"..\/tccs\/2017\/TCC-RaianeGuedesdeFaria.pdf\" target=\"_blank\" rel=\"noreferrer noopener\">Raiane Guedes de Faria<\/a><\/td><td>COMUNIDADE ARB\u00d3REA EM \u00c1REA DEGRADADA DA FLORESTA ESTACIONAL DECIDUAL NO NORTE DE MINAS GERIAS<\/td><td>Nilza de Lima Pereira Sales<\/td><\/tr><tr><td><a href=\"..\/tccs\/2017\/TCC-RicardoChavesNeto.pdf\" target=\"_blank\" rel=\"noreferrer noopener\">Ricardo Chaves Neto<\/a><\/td><td>CARACTERIZA\u00c7\u00c3O E DIVERG\u00caNCIA GEN\u00c9TICA ENTRE ACESSOS DE C\u00c1RTAMO (Carthamus tinctorius L)<\/td><td>Demerson Arruda Sanglard<\/td><\/tr><\/tbody><\/table><\/figure>\n\n\n\n<p><strong>Curso: Zootecnia<\/strong><\/p>\n\n\n\n<figure class=\"wp-block-table\"><table><tbody><tr><td><strong>Discente<\/strong><\/td><td><strong>T\u00edtulo<\/strong><\/td><td><strong>Orientador<\/strong><\/td><\/tr><tr><td><a href=\"..\/tccs\/2017\/TCC-AnaKarolinedeJesusVieira.pdf\" target=\"_blank\" rel=\"noreferrer noopener\">Ana Karoline de Jesus Vieira<\/a><\/td><td>DIGESTIBILIDADE IN VITRO DE CONCENTRADOS CONTENDO A TORTA DE MACA\u00daBA<\/td><td>Luciana Castro Geraseev<\/td><\/tr><tr><td><a href=\"..\/tccs\/2017\/TCC-GezianaMoreiraSeles.pdf\" target=\"_blank\" rel=\"noreferrer noopener\">Geziana Moreira Seles<\/a><\/td><td>DIGESTIBILIDADE IN VIVO DE CARBOIDRATOS FIBROSOS E PROTE\u00cdNAS DE DIETA CONTENDO TORTAS DE MACA\u00daBA<\/td><td>Luciana Castro Geraseev<\/td><\/tr><tr><td>Iara Maria Fran\u00e7a Reis<\/td><td>DESEMPENHO DE BEZERROS GIROLANDO EM ALEITAMENTO FRACIONADO E INCLUS\u00c3O DE SILAGEM DE SORGO NA DIETA<\/td><td>Eduardo Robson Duarte<\/td><\/tr><tr><td><a href=\"..\/tccs\/2017\/TCC-MarianaAparecidaGomesPereira.pdf\" target=\"_blank\" rel=\"noreferrer noopener\">Mariana Aparecida Gomes Pereira<\/a><\/td><td>AVALIA\u00c7\u00c3O DA PALATABILIDADE DA FARINHA DE TEN\u00c9BRIO (Tenebrio molitor) PARA C\u00c3ES<\/td><td>Cristina Maria S\u00e1-Fortes<\/td><\/tr><tr><td><a href=\"..\/tccs\/2017\/TCC-PhilipeFerreiraAlcici.pdf\" target=\"_blank\" rel=\"noreferrer noopener\">Philipe Ferreira Alcici<\/a><\/td><td>EFEITO DA LINHAGEM GEN\u00c9TICA SOBRE A VARIA\u00c7\u00c3O DO PESO AO NASCIMENTO EM F\u00caMEAS SU\u00cdNAS DE ALTA PRODU\u00c7\u00c3O<\/td><td>Bruno Alexander Nunes Silva<\/td><\/tr><tr><td><a href=\"..\/tccs\/2017\/TCC-RaquelGon\u00e7alvesOliva.pdf\" target=\"_blank\" rel=\"noreferrer noopener\">Raquel Gon\u00e7alves Oliva<\/a><\/td><td>MORFOG\u00caNESE DA AVEIA PRETA SOB DIFERENTES N\u00cdVEIS DE IRRIGA\u00c7\u00c3O<\/td><td>Thiago Gomes dos Santos Br\u00e1s<\/td><\/tr><tr><td><a href=\"..\/tccs\/2017\/TCC-RonaldoLucasSantosTolentino.pdf\" target=\"_blank\" rel=\"noreferrer noopener\">Ronaldo Lucas Santos Tolentino<\/a><\/td><td>USO DE PALATABILIZANTE PARA MATRIZES SU\u00cdNAS LACTANTES E PARA OS LEIT\u00d5ES REC\u00c9M DESMAMADOS<\/td><td>Bruno Alexander Nunes Silva<\/td><\/tr><tr><td><a href=\"..\/tccs\/2017\/TCC-SarahSilvaSantos .pdf\" target=\"_blank\" rel=\"noreferrer noopener\">Sarah Silva Santos<\/a><\/td><td>FREQU\u00caNCIA CARD\u00cdACA E CONSUMO DE OXIG\u00caNIO PARA DETERMINA\u00c7\u00c3O DA PRODU\u00c7\u00c3O DE CALOR EM CORDEIROS ALIMENTADOS COM FARELO DE GIRASSOL<\/td><td>Luciana Castro Geraseev<\/td><\/tr><\/tbody><\/table><\/figure>\n","protected":false},"excerpt":{"rendered":"<p>Trabalhos de Conclus\u00e3o de Curso Ano: 2017 Curso: Administra\u00e7\u00e3o Discente T\u00edtulo Orientador Ana Clara Souza Quaresma AN\u00c1LISE DA EFICI\u00caNCIA DOS MUNIC\u00cdPIOS DO GRUPO HOMOG\u00caNEO 1 DO \u00cdNDICE DE DESEMPENHO DE SA\u00daDE A PARTIR DA AN\u00c1LISE ENVOLT\u00d3RIA DE DADOS Reginaldo Morais de Macedo Andr\u00e9 Luiz Siqueira AN\u00c1LISE DA VIABILIDADE ECON\u00d4MICA: UM ESTUDO SOBRE A INSTALA\u00c7\u00c3O DE [&hellip;]<\/p>\n","protected":false},"author":3,"featured_media":0,"parent":0,"menu_order":0,"comment_status":"closed","ping_status":"closed","template":"","meta":[],"acf":[],"_links":{"self":[{"href":"https:\/\/www.ufmg.br\/montesclaros\/wp-json\/wp\/v2\/pages\/1113"}],"collection":[{"href":"https:\/\/www.ufmg.br\/montesclaros\/wp-json\/wp\/v2\/pages"}],"about":[{"href":"https:\/\/www.ufmg.br\/montesclaros\/wp-json\/wp\/v2\/types\/page"}],"author":[{"embeddable":true,"href":"https:\/\/www.ufmg.br\/montesclaros\/wp-json\/wp\/v2\/users\/3"}],"replies":[{"embeddable":true,"href":"https:\/\/www.ufmg.br\/montesclaros\/wp-json\/wp\/v2\/comments?post=1113"}],"version-history":[{"count":4,"href":"https:\/\/www.ufmg.br\/montesclaros\/wp-json\/wp\/v2\/pages\/1113\/revisions"}],"predecessor-version":[{"id":2147,"href":"https:\/\/www.ufmg.br\/montesclaros\/wp-json\/wp\/v2\/pages\/1113\/revisions\/2147"}],"wp:attachment":[{"href":"https:\/\/www.ufmg.br\/montesclaros\/wp-json\/wp\/v2\/media?parent=1113"}],"curies":[{"name":"wp","href":"https:\/\/api.w.org\/{rel}","templated":true}]}}